{"id":15418,"date":"2018-07-26T15:41:31","date_gmt":"2018-07-26T19:41:31","guid":{"rendered":"https:\/\/serescodehumidifiers.com\/?page_id=15418"},"modified":"2025-06-13T11:59:52","modified_gmt":"2025-06-13T15:59:52","slug":"refroidisseurs-secs-et-condenseurs","status":"publish","type":"page","link":"https:\/\/serescodehumidifiers.com\/fr\/produits\/refroidisseurs-secs-et-condenseurs\/","title":{"rendered":"Refroidisseurs secs et condenseurs"},"content":{"rendered":"\t\t<div data-elementor-type=\"wp-page\" data-elementor-id=\"15418\" class=\"elementor elementor-15418 elementor-4962\" data-elementor-post-type=\"page\">\n\t\t\t\t<div class=\"elementor-element elementor-element-12e247f9 e-flex e-con-boxed e-con e-parent\" data-id=\"12e247f9\" data-element_type=\"container\" data-e-type=\"container\">\n\t\t\t\t\t<div class=\"e-con-inner\">\n\t\t\t\t<div class=\"elementor-element elementor-element-5079a39 elementor-widget elementor-widget-breadcrumbs\" data-id=\"5079a39\" data-element_type=\"widget\" data-e-type=\"widget\" data-widget_type=\"breadcrumbs.default\">\n\t\t\t\t<div class=\"elementor-widget-container\">\n\t\t\t\t\t<p id=\"breadcrumbs\"><span><span><a href=\"https:\/\/serescodehumidifiers.com\/fr\/\">Home<\/a><\/span><\/span><\/p>\t\t\t\t<\/div>\n\t\t\t\t<\/div>\n\t\t\t\t<div class=\"elementor-element elementor-element-762ca69b elementor-widget elementor-widget-text-editor\" data-id=\"762ca69b\" data-element_type=\"widget\" data-e-type=\"widget\" data-widget_type=\"text-editor.default\">\n\t\t\t\t<div class=\"elementor-widget-container\">\n\t\t\t\t\t\t\t\t\t<div class=\"five\">\u00a0<\/div><h1>Notre r\u00eave \u00e9tait de concevoir et de construire nos propres condenseurs ext\u00e9rieurs et refroidisseurs secs afin d&rsquo;offrir \u00e0 nos clients le summum de la qualit\u00e9, de la fiabilit\u00e9 et de la performance.<\/h1><h6>REFROIDISSEURS SECS DE LA S\u00c9RIE NG<\/h6><h2>Imaginez<\/h2><div class=\"blue-bg\"><ul><li>Une technologie de rejet de la chaleur \u00e0 l&rsquo;ext\u00e9rieur con\u00e7ue pour une efficacit\u00e9 et une fiabilit\u00e9 maximales<\/li><li>Refroidisseurs secs dot\u00e9s des ventilateurs les plus avanc\u00e9s, les plus silencieux et les plus efficaces sur le plan \u00e9nerg\u00e9tique<\/li><li>Batteries d&rsquo;\u00e9change de chaleur ext\u00e9rieures rev\u00eatues qui utilisent une technologie innovante pour offrir le meilleur de la r\u00e9sistance \u00e0 la corrosion et une efficacit\u00e9 maximale \u00e0 des pertes de charge inf\u00e9rieures.<\/li><li>Des refroidisseurs secs modulaires \u00e0 banques en V qui assurent une perte de charge minimale, m\u00eame avec de grands volumes de fluide.<\/li><li>La technologie de rejet de chaleur id\u00e9ale pour les applications \u00e0 refroidissement par fluide.<\/li><li>Les ventilateurs \u00e0 entra\u00eenement direct (motorisation EC ou VFD) offrent une efficacit\u00e9 accrue, des performances \u00e9volutives et un fonctionnement plus silencieux.<\/li><\/ul><\/div><h1>Voici comment nous avons proc\u00e9d\u00e9.<\/h1><h6>SERESCO<\/h6><h2>Des refroidisseurs secs avec de la puissance \u00e0 revendre<\/h2><img fetchpriority=\"high\" decoding=\"async\" class=\"aligncenter wp-image-5322\" src=\"https:\/\/serescodehumidifiers.com\/wp-content\/uploads\/2020\/04\/ng-v-52-dry-cooler.jpg\" alt=\"Seresco NG Series Dry Cooler\" width=\"750\" height=\"563\" srcset=\"https:\/\/serescodehumidifiers.com\/wp-content\/uploads\/2020\/04\/ng-v-52-dry-cooler.jpg 1020w, https:\/\/serescodehumidifiers.com\/wp-content\/uploads\/2020\/04\/ng-v-52-dry-cooler-300x225.jpg 300w, https:\/\/serescodehumidifiers.com\/wp-content\/uploads\/2020\/04\/ng-v-52-dry-cooler-768x576.jpg 768w\" sizes=\"(max-width: 750px) 100vw, 750px\" \/><p>Seresco NG Series Dry CoolerLes Dry Coolers ext\u00e9rieurs de Seresco sont une solution id\u00e9ale pour vos besoins de rejet de chaleur \u00e0 moyenne et grande \u00e9chelle refroidis par fluide. Nos Dry Coolers utilisent des composants et un design de qualit\u00e9 sup\u00e9rieure pour fournir un meilleur syst\u00e8me de rejet de chaleur disponible dans des capacit\u00e9s de 116 MBH \u00e0 1,440 MBH.<\/p><h6>REFROIDISSEURS SECS DE LA S\u00c9RIE NG<\/h6><h2 class=\"mb-5\">Informations compl\u00e9mentaires<\/h2><div id=\"tabs\" class=\"prods\"><ul class=\"clearfix d-flex justify-content-between\"><li><a href=\"#tabs-1\">Avantages<\/a><\/li><li><a href=\"#tabs-2\">Performances<\/a><\/li><li><a href=\"#tabs-3\">Sp\u00e9cifications<\/a><\/li><li><a href=\"#tabs-4\">Options<\/a><\/li><li><a href=\"#tabs-5\">Caract\u00e9ristiques standard<\/a><\/li><li><a href=\"#tabs-6\">T\u00e9l\u00e9chargements<\/a><\/li><\/ul><div id=\"tabs-1\"><p><strong>Avantages<\/strong><\/p><ul><li>Ventilateurs \u00e0 moteur EC contr\u00f4l\u00e9s par un signal 0-10vdc pour une performance de refroidissement maximale avec une consommation d&rsquo;\u00e9nergie minimale.<ul><li>Moteur n\u00e9cessitant tr\u00e8s peu d&rsquo;entretien.<\/li><li>Capable de pertes de charge plus importantes.<\/li><li>Vitesse de ventilation variable en fonction de la temp\u00e9rature du fluide de sortie.<\/li><\/ul><\/li><li>Les syst\u00e8mes refroidis par fluide sont intrins\u00e8quement respectueux de l&rsquo;environnement en raison de leur faible charge en fluide frigorig\u00e8ne.<\/li><li>Les batteries \u00e0 ailettes et tubes en V augmentent la surface de rejet de la chaleur tout en conservant un encombrement r\u00e9duit.<\/li><li>La conception minimise la perte de charge de l&rsquo;air et du fluide.<\/li><li>Chaque section est \u00e9quip\u00e9e de vannes de vidange et d&rsquo;\u00e9vents.<\/li><li>Les serpentins enti\u00e8rement rev\u00eatus (3 000 heures de brouillard salin) repoussent l&rsquo;accumulation de salet\u00e9s, ce qui les rend tr\u00e8s faciles d&rsquo;entretien.<\/li><\/ul><\/div><div id=\"tabs-2\"><p><strong>Performance sans kit de pompe<\/strong><\/p><div><img decoding=\"async\" class=\"alignnone wp-image-5319 size-large\" src=\"https:\/\/serescodehumidifiers.com\/wp-content\/uploads\/2020\/04\/ser_dc-performance-1-e1736451015100-1024x382.png\" alt=\"Seresco NG performance chart without pump kit\" width=\"1024\" height=\"382\" srcset=\"https:\/\/serescodehumidifiers.com\/wp-content\/uploads\/2020\/04\/ser_dc-performance-1-e1736451015100-1024x382.png 1024w, https:\/\/serescodehumidifiers.com\/wp-content\/uploads\/2020\/04\/ser_dc-performance-1-e1736451015100-300x112.png 300w, https:\/\/serescodehumidifiers.com\/wp-content\/uploads\/2020\/04\/ser_dc-performance-1-e1736451015100-768x287.png 768w, https:\/\/serescodehumidifiers.com\/wp-content\/uploads\/2020\/04\/ser_dc-performance-1-e1736451015100-1536x573.png 1536w, https:\/\/serescodehumidifiers.com\/wp-content\/uploads\/2020\/04\/ser_dc-performance-1-e1736451015100.png 1559w\" sizes=\"(max-width: 1024px) 100vw, 1024px\" \/><\/div><div><em>*Mod\u00e8le monophas\u00e9. **Monophas\u00e9, moteur de ventilateur avec VFD. Niveau sonore inf\u00e9rieur pour une charge de 75 %. Conditions nominales : 100\u00b0F \u00e0 l&rsquo;entr\u00e9e de l&rsquo;air, 125\u00b0F \u00e0 l&rsquo;entr\u00e9e du fluide, 35% de propyl\u00e8ne glycol au d\u00e9bit maximum de l&rsquo;unit\u00e9. E&amp;OE &#8211; Sous r\u00e9serve de modifications sans pr\u00e9avis.<\/em><\/div><div><strong>Performances avec kit de pompe<\/strong><\/div><div><img decoding=\"async\" class=\"alignnone wp-image-5320 size-large\" src=\"https:\/\/serescodehumidifiers.com\/wp-content\/uploads\/2020\/04\/ser-dc-performance2-e1736352032321-1024x466.png\" alt=\"Seresco NG performance chart with pump kit\" width=\"1024\" height=\"466\" srcset=\"https:\/\/serescodehumidifiers.com\/wp-content\/uploads\/2020\/04\/ser-dc-performance2-e1736352032321-1024x466.png 1024w, https:\/\/serescodehumidifiers.com\/wp-content\/uploads\/2020\/04\/ser-dc-performance2-e1736352032321-300x137.png 300w, https:\/\/serescodehumidifiers.com\/wp-content\/uploads\/2020\/04\/ser-dc-performance2-e1736352032321-768x350.png 768w, https:\/\/serescodehumidifiers.com\/wp-content\/uploads\/2020\/04\/ser-dc-performance2-e1736352032321.png 1270w\" sizes=\"(max-width: 1024px) 100vw, 1024px\" \/><\/div><div><em>*Mod\u00e8le monophas\u00e9. Les unit\u00e9s avec kit de pompe ont les m\u00eames capacit\u00e9s, d\u00e9bits, FLA de ventilateur et niveaux de bruit.<\/em><\/div><\/div><div id=\"tabs-3\"><p><strong>Refroidisseur \u00e0 sec Basic<\/strong><\/p><ul class=\"products-tabs\"><li><a href=\"https:\/\/serescodehumidifiers.com\/wp-content\/uploads\/2023\/01\/ng-v-11rev02.pdf\">NG-V-11<\/a><\/li><li><a href=\"https:\/\/serescodehumidifiers.com\/wp-content\/uploads\/2023\/01\/ng-v-12rev03.pdf\">NG-V-12<\/a><\/li><li><a href=\"https:\/\/serescodehumidifiers.com\/wp-content\/uploads\/2023\/01\/ng-v-22rev03.pdf\">NG-V-22<\/a><\/li><li><a href=\"https:\/\/serescodehumidifiers.com\/wp-content\/uploads\/2023\/01\/ng-v-31rev02.pdf\">NG-V-31<\/a><\/li><li><a href=\"https:\/\/serescodehumidifiers.com\/wp-content\/uploads\/2023\/01\/ng-v-32rev02.pdf\">NG-V-32<\/a><\/li><li><a href=\"https:\/\/serescodehumidifiers.com\/wp-content\/uploads\/2023\/01\/ng-v-42rev02.pdf\">NG-V-42<\/a><\/li><\/ul><p><strong>Refroidisseur \u00e0 sec avec kit de pompe<\/strong><\/p><ul class=\"products-tabs\"><li><a href=\"https:\/\/serescodehumidifiers.com\/wp-content\/uploads\/2023\/01\/ng-v-01-1-phase-cwpumpkitrev00.pdf\">NG-V-01 (monophas\u00e9) Kit de pompe CW<\/a><\/li><li><a href=\"https:\/\/serescodehumidifiers.com\/wp-content\/uploads\/2023\/01\/ng-v-01-3-phases-cwpumpkitrev00.pdf\">NG-V-01 (triphas\u00e9) Kit de pompe \u00e0 eau chaude<\/a><\/li><li><a href=\"https:\/\/serescodehumidifiers.com\/wp-content\/uploads\/2023\/01\/ng-v-11cwpumpkitrev03.pdf\">NG-V-11 Kit de pompe \u00e0 eau chaude<\/a><\/li><li><a href=\"https:\/\/serescodehumidifiers.com\/wp-content\/uploads\/2023\/01\/ng-v-12cwpumpkitrev03.pdf\">NG-V-12 Kit de pompe \u00e0 eau chaude<\/a><\/li><li><a href=\"https:\/\/serescodehumidifiers.com\/wp-content\/uploads\/2023\/01\/ng-v-22cwpumpkitrev00.pdf\">NG-V-22 Kit de pompe \u00e0 eau chaude<\/a><\/li><li><a href=\"https:\/\/serescodehumidifiers.com\/wp-content\/uploads\/2023\/01\/ng-v-31cwpumpkitrev01.pdf\">NG-V-31 Kit de pompe \u00e0 eau chaude<\/a><\/li><li><a href=\"https:\/\/serescodehumidifiers.com\/wp-content\/uploads\/2023\/01\/ng-v-32cwpumpkitrev00.pdf\">NG-V-32 Kit de pompe CW<\/a><\/li><li><a href=\"https:\/\/serescodehumidifiers.com\/wp-content\/uploads\/2023\/01\/ng-v-42cwpumpkitrev00.pdf\">NG-V-42 Kit de pompe CW<\/a><\/li><\/ul><\/div><div id=\"tabs-4\"><ul class=\"products-tabs\"><li>Kits de pompe emball\u00e9s<\/li><li>D\u00e9connexions mont\u00e9es sur l&rsquo;unit\u00e9<\/li><li>Les tensions disponibles sont 208-240, 480, 600 VAC, triphas\u00e9es (\u00e9galement disponibles en monophas\u00e9).<\/li><\/ul><\/div><div id=\"tabs-5\"><ul class=\"products-tabs\"><li>Les bobines sont enti\u00e8rement recouvertes d&rsquo;un rev\u00eatement qui offre non seulement la meilleure protection possible contre la corrosion, mais qui repousse \u00e9galement la salet\u00e9.<\/li><li>Les ventilateurs \u00e0 deux vitesses permettent aux ventilateurs de fonctionner dans le mode de consommation d&rsquo;\u00e9nergie le plus bas possible, en passant \u00e0 la vitesse maximale uniquement lorsque c&rsquo;est n\u00e9cessaire.<\/li><li>Les pales des ventilateurs sont de la derni\u00e8re conception ultra-silencieuse des leaders mondiaux des ventilateurs d&rsquo;\u00e9changeurs de chaleur, pour un mouvement d&rsquo;air silencieux et efficace.<\/li><li>La configuration en \u00ab V \u00bb permet d&rsquo;utiliser des serpentins plus grands et des d\u00e9bits d&rsquo;air plus importants dans un encombrement minimal.<\/li><li>L\u00e9ger et compact pour une manipulation facile et une installation flexible.<\/li><li>Les batteries doubles \u00e0 4 rang\u00e9es de tubes et d&rsquo;ailettes de derni\u00e8re g\u00e9n\u00e9ration assurent un rejet maximal de la chaleur du fluide et une grande long\u00e9vit\u00e9.<\/li><li>Les tr\u00e8s faibles pertes de charge internes du fluide contribuent \u00e0 r\u00e9duire les co\u00fbts d&rsquo;exploitation de la pompe.<\/li><li>Les brides sur\u00e9lev\u00e9es en PVC ANSI facilitent les raccordements aux fluides.<\/li><\/ul><\/div><div id=\"tabs-6\"><div class=\"grid-container\"><div class=\"grid-25\"><a href=\"https:\/\/serescodehumidifiers.com\/wp-content\/uploads\/2024\/11\/seresco-condensers-and-coolers-brochurefrench.pdf\"><img loading=\"lazy\" decoding=\"async\" class=\"alignnone wp-image-15976\" src=\"https:\/\/serescodehumidifiers.com\/wp-content\/uploads\/2024\/11\/seresco-condensers-and-coolers-brochurefrench-page-1-232x300.jpg\" alt=\"\" width=\"100\" height=\"129\" srcset=\"https:\/\/serescodehumidifiers.com\/wp-content\/uploads\/2024\/11\/seresco-condensers-and-coolers-brochurefrench-page-1-232x300.jpg 232w, https:\/\/serescodehumidifiers.com\/wp-content\/uploads\/2024\/11\/seresco-condensers-and-coolers-brochurefrench-page-1-792x1024.jpg 792w, https:\/\/serescodehumidifiers.com\/wp-content\/uploads\/2024\/11\/seresco-condensers-and-coolers-brochurefrench-page-1-768x994.jpg 768w, https:\/\/serescodehumidifiers.com\/wp-content\/uploads\/2024\/11\/seresco-condensers-and-coolers-brochurefrench-page-1-1187x1536.jpg 1187w, https:\/\/serescodehumidifiers.com\/wp-content\/uploads\/2024\/11\/seresco-condensers-and-coolers-brochurefrench-page-1.jpg 1335w\" sizes=\"(max-width: 100px) 100vw, 100px\" \/><\/a><\/div><div class=\"grid-25\"><a href=\"https:\/\/serescodehumidifiers.com\/wp-content\/uploads\/2024\/11\/seresco-condensers-and-coolers-brochurefrench.pdf\" target=\"_blank\" rel=\"noopener noreferrer\"><strong>Seresco<\/strong><br \/>S\u00e9rie NC<br \/>NG Series<\/a><\/p><p><a href=\"https:\/\/serescodehumidifiers.com\/wp-content\/uploads\/2024\/11\/seresco-dehumidifiers-pool-line-brochurefr.pdf\"><img loading=\"lazy\" decoding=\"async\" class=\"alignnone wp-image-15981\" src=\"https:\/\/serescodehumidifiers.com\/wp-content\/uploads\/2024\/11\/seresco-dehumidifiers-pool-line-brochurefr-page-1-232x300.jpg\" alt=\"\" width=\"100\" height=\"129\" srcset=\"https:\/\/serescodehumidifiers.com\/wp-content\/uploads\/2024\/11\/seresco-dehumidifiers-pool-line-brochurefr-page-1-232x300.jpg 232w, https:\/\/serescodehumidifiers.com\/wp-content\/uploads\/2024\/11\/seresco-dehumidifiers-pool-line-brochurefr-page-1-791x1024.jpg 791w, https:\/\/serescodehumidifiers.com\/wp-content\/uploads\/2024\/11\/seresco-dehumidifiers-pool-line-brochurefr-page-1-768x994.jpg 768w, https:\/\/serescodehumidifiers.com\/wp-content\/uploads\/2024\/11\/seresco-dehumidifiers-pool-line-brochurefr-page-1-1187x1536.jpg 1187w, https:\/\/serescodehumidifiers.com\/wp-content\/uploads\/2024\/11\/seresco-dehumidifiers-pool-line-brochurefr-page-1.jpg 1284w\" sizes=\"(max-width: 100px) 100vw, 100px\" \/><\/a><\/div><p><a href=\"https:\/\/serescodehumidifiers.com\/wp-content\/uploads\/2024\/11\/seresco-dehumidifiers-pool-line-brochurefr.pdf\">D\u00e9shumidificateurs Seresco Pool Line<\/a><\/p><\/div><\/div><\/div>\t\t\t\t\t\t\t\t<\/div>\n\t\t\t\t<\/div>\n\t\t\t\t\t<\/div>\n\t\t\t\t<\/div>\n\t\t\t\t<\/div>\n\t\t<div style=\"display:flex; gap:10px;justify-content:center\" class=\"wps-pgfw-pdf-generate-icon__wrapper-frontend\">\n\t\t<a  href=\"https:\/\/serescodehumidifiers.com\/fr\/wp-json\/wp\/v2\/pages\/15418\/?action=genpdf&amp;id=15418\" class=\"pgfw-single-pdf-download-button\" ><img src=\"https:\/\/serescodehumidifiers.com\/wp-content\/plugins\/pdf-generator-for-wp\/admin\/src\/images\/PDF_Tray.svg\" title=\"G\u00e9n\u00e9rer un PDF\" style=\"width:auto; height:45px;\"><\/a>\n\t\t<\/div>","protected":false},"excerpt":{"rendered":"<p>\u00a0 Notre r\u00eave \u00e9tait de concevoir et de construire nos propres condenseurs ext\u00e9rieurs et refroidisseurs secs afin d&rsquo;offrir \u00e0 nos clients le summum de la qualit\u00e9, de la fiabilit\u00e9 et de la performance. REFROIDISSEURS SECS DE LA S\u00c9RIE NG Imaginez Une technologie de rejet de la chaleur \u00e0 l&rsquo;ext\u00e9rieur con\u00e7ue pour une efficacit\u00e9 et une &#8230; <a title=\"Refroidisseurs secs et condenseurs\" class=\"read-more\" href=\"https:\/\/serescodehumidifiers.com\/fr\/produits\/refroidisseurs-secs-et-condenseurs\/\" aria-label=\"En savoir plus sur Refroidisseurs secs et condenseurs\">Lire la suite<\/a><\/p>\n","protected":false},"author":6,"featured_media":14193,"parent":15356,"menu_order":0,"comment_status":"closed","ping_status":"closed","template":"","meta":{"inline_featured_image":false,"generate_page_header":"","footnotes":""},"class_list":["post-15418","page","type-page","status-publish","has-post-thumbnail"],"yoast_head":"<!-- This site is optimized with the Yoast SEO plugin v27.1.1 - https:\/\/yoast.com\/product\/yoast-seo-wordpress\/ -->\n<title>Refroidisseurs secs et condenseurs - Seresco Dehumidifiers<\/title>\n<meta name=\"robots\" content=\"index, follow, max-snippet:-1, max-image-preview:large, max-video-preview:-1\" \/>\n<link rel=\"canonical\" href=\"https:\/\/serescodehumidifiers.com\/fr\/produits\/refroidisseurs-secs-et-condenseurs\/\" \/>\n<meta property=\"og:locale\" content=\"fr_FR\" \/>\n<meta property=\"og:type\" content=\"article\" \/>\n<meta property=\"og:title\" content=\"Refroidisseurs secs et condenseurs - Seresco Dehumidifiers\" \/>\n<meta property=\"og:description\" content=\"\u00a0 Notre r\u00eave \u00e9tait de concevoir et de construire nos propres condenseurs ext\u00e9rieurs et refroidisseurs secs afin d&rsquo;offrir \u00e0 nos clients le summum de la qualit\u00e9, de la fiabilit\u00e9 et de la performance. REFROIDISSEURS SECS DE LA S\u00c9RIE NG Imaginez Une technologie de rejet de la chaleur \u00e0 l&rsquo;ext\u00e9rieur con\u00e7ue pour une efficacit\u00e9 et une ... Lire la suite\" \/>\n<meta property=\"og:url\" content=\"https:\/\/serescodehumidifiers.com\/fr\/produits\/refroidisseurs-secs-et-condenseurs\/\" \/>\n<meta property=\"og:site_name\" content=\"Seresco Dehumidifiers\" \/>\n<meta property=\"article:modified_time\" content=\"2025-06-13T15:59:52+00:00\" \/>\n<meta property=\"og:image\" content=\"https:\/\/serescodehumidifiers.com\/wp-content\/uploads\/2018\/07\/ng-series-min.jpg\" \/>\n\t<meta property=\"og:image:width\" content=\"1920\" \/>\n\t<meta property=\"og:image:height\" content=\"701\" \/>\n\t<meta property=\"og:image:type\" content=\"image\/jpeg\" \/>\n<meta name=\"twitter:card\" content=\"summary_large_image\" \/>\n<meta name=\"twitter:label1\" content=\"Dur\u00e9e de lecture estim\u00e9e\" \/>\n\t<meta name=\"twitter:data1\" content=\"5 minutes\" \/>\n<script type=\"application\/ld+json\" class=\"yoast-schema-graph\">{\"@context\":\"https:\/\/schema.org\",\"@graph\":[{\"@type\":\"WebPage\",\"@id\":\"https:\/\/serescodehumidifiers.com\/fr\/produits\/refroidisseurs-secs-et-condenseurs\/\",\"url\":\"https:\/\/serescodehumidifiers.com\/fr\/produits\/refroidisseurs-secs-et-condenseurs\/\",\"name\":\"Refroidisseurs secs et condenseurs - Seresco Dehumidifiers\",\"isPartOf\":{\"@id\":\"https:\/\/serescodehumidifiers.com\/fr\/#website\"},\"primaryImageOfPage\":{\"@id\":\"https:\/\/serescodehumidifiers.com\/fr\/produits\/refroidisseurs-secs-et-condenseurs\/#primaryimage\"},\"image\":{\"@id\":\"https:\/\/serescodehumidifiers.com\/fr\/produits\/refroidisseurs-secs-et-condenseurs\/#primaryimage\"},\"thumbnailUrl\":\"https:\/\/serescodehumidifiers.com\/wp-content\/uploads\/2018\/07\/ng-series-min.jpg\",\"datePublished\":\"2018-07-26T19:41:31+00:00\",\"dateModified\":\"2025-06-13T15:59:52+00:00\",\"breadcrumb\":{\"@id\":\"https:\/\/serescodehumidifiers.com\/fr\/produits\/refroidisseurs-secs-et-condenseurs\/#breadcrumb\"},\"inLanguage\":\"fr-FR\",\"potentialAction\":[{\"@type\":\"ReadAction\",\"target\":[\"https:\/\/serescodehumidifiers.com\/fr\/produits\/refroidisseurs-secs-et-condenseurs\/\"]}]},{\"@type\":\"ImageObject\",\"inLanguage\":\"fr-FR\",\"@id\":\"https:\/\/serescodehumidifiers.com\/fr\/produits\/refroidisseurs-secs-et-condenseurs\/#primaryimage\",\"url\":\"https:\/\/serescodehumidifiers.com\/wp-content\/uploads\/2018\/07\/ng-series-min.jpg\",\"contentUrl\":\"https:\/\/serescodehumidifiers.com\/wp-content\/uploads\/2018\/07\/ng-series-min.jpg\",\"width\":1920,\"height\":701},{\"@type\":\"BreadcrumbList\",\"@id\":\"https:\/\/serescodehumidifiers.com\/fr\/produits\/refroidisseurs-secs-et-condenseurs\/#breadcrumb\",\"itemListElement\":[{\"@type\":\"ListItem\",\"position\":1,\"name\":\"Home\",\"item\":\"https:\/\/serescodehumidifiers.com\/fr\/\"},{\"@type\":\"ListItem\",\"position\":2,\"name\":\"Produits\",\"item\":\"https:\/\/serescodehumidifiers.com\/fr\/produits\/\"},{\"@type\":\"ListItem\",\"position\":3,\"name\":\"Refroidisseurs secs et condenseurs\"}]},{\"@type\":\"WebSite\",\"@id\":\"https:\/\/serescodehumidifiers.com\/fr\/#website\",\"url\":\"https:\/\/serescodehumidifiers.com\/fr\/\",\"name\":\"Seresco Dehumidifiers\",\"description\":\"\",\"publisher\":{\"@id\":\"https:\/\/serescodehumidifiers.com\/fr\/#organization\"},\"potentialAction\":[{\"@type\":\"SearchAction\",\"target\":{\"@type\":\"EntryPoint\",\"urlTemplate\":\"https:\/\/serescodehumidifiers.com\/fr\/?s={search_term_string}\"},\"query-input\":{\"@type\":\"PropertyValueSpecification\",\"valueRequired\":true,\"valueName\":\"search_term_string\"}}],\"inLanguage\":\"fr-FR\"},{\"@type\":\"Organization\",\"@id\":\"https:\/\/serescodehumidifiers.com\/fr\/#organization\",\"name\":\"Seresco Dehumidifiers\",\"url\":\"https:\/\/serescodehumidifiers.com\/fr\/\",\"logo\":{\"@type\":\"ImageObject\",\"inLanguage\":\"fr-FR\",\"@id\":\"https:\/\/serescodehumidifiers.com\/fr\/#\/schema\/logo\/image\/\",\"url\":\"https:\/\/serescodehumidifiers.com\/wp-content\/uploads\/2024\/08\/fichier-1seresco.svg\",\"contentUrl\":\"https:\/\/serescodehumidifiers.com\/wp-content\/uploads\/2024\/08\/fichier-1seresco.svg\",\"caption\":\"Seresco Dehumidifiers\"},\"image\":{\"@id\":\"https:\/\/serescodehumidifiers.com\/fr\/#\/schema\/logo\/image\/\"}}]}<\/script>\n<!-- \/ Yoast SEO plugin. -->","yoast_head_json":{"title":"Refroidisseurs secs et condenseurs - Seresco Dehumidifiers","robots":{"index":"index","follow":"follow","max-snippet":"max-snippet:-1","max-image-preview":"max-image-preview:large","max-video-preview":"max-video-preview:-1"},"canonical":"https:\/\/serescodehumidifiers.com\/fr\/produits\/refroidisseurs-secs-et-condenseurs\/","og_locale":"fr_FR","og_type":"article","og_title":"Refroidisseurs secs et condenseurs - Seresco Dehumidifiers","og_description":"\u00a0 Notre r\u00eave \u00e9tait de concevoir et de construire nos propres condenseurs ext\u00e9rieurs et refroidisseurs secs afin d&rsquo;offrir \u00e0 nos clients le summum de la qualit\u00e9, de la fiabilit\u00e9 et de la performance. REFROIDISSEURS SECS DE LA S\u00c9RIE NG Imaginez Une technologie de rejet de la chaleur \u00e0 l&rsquo;ext\u00e9rieur con\u00e7ue pour une efficacit\u00e9 et une ... Lire la suite","og_url":"https:\/\/serescodehumidifiers.com\/fr\/produits\/refroidisseurs-secs-et-condenseurs\/","og_site_name":"Seresco Dehumidifiers","article_modified_time":"2025-06-13T15:59:52+00:00","og_image":[{"width":1920,"height":701,"url":"https:\/\/serescodehumidifiers.com\/wp-content\/uploads\/2018\/07\/ng-series-min.jpg","type":"image\/jpeg"}],"twitter_card":"summary_large_image","twitter_misc":{"Dur\u00e9e de lecture estim\u00e9e":"5 minutes"},"schema":{"@context":"https:\/\/schema.org","@graph":[{"@type":"WebPage","@id":"https:\/\/serescodehumidifiers.com\/fr\/produits\/refroidisseurs-secs-et-condenseurs\/","url":"https:\/\/serescodehumidifiers.com\/fr\/produits\/refroidisseurs-secs-et-condenseurs\/","name":"Refroidisseurs secs et condenseurs - Seresco Dehumidifiers","isPartOf":{"@id":"https:\/\/serescodehumidifiers.com\/fr\/#website"},"primaryImageOfPage":{"@id":"https:\/\/serescodehumidifiers.com\/fr\/produits\/refroidisseurs-secs-et-condenseurs\/#primaryimage"},"image":{"@id":"https:\/\/serescodehumidifiers.com\/fr\/produits\/refroidisseurs-secs-et-condenseurs\/#primaryimage"},"thumbnailUrl":"https:\/\/serescodehumidifiers.com\/wp-content\/uploads\/2018\/07\/ng-series-min.jpg","datePublished":"2018-07-26T19:41:31+00:00","dateModified":"2025-06-13T15:59:52+00:00","breadcrumb":{"@id":"https:\/\/serescodehumidifiers.com\/fr\/produits\/refroidisseurs-secs-et-condenseurs\/#breadcrumb"},"inLanguage":"fr-FR","potentialAction":[{"@type":"ReadAction","target":["https:\/\/serescodehumidifiers.com\/fr\/produits\/refroidisseurs-secs-et-condenseurs\/"]}]},{"@type":"ImageObject","inLanguage":"fr-FR","@id":"https:\/\/serescodehumidifiers.com\/fr\/produits\/refroidisseurs-secs-et-condenseurs\/#primaryimage","url":"https:\/\/serescodehumidifiers.com\/wp-content\/uploads\/2018\/07\/ng-series-min.jpg","contentUrl":"https:\/\/serescodehumidifiers.com\/wp-content\/uploads\/2018\/07\/ng-series-min.jpg","width":1920,"height":701},{"@type":"BreadcrumbList","@id":"https:\/\/serescodehumidifiers.com\/fr\/produits\/refroidisseurs-secs-et-condenseurs\/#breadcrumb","itemListElement":[{"@type":"ListItem","position":1,"name":"Home","item":"https:\/\/serescodehumidifiers.com\/fr\/"},{"@type":"ListItem","position":2,"name":"Produits","item":"https:\/\/serescodehumidifiers.com\/fr\/produits\/"},{"@type":"ListItem","position":3,"name":"Refroidisseurs secs et condenseurs"}]},{"@type":"WebSite","@id":"https:\/\/serescodehumidifiers.com\/fr\/#website","url":"https:\/\/serescodehumidifiers.com\/fr\/","name":"Seresco Dehumidifiers","description":"","publisher":{"@id":"https:\/\/serescodehumidifiers.com\/fr\/#organization"},"potentialAction":[{"@type":"SearchAction","target":{"@type":"EntryPoint","urlTemplate":"https:\/\/serescodehumidifiers.com\/fr\/?s={search_term_string}"},"query-input":{"@type":"PropertyValueSpecification","valueRequired":true,"valueName":"search_term_string"}}],"inLanguage":"fr-FR"},{"@type":"Organization","@id":"https:\/\/serescodehumidifiers.com\/fr\/#organization","name":"Seresco Dehumidifiers","url":"https:\/\/serescodehumidifiers.com\/fr\/","logo":{"@type":"ImageObject","inLanguage":"fr-FR","@id":"https:\/\/serescodehumidifiers.com\/fr\/#\/schema\/logo\/image\/","url":"https:\/\/serescodehumidifiers.com\/wp-content\/uploads\/2024\/08\/fichier-1seresco.svg","contentUrl":"https:\/\/serescodehumidifiers.com\/wp-content\/uploads\/2024\/08\/fichier-1seresco.svg","caption":"Seresco Dehumidifiers"},"image":{"@id":"https:\/\/serescodehumidifiers.com\/fr\/#\/schema\/logo\/image\/"}}]}},"_links":{"self":[{"href":"https:\/\/serescodehumidifiers.com\/fr\/wp-json\/wp\/v2\/pages\/15418","targetHints":{"allow":["GET"]}}],"collection":[{"href":"https:\/\/serescodehumidifiers.com\/fr\/wp-json\/wp\/v2\/pages"}],"about":[{"href":"https:\/\/serescodehumidifiers.com\/fr\/wp-json\/wp\/v2\/types\/page"}],"author":[{"embeddable":true,"href":"https:\/\/serescodehumidifiers.com\/fr\/wp-json\/wp\/v2\/users\/6"}],"replies":[{"embeddable":true,"href":"https:\/\/serescodehumidifiers.com\/fr\/wp-json\/wp\/v2\/comments?post=15418"}],"version-history":[{"count":3,"href":"https:\/\/serescodehumidifiers.com\/fr\/wp-json\/wp\/v2\/pages\/15418\/revisions"}],"predecessor-version":[{"id":16650,"href":"https:\/\/serescodehumidifiers.com\/fr\/wp-json\/wp\/v2\/pages\/15418\/revisions\/16650"}],"up":[{"embeddable":true,"href":"https:\/\/serescodehumidifiers.com\/fr\/wp-json\/wp\/v2\/pages\/15356"}],"wp:featuredmedia":[{"embeddable":true,"href":"https:\/\/serescodehumidifiers.com\/fr\/wp-json\/wp\/v2\/media\/14193"}],"wp:attachment":[{"href":"https:\/\/serescodehumidifiers.com\/fr\/wp-json\/wp\/v2\/media?parent=15418"}],"curies":[{"name":"wp","href":"https:\/\/api.w.org\/{rel}","templated":true}]}}