{"id":15435,"date":"2017-12-18T11:06:20","date_gmt":"2017-12-18T16:06:20","guid":{"rendered":"https:\/\/serescodehumidifiers.com\/?page_id=15435"},"modified":"2025-06-13T13:50:05","modified_gmt":"2025-06-13T17:50:05","slug":"hotels","status":"publish","type":"page","link":"https:\/\/serescodehumidifiers.com\/fr\/hotels\/","title":{"rendered":"H\u00f4tels"},"content":{"rendered":"\t\t<div data-elementor-type=\"wp-page\" data-elementor-id=\"15435\" class=\"elementor elementor-15435 elementor-486\" data-elementor-post-type=\"page\">\n\t\t\t\t<div class=\"elementor-element elementor-element-12332b0 e-flex e-con-boxed e-con e-parent\" data-id=\"12332b0\" data-element_type=\"container\" data-e-type=\"container\">\n\t\t\t\t\t<div class=\"e-con-inner\">\n\t\t\t\t<div class=\"elementor-element elementor-element-e29fd3b elementor-widget elementor-widget-breadcrumbs\" data-id=\"e29fd3b\" data-element_type=\"widget\" data-e-type=\"widget\" data-widget_type=\"breadcrumbs.default\">\n\t\t\t\t<div class=\"elementor-widget-container\">\n\t\t\t\t\t<p id=\"breadcrumbs\"><span><span><a href=\"https:\/\/serescodehumidifiers.com\/fr\/\">Home<\/a><\/span><\/span><\/p>\t\t\t\t<\/div>\n\t\t\t\t<\/div>\n\t\t\t\t\t<\/div>\n\t\t\t\t<\/div>\n\t\t\t\t<section class=\"elementor-section elementor-top-section elementor-element elementor-element-3f681df3 elementor-section-boxed elementor-section-height-default elementor-section-height-default\" data-id=\"3f681df3\" data-element_type=\"section\" data-e-type=\"section\">\n\t\t\t\t\t\t<div class=\"elementor-container elementor-column-gap-default\">\n\t\t\t\t\t<div class=\"elementor-column elementor-col-100 elementor-top-column elementor-element elementor-element-539c77b3\" data-id=\"539c77b3\" data-element_type=\"column\" data-e-type=\"column\">\n\t\t\t<div class=\"elementor-widget-wrap elementor-element-populated\">\n\t\t\t\t\t\t<div class=\"elementor-element elementor-element-3c78782f elementor-widget elementor-widget-text-editor\" data-id=\"3c78782f\" data-element_type=\"widget\" data-e-type=\"widget\" data-widget_type=\"text-editor.default\">\n\t\t\t\t<div class=\"elementor-widget-container\">\n\t\t\t\t\t\t\t\t\t<h6>Seresco<\/h6><h2>Le bon d\u00e9shumidificateur de piscine int\u00e9rieure pour votre h\u00f4tel<\/h2><p>Chez Seresco, nous connaissons l&rsquo;importance de l&rsquo;exp\u00e9rience des clients dans votre piscine. Nous savons aussi que les co\u00fbts d&rsquo;op\u00e9ration et d&rsquo;entretien sont des consid\u00e9rations critiques.<\/p><p>C&rsquo;est pourquoi nous fabriquons des d\u00e9shumidificateurs pour piscines int\u00e9rieures qui offrent le meilleur environnement pour votre salle de billard avec un recyclage optimal de l&rsquo;\u00e9nergie et des \u00e9conomies d&rsquo;\u00e9nergie maximales. Vous pouvez compter sur nos \u00e9quipements pour une dur\u00e9e de vie illimit\u00e9e.<br \/>sans probl\u00e8me et de hautes performances.<\/p><p>Ne vous laissez pas berner par les appareils \u00e0 faible co\u00fbt initial qui co\u00fbtent des milliers de dollars en fonctionnement, en entretien, en r\u00e9paration et, en fin de compte, en remplacement. Choisissez Seresco, un nom qui a fait ses preuves en mati\u00e8re de performance et de fiabilit\u00e9 \u00e0 un co\u00fbt abordable.<\/p><h6>Seresco<\/h6><h2>Le d\u00e9shumidificateur de piscine Le choix des nouveaux h\u00f4tels<\/h2><div><p>Si vous construisez un nouvel h\u00f4tel, Seresco fournit des \u00e9quipements de pointe pour tous les climats et toutes les tailles de piscine. Nous offrons \u00e9galement la plus longue garantie de l&rsquo;industrie, y compris une garantie d&rsquo;un an sur la main-d&rsquo;\u0153uvre en plus d&rsquo;une garantie de deux ans sur les pi\u00e8ces pour chaque d\u00e9shumidificateur connect\u00e9 \u00e0 notre service gratuit de surveillance par Internet WebSentry.<\/p><p>La technologie WebSentry offre \u00e9galement un large \u00e9ventail d&rsquo;avantages aux entrepreneurs, aux techniciens de maintenance et aux gestionnaires immobiliers (voir ci-dessous).<\/p><p>Nos conceptions innovantes, nos syst\u00e8mes int\u00e9gr\u00e9s et nos technologies Protocol de pointe r\u00e9duisent consid\u00e9rablement les co\u00fbts d&rsquo;installation, de tuyauterie et de cuivre. Notre technologie r\u00e9volutionnaire Protocol n&rsquo;utilise qu&rsquo;un sixi\u00e8me de la quantit\u00e9 de r\u00e9frig\u00e9rant requise par les syst\u00e8mes traditionnels, tout en offrant les conditions ambiantes les plus stables possibles, avec une migration de r\u00e9frig\u00e9rant pratiquement nulle et aucune restriction quant \u00e0 la distance d&rsquo;implantation des refroidisseurs secs.<\/p><a href=\"https:\/\/serescodehumidifiers.com\/fr\/produits\/serie-ne-compact\/\">EN SAVOIR PLUS<\/a><\/p><\/div><h6>Seresco<\/h6><h2>Le d\u00e9shumidificateur de remplacement n\u00b01 pour les piscines d&rsquo;h\u00f4tels<\/h2><div><p>Lorsque vient le temps de remplacer votre vieux d\u00e9shumidificateur, PERSONNE ne le fait plus facilement et de fa\u00e7on plus rentable que Seresco. Nos unit\u00e9s pour h\u00f4tels sont con\u00e7ues pour offrir une capacit\u00e9 maximale dans le plus petit espace possible, ce qui les rend id\u00e9ales pour les r\u00e9novations.<\/p><p><img fetchpriority=\"high\" decoding=\"async\" src=\"https:\/\/serescodehumidifiers.com\/wp-content\/uploads\/2018\/07\/hotels-unit-2.jpg\" alt=\"indoor pool dehumidifier for hotel\" width=\"532\" height=\"462\" \/><p>Que dire du fait que nos mod\u00e8les NE de 2 \u00e0 7 tonnes passent par une porte de 30 pouces pour fournir de 850 \u00e0 3 400 PCM de traitement de l&rsquo;air ? Si cela ne suffit pas, notre s\u00e9rie NE 200 passe \u00e9galement par une porte de 30 pouces pour fournir jusqu&rsquo;\u00e0 6 800 PCM avec des syst\u00e8mes redondants \u00e0 double compresseur permettant des performances \u00e9volutives et une efficacit\u00e9 \u00e9nerg\u00e9tique optimale dans toutes les conditions.<\/p><a href=\"https:\/\/serescodehumidifiers.com\/fr\/produits\/serie-ne-200\/\">EN SAVOIR PLUS<\/a><\/p><\/div><h2>Dix raisons pour lesquelles les experts de l&rsquo;industrie recommandent Seresco<\/h2><ol><li>Technologie sup\u00e9rieure pour une performance et une fiabilit\u00e9 exceptionnelles<\/li><li>Syst\u00e8mes de contr\u00f4le avanc\u00e9s pour un environnement de piscine optimal et des clients heureux<\/li><li>Efficacit\u00e9 \u00e9nerg\u00e9tique exceptionnelle avec 85% de charge de r\u00e9frig\u00e9rant en moins et des co\u00fbts d&rsquo;exploitation r\u00e9duits de 20%.<\/li><li>Co\u00fbt global de possession le plus bas avec de faibles co\u00fbts d&rsquo;installation, d&rsquo;op\u00e9ration et d&rsquo;entretien<\/li><li>La meilleure garantie du march\u00e9 et un programme d&rsquo;extension pour les h\u00f4tels<\/li><li><span style=\"text-decoration: underline;\"><a href=\"https:\/\/serescodehumidifiers.com\/fr\/websentry\/\" target=\"_blank\" rel=\"noopener\">Assistance d\u00e9di\u00e9e et surveillance \u00e0 distance 24 heures sur 24 et 7 jours sur 7 gr\u00e2ce \u00e0 la technologie WebSentry<\/a><\/span><\/li><li>R\u00e9f\u00e9rences industrielles en tant qu&rsquo;autorit\u00e9s les plus reconnues en mati\u00e8re de d\u00e9shumidificateurs dans l&rsquo;industrie du chauffage, de la ventilation et de la climatisation.<\/li><li>Chauffage gratuit de l&rsquo;eau de la piscine gr\u00e2ce \u00e0 un syst\u00e8me de recyclage de l&rsquo;\u00e9nergie de premi\u00e8re qualit\u00e9 qui chauffe la piscine sans frais suppl\u00e9mentaires.<\/li><li>Con\u00e7u exclusivement pour les piscines afin de g\u00e9rer les produits chimiques agressifs et l&rsquo;humidit\u00e9 des piscines int\u00e9rieures.<\/li><li>Conseil en conception avec assistance gratuite pour la conception de l&rsquo;h\u00f4tel et l&rsquo;\u00e9tablissement des sp\u00e9cifications<\/li><\/ol><div><h5>SERESCO EST LE D\u00c9SHUMIDIFICATEUR LE PLUS RECOMMAND\u00c9 DANS L&rsquo;INDUSTRIE H\u00d4TELI\u00c8RE, AVEC LE STATUT DE FOURNISSEUR PRIVIL\u00c9GI\u00c9 DES CHA\u00ceNES H\u00d4TELI\u00c8RES HILTON ET MARRIOTT, DRURY INNS ET AMERICINNS.<\/h5><p><img decoding=\"async\" src=\"https:\/\/serescodehumidifiers.com\/wp-content\/uploads\/2018\/07\/hotels-logos.jpg\" alt=\"Hotel and hospitality partners who trust Seresco with their indoor pools\" width=\"1003\" height=\"691\" \/><\/div><h6>Seresco<\/h6><h2>Service de conciergerie VIP pour l&rsquo;industrie<br \/>l&rsquo;industrie h\u00f4teli\u00e8re<\/h2><p>Tout comme vous, nous aimons offrir \u00e0 nos clients importants l&rsquo;attention et les services qu&rsquo;ils m\u00e9ritent. C&rsquo;est pourquoi nous avons cr\u00e9\u00e9 un service de conciergerie d\u00e9di\u00e9 aux d\u00e9shumidificateurs d&rsquo;h\u00f4tel pour vous aider, ainsi que vos ing\u00e9nieurs, entrepreneurs et personnel de service, \u00e0 coordonner les meilleurs syst\u00e8mes et solutions possibles pour votre nouvelle installation ou votre projet de remplacement.<\/p><p>Pour obtenir le service et les informations dont vous avez besoin pour prendre une d\u00e9cision \u00e9clair\u00e9e concernant vos besoins en d\u00e9shumidification, contactez nos sp\u00e9cialistes de l&rsquo;h\u00f4tellerie et de la restauration.<\/p>\t\t\t\t\t\t\t\t<\/div>\n\t\t\t\t<\/div>\n\t\t\t\t\t<\/div>\n\t\t<\/div>\n\t\t\t\t\t<\/div>\n\t\t<\/section>\n\t\t\t\t<\/div>\n\t\t<div style=\"display:flex; gap:10px;justify-content:center\" class=\"wps-pgfw-pdf-generate-icon__wrapper-frontend\">\n\t\t<a  href=\"https:\/\/serescodehumidifiers.com\/fr\/wp-json\/wp\/v2\/pages\/15435\/?action=genpdf&amp;id=15435\" class=\"pgfw-single-pdf-download-button\" ><img src=\"https:\/\/serescodehumidifiers.com\/wp-content\/plugins\/pdf-generator-for-wp\/admin\/src\/images\/PDF_Tray.svg\" title=\"G\u00e9n\u00e9rer un PDF\" style=\"width:auto; height:45px;\"><\/a>\n\t\t<\/div>","protected":false},"excerpt":{"rendered":"<p>Seresco Le bon d\u00e9shumidificateur de piscine int\u00e9rieure pour votre h\u00f4tel Chez Seresco, nous connaissons l&rsquo;importance de l&rsquo;exp\u00e9rience des clients dans votre piscine. Nous savons aussi que les co\u00fbts d&rsquo;op\u00e9ration et d&rsquo;entretien sont des consid\u00e9rations critiques. C&rsquo;est pourquoi nous fabriquons des d\u00e9shumidificateurs pour piscines int\u00e9rieures qui offrent le meilleur environnement pour votre salle de billard avec &#8230; <a title=\"H\u00f4tels\" class=\"read-more\" href=\"https:\/\/serescodehumidifiers.com\/fr\/hotels\/\" aria-label=\"En savoir plus sur H\u00f4tels\">Lire la suite<\/a><\/p>\n","protected":false},"author":6,"featured_media":14201,"parent":0,"menu_order":0,"comment_status":"closed","ping_status":"closed","template":"","meta":{"inline_featured_image":false,"generate_page_header":"","footnotes":""},"class_list":["post-15435","page","type-page","status-publish","has-post-thumbnail"],"yoast_head":"<!-- This site is optimized with the Yoast SEO plugin v27.1.1 - https:\/\/yoast.com\/product\/yoast-seo-wordpress\/ -->\n<title>H\u00f4tels - Seresco Dehumidifiers<\/title>\n<meta name=\"robots\" content=\"index, follow, max-snippet:-1, max-image-preview:large, max-video-preview:-1\" \/>\n<link rel=\"canonical\" href=\"https:\/\/serescodehumidifiers.com\/fr\/hotels\/\" \/>\n<meta property=\"og:locale\" content=\"fr_FR\" \/>\n<meta property=\"og:type\" content=\"article\" \/>\n<meta property=\"og:title\" content=\"H\u00f4tels - Seresco Dehumidifiers\" \/>\n<meta property=\"og:description\" content=\"Seresco Le bon d\u00e9shumidificateur de piscine int\u00e9rieure pour votre h\u00f4tel Chez Seresco, nous connaissons l&rsquo;importance de l&rsquo;exp\u00e9rience des clients dans votre piscine. Nous savons aussi que les co\u00fbts d&rsquo;op\u00e9ration et d&rsquo;entretien sont des consid\u00e9rations critiques. C&rsquo;est pourquoi nous fabriquons des d\u00e9shumidificateurs pour piscines int\u00e9rieures qui offrent le meilleur environnement pour votre salle de billard avec ... Lire la suite\" \/>\n<meta property=\"og:url\" content=\"https:\/\/serescodehumidifiers.com\/fr\/hotels\/\" \/>\n<meta property=\"og:site_name\" content=\"Seresco Dehumidifiers\" \/>\n<meta property=\"article:modified_time\" content=\"2025-06-13T17:50:05+00:00\" \/>\n<meta property=\"og:image\" content=\"https:\/\/serescodehumidifiers.com\/wp-content\/uploads\/2018\/07\/hotels-min.jpg\" \/>\n\t<meta property=\"og:image:width\" content=\"1920\" \/>\n\t<meta property=\"og:image:height\" content=\"700\" \/>\n\t<meta property=\"og:image:type\" content=\"image\/jpeg\" \/>\n<meta name=\"twitter:card\" content=\"summary_large_image\" \/>\n<meta name=\"twitter:label1\" content=\"Dur\u00e9e de lecture estim\u00e9e\" \/>\n\t<meta name=\"twitter:data1\" content=\"5 minutes\" \/>\n<script type=\"application\/ld+json\" class=\"yoast-schema-graph\">{\"@context\":\"https:\/\/schema.org\",\"@graph\":[{\"@type\":\"WebPage\",\"@id\":\"https:\/\/serescodehumidifiers.com\/fr\/hotels\/\",\"url\":\"https:\/\/serescodehumidifiers.com\/fr\/hotels\/\",\"name\":\"H\u00f4tels - Seresco Dehumidifiers\",\"isPartOf\":{\"@id\":\"https:\/\/serescodehumidifiers.com\/fr\/#website\"},\"primaryImageOfPage\":{\"@id\":\"https:\/\/serescodehumidifiers.com\/fr\/hotels\/#primaryimage\"},\"image\":{\"@id\":\"https:\/\/serescodehumidifiers.com\/fr\/hotels\/#primaryimage\"},\"thumbnailUrl\":\"https:\/\/serescodehumidifiers.com\/wp-content\/uploads\/2018\/07\/hotels-min.jpg\",\"datePublished\":\"2017-12-18T16:06:20+00:00\",\"dateModified\":\"2025-06-13T17:50:05+00:00\",\"breadcrumb\":{\"@id\":\"https:\/\/serescodehumidifiers.com\/fr\/hotels\/#breadcrumb\"},\"inLanguage\":\"fr-FR\",\"potentialAction\":[{\"@type\":\"ReadAction\",\"target\":[\"https:\/\/serescodehumidifiers.com\/fr\/hotels\/\"]}]},{\"@type\":\"ImageObject\",\"inLanguage\":\"fr-FR\",\"@id\":\"https:\/\/serescodehumidifiers.com\/fr\/hotels\/#primaryimage\",\"url\":\"https:\/\/serescodehumidifiers.com\/wp-content\/uploads\/2018\/07\/hotels-min.jpg\",\"contentUrl\":\"https:\/\/serescodehumidifiers.com\/wp-content\/uploads\/2018\/07\/hotels-min.jpg\",\"width\":1920,\"height\":700},{\"@type\":\"BreadcrumbList\",\"@id\":\"https:\/\/serescodehumidifiers.com\/fr\/hotels\/#breadcrumb\",\"itemListElement\":[{\"@type\":\"ListItem\",\"position\":1,\"name\":\"Home\",\"item\":\"https:\/\/serescodehumidifiers.com\/fr\/\"},{\"@type\":\"ListItem\",\"position\":2,\"name\":\"H\u00f4tels\"}]},{\"@type\":\"WebSite\",\"@id\":\"https:\/\/serescodehumidifiers.com\/fr\/#website\",\"url\":\"https:\/\/serescodehumidifiers.com\/fr\/\",\"name\":\"Seresco Dehumidifiers\",\"description\":\"\",\"publisher\":{\"@id\":\"https:\/\/serescodehumidifiers.com\/fr\/#organization\"},\"potentialAction\":[{\"@type\":\"SearchAction\",\"target\":{\"@type\":\"EntryPoint\",\"urlTemplate\":\"https:\/\/serescodehumidifiers.com\/fr\/?s={search_term_string}\"},\"query-input\":{\"@type\":\"PropertyValueSpecification\",\"valueRequired\":true,\"valueName\":\"search_term_string\"}}],\"inLanguage\":\"fr-FR\"},{\"@type\":\"Organization\",\"@id\":\"https:\/\/serescodehumidifiers.com\/fr\/#organization\",\"name\":\"Seresco Dehumidifiers\",\"url\":\"https:\/\/serescodehumidifiers.com\/fr\/\",\"logo\":{\"@type\":\"ImageObject\",\"inLanguage\":\"fr-FR\",\"@id\":\"https:\/\/serescodehumidifiers.com\/fr\/#\/schema\/logo\/image\/\",\"url\":\"https:\/\/serescodehumidifiers.com\/wp-content\/uploads\/2024\/08\/fichier-1seresco.svg\",\"contentUrl\":\"https:\/\/serescodehumidifiers.com\/wp-content\/uploads\/2024\/08\/fichier-1seresco.svg\",\"caption\":\"Seresco Dehumidifiers\"},\"image\":{\"@id\":\"https:\/\/serescodehumidifiers.com\/fr\/#\/schema\/logo\/image\/\"}}]}<\/script>\n<!-- \/ Yoast SEO plugin. -->","yoast_head_json":{"title":"H\u00f4tels - Seresco Dehumidifiers","robots":{"index":"index","follow":"follow","max-snippet":"max-snippet:-1","max-image-preview":"max-image-preview:large","max-video-preview":"max-video-preview:-1"},"canonical":"https:\/\/serescodehumidifiers.com\/fr\/hotels\/","og_locale":"fr_FR","og_type":"article","og_title":"H\u00f4tels - Seresco Dehumidifiers","og_description":"Seresco Le bon d\u00e9shumidificateur de piscine int\u00e9rieure pour votre h\u00f4tel Chez Seresco, nous connaissons l&rsquo;importance de l&rsquo;exp\u00e9rience des clients dans votre piscine. Nous savons aussi que les co\u00fbts d&rsquo;op\u00e9ration et d&rsquo;entretien sont des consid\u00e9rations critiques. C&rsquo;est pourquoi nous fabriquons des d\u00e9shumidificateurs pour piscines int\u00e9rieures qui offrent le meilleur environnement pour votre salle de billard avec ... Lire la suite","og_url":"https:\/\/serescodehumidifiers.com\/fr\/hotels\/","og_site_name":"Seresco Dehumidifiers","article_modified_time":"2025-06-13T17:50:05+00:00","og_image":[{"width":1920,"height":700,"url":"https:\/\/serescodehumidifiers.com\/wp-content\/uploads\/2018\/07\/hotels-min.jpg","type":"image\/jpeg"}],"twitter_card":"summary_large_image","twitter_misc":{"Dur\u00e9e de lecture estim\u00e9e":"5 minutes"},"schema":{"@context":"https:\/\/schema.org","@graph":[{"@type":"WebPage","@id":"https:\/\/serescodehumidifiers.com\/fr\/hotels\/","url":"https:\/\/serescodehumidifiers.com\/fr\/hotels\/","name":"H\u00f4tels - Seresco Dehumidifiers","isPartOf":{"@id":"https:\/\/serescodehumidifiers.com\/fr\/#website"},"primaryImageOfPage":{"@id":"https:\/\/serescodehumidifiers.com\/fr\/hotels\/#primaryimage"},"image":{"@id":"https:\/\/serescodehumidifiers.com\/fr\/hotels\/#primaryimage"},"thumbnailUrl":"https:\/\/serescodehumidifiers.com\/wp-content\/uploads\/2018\/07\/hotels-min.jpg","datePublished":"2017-12-18T16:06:20+00:00","dateModified":"2025-06-13T17:50:05+00:00","breadcrumb":{"@id":"https:\/\/serescodehumidifiers.com\/fr\/hotels\/#breadcrumb"},"inLanguage":"fr-FR","potentialAction":[{"@type":"ReadAction","target":["https:\/\/serescodehumidifiers.com\/fr\/hotels\/"]}]},{"@type":"ImageObject","inLanguage":"fr-FR","@id":"https:\/\/serescodehumidifiers.com\/fr\/hotels\/#primaryimage","url":"https:\/\/serescodehumidifiers.com\/wp-content\/uploads\/2018\/07\/hotels-min.jpg","contentUrl":"https:\/\/serescodehumidifiers.com\/wp-content\/uploads\/2018\/07\/hotels-min.jpg","width":1920,"height":700},{"@type":"BreadcrumbList","@id":"https:\/\/serescodehumidifiers.com\/fr\/hotels\/#breadcrumb","itemListElement":[{"@type":"ListItem","position":1,"name":"Home","item":"https:\/\/serescodehumidifiers.com\/fr\/"},{"@type":"ListItem","position":2,"name":"H\u00f4tels"}]},{"@type":"WebSite","@id":"https:\/\/serescodehumidifiers.com\/fr\/#website","url":"https:\/\/serescodehumidifiers.com\/fr\/","name":"Seresco Dehumidifiers","description":"","publisher":{"@id":"https:\/\/serescodehumidifiers.com\/fr\/#organization"},"potentialAction":[{"@type":"SearchAction","target":{"@type":"EntryPoint","urlTemplate":"https:\/\/serescodehumidifiers.com\/fr\/?s={search_term_string}"},"query-input":{"@type":"PropertyValueSpecification","valueRequired":true,"valueName":"search_term_string"}}],"inLanguage":"fr-FR"},{"@type":"Organization","@id":"https:\/\/serescodehumidifiers.com\/fr\/#organization","name":"Seresco Dehumidifiers","url":"https:\/\/serescodehumidifiers.com\/fr\/","logo":{"@type":"ImageObject","inLanguage":"fr-FR","@id":"https:\/\/serescodehumidifiers.com\/fr\/#\/schema\/logo\/image\/","url":"https:\/\/serescodehumidifiers.com\/wp-content\/uploads\/2024\/08\/fichier-1seresco.svg","contentUrl":"https:\/\/serescodehumidifiers.com\/wp-content\/uploads\/2024\/08\/fichier-1seresco.svg","caption":"Seresco Dehumidifiers"},"image":{"@id":"https:\/\/serescodehumidifiers.com\/fr\/#\/schema\/logo\/image\/"}}]}},"_links":{"self":[{"href":"https:\/\/serescodehumidifiers.com\/fr\/wp-json\/wp\/v2\/pages\/15435","targetHints":{"allow":["GET"]}}],"collection":[{"href":"https:\/\/serescodehumidifiers.com\/fr\/wp-json\/wp\/v2\/pages"}],"about":[{"href":"https:\/\/serescodehumidifiers.com\/fr\/wp-json\/wp\/v2\/types\/page"}],"author":[{"embeddable":true,"href":"https:\/\/serescodehumidifiers.com\/fr\/wp-json\/wp\/v2\/users\/6"}],"replies":[{"embeddable":true,"href":"https:\/\/serescodehumidifiers.com\/fr\/wp-json\/wp\/v2\/comments?post=15435"}],"version-history":[{"count":3,"href":"https:\/\/serescodehumidifiers.com\/fr\/wp-json\/wp\/v2\/pages\/15435\/revisions"}],"predecessor-version":[{"id":16671,"href":"https:\/\/serescodehumidifiers.com\/fr\/wp-json\/wp\/v2\/pages\/15435\/revisions\/16671"}],"wp:featuredmedia":[{"embeddable":true,"href":"https:\/\/serescodehumidifiers.com\/fr\/wp-json\/wp\/v2\/media\/14201"}],"wp:attachment":[{"href":"https:\/\/serescodehumidifiers.com\/fr\/wp-json\/wp\/v2\/media?parent=15435"}],"curies":[{"name":"wp","href":"https:\/\/api.w.org\/{rel}","templated":true}]}}