{"id":15444,"date":"2017-12-18T11:06:58","date_gmt":"2017-12-18T16:06:58","guid":{"rendered":"https:\/\/serescodehumidifiers.com\/?page_id=15444"},"modified":"2025-06-13T13:51:54","modified_gmt":"2025-06-13T17:51:54","slug":"ymca","status":"publish","type":"page","link":"https:\/\/serescodehumidifiers.com\/fr\/ymca\/","title":{"rendered":"YMCA"},"content":{"rendered":"<h6>seresco<\/h6>\n<h2>D\u00e9shumidificateurs pour piscines int\u00e9rieures du YMCA<\/h2>\n<p>Seresco est le fournisseur privil\u00e9gi\u00e9 d&rsquo;\u00e9quipement de d\u00e9shumidification de piscine int\u00e9rieure pour le YMCA en raison de nos technologies uniques, de la performance exceptionnelle de nos syst\u00e8mes et de leur fiabilit\u00e9. Notre technologie Protocol, unique et respectueuse de l&rsquo;environnement, offre un environnement id\u00e9al pour la salle de billard dans toutes les conditions, utilise jusqu&rsquo;\u00e0 85% moins de r\u00e9frig\u00e9rant et a les co\u00fbts d&rsquo;exploitation les plus bas de l&rsquo;industrie.<\/p>\n<p>En outre, chaque d\u00e9shumidificateur pour piscine int\u00e9rieure YMCA est \u00e9quip\u00e9 de la technologie de surveillance WebSentry qui red\u00e9finit le concept de service et d&rsquo;assistance en surveillant, analysant et signalant \u00e0 distance toutes les fonctions critiques de votre d\u00e9shumidificateur 24 heures sur 24, 7 jours sur 7, en temps r\u00e9el via Internet.<\/p>\n<p>En cas de besoin de maintenance ou d&rsquo;alerte, WebSentry envoie un e-mail \u00e0 votre personnel de service d\u00e9sign\u00e9 qui dispose d&rsquo;un acc\u00e8s en ligne imm\u00e9diat et s\u00e9curis\u00e9 \u00e0 votre syst\u00e8me. Si vos techniciens de service ont besoin d&rsquo;aide, les experts en service d&rsquo;usine de Seresco sont pr\u00eats \u00e0 vous aider. Seresco offre \u00e9galement \u00e0 Y une consultation gratuite et la garantie d&rsquo;\u00e9quipement la plus longue et la plus compl\u00e8te de l&rsquo;industrie, ainsi qu&rsquo;une analyse de service \u00e0 distance prioritaire par l&rsquo;entremise de WebSentry.<\/p>\n<h6>seresco<\/h6>\n<h2>Contr\u00f4le sup\u00e9rieur de l&rsquo;humidit\u00e9<br \/>\npour les piscines int\u00e9rieures<\/h2>\n<p>Notre r\u00eave \u00e9tait de construire un d\u00e9shumidificateur qui r\u00e9soudrait les probl\u00e8mes les plus difficiles de l&rsquo;industrie. Notre s\u00e9rie r\u00e9volutionnaire NP (Natatorium Protocol Series) est la plus grande innovation de l&rsquo;industrie depuis 20 ans et l&rsquo;avenir de la d\u00e9shumidification.<\/p>\n<p>Un d\u00e9shumidificateur natatorium traditionnel n\u00e9cessite une charge importante de r\u00e9frig\u00e9rant, ce qui est non seulement co\u00fbteux, mais entra\u00eene \u00e9galement des probl\u00e8mes de contr\u00f4le de la migration de l&rsquo;huile et du r\u00e9frig\u00e9rant qui peuvent avoir un impact sur la fiabilit\u00e9 du compresseur. Les syst\u00e8mes split traditionnels limitent \u00e9galement consid\u00e9rablement la distance entre l&rsquo;unit\u00e9 et son condenseur \u00e0 distance.<\/p>\n<img fetchpriority=\"high\" decoding=\"async\" class=\"aligncenter\" src=\"https:\/\/serescodehumidifiers.com\/wp-content\/uploads\/2018\/10\/seresco-np-series-1.jpg\" alt=\"indoor pool dehumidifier for YMCA\" width=\"498\" height=\"313\" \/>\n<p>&nbsp;<\/p>\n<p>D\u00e9shumidificateur de piscine int\u00e9rieure pour YMCEn utilisant un fluide d&rsquo;\u00e9change thermique secondaire, notre ing\u00e9nieuse s\u00e9rie NP surmonte ces deux probl\u00e8mes et bien plus encore. Notre s\u00e9rie NP offre \u00e9galement un contr\u00f4le sup\u00e9rieur de l&rsquo;humidit\u00e9, une fiabilit\u00e9 exceptionnelle et des co\u00fbts d&rsquo;exploitation r\u00e9duits, avec seulement 1\/6\u00e8me de la charge de r\u00e9frig\u00e9rant traditionnelle.<\/p>\n<p>Pour les applications n\u00e9cessitant une \u00e9limination de l&rsquo;humidit\u00e9 de 100 \u00e0 840 lbs\/hr ou un traitement de l&rsquo;air de 6 800 CFM \u00e0 70 000 CFM, notre s\u00e9rie NP bat la concurrence haut la main &#8211; dans chaque consid\u00e9ration de conception &#8211; \u00e0 chaque fois !<\/p>\n<p><a href=\"https:\/\/serescodehumidifiers.com\/fr\/produits\/technologie-des-parois-de-compresseurs\/\">EN SAVOIR PLUS<\/a><\/p>\n<h2>Les 10 raisons pour lesquelles les experts de l&rsquo;industrie recommandent Seresco<\/h2>\n<ol>\n<li>Technologie sup\u00e9rieure pour une performance et une fiabilit\u00e9 exceptionnelles<\/li>\n<li>Syst\u00e8mes de contr\u00f4le avanc\u00e9s pour un environnement de piscine optimal et des invit\u00e9s heureux<\/li>\n<li>Efficacit\u00e9 \u00e9nerg\u00e9tique exceptionnelle avec 85% de charge de r\u00e9frig\u00e9rant en moins et 20% de co\u00fbts d&rsquo;op\u00e9ration en moins<\/li>\n<li>Co\u00fbt global de possession le plus bas avec de faibles co\u00fbts d&rsquo;installation, d&rsquo;op\u00e9ration et d&rsquo;entretien<\/li>\n<li>La meilleure garantie du march\u00e9 et un programme YMCA \u00e9tendu<\/li>\n<li>Assistance sp\u00e9cialis\u00e9e et surveillance \u00e0 distance 24 heures sur 24, 7 jours sur 7, gr\u00e2ce \u00e0 la technologie WebSentry<\/li>\n<li>R\u00e9f\u00e9rences industrielles en tant qu&rsquo;autorit\u00e9s les plus reconnues en mati\u00e8re de d\u00e9shumidificateurs dans l&rsquo;industrie du CVC<\/li>\n<li>Chauffage gratuit de l&rsquo;eau de la piscine gr\u00e2ce \u00e0 un syst\u00e8me de recyclage de l&rsquo;\u00e9nergie de premi\u00e8re qualit\u00e9 qui chauffe la piscine sans frais suppl\u00e9mentaires.<\/li>\n<li>Con\u00e7u exclusivement pour les piscines afin de g\u00e9rer les produits chimiques agressifs et l&rsquo;humidit\u00e9 des piscines int\u00e9rieures.<\/li>\n<li>Conseil en conception avec assistance gratuite \u00e0 la conception de l&rsquo;h\u00f4tel et aide \u00e0 la sp\u00e9cification<\/li>\n<\/ol>\n<div style=\"display:flex; gap:10px;justify-content:center\" class=\"wps-pgfw-pdf-generate-icon__wrapper-frontend\">\n\t\t<a  href=\"https:\/\/serescodehumidifiers.com\/fr\/wp-json\/wp\/v2\/pages\/15444\/?action=genpdf&amp;id=15444\" class=\"pgfw-single-pdf-download-button\" ><img src=\"https:\/\/serescodehumidifiers.com\/wp-content\/plugins\/pdf-generator-for-wp\/admin\/src\/images\/PDF_Tray.svg\" title=\"G\u00e9n\u00e9rer un PDF\" style=\"width:auto; height:45px;\"><\/a>\n\t\t<\/div>","protected":false},"excerpt":{"rendered":"<p>seresco D\u00e9shumidificateurs pour piscines int\u00e9rieures du YMCA Seresco est le fournisseur privil\u00e9gi\u00e9 d&rsquo;\u00e9quipement de d\u00e9shumidification de piscine int\u00e9rieure pour le YMCA en raison de nos technologies uniques, de la performance exceptionnelle de nos syst\u00e8mes et de leur fiabilit\u00e9. Notre technologie Protocol, unique et respectueuse de l&rsquo;environnement, offre un environnement id\u00e9al pour la salle de billard &#8230; <a title=\"YMCA\" class=\"read-more\" href=\"https:\/\/serescodehumidifiers.com\/fr\/ymca\/\" aria-label=\"En savoir plus sur YMCA\">Lire la suite<\/a><\/p>\n","protected":false},"author":6,"featured_media":14202,"parent":0,"menu_order":0,"comment_status":"closed","ping_status":"closed","template":"","meta":{"inline_featured_image":false,"generate_page_header":"","footnotes":""},"class_list":["post-15444","page","type-page","status-publish","has-post-thumbnail"],"yoast_head":"<!-- This site is optimized with the Yoast SEO plugin v27.1.1 - https:\/\/yoast.com\/product\/yoast-seo-wordpress\/ -->\n<title>YMCA - Seresco Dehumidifiers<\/title>\n<meta name=\"robots\" content=\"index, follow, max-snippet:-1, max-image-preview:large, max-video-preview:-1\" \/>\n<link rel=\"canonical\" href=\"https:\/\/serescodehumidifiers.com\/fr\/ymca\/\" \/>\n<meta property=\"og:locale\" content=\"fr_FR\" \/>\n<meta property=\"og:type\" content=\"article\" \/>\n<meta property=\"og:title\" content=\"YMCA - Seresco Dehumidifiers\" \/>\n<meta property=\"og:description\" content=\"seresco D\u00e9shumidificateurs pour piscines int\u00e9rieures du YMCA Seresco est le fournisseur privil\u00e9gi\u00e9 d&rsquo;\u00e9quipement de d\u00e9shumidification de piscine int\u00e9rieure pour le YMCA en raison de nos technologies uniques, de la performance exceptionnelle de nos syst\u00e8mes et de leur fiabilit\u00e9. Notre technologie Protocol, unique et respectueuse de l&rsquo;environnement, offre un environnement id\u00e9al pour la salle de billard ... Lire la suite\" \/>\n<meta property=\"og:url\" content=\"https:\/\/serescodehumidifiers.com\/fr\/ymca\/\" \/>\n<meta property=\"og:site_name\" content=\"Seresco Dehumidifiers\" \/>\n<meta property=\"article:modified_time\" content=\"2025-06-13T17:51:54+00:00\" \/>\n<meta property=\"og:image\" content=\"https:\/\/serescodehumidifiers.com\/wp-content\/uploads\/2018\/07\/ymca-min.jpg\" \/>\n\t<meta property=\"og:image:width\" content=\"1920\" \/>\n\t<meta property=\"og:image:height\" content=\"700\" \/>\n\t<meta property=\"og:image:type\" content=\"image\/jpeg\" \/>\n<meta name=\"twitter:card\" content=\"summary_large_image\" \/>\n<meta name=\"twitter:label1\" content=\"Dur\u00e9e de lecture estim\u00e9e\" \/>\n\t<meta name=\"twitter:data1\" content=\"3 minutes\" \/>\n<script type=\"application\/ld+json\" class=\"yoast-schema-graph\">{\"@context\":\"https:\/\/schema.org\",\"@graph\":[{\"@type\":\"WebPage\",\"@id\":\"https:\/\/serescodehumidifiers.com\/fr\/ymca\/\",\"url\":\"https:\/\/serescodehumidifiers.com\/fr\/ymca\/\",\"name\":\"YMCA - Seresco Dehumidifiers\",\"isPartOf\":{\"@id\":\"https:\/\/serescodehumidifiers.com\/fr\/#website\"},\"primaryImageOfPage\":{\"@id\":\"https:\/\/serescodehumidifiers.com\/fr\/ymca\/#primaryimage\"},\"image\":{\"@id\":\"https:\/\/serescodehumidifiers.com\/fr\/ymca\/#primaryimage\"},\"thumbnailUrl\":\"https:\/\/serescodehumidifiers.com\/wp-content\/uploads\/2018\/07\/ymca-min.jpg\",\"datePublished\":\"2017-12-18T16:06:58+00:00\",\"dateModified\":\"2025-06-13T17:51:54+00:00\",\"breadcrumb\":{\"@id\":\"https:\/\/serescodehumidifiers.com\/fr\/ymca\/#breadcrumb\"},\"inLanguage\":\"fr-FR\",\"potentialAction\":[{\"@type\":\"ReadAction\",\"target\":[\"https:\/\/serescodehumidifiers.com\/fr\/ymca\/\"]}]},{\"@type\":\"ImageObject\",\"inLanguage\":\"fr-FR\",\"@id\":\"https:\/\/serescodehumidifiers.com\/fr\/ymca\/#primaryimage\",\"url\":\"https:\/\/serescodehumidifiers.com\/wp-content\/uploads\/2018\/07\/ymca-min.jpg\",\"contentUrl\":\"https:\/\/serescodehumidifiers.com\/wp-content\/uploads\/2018\/07\/ymca-min.jpg\",\"width\":1920,\"height\":700},{\"@type\":\"BreadcrumbList\",\"@id\":\"https:\/\/serescodehumidifiers.com\/fr\/ymca\/#breadcrumb\",\"itemListElement\":[{\"@type\":\"ListItem\",\"position\":1,\"name\":\"Home\",\"item\":\"https:\/\/serescodehumidifiers.com\/fr\/\"},{\"@type\":\"ListItem\",\"position\":2,\"name\":\"YMCA\"}]},{\"@type\":\"WebSite\",\"@id\":\"https:\/\/serescodehumidifiers.com\/fr\/#website\",\"url\":\"https:\/\/serescodehumidifiers.com\/fr\/\",\"name\":\"Seresco Dehumidifiers\",\"description\":\"\",\"publisher\":{\"@id\":\"https:\/\/serescodehumidifiers.com\/fr\/#organization\"},\"potentialAction\":[{\"@type\":\"SearchAction\",\"target\":{\"@type\":\"EntryPoint\",\"urlTemplate\":\"https:\/\/serescodehumidifiers.com\/fr\/?s={search_term_string}\"},\"query-input\":{\"@type\":\"PropertyValueSpecification\",\"valueRequired\":true,\"valueName\":\"search_term_string\"}}],\"inLanguage\":\"fr-FR\"},{\"@type\":\"Organization\",\"@id\":\"https:\/\/serescodehumidifiers.com\/fr\/#organization\",\"name\":\"Seresco Dehumidifiers\",\"url\":\"https:\/\/serescodehumidifiers.com\/fr\/\",\"logo\":{\"@type\":\"ImageObject\",\"inLanguage\":\"fr-FR\",\"@id\":\"https:\/\/serescodehumidifiers.com\/fr\/#\/schema\/logo\/image\/\",\"url\":\"https:\/\/serescodehumidifiers.com\/wp-content\/uploads\/2024\/08\/fichier-1seresco.svg\",\"contentUrl\":\"https:\/\/serescodehumidifiers.com\/wp-content\/uploads\/2024\/08\/fichier-1seresco.svg\",\"caption\":\"Seresco Dehumidifiers\"},\"image\":{\"@id\":\"https:\/\/serescodehumidifiers.com\/fr\/#\/schema\/logo\/image\/\"}}]}<\/script>\n<!-- \/ Yoast SEO plugin. -->","yoast_head_json":{"title":"YMCA - Seresco Dehumidifiers","robots":{"index":"index","follow":"follow","max-snippet":"max-snippet:-1","max-image-preview":"max-image-preview:large","max-video-preview":"max-video-preview:-1"},"canonical":"https:\/\/serescodehumidifiers.com\/fr\/ymca\/","og_locale":"fr_FR","og_type":"article","og_title":"YMCA - Seresco Dehumidifiers","og_description":"seresco D\u00e9shumidificateurs pour piscines int\u00e9rieures du YMCA Seresco est le fournisseur privil\u00e9gi\u00e9 d&rsquo;\u00e9quipement de d\u00e9shumidification de piscine int\u00e9rieure pour le YMCA en raison de nos technologies uniques, de la performance exceptionnelle de nos syst\u00e8mes et de leur fiabilit\u00e9. Notre technologie Protocol, unique et respectueuse de l&rsquo;environnement, offre un environnement id\u00e9al pour la salle de billard ... Lire la suite","og_url":"https:\/\/serescodehumidifiers.com\/fr\/ymca\/","og_site_name":"Seresco Dehumidifiers","article_modified_time":"2025-06-13T17:51:54+00:00","og_image":[{"width":1920,"height":700,"url":"https:\/\/serescodehumidifiers.com\/wp-content\/uploads\/2018\/07\/ymca-min.jpg","type":"image\/jpeg"}],"twitter_card":"summary_large_image","twitter_misc":{"Dur\u00e9e de lecture estim\u00e9e":"3 minutes"},"schema":{"@context":"https:\/\/schema.org","@graph":[{"@type":"WebPage","@id":"https:\/\/serescodehumidifiers.com\/fr\/ymca\/","url":"https:\/\/serescodehumidifiers.com\/fr\/ymca\/","name":"YMCA - Seresco Dehumidifiers","isPartOf":{"@id":"https:\/\/serescodehumidifiers.com\/fr\/#website"},"primaryImageOfPage":{"@id":"https:\/\/serescodehumidifiers.com\/fr\/ymca\/#primaryimage"},"image":{"@id":"https:\/\/serescodehumidifiers.com\/fr\/ymca\/#primaryimage"},"thumbnailUrl":"https:\/\/serescodehumidifiers.com\/wp-content\/uploads\/2018\/07\/ymca-min.jpg","datePublished":"2017-12-18T16:06:58+00:00","dateModified":"2025-06-13T17:51:54+00:00","breadcrumb":{"@id":"https:\/\/serescodehumidifiers.com\/fr\/ymca\/#breadcrumb"},"inLanguage":"fr-FR","potentialAction":[{"@type":"ReadAction","target":["https:\/\/serescodehumidifiers.com\/fr\/ymca\/"]}]},{"@type":"ImageObject","inLanguage":"fr-FR","@id":"https:\/\/serescodehumidifiers.com\/fr\/ymca\/#primaryimage","url":"https:\/\/serescodehumidifiers.com\/wp-content\/uploads\/2018\/07\/ymca-min.jpg","contentUrl":"https:\/\/serescodehumidifiers.com\/wp-content\/uploads\/2018\/07\/ymca-min.jpg","width":1920,"height":700},{"@type":"BreadcrumbList","@id":"https:\/\/serescodehumidifiers.com\/fr\/ymca\/#breadcrumb","itemListElement":[{"@type":"ListItem","position":1,"name":"Home","item":"https:\/\/serescodehumidifiers.com\/fr\/"},{"@type":"ListItem","position":2,"name":"YMCA"}]},{"@type":"WebSite","@id":"https:\/\/serescodehumidifiers.com\/fr\/#website","url":"https:\/\/serescodehumidifiers.com\/fr\/","name":"Seresco Dehumidifiers","description":"","publisher":{"@id":"https:\/\/serescodehumidifiers.com\/fr\/#organization"},"potentialAction":[{"@type":"SearchAction","target":{"@type":"EntryPoint","urlTemplate":"https:\/\/serescodehumidifiers.com\/fr\/?s={search_term_string}"},"query-input":{"@type":"PropertyValueSpecification","valueRequired":true,"valueName":"search_term_string"}}],"inLanguage":"fr-FR"},{"@type":"Organization","@id":"https:\/\/serescodehumidifiers.com\/fr\/#organization","name":"Seresco Dehumidifiers","url":"https:\/\/serescodehumidifiers.com\/fr\/","logo":{"@type":"ImageObject","inLanguage":"fr-FR","@id":"https:\/\/serescodehumidifiers.com\/fr\/#\/schema\/logo\/image\/","url":"https:\/\/serescodehumidifiers.com\/wp-content\/uploads\/2024\/08\/fichier-1seresco.svg","contentUrl":"https:\/\/serescodehumidifiers.com\/wp-content\/uploads\/2024\/08\/fichier-1seresco.svg","caption":"Seresco Dehumidifiers"},"image":{"@id":"https:\/\/serescodehumidifiers.com\/fr\/#\/schema\/logo\/image\/"}}]}},"_links":{"self":[{"href":"https:\/\/serescodehumidifiers.com\/fr\/wp-json\/wp\/v2\/pages\/15444","targetHints":{"allow":["GET"]}}],"collection":[{"href":"https:\/\/serescodehumidifiers.com\/fr\/wp-json\/wp\/v2\/pages"}],"about":[{"href":"https:\/\/serescodehumidifiers.com\/fr\/wp-json\/wp\/v2\/types\/page"}],"author":[{"embeddable":true,"href":"https:\/\/serescodehumidifiers.com\/fr\/wp-json\/wp\/v2\/users\/6"}],"replies":[{"embeddable":true,"href":"https:\/\/serescodehumidifiers.com\/fr\/wp-json\/wp\/v2\/comments?post=15444"}],"version-history":[{"count":3,"href":"https:\/\/serescodehumidifiers.com\/fr\/wp-json\/wp\/v2\/pages\/15444\/revisions"}],"predecessor-version":[{"id":16674,"href":"https:\/\/serescodehumidifiers.com\/fr\/wp-json\/wp\/v2\/pages\/15444\/revisions\/16674"}],"wp:featuredmedia":[{"embeddable":true,"href":"https:\/\/serescodehumidifiers.com\/fr\/wp-json\/wp\/v2\/media\/14202"}],"wp:attachment":[{"href":"https:\/\/serescodehumidifiers.com\/fr\/wp-json\/wp\/v2\/media?parent=15444"}],"curies":[{"name":"wp","href":"https:\/\/api.w.org\/{rel}","templated":true}]}}