{"id":15451,"date":"2017-12-18T11:07:46","date_gmt":"2017-12-18T16:07:46","guid":{"rendered":"https:\/\/serescodehumidifiers.com\/?page_id=15451"},"modified":"2025-06-13T13:52:42","modified_gmt":"2025-06-13T17:52:42","slug":"installations-de-remise-en-forme","status":"publish","type":"page","link":"https:\/\/serescodehumidifiers.com\/fr\/installations-de-remise-en-forme\/","title":{"rendered":"Installations de remise en forme"},"content":{"rendered":"<h6>Seresco<\/h6>\n<h2>Le d\u00e9shumidificateur de piscine pr\u00e9f\u00e9r\u00e9 des gymnases et des centres de conditionnement physique<\/h2>\n<p>Chez Seresco, nous connaissons l&rsquo;importance de l&rsquo;exp\u00e9rience des clients dans la piscine int\u00e9rieure de votre centre de conditionnement physique. Nous savons aussi que les co\u00fbts de base sont toujours une consid\u00e9ration importante lors de l&rsquo;achat d&rsquo;un syst\u00e8me de d\u00e9shumidification pour piscine int\u00e9rieure.<\/p>\n<p>C&rsquo;est pourquoi nous construisons des d\u00e9shumidificateurs de piscine qui offrent le meilleur environnement pour votre salle de billard avec un recyclage optimal de l&rsquo;\u00e9nergie et des \u00e9conomies d&rsquo;\u00e9nergie maximales. Les d\u00e9shumidificateurs Seresco sont construits pour durer, avec un historique \u00e9prouv\u00e9 d&rsquo;entretien abordable et sans tracas pour maintenir nos syst\u00e8mes en \u00e9tat de marche.<\/p>\n<p>Ne vous laissez pas berner par les appareils \u00e0 faible co\u00fbt initial qui n\u00e9cessitent des milliers de dollars en fonctionnement, en entretien, en r\u00e9paration et, en fin de compte, en remplacement. Choisissez Seresco d\u00e8s le d\u00e9part, un chef de file en mati\u00e8re de performance et de fiabilit\u00e9 \u00e0 un co\u00fbt abordable.<\/p>\n<p>Seresco<\/p>\n<h2>Le premier d\u00e9shumidificateur de remplacement pour piscine int\u00e9rieure<\/h2>\n<p>Lorsque vient le temps de remplacer votre vieux d\u00e9shumidificateur, PERSONNE ne le fait plus facilement et de fa\u00e7on plus rentable que Seresco. Nos unit\u00e9s sont con\u00e7ues pour offrir une capacit\u00e9 maximale dans le plus petit espace possible, ce qui les rend id\u00e9ales pour les r\u00e9novations.<\/p>\n<p>Que dire du fait que nos mod\u00e8les NE de 2 \u00e0 7 tonnes passent par une porte de 30 pouces pour fournir de 850 \u00e0 3 400 PCM de traitement de l&rsquo;air ? Si cela ne suffit pas, notre s\u00e9rie NE 200 passe \u00e9galement par une porte de 30 pouces et d\u00e9livre jusqu&rsquo;\u00e0 6 800 CFM avec des syst\u00e8mes \u00e0 double compresseur redondants permettant des performances \u00e9volutives et une efficacit\u00e9 \u00e9nerg\u00e9tique optimale dans toutes les conditions.<\/p>\n<p><a class=\"learn-more\" href=\"https:\/\/serescodehumidifiers.com\/fr\/produits\/serie-ne-200\/\">EN SAVOIR PLUS<\/a><\/p>\n<h6>Seresco<\/h6>\n<h2>Le d\u00e9shumidificateur de piscine le plus<br \/>\nd\u00e9shumidificateur de piscine int\u00e9rieure le plus recommand\u00e9 dans l&rsquo;industrie du conditionnement physique<\/h2>\n<p>Si vous construisez une nouvelle installation, Seresco fournit un \u00e9quipement de pointe pour tous les climats et toutes les tailles de piscine. Nous offrons \u00e9galement la plus longue garantie de l&rsquo;industrie, y compris une garantie d&rsquo;un an sur la main-d&rsquo;\u0153uvre en plus d&rsquo;une garantie de deux ans sur les pi\u00e8ces pour chaque d\u00e9shumidificateur connect\u00e9 \u00e0 notre service gratuit de surveillance par Internet WebSentry.<\/p>\n<p>La technologie WebSentry offre \u00e9galement un large \u00e9ventail d&rsquo;avantages aux entrepreneurs, aux techniciens de maintenance et aux gestionnaires immobiliers (voir ci-dessous). Nos conceptions innovantes, nos syst\u00e8mes int\u00e9gr\u00e9s et nos technologies Protocol de pointe r\u00e9duisent consid\u00e9rablement les co\u00fbts d&rsquo;installation, de tuyauterie et de cuivre.<\/p>\n<p>Notre technologie r\u00e9volutionnaire Protocol n&rsquo;utilise qu&rsquo;un sixi\u00e8me de la quantit\u00e9 de r\u00e9frig\u00e9rant requise par les syst\u00e8mes traditionnels, tout en offrant les conditions ambiantes les plus stables possibles, avec une migration de r\u00e9frig\u00e9rant pratiquement nulle et aucune restriction quant \u00e0 la distance d&rsquo;implantation des refroidisseurs secs.<\/p>\n<h2>Les 10 principales raisons pour lesquelles les experts de l&rsquo;industrie recommandent Seresco<\/h2>\n<ol>\n<li>Technologie sup\u00e9rieure pour une performance et une fiabilit\u00e9 exceptionnelles<\/li>\n<li>Syst\u00e8mes de contr\u00f4le avanc\u00e9s pour un environnement de piscine optimal et des invit\u00e9s heureux<\/li>\n<li>Efficacit\u00e9 \u00e9nerg\u00e9tique exceptionnelle avec 85% de charge de r\u00e9frig\u00e9rant en moins et des co\u00fbts d&rsquo;exploitation r\u00e9duits de 20%.<\/li>\n<li>Co\u00fbt global de possession le plus bas avec de faibles co\u00fbts d&rsquo;installation, d&rsquo;op\u00e9ration et d&rsquo;entretien<\/li>\n<li>La meilleure garantie du march\u00e9 et un programme d&rsquo;extension pour les centres de remise en forme<\/li>\n<li>Assistance d\u00e9di\u00e9e et surveillance \u00e0 distance 24 heures sur 24 et 7 jours sur 7 gr\u00e2ce \u00e0 la technologie WebSentry<\/li>\n<li>R\u00e9f\u00e9rences industrielles en tant qu&rsquo;autorit\u00e9s les plus reconnues en mati\u00e8re de d\u00e9shumidificateurs dans l&rsquo;industrie du chauffage, de la ventilation et de la climatisation.<\/li>\n<li>Chauffage gratuit de l&rsquo;eau de la piscine gr\u00e2ce \u00e0 un syst\u00e8me de recyclage de l&rsquo;\u00e9nergie de premi\u00e8re qualit\u00e9 qui chauffe la piscine sans frais suppl\u00e9mentaires.<\/li>\n<li>Con\u00e7u exclusivement pour les piscines afin de g\u00e9rer les produits chimiques agressifs et l&rsquo;humidit\u00e9 des piscines int\u00e9rieures.<\/li>\n<li>Conseil en conception avec assistance gratuite \u00e0 la conception de l&rsquo;h\u00f4tel et aide \u00e0 la sp\u00e9cification<\/li>\n<\/ol>\n<div style=\"display:flex; gap:10px;justify-content:center\" class=\"wps-pgfw-pdf-generate-icon__wrapper-frontend\">\n\t\t<a  href=\"https:\/\/serescodehumidifiers.com\/fr\/wp-json\/wp\/v2\/pages\/15451\/?action=genpdf&amp;id=15451\" class=\"pgfw-single-pdf-download-button\" ><img src=\"https:\/\/serescodehumidifiers.com\/wp-content\/plugins\/pdf-generator-for-wp\/admin\/src\/images\/PDF_Tray.svg\" title=\"G\u00e9n\u00e9rer un PDF\" style=\"width:auto; height:45px;\"><\/a>\n\t\t<\/div>","protected":false},"excerpt":{"rendered":"<p>Seresco Le d\u00e9shumidificateur de piscine pr\u00e9f\u00e9r\u00e9 des gymnases et des centres de conditionnement physique Chez Seresco, nous connaissons l&rsquo;importance de l&rsquo;exp\u00e9rience des clients dans la piscine int\u00e9rieure de votre centre de conditionnement physique. Nous savons aussi que les co\u00fbts de base sont toujours une consid\u00e9ration importante lors de l&rsquo;achat d&rsquo;un syst\u00e8me de d\u00e9shumidification pour piscine &#8230; <a title=\"Installations de remise en forme\" class=\"read-more\" href=\"https:\/\/serescodehumidifiers.com\/fr\/installations-de-remise-en-forme\/\" aria-label=\"En savoir plus sur Installations de remise en forme\">Lire la suite<\/a><\/p>\n","protected":false},"author":6,"featured_media":14203,"parent":0,"menu_order":0,"comment_status":"closed","ping_status":"closed","template":"","meta":{"inline_featured_image":false,"generate_page_header":"","footnotes":""},"class_list":["post-15451","page","type-page","status-publish","has-post-thumbnail"],"yoast_head":"<!-- This site is optimized with the Yoast SEO plugin v27.4 - https:\/\/yoast.com\/product\/yoast-seo-wordpress\/ -->\n<title>Installations de remise en forme - Seresco Dehumidifiers<\/title>\n<meta name=\"robots\" content=\"index, follow, max-snippet:-1, max-image-preview:large, max-video-preview:-1\" \/>\n<link rel=\"canonical\" href=\"https:\/\/serescodehumidifiers.com\/fr\/installations-de-remise-en-forme\/\" \/>\n<meta property=\"og:locale\" content=\"fr_FR\" \/>\n<meta property=\"og:type\" content=\"article\" \/>\n<meta property=\"og:title\" content=\"Installations de remise en forme - Seresco Dehumidifiers\" \/>\n<meta property=\"og:description\" content=\"Seresco Le d\u00e9shumidificateur de piscine pr\u00e9f\u00e9r\u00e9 des gymnases et des centres de conditionnement physique Chez Seresco, nous connaissons l&rsquo;importance de l&rsquo;exp\u00e9rience des clients dans la piscine int\u00e9rieure de votre centre de conditionnement physique. Nous savons aussi que les co\u00fbts de base sont toujours une consid\u00e9ration importante lors de l&rsquo;achat d&rsquo;un syst\u00e8me de d\u00e9shumidification pour piscine ... Lire la suite\" \/>\n<meta property=\"og:url\" content=\"https:\/\/serescodehumidifiers.com\/fr\/installations-de-remise-en-forme\/\" \/>\n<meta property=\"og:site_name\" content=\"Seresco Dehumidifiers\" \/>\n<meta property=\"article:modified_time\" content=\"2025-06-13T17:52:42+00:00\" \/>\n<meta property=\"og:image\" content=\"https:\/\/serescodehumidifiers.com\/wp-content\/uploads\/2018\/07\/fitness-min.jpg\" \/>\n\t<meta property=\"og:image:width\" content=\"1920\" \/>\n\t<meta property=\"og:image:height\" content=\"700\" \/>\n\t<meta property=\"og:image:type\" content=\"image\/jpeg\" \/>\n<meta name=\"twitter:card\" content=\"summary_large_image\" \/>\n<meta name=\"twitter:label1\" content=\"Dur\u00e9e de lecture estim\u00e9e\" \/>\n\t<meta name=\"twitter:data1\" content=\"4 minutes\" \/>\n<script type=\"application\/ld+json\" class=\"yoast-schema-graph\">{\"@context\":\"https:\\\/\\\/schema.org\",\"@graph\":[{\"@type\":\"WebPage\",\"@id\":\"https:\\\/\\\/serescodehumidifiers.com\\\/fr\\\/installations-de-remise-en-forme\\\/\",\"url\":\"https:\\\/\\\/serescodehumidifiers.com\\\/fr\\\/installations-de-remise-en-forme\\\/\",\"name\":\"Installations de remise en forme - Seresco Dehumidifiers\",\"isPartOf\":{\"@id\":\"https:\\\/\\\/serescodehumidifiers.com\\\/fr\\\/#website\"},\"primaryImageOfPage\":{\"@id\":\"https:\\\/\\\/serescodehumidifiers.com\\\/fr\\\/installations-de-remise-en-forme\\\/#primaryimage\"},\"image\":{\"@id\":\"https:\\\/\\\/serescodehumidifiers.com\\\/fr\\\/installations-de-remise-en-forme\\\/#primaryimage\"},\"thumbnailUrl\":\"https:\\\/\\\/serescodehumidifiers.com\\\/wp-content\\\/uploads\\\/2018\\\/07\\\/fitness-min.jpg\",\"datePublished\":\"2017-12-18T16:07:46+00:00\",\"dateModified\":\"2025-06-13T17:52:42+00:00\",\"breadcrumb\":{\"@id\":\"https:\\\/\\\/serescodehumidifiers.com\\\/fr\\\/installations-de-remise-en-forme\\\/#breadcrumb\"},\"inLanguage\":\"fr-FR\",\"potentialAction\":[{\"@type\":\"ReadAction\",\"target\":[\"https:\\\/\\\/serescodehumidifiers.com\\\/fr\\\/installations-de-remise-en-forme\\\/\"]}]},{\"@type\":\"ImageObject\",\"inLanguage\":\"fr-FR\",\"@id\":\"https:\\\/\\\/serescodehumidifiers.com\\\/fr\\\/installations-de-remise-en-forme\\\/#primaryimage\",\"url\":\"https:\\\/\\\/serescodehumidifiers.com\\\/wp-content\\\/uploads\\\/2018\\\/07\\\/fitness-min.jpg\",\"contentUrl\":\"https:\\\/\\\/serescodehumidifiers.com\\\/wp-content\\\/uploads\\\/2018\\\/07\\\/fitness-min.jpg\",\"width\":1920,\"height\":700},{\"@type\":\"BreadcrumbList\",\"@id\":\"https:\\\/\\\/serescodehumidifiers.com\\\/fr\\\/installations-de-remise-en-forme\\\/#breadcrumb\",\"itemListElement\":[{\"@type\":\"ListItem\",\"position\":1,\"name\":\"Home\",\"item\":\"https:\\\/\\\/serescodehumidifiers.com\\\/fr\\\/\"},{\"@type\":\"ListItem\",\"position\":2,\"name\":\"Installations de remise en forme\"}]},{\"@type\":\"WebSite\",\"@id\":\"https:\\\/\\\/serescodehumidifiers.com\\\/fr\\\/#website\",\"url\":\"https:\\\/\\\/serescodehumidifiers.com\\\/fr\\\/\",\"name\":\"Seresco Dehumidifiers\",\"description\":\"\",\"publisher\":{\"@id\":\"https:\\\/\\\/serescodehumidifiers.com\\\/fr\\\/#organization\"},\"potentialAction\":[{\"@type\":\"SearchAction\",\"target\":{\"@type\":\"EntryPoint\",\"urlTemplate\":\"https:\\\/\\\/serescodehumidifiers.com\\\/fr\\\/?s={search_term_string}\"},\"query-input\":{\"@type\":\"PropertyValueSpecification\",\"valueRequired\":true,\"valueName\":\"search_term_string\"}}],\"inLanguage\":\"fr-FR\"},{\"@type\":\"Organization\",\"@id\":\"https:\\\/\\\/serescodehumidifiers.com\\\/fr\\\/#organization\",\"name\":\"Seresco Dehumidifiers\",\"url\":\"https:\\\/\\\/serescodehumidifiers.com\\\/fr\\\/\",\"logo\":{\"@type\":\"ImageObject\",\"inLanguage\":\"fr-FR\",\"@id\":\"https:\\\/\\\/serescodehumidifiers.com\\\/fr\\\/#\\\/schema\\\/logo\\\/image\\\/\",\"url\":\"https:\\\/\\\/serescodehumidifiers.com\\\/wp-content\\\/uploads\\\/2024\\\/08\\\/fichier-1seresco.svg\",\"contentUrl\":\"https:\\\/\\\/serescodehumidifiers.com\\\/wp-content\\\/uploads\\\/2024\\\/08\\\/fichier-1seresco.svg\",\"caption\":\"Seresco Dehumidifiers\"},\"image\":{\"@id\":\"https:\\\/\\\/serescodehumidifiers.com\\\/fr\\\/#\\\/schema\\\/logo\\\/image\\\/\"}}]}<\/script>\n<!-- \/ Yoast SEO plugin. -->","yoast_head_json":{"title":"Installations de remise en forme - Seresco Dehumidifiers","robots":{"index":"index","follow":"follow","max-snippet":"max-snippet:-1","max-image-preview":"max-image-preview:large","max-video-preview":"max-video-preview:-1"},"canonical":"https:\/\/serescodehumidifiers.com\/fr\/installations-de-remise-en-forme\/","og_locale":"fr_FR","og_type":"article","og_title":"Installations de remise en forme - Seresco Dehumidifiers","og_description":"Seresco Le d\u00e9shumidificateur de piscine pr\u00e9f\u00e9r\u00e9 des gymnases et des centres de conditionnement physique Chez Seresco, nous connaissons l&rsquo;importance de l&rsquo;exp\u00e9rience des clients dans la piscine int\u00e9rieure de votre centre de conditionnement physique. Nous savons aussi que les co\u00fbts de base sont toujours une consid\u00e9ration importante lors de l&rsquo;achat d&rsquo;un syst\u00e8me de d\u00e9shumidification pour piscine ... Lire la suite","og_url":"https:\/\/serescodehumidifiers.com\/fr\/installations-de-remise-en-forme\/","og_site_name":"Seresco Dehumidifiers","article_modified_time":"2025-06-13T17:52:42+00:00","og_image":[{"width":1920,"height":700,"url":"https:\/\/serescodehumidifiers.com\/wp-content\/uploads\/2018\/07\/fitness-min.jpg","type":"image\/jpeg"}],"twitter_card":"summary_large_image","twitter_misc":{"Dur\u00e9e de lecture estim\u00e9e":"4 minutes"},"schema":{"@context":"https:\/\/schema.org","@graph":[{"@type":"WebPage","@id":"https:\/\/serescodehumidifiers.com\/fr\/installations-de-remise-en-forme\/","url":"https:\/\/serescodehumidifiers.com\/fr\/installations-de-remise-en-forme\/","name":"Installations de remise en forme - Seresco Dehumidifiers","isPartOf":{"@id":"https:\/\/serescodehumidifiers.com\/fr\/#website"},"primaryImageOfPage":{"@id":"https:\/\/serescodehumidifiers.com\/fr\/installations-de-remise-en-forme\/#primaryimage"},"image":{"@id":"https:\/\/serescodehumidifiers.com\/fr\/installations-de-remise-en-forme\/#primaryimage"},"thumbnailUrl":"https:\/\/serescodehumidifiers.com\/wp-content\/uploads\/2018\/07\/fitness-min.jpg","datePublished":"2017-12-18T16:07:46+00:00","dateModified":"2025-06-13T17:52:42+00:00","breadcrumb":{"@id":"https:\/\/serescodehumidifiers.com\/fr\/installations-de-remise-en-forme\/#breadcrumb"},"inLanguage":"fr-FR","potentialAction":[{"@type":"ReadAction","target":["https:\/\/serescodehumidifiers.com\/fr\/installations-de-remise-en-forme\/"]}]},{"@type":"ImageObject","inLanguage":"fr-FR","@id":"https:\/\/serescodehumidifiers.com\/fr\/installations-de-remise-en-forme\/#primaryimage","url":"https:\/\/serescodehumidifiers.com\/wp-content\/uploads\/2018\/07\/fitness-min.jpg","contentUrl":"https:\/\/serescodehumidifiers.com\/wp-content\/uploads\/2018\/07\/fitness-min.jpg","width":1920,"height":700},{"@type":"BreadcrumbList","@id":"https:\/\/serescodehumidifiers.com\/fr\/installations-de-remise-en-forme\/#breadcrumb","itemListElement":[{"@type":"ListItem","position":1,"name":"Home","item":"https:\/\/serescodehumidifiers.com\/fr\/"},{"@type":"ListItem","position":2,"name":"Installations de remise en forme"}]},{"@type":"WebSite","@id":"https:\/\/serescodehumidifiers.com\/fr\/#website","url":"https:\/\/serescodehumidifiers.com\/fr\/","name":"Seresco Dehumidifiers","description":"","publisher":{"@id":"https:\/\/serescodehumidifiers.com\/fr\/#organization"},"potentialAction":[{"@type":"SearchAction","target":{"@type":"EntryPoint","urlTemplate":"https:\/\/serescodehumidifiers.com\/fr\/?s={search_term_string}"},"query-input":{"@type":"PropertyValueSpecification","valueRequired":true,"valueName":"search_term_string"}}],"inLanguage":"fr-FR"},{"@type":"Organization","@id":"https:\/\/serescodehumidifiers.com\/fr\/#organization","name":"Seresco Dehumidifiers","url":"https:\/\/serescodehumidifiers.com\/fr\/","logo":{"@type":"ImageObject","inLanguage":"fr-FR","@id":"https:\/\/serescodehumidifiers.com\/fr\/#\/schema\/logo\/image\/","url":"https:\/\/serescodehumidifiers.com\/wp-content\/uploads\/2024\/08\/fichier-1seresco.svg","contentUrl":"https:\/\/serescodehumidifiers.com\/wp-content\/uploads\/2024\/08\/fichier-1seresco.svg","caption":"Seresco Dehumidifiers"},"image":{"@id":"https:\/\/serescodehumidifiers.com\/fr\/#\/schema\/logo\/image\/"}}]}},"_links":{"self":[{"href":"https:\/\/serescodehumidifiers.com\/fr\/wp-json\/wp\/v2\/pages\/15451","targetHints":{"allow":["GET"]}}],"collection":[{"href":"https:\/\/serescodehumidifiers.com\/fr\/wp-json\/wp\/v2\/pages"}],"about":[{"href":"https:\/\/serescodehumidifiers.com\/fr\/wp-json\/wp\/v2\/types\/page"}],"author":[{"embeddable":true,"href":"https:\/\/serescodehumidifiers.com\/fr\/wp-json\/wp\/v2\/users\/6"}],"replies":[{"embeddable":true,"href":"https:\/\/serescodehumidifiers.com\/fr\/wp-json\/wp\/v2\/comments?post=15451"}],"version-history":[{"count":3,"href":"https:\/\/serescodehumidifiers.com\/fr\/wp-json\/wp\/v2\/pages\/15451\/revisions"}],"predecessor-version":[{"id":15456,"href":"https:\/\/serescodehumidifiers.com\/fr\/wp-json\/wp\/v2\/pages\/15451\/revisions\/15456"}],"wp:featuredmedia":[{"embeddable":true,"href":"https:\/\/serescodehumidifiers.com\/fr\/wp-json\/wp\/v2\/media\/14203"}],"wp:attachment":[{"href":"https:\/\/serescodehumidifiers.com\/fr\/wp-json\/wp\/v2\/media?parent=15451"}],"curies":[{"name":"wp","href":"https:\/\/api.w.org\/{rel}","templated":true}]}}