{"id":15457,"date":"2017-12-18T11:19:16","date_gmt":"2017-12-18T16:19:16","guid":{"rendered":"https:\/\/serescodehumidifiers.com\/?page_id=15457"},"modified":"2025-06-13T15:09:26","modified_gmt":"2025-06-13T19:09:26","slug":"deshumidificateurs-de-remplacement-pour-piscines-interieures","status":"publish","type":"page","link":"https:\/\/serescodehumidifiers.com\/fr\/deshumidificateurs-de-remplacement-pour-piscines-interieures\/","title":{"rendered":"D\u00e9shumidificateurs de remplacement pour piscines int\u00e9rieures"},"content":{"rendered":"<div class=\"grid-container\">\n<div class=\"grid-20\">\n<ul class=\"replacements-list\" style=\"padding-left: 0px; margin-left: 0px; text-align: left;\">\n<li><a href=\"https:\/\/serescodehumidifiers.com\/fr\/deshumidificateurs-de-remplacement-pour-piscines-interieures\/remplacement-des-dca\/\">DCA<\/a><\/li>\n<li style=\"margin-top: 15px;\"><a href=\"https:\/\/serescodehumidifiers.com\/fr\/deshumidificateurs-de-remplacement-pour-piscines-interieures\/deshumidificateurs-de-remplacement-des-champs\/\">Des Champs<\/a><\/li>\n<li style=\"margin-top: 15px;\"><a href=\"https:\/\/serescodehumidifiers.com\/fr\/deshumidificateurs-de-remplacement-pour-piscines-interieures\/remplacement-desert-aire\/\">Desert Aire<\/a><\/li>\n<li style=\"margin-top: 15px;\"><a href=\"https:\/\/serescodehumidifiers.com\/fr\/deshumidificateurs-de-remplacement-pour-piscines-interieures\/remplacement-dumont\/\">Dumont<\/a><\/li>\n<li style=\"margin-top: 15px;\"><a href=\"https:\/\/serescodehumidifiers.com\/fr\/deshumidificateurs-de-remplacement-pour-piscines-interieures\/remplacement-dry-aire\/\">Dry Aire<\/a><\/li>\n<\/ul>\n<\/div>\n<div class=\"grid-80\">\n<h6>lorsque vous avez besoin de<\/h6>\n<h2>D\u00e9shumidificateurs de remplacement Seresco<\/h2>\n<p>Si votre syst\u00e8me de d\u00e9shumidification pour piscine int\u00e9rieure ne r\u00e9pond pas \u00e0 vos besoins ou approche de la fin de sa vie, Seresco peut vous aider. C&rsquo;est maintenant le meilleur moment pour \u00e9valuer votre unit\u00e9 actuelle et explorer d&rsquo;autres options. Notre gamme de d\u00e9shumidificateurs innovateurs et performants peut remplacer de fa\u00e7on transparente les appareils de plusieurs marques reconnues.<\/p>\n<p>Une technologie de pointe, plus de 100 innovations \u00e0 la pointe de l&rsquo;industrie et la technologie WebSentry font de Seresco le premier choix pour les ing\u00e9nieurs exigeants. Nous avons aid\u00e9 d&rsquo;innombrables ing\u00e9nieurs de natatoriums et de piscines int\u00e9rieures \u00e0 concevoir le syst\u00e8me parfait pour r\u00e9pondre \u00e0 leurs besoins.<\/p>\n<p>Les d\u00e9shumidificateurs Seresco pour piscines int\u00e9rieures feront plus que remplacer ce que vous avez d\u00e9j\u00e0. Nous vous aiderons \u00e0 choisir un d\u00e9shumidificateur de remplacement fiable qui offrira un confort, une performance et une efficacit\u00e9 \u00e9nerg\u00e9tique sup\u00e9rieurs \u00e0 ceux de votre ancien syst\u00e8me.<\/p>\n<p>Pour nous aider \u00e0 mieux comprendre la capacit\u00e9 et les caract\u00e9ristiques de votre d\u00e9shumidificateur actuel, veuillez commencer par s\u00e9lectionner la marque de votre \u00e9quipement actuel dans les options \u00e0 votre gauche.<\/p>\n<\/div>\n<\/div>\n<div style=\"display:flex; gap:10px;justify-content:center\" class=\"wps-pgfw-pdf-generate-icon__wrapper-frontend\">\n\t\t<a  href=\"https:\/\/serescodehumidifiers.com\/fr\/wp-json\/wp\/v2\/pages\/15457\/?action=genpdf&amp;id=15457\" class=\"pgfw-single-pdf-download-button\" ><img src=\"https:\/\/serescodehumidifiers.com\/wp-content\/plugins\/pdf-generator-for-wp\/admin\/src\/images\/PDF_Tray.svg\" title=\"G\u00e9n\u00e9rer un PDF\" style=\"width:auto; height:45px;\"><\/a>\n\t\t<\/div>","protected":false},"excerpt":{"rendered":"<p>DCA Des Champs Desert Aire Dumont Dry Aire lorsque vous avez besoin de D\u00e9shumidificateurs de remplacement Seresco Si votre syst\u00e8me de d\u00e9shumidification pour piscine int\u00e9rieure ne r\u00e9pond pas \u00e0 vos besoins ou approche de la fin de sa vie, Seresco peut vous aider. C&rsquo;est maintenant le meilleur moment pour \u00e9valuer votre unit\u00e9 actuelle et explorer &#8230; <a title=\"D\u00e9shumidificateurs de remplacement pour piscines int\u00e9rieures\" class=\"read-more\" href=\"https:\/\/serescodehumidifiers.com\/fr\/deshumidificateurs-de-remplacement-pour-piscines-interieures\/\" aria-label=\"En savoir plus sur D\u00e9shumidificateurs de remplacement pour piscines int\u00e9rieures\">Lire la suite<\/a><\/p>\n","protected":false},"author":6,"featured_media":14198,"parent":0,"menu_order":0,"comment_status":"closed","ping_status":"closed","template":"","meta":{"inline_featured_image":false,"generate_page_header":"","footnotes":""},"class_list":["post-15457","page","type-page","status-publish","has-post-thumbnail"],"yoast_head":"<!-- This site is optimized with the Yoast SEO plugin v27.4 - https:\/\/yoast.com\/product\/yoast-seo-wordpress\/ -->\n<title>D\u00e9shumidificateurs de remplacement pour piscines int\u00e9rieures - Seresco Dehumidifiers<\/title>\n<meta name=\"robots\" content=\"index, follow, max-snippet:-1, max-image-preview:large, max-video-preview:-1\" \/>\n<link rel=\"canonical\" href=\"https:\/\/serescodehumidifiers.com\/fr\/deshumidificateurs-de-remplacement-pour-piscines-interieures\/\" \/>\n<meta property=\"og:locale\" content=\"fr_FR\" \/>\n<meta property=\"og:type\" content=\"article\" \/>\n<meta property=\"og:title\" content=\"D\u00e9shumidificateurs de remplacement pour piscines int\u00e9rieures - Seresco Dehumidifiers\" \/>\n<meta property=\"og:description\" content=\"DCA Des Champs Desert Aire Dumont Dry Aire lorsque vous avez besoin de D\u00e9shumidificateurs de remplacement Seresco Si votre syst\u00e8me de d\u00e9shumidification pour piscine int\u00e9rieure ne r\u00e9pond pas \u00e0 vos besoins ou approche de la fin de sa vie, Seresco peut vous aider. C&rsquo;est maintenant le meilleur moment pour \u00e9valuer votre unit\u00e9 actuelle et explorer ... Lire la suite\" \/>\n<meta property=\"og:url\" content=\"https:\/\/serescodehumidifiers.com\/fr\/deshumidificateurs-de-remplacement-pour-piscines-interieures\/\" \/>\n<meta property=\"og:site_name\" content=\"Seresco Dehumidifiers\" \/>\n<meta property=\"article:modified_time\" content=\"2025-06-13T19:09:26+00:00\" \/>\n<meta property=\"og:image\" content=\"https:\/\/serescodehumidifiers.com\/wp-content\/uploads\/2018\/07\/banner_replacement-min.jpg\" \/>\n\t<meta property=\"og:image:width\" content=\"1920\" \/>\n\t<meta property=\"og:image:height\" content=\"459\" \/>\n\t<meta property=\"og:image:type\" content=\"image\/jpeg\" \/>\n<meta name=\"twitter:card\" content=\"summary_large_image\" \/>\n<meta name=\"twitter:label1\" content=\"Dur\u00e9e de lecture estim\u00e9e\" \/>\n\t<meta name=\"twitter:data1\" content=\"2 minutes\" \/>\n<script type=\"application\/ld+json\" class=\"yoast-schema-graph\">{\"@context\":\"https:\\\/\\\/schema.org\",\"@graph\":[{\"@type\":\"WebPage\",\"@id\":\"https:\\\/\\\/serescodehumidifiers.com\\\/fr\\\/deshumidificateurs-de-remplacement-pour-piscines-interieures\\\/\",\"url\":\"https:\\\/\\\/serescodehumidifiers.com\\\/fr\\\/deshumidificateurs-de-remplacement-pour-piscines-interieures\\\/\",\"name\":\"D\u00e9shumidificateurs de remplacement pour piscines int\u00e9rieures - Seresco Dehumidifiers\",\"isPartOf\":{\"@id\":\"https:\\\/\\\/serescodehumidifiers.com\\\/fr\\\/#website\"},\"primaryImageOfPage\":{\"@id\":\"https:\\\/\\\/serescodehumidifiers.com\\\/fr\\\/deshumidificateurs-de-remplacement-pour-piscines-interieures\\\/#primaryimage\"},\"image\":{\"@id\":\"https:\\\/\\\/serescodehumidifiers.com\\\/fr\\\/deshumidificateurs-de-remplacement-pour-piscines-interieures\\\/#primaryimage\"},\"thumbnailUrl\":\"https:\\\/\\\/serescodehumidifiers.com\\\/wp-content\\\/uploads\\\/2018\\\/07\\\/banner_replacement-min.jpg\",\"datePublished\":\"2017-12-18T16:19:16+00:00\",\"dateModified\":\"2025-06-13T19:09:26+00:00\",\"breadcrumb\":{\"@id\":\"https:\\\/\\\/serescodehumidifiers.com\\\/fr\\\/deshumidificateurs-de-remplacement-pour-piscines-interieures\\\/#breadcrumb\"},\"inLanguage\":\"fr-FR\",\"potentialAction\":[{\"@type\":\"ReadAction\",\"target\":[\"https:\\\/\\\/serescodehumidifiers.com\\\/fr\\\/deshumidificateurs-de-remplacement-pour-piscines-interieures\\\/\"]}]},{\"@type\":\"ImageObject\",\"inLanguage\":\"fr-FR\",\"@id\":\"https:\\\/\\\/serescodehumidifiers.com\\\/fr\\\/deshumidificateurs-de-remplacement-pour-piscines-interieures\\\/#primaryimage\",\"url\":\"https:\\\/\\\/serescodehumidifiers.com\\\/wp-content\\\/uploads\\\/2018\\\/07\\\/banner_replacement-min.jpg\",\"contentUrl\":\"https:\\\/\\\/serescodehumidifiers.com\\\/wp-content\\\/uploads\\\/2018\\\/07\\\/banner_replacement-min.jpg\",\"width\":1920,\"height\":459},{\"@type\":\"BreadcrumbList\",\"@id\":\"https:\\\/\\\/serescodehumidifiers.com\\\/fr\\\/deshumidificateurs-de-remplacement-pour-piscines-interieures\\\/#breadcrumb\",\"itemListElement\":[{\"@type\":\"ListItem\",\"position\":1,\"name\":\"Home\",\"item\":\"https:\\\/\\\/serescodehumidifiers.com\\\/fr\\\/\"},{\"@type\":\"ListItem\",\"position\":2,\"name\":\"D\u00e9shumidificateurs de remplacement pour piscines int\u00e9rieures\"}]},{\"@type\":\"WebSite\",\"@id\":\"https:\\\/\\\/serescodehumidifiers.com\\\/fr\\\/#website\",\"url\":\"https:\\\/\\\/serescodehumidifiers.com\\\/fr\\\/\",\"name\":\"Seresco Dehumidifiers\",\"description\":\"\",\"publisher\":{\"@id\":\"https:\\\/\\\/serescodehumidifiers.com\\\/fr\\\/#organization\"},\"potentialAction\":[{\"@type\":\"SearchAction\",\"target\":{\"@type\":\"EntryPoint\",\"urlTemplate\":\"https:\\\/\\\/serescodehumidifiers.com\\\/fr\\\/?s={search_term_string}\"},\"query-input\":{\"@type\":\"PropertyValueSpecification\",\"valueRequired\":true,\"valueName\":\"search_term_string\"}}],\"inLanguage\":\"fr-FR\"},{\"@type\":\"Organization\",\"@id\":\"https:\\\/\\\/serescodehumidifiers.com\\\/fr\\\/#organization\",\"name\":\"Seresco Dehumidifiers\",\"url\":\"https:\\\/\\\/serescodehumidifiers.com\\\/fr\\\/\",\"logo\":{\"@type\":\"ImageObject\",\"inLanguage\":\"fr-FR\",\"@id\":\"https:\\\/\\\/serescodehumidifiers.com\\\/fr\\\/#\\\/schema\\\/logo\\\/image\\\/\",\"url\":\"https:\\\/\\\/serescodehumidifiers.com\\\/wp-content\\\/uploads\\\/2024\\\/08\\\/fichier-1seresco.svg\",\"contentUrl\":\"https:\\\/\\\/serescodehumidifiers.com\\\/wp-content\\\/uploads\\\/2024\\\/08\\\/fichier-1seresco.svg\",\"caption\":\"Seresco Dehumidifiers\"},\"image\":{\"@id\":\"https:\\\/\\\/serescodehumidifiers.com\\\/fr\\\/#\\\/schema\\\/logo\\\/image\\\/\"}}]}<\/script>\n<!-- \/ Yoast SEO plugin. -->","yoast_head_json":{"title":"D\u00e9shumidificateurs de remplacement pour piscines int\u00e9rieures - Seresco Dehumidifiers","robots":{"index":"index","follow":"follow","max-snippet":"max-snippet:-1","max-image-preview":"max-image-preview:large","max-video-preview":"max-video-preview:-1"},"canonical":"https:\/\/serescodehumidifiers.com\/fr\/deshumidificateurs-de-remplacement-pour-piscines-interieures\/","og_locale":"fr_FR","og_type":"article","og_title":"D\u00e9shumidificateurs de remplacement pour piscines int\u00e9rieures - Seresco Dehumidifiers","og_description":"DCA Des Champs Desert Aire Dumont Dry Aire lorsque vous avez besoin de D\u00e9shumidificateurs de remplacement Seresco Si votre syst\u00e8me de d\u00e9shumidification pour piscine int\u00e9rieure ne r\u00e9pond pas \u00e0 vos besoins ou approche de la fin de sa vie, Seresco peut vous aider. C&rsquo;est maintenant le meilleur moment pour \u00e9valuer votre unit\u00e9 actuelle et explorer ... Lire la suite","og_url":"https:\/\/serescodehumidifiers.com\/fr\/deshumidificateurs-de-remplacement-pour-piscines-interieures\/","og_site_name":"Seresco Dehumidifiers","article_modified_time":"2025-06-13T19:09:26+00:00","og_image":[{"width":1920,"height":459,"url":"https:\/\/serescodehumidifiers.com\/wp-content\/uploads\/2018\/07\/banner_replacement-min.jpg","type":"image\/jpeg"}],"twitter_card":"summary_large_image","twitter_misc":{"Dur\u00e9e de lecture estim\u00e9e":"2 minutes"},"schema":{"@context":"https:\/\/schema.org","@graph":[{"@type":"WebPage","@id":"https:\/\/serescodehumidifiers.com\/fr\/deshumidificateurs-de-remplacement-pour-piscines-interieures\/","url":"https:\/\/serescodehumidifiers.com\/fr\/deshumidificateurs-de-remplacement-pour-piscines-interieures\/","name":"D\u00e9shumidificateurs de remplacement pour piscines int\u00e9rieures - Seresco Dehumidifiers","isPartOf":{"@id":"https:\/\/serescodehumidifiers.com\/fr\/#website"},"primaryImageOfPage":{"@id":"https:\/\/serescodehumidifiers.com\/fr\/deshumidificateurs-de-remplacement-pour-piscines-interieures\/#primaryimage"},"image":{"@id":"https:\/\/serescodehumidifiers.com\/fr\/deshumidificateurs-de-remplacement-pour-piscines-interieures\/#primaryimage"},"thumbnailUrl":"https:\/\/serescodehumidifiers.com\/wp-content\/uploads\/2018\/07\/banner_replacement-min.jpg","datePublished":"2017-12-18T16:19:16+00:00","dateModified":"2025-06-13T19:09:26+00:00","breadcrumb":{"@id":"https:\/\/serescodehumidifiers.com\/fr\/deshumidificateurs-de-remplacement-pour-piscines-interieures\/#breadcrumb"},"inLanguage":"fr-FR","potentialAction":[{"@type":"ReadAction","target":["https:\/\/serescodehumidifiers.com\/fr\/deshumidificateurs-de-remplacement-pour-piscines-interieures\/"]}]},{"@type":"ImageObject","inLanguage":"fr-FR","@id":"https:\/\/serescodehumidifiers.com\/fr\/deshumidificateurs-de-remplacement-pour-piscines-interieures\/#primaryimage","url":"https:\/\/serescodehumidifiers.com\/wp-content\/uploads\/2018\/07\/banner_replacement-min.jpg","contentUrl":"https:\/\/serescodehumidifiers.com\/wp-content\/uploads\/2018\/07\/banner_replacement-min.jpg","width":1920,"height":459},{"@type":"BreadcrumbList","@id":"https:\/\/serescodehumidifiers.com\/fr\/deshumidificateurs-de-remplacement-pour-piscines-interieures\/#breadcrumb","itemListElement":[{"@type":"ListItem","position":1,"name":"Home","item":"https:\/\/serescodehumidifiers.com\/fr\/"},{"@type":"ListItem","position":2,"name":"D\u00e9shumidificateurs de remplacement pour piscines int\u00e9rieures"}]},{"@type":"WebSite","@id":"https:\/\/serescodehumidifiers.com\/fr\/#website","url":"https:\/\/serescodehumidifiers.com\/fr\/","name":"Seresco Dehumidifiers","description":"","publisher":{"@id":"https:\/\/serescodehumidifiers.com\/fr\/#organization"},"potentialAction":[{"@type":"SearchAction","target":{"@type":"EntryPoint","urlTemplate":"https:\/\/serescodehumidifiers.com\/fr\/?s={search_term_string}"},"query-input":{"@type":"PropertyValueSpecification","valueRequired":true,"valueName":"search_term_string"}}],"inLanguage":"fr-FR"},{"@type":"Organization","@id":"https:\/\/serescodehumidifiers.com\/fr\/#organization","name":"Seresco Dehumidifiers","url":"https:\/\/serescodehumidifiers.com\/fr\/","logo":{"@type":"ImageObject","inLanguage":"fr-FR","@id":"https:\/\/serescodehumidifiers.com\/fr\/#\/schema\/logo\/image\/","url":"https:\/\/serescodehumidifiers.com\/wp-content\/uploads\/2024\/08\/fichier-1seresco.svg","contentUrl":"https:\/\/serescodehumidifiers.com\/wp-content\/uploads\/2024\/08\/fichier-1seresco.svg","caption":"Seresco Dehumidifiers"},"image":{"@id":"https:\/\/serescodehumidifiers.com\/fr\/#\/schema\/logo\/image\/"}}]}},"_links":{"self":[{"href":"https:\/\/serescodehumidifiers.com\/fr\/wp-json\/wp\/v2\/pages\/15457","targetHints":{"allow":["GET"]}}],"collection":[{"href":"https:\/\/serescodehumidifiers.com\/fr\/wp-json\/wp\/v2\/pages"}],"about":[{"href":"https:\/\/serescodehumidifiers.com\/fr\/wp-json\/wp\/v2\/types\/page"}],"author":[{"embeddable":true,"href":"https:\/\/serescodehumidifiers.com\/fr\/wp-json\/wp\/v2\/users\/6"}],"replies":[{"embeddable":true,"href":"https:\/\/serescodehumidifiers.com\/fr\/wp-json\/wp\/v2\/comments?post=15457"}],"version-history":[{"count":4,"href":"https:\/\/serescodehumidifiers.com\/fr\/wp-json\/wp\/v2\/pages\/15457\/revisions"}],"predecessor-version":[{"id":16752,"href":"https:\/\/serescodehumidifiers.com\/fr\/wp-json\/wp\/v2\/pages\/15457\/revisions\/16752"}],"wp:featuredmedia":[{"embeddable":true,"href":"https:\/\/serescodehumidifiers.com\/fr\/wp-json\/wp\/v2\/media\/14198"}],"wp:attachment":[{"href":"https:\/\/serescodehumidifiers.com\/fr\/wp-json\/wp\/v2\/media?parent=15457"}],"curies":[{"name":"wp","href":"https:\/\/api.w.org\/{rel}","templated":true}]}}