{"id":15643,"date":"2022-10-07T11:09:52","date_gmt":"2022-10-07T15:09:52","guid":{"rendered":"https:\/\/serescodehumidifiers.com\/?page_id=15643"},"modified":"2024-12-05T09:46:23","modified_gmt":"2024-12-05T14:46:23","slug":"contacter-dehumidified-air-services","status":"publish","type":"page","link":"https:\/\/serescodehumidifiers.com\/fr\/pourquoi-seresco\/contacter-dehumidified-air-services\/","title":{"rendered":"Contacter Dehumidified Air Services"},"content":{"rendered":"\t\t<div data-elementor-type=\"wp-page\" data-elementor-id=\"15643\" class=\"elementor elementor-15643 elementor-12297\" data-elementor-post-type=\"page\">\n\t\t\t\t<div class=\"elementor-element elementor-element-c371a82 e-flex e-con-boxed e-con e-parent\" data-id=\"c371a82\" data-element_type=\"container\" data-e-type=\"container\">\n\t\t\t\t\t<div class=\"e-con-inner\">\n\t\t\t\t<div class=\"elementor-element elementor-element-47f5b09 elementor-widget elementor-widget-breadcrumbs\" data-id=\"47f5b09\" data-element_type=\"widget\" data-e-type=\"widget\" data-widget_type=\"breadcrumbs.default\">\n\t\t\t\t<div class=\"elementor-widget-container\">\n\t\t\t\t\t<p id=\"breadcrumbs\"><span><span><a href=\"https:\/\/serescodehumidifiers.com\/fr\/\">Home<\/a><\/span><\/span><\/p>\t\t\t\t<\/div>\n\t\t\t\t<\/div>\n\t\t\t\t\t<\/div>\n\t\t\t\t<\/div>\n\t\t\t\t<section class=\"elementor-section elementor-top-section elementor-element elementor-element-5a6b6356 elementor-section-boxed elementor-section-height-default elementor-section-height-default\" data-id=\"5a6b6356\" data-element_type=\"section\" data-e-type=\"section\">\n\t\t\t\t\t\t<div class=\"elementor-container elementor-column-gap-default\">\n\t\t\t\t\t<div class=\"elementor-column elementor-col-100 elementor-top-column elementor-element elementor-element-403bd6ad\" data-id=\"403bd6ad\" data-element_type=\"column\" data-e-type=\"column\">\n\t\t\t<div class=\"elementor-widget-wrap elementor-element-populated\">\n\t\t\t\t\t\t<section class=\"elementor-section elementor-inner-section elementor-element elementor-element-593ead4 elementor-section-boxed elementor-section-height-default elementor-section-height-default\" data-id=\"593ead4\" data-element_type=\"section\" data-e-type=\"section\">\n\t\t\t\t\t\t<div class=\"elementor-container elementor-column-gap-default\">\n\t\t\t\t\t<div class=\"elementor-column elementor-col-100 elementor-inner-column elementor-element elementor-element-2b453ca\" data-id=\"2b453ca\" data-element_type=\"column\" data-e-type=\"column\">\n\t\t\t<div class=\"elementor-widget-wrap elementor-element-populated\">\n\t\t\t\t\t\t<div class=\"elementor-element elementor-element-fe47da5 elementor-widget elementor-widget-text-editor\" data-id=\"fe47da5\" data-element_type=\"widget\" data-e-type=\"widget\" data-widget_type=\"text-editor.default\">\n\t\t\t\t<div class=\"elementor-widget-container\">\n\t\t\t\t\t\t\t\t\t<p><strong>Contact Dehumidified Air Services<\/strong><\/p><p>En tant que membre de Dehumidified Air Services, <strong>Seresco<\/strong> fournit l&rsquo;\u00e9quipe de service de d\u00e9shumidificateurs la plus grande et la plus comp\u00e9tente de l&rsquo;industrie. D\u00e9di\u00e9 exclusivement au d\u00e9marrage, \u00e0 l&rsquo;entretien et au service des d\u00e9shumidificateurs, Dehumidified Air Services fournit une \u00e9quipe de service d&rsquo;un oc\u00e9an \u00e0 l&rsquo;autre pour assurer une performance optimale des d\u00e9shumidificateurs et des services de r\u00e9paration experts.<\/p><p>Les d\u00e9shumidificateurs sont des pi\u00e8ces d&rsquo;\u00e9quipement sp\u00e9cialis\u00e9es qui m\u00e9ritent une expertise de service sp\u00e9cialis\u00e9e. Votre \u00e9quipe de service <strong>Seresco <\/strong>vous fournira un service expert auquel vous pouvez faire confiance pour que votre d\u00e9shumidificateur fonctionne de fa\u00e7on optimale.<\/p>\t\t\t\t\t\t\t\t<\/div>\n\t\t\t\t<\/div>\n\t\t\t\t<div class=\"elementor-element elementor-element-2daa6e2 elementor-widget elementor-widget-text-editor\" data-id=\"2daa6e2\" data-element_type=\"widget\" data-e-type=\"widget\" data-widget_type=\"text-editor.default\">\n\t\t\t\t<div class=\"elementor-widget-container\">\n\t\t\t\t\t\t\t\t\t<script charset=\"utf-8\" type=\"text\/javascript\" src=\"\/\/js.hsforms.net\/forms\/embed\/v2.js\"><\/script>\n<script>\n  hbspt.forms.create({\n    portalId: \"21212828\",\n    formId: \"aba183f3-e89d-42cf-a5e3-a6ee49096be8\"\n  });\n<\/script>\t\t\t\t\t\t\t\t<\/div>\n\t\t\t\t<\/div>\n\t\t\t\t\t<\/div>\n\t\t<\/div>\n\t\t\t\t\t<\/div>\n\t\t<\/section>\n\t\t\t\t\t<\/div>\n\t\t<\/div>\n\t\t\t\t\t<\/div>\n\t\t<\/section>\n\t\t\t\t<\/div>\n\t\t<div style=\"display:flex; gap:10px;justify-content:center\" class=\"wps-pgfw-pdf-generate-icon__wrapper-frontend\">\n\t\t<a  href=\"https:\/\/serescodehumidifiers.com\/fr\/wp-json\/wp\/v2\/pages\/15643\/?action=genpdf&amp;id=15643\" class=\"pgfw-single-pdf-download-button\" ><img src=\"https:\/\/serescodehumidifiers.com\/wp-content\/plugins\/pdf-generator-for-wp\/admin\/src\/images\/PDF_Tray.svg\" title=\"G\u00e9n\u00e9rer un PDF\" style=\"width:auto; height:45px;\"><\/a>\n\t\t<\/div>","protected":false},"excerpt":{"rendered":"<p>Contact Dehumidified Air Services En tant que membre de Dehumidified Air Services, Seresco fournit l&rsquo;\u00e9quipe de service de d\u00e9shumidificateurs la plus grande et la plus comp\u00e9tente de l&rsquo;industrie. D\u00e9di\u00e9 exclusivement au d\u00e9marrage, \u00e0 l&rsquo;entretien et au service des d\u00e9shumidificateurs, Dehumidified Air Services fournit une \u00e9quipe de service d&rsquo;un oc\u00e9an \u00e0 l&rsquo;autre pour assurer une performance &#8230; <a title=\"Contacter Dehumidified Air Services\" class=\"read-more\" href=\"https:\/\/serescodehumidifiers.com\/fr\/pourquoi-seresco\/contacter-dehumidified-air-services\/\" aria-label=\"En savoir plus sur Contacter Dehumidified Air Services\">Lire la suite<\/a><\/p>\n","protected":false},"author":6,"featured_media":14207,"parent":16189,"menu_order":0,"comment_status":"closed","ping_status":"closed","template":"","meta":{"inline_featured_image":false,"generate_page_header":"","footnotes":""},"class_list":["post-15643","page","type-page","status-publish","has-post-thumbnail"],"yoast_head":"<!-- This site is optimized with the Yoast SEO plugin v27.4 - https:\/\/yoast.com\/product\/yoast-seo-wordpress\/ -->\n<title>Contacter Dehumidified Air Services - Seresco Dehumidifiers<\/title>\n<meta name=\"robots\" content=\"index, follow, max-snippet:-1, max-image-preview:large, max-video-preview:-1\" \/>\n<link rel=\"canonical\" href=\"https:\/\/serescodehumidifiers.com\/fr\/pourquoi-seresco\/contacter-dehumidified-air-services\/\" \/>\n<meta property=\"og:locale\" content=\"fr_FR\" \/>\n<meta property=\"og:type\" content=\"article\" \/>\n<meta property=\"og:title\" content=\"Contacter Dehumidified Air Services - Seresco Dehumidifiers\" \/>\n<meta property=\"og:description\" content=\"Contact Dehumidified Air Services En tant que membre de Dehumidified Air Services, Seresco fournit l&rsquo;\u00e9quipe de service de d\u00e9shumidificateurs la plus grande et la plus comp\u00e9tente de l&rsquo;industrie. D\u00e9di\u00e9 exclusivement au d\u00e9marrage, \u00e0 l&rsquo;entretien et au service des d\u00e9shumidificateurs, Dehumidified Air Services fournit une \u00e9quipe de service d&rsquo;un oc\u00e9an \u00e0 l&rsquo;autre pour assurer une performance ... Lire la suite\" \/>\n<meta property=\"og:url\" content=\"https:\/\/serescodehumidifiers.com\/fr\/pourquoi-seresco\/contacter-dehumidified-air-services\/\" \/>\n<meta property=\"og:site_name\" content=\"Seresco Dehumidifiers\" \/>\n<meta property=\"article:modified_time\" content=\"2024-12-05T14:46:23+00:00\" \/>\n<meta property=\"og:image\" content=\"https:\/\/serescodehumidifiers.com\/wp-content\/uploads\/2018\/07\/untitled-2-min.jpg\" \/>\n\t<meta property=\"og:image:width\" content=\"1920\" \/>\n\t<meta property=\"og:image:height\" content=\"701\" \/>\n\t<meta property=\"og:image:type\" content=\"image\/jpeg\" \/>\n<meta name=\"twitter:card\" content=\"summary_large_image\" \/>\n<meta name=\"twitter:label1\" content=\"Dur\u00e9e de lecture estim\u00e9e\" \/>\n\t<meta name=\"twitter:data1\" content=\"1 minute\" \/>\n<script type=\"application\/ld+json\" class=\"yoast-schema-graph\">{\"@context\":\"https:\\\/\\\/schema.org\",\"@graph\":[{\"@type\":\"WebPage\",\"@id\":\"https:\\\/\\\/serescodehumidifiers.com\\\/fr\\\/pourquoi-seresco\\\/contacter-dehumidified-air-services\\\/\",\"url\":\"https:\\\/\\\/serescodehumidifiers.com\\\/fr\\\/pourquoi-seresco\\\/contacter-dehumidified-air-services\\\/\",\"name\":\"Contacter Dehumidified Air Services - Seresco Dehumidifiers\",\"isPartOf\":{\"@id\":\"https:\\\/\\\/serescodehumidifiers.com\\\/fr\\\/#website\"},\"primaryImageOfPage\":{\"@id\":\"https:\\\/\\\/serescodehumidifiers.com\\\/fr\\\/pourquoi-seresco\\\/contacter-dehumidified-air-services\\\/#primaryimage\"},\"image\":{\"@id\":\"https:\\\/\\\/serescodehumidifiers.com\\\/fr\\\/pourquoi-seresco\\\/contacter-dehumidified-air-services\\\/#primaryimage\"},\"thumbnailUrl\":\"https:\\\/\\\/serescodehumidifiers.com\\\/wp-content\\\/uploads\\\/2018\\\/07\\\/untitled-2-min.jpg\",\"datePublished\":\"2022-10-07T15:09:52+00:00\",\"dateModified\":\"2024-12-05T14:46:23+00:00\",\"breadcrumb\":{\"@id\":\"https:\\\/\\\/serescodehumidifiers.com\\\/fr\\\/pourquoi-seresco\\\/contacter-dehumidified-air-services\\\/#breadcrumb\"},\"inLanguage\":\"fr-FR\",\"potentialAction\":[{\"@type\":\"ReadAction\",\"target\":[\"https:\\\/\\\/serescodehumidifiers.com\\\/fr\\\/pourquoi-seresco\\\/contacter-dehumidified-air-services\\\/\"]}]},{\"@type\":\"ImageObject\",\"inLanguage\":\"fr-FR\",\"@id\":\"https:\\\/\\\/serescodehumidifiers.com\\\/fr\\\/pourquoi-seresco\\\/contacter-dehumidified-air-services\\\/#primaryimage\",\"url\":\"https:\\\/\\\/serescodehumidifiers.com\\\/wp-content\\\/uploads\\\/2018\\\/07\\\/untitled-2-min.jpg\",\"contentUrl\":\"https:\\\/\\\/serescodehumidifiers.com\\\/wp-content\\\/uploads\\\/2018\\\/07\\\/untitled-2-min.jpg\",\"width\":1920,\"height\":701},{\"@type\":\"BreadcrumbList\",\"@id\":\"https:\\\/\\\/serescodehumidifiers.com\\\/fr\\\/pourquoi-seresco\\\/contacter-dehumidified-air-services\\\/#breadcrumb\",\"itemListElement\":[{\"@type\":\"ListItem\",\"position\":1,\"name\":\"Home\",\"item\":\"https:\\\/\\\/serescodehumidifiers.com\\\/fr\\\/\"},{\"@type\":\"ListItem\",\"position\":2,\"name\":\"pourquoi seresco\",\"item\":\"https:\\\/\\\/serescodehumidifiers.com\\\/fr\\\/pourquoi-seresco\\\/\"},{\"@type\":\"ListItem\",\"position\":3,\"name\":\"Contacter Dehumidified Air Services\"}]},{\"@type\":\"WebSite\",\"@id\":\"https:\\\/\\\/serescodehumidifiers.com\\\/fr\\\/#website\",\"url\":\"https:\\\/\\\/serescodehumidifiers.com\\\/fr\\\/\",\"name\":\"Seresco Dehumidifiers\",\"description\":\"\",\"publisher\":{\"@id\":\"https:\\\/\\\/serescodehumidifiers.com\\\/fr\\\/#organization\"},\"potentialAction\":[{\"@type\":\"SearchAction\",\"target\":{\"@type\":\"EntryPoint\",\"urlTemplate\":\"https:\\\/\\\/serescodehumidifiers.com\\\/fr\\\/?s={search_term_string}\"},\"query-input\":{\"@type\":\"PropertyValueSpecification\",\"valueRequired\":true,\"valueName\":\"search_term_string\"}}],\"inLanguage\":\"fr-FR\"},{\"@type\":\"Organization\",\"@id\":\"https:\\\/\\\/serescodehumidifiers.com\\\/fr\\\/#organization\",\"name\":\"Seresco Dehumidifiers\",\"url\":\"https:\\\/\\\/serescodehumidifiers.com\\\/fr\\\/\",\"logo\":{\"@type\":\"ImageObject\",\"inLanguage\":\"fr-FR\",\"@id\":\"https:\\\/\\\/serescodehumidifiers.com\\\/fr\\\/#\\\/schema\\\/logo\\\/image\\\/\",\"url\":\"https:\\\/\\\/serescodehumidifiers.com\\\/wp-content\\\/uploads\\\/2024\\\/08\\\/fichier-1seresco.svg\",\"contentUrl\":\"https:\\\/\\\/serescodehumidifiers.com\\\/wp-content\\\/uploads\\\/2024\\\/08\\\/fichier-1seresco.svg\",\"caption\":\"Seresco Dehumidifiers\"},\"image\":{\"@id\":\"https:\\\/\\\/serescodehumidifiers.com\\\/fr\\\/#\\\/schema\\\/logo\\\/image\\\/\"}}]}<\/script>\n<!-- \/ Yoast SEO plugin. -->","yoast_head_json":{"title":"Contacter Dehumidified Air Services - Seresco Dehumidifiers","robots":{"index":"index","follow":"follow","max-snippet":"max-snippet:-1","max-image-preview":"max-image-preview:large","max-video-preview":"max-video-preview:-1"},"canonical":"https:\/\/serescodehumidifiers.com\/fr\/pourquoi-seresco\/contacter-dehumidified-air-services\/","og_locale":"fr_FR","og_type":"article","og_title":"Contacter Dehumidified Air Services - Seresco Dehumidifiers","og_description":"Contact Dehumidified Air Services En tant que membre de Dehumidified Air Services, Seresco fournit l&rsquo;\u00e9quipe de service de d\u00e9shumidificateurs la plus grande et la plus comp\u00e9tente de l&rsquo;industrie. D\u00e9di\u00e9 exclusivement au d\u00e9marrage, \u00e0 l&rsquo;entretien et au service des d\u00e9shumidificateurs, Dehumidified Air Services fournit une \u00e9quipe de service d&rsquo;un oc\u00e9an \u00e0 l&rsquo;autre pour assurer une performance ... Lire la suite","og_url":"https:\/\/serescodehumidifiers.com\/fr\/pourquoi-seresco\/contacter-dehumidified-air-services\/","og_site_name":"Seresco Dehumidifiers","article_modified_time":"2024-12-05T14:46:23+00:00","og_image":[{"width":1920,"height":701,"url":"https:\/\/serescodehumidifiers.com\/wp-content\/uploads\/2018\/07\/untitled-2-min.jpg","type":"image\/jpeg"}],"twitter_card":"summary_large_image","twitter_misc":{"Dur\u00e9e de lecture estim\u00e9e":"1 minute"},"schema":{"@context":"https:\/\/schema.org","@graph":[{"@type":"WebPage","@id":"https:\/\/serescodehumidifiers.com\/fr\/pourquoi-seresco\/contacter-dehumidified-air-services\/","url":"https:\/\/serescodehumidifiers.com\/fr\/pourquoi-seresco\/contacter-dehumidified-air-services\/","name":"Contacter Dehumidified Air Services - Seresco Dehumidifiers","isPartOf":{"@id":"https:\/\/serescodehumidifiers.com\/fr\/#website"},"primaryImageOfPage":{"@id":"https:\/\/serescodehumidifiers.com\/fr\/pourquoi-seresco\/contacter-dehumidified-air-services\/#primaryimage"},"image":{"@id":"https:\/\/serescodehumidifiers.com\/fr\/pourquoi-seresco\/contacter-dehumidified-air-services\/#primaryimage"},"thumbnailUrl":"https:\/\/serescodehumidifiers.com\/wp-content\/uploads\/2018\/07\/untitled-2-min.jpg","datePublished":"2022-10-07T15:09:52+00:00","dateModified":"2024-12-05T14:46:23+00:00","breadcrumb":{"@id":"https:\/\/serescodehumidifiers.com\/fr\/pourquoi-seresco\/contacter-dehumidified-air-services\/#breadcrumb"},"inLanguage":"fr-FR","potentialAction":[{"@type":"ReadAction","target":["https:\/\/serescodehumidifiers.com\/fr\/pourquoi-seresco\/contacter-dehumidified-air-services\/"]}]},{"@type":"ImageObject","inLanguage":"fr-FR","@id":"https:\/\/serescodehumidifiers.com\/fr\/pourquoi-seresco\/contacter-dehumidified-air-services\/#primaryimage","url":"https:\/\/serescodehumidifiers.com\/wp-content\/uploads\/2018\/07\/untitled-2-min.jpg","contentUrl":"https:\/\/serescodehumidifiers.com\/wp-content\/uploads\/2018\/07\/untitled-2-min.jpg","width":1920,"height":701},{"@type":"BreadcrumbList","@id":"https:\/\/serescodehumidifiers.com\/fr\/pourquoi-seresco\/contacter-dehumidified-air-services\/#breadcrumb","itemListElement":[{"@type":"ListItem","position":1,"name":"Home","item":"https:\/\/serescodehumidifiers.com\/fr\/"},{"@type":"ListItem","position":2,"name":"pourquoi seresco","item":"https:\/\/serescodehumidifiers.com\/fr\/pourquoi-seresco\/"},{"@type":"ListItem","position":3,"name":"Contacter Dehumidified Air Services"}]},{"@type":"WebSite","@id":"https:\/\/serescodehumidifiers.com\/fr\/#website","url":"https:\/\/serescodehumidifiers.com\/fr\/","name":"Seresco Dehumidifiers","description":"","publisher":{"@id":"https:\/\/serescodehumidifiers.com\/fr\/#organization"},"potentialAction":[{"@type":"SearchAction","target":{"@type":"EntryPoint","urlTemplate":"https:\/\/serescodehumidifiers.com\/fr\/?s={search_term_string}"},"query-input":{"@type":"PropertyValueSpecification","valueRequired":true,"valueName":"search_term_string"}}],"inLanguage":"fr-FR"},{"@type":"Organization","@id":"https:\/\/serescodehumidifiers.com\/fr\/#organization","name":"Seresco Dehumidifiers","url":"https:\/\/serescodehumidifiers.com\/fr\/","logo":{"@type":"ImageObject","inLanguage":"fr-FR","@id":"https:\/\/serescodehumidifiers.com\/fr\/#\/schema\/logo\/image\/","url":"https:\/\/serescodehumidifiers.com\/wp-content\/uploads\/2024\/08\/fichier-1seresco.svg","contentUrl":"https:\/\/serescodehumidifiers.com\/wp-content\/uploads\/2024\/08\/fichier-1seresco.svg","caption":"Seresco Dehumidifiers"},"image":{"@id":"https:\/\/serescodehumidifiers.com\/fr\/#\/schema\/logo\/image\/"}}]}},"_links":{"self":[{"href":"https:\/\/serescodehumidifiers.com\/fr\/wp-json\/wp\/v2\/pages\/15643","targetHints":{"allow":["GET"]}}],"collection":[{"href":"https:\/\/serescodehumidifiers.com\/fr\/wp-json\/wp\/v2\/pages"}],"about":[{"href":"https:\/\/serescodehumidifiers.com\/fr\/wp-json\/wp\/v2\/types\/page"}],"author":[{"embeddable":true,"href":"https:\/\/serescodehumidifiers.com\/fr\/wp-json\/wp\/v2\/users\/6"}],"replies":[{"embeddable":true,"href":"https:\/\/serescodehumidifiers.com\/fr\/wp-json\/wp\/v2\/comments?post=15643"}],"version-history":[{"count":3,"href":"https:\/\/serescodehumidifiers.com\/fr\/wp-json\/wp\/v2\/pages\/15643\/revisions"}],"predecessor-version":[{"id":16082,"href":"https:\/\/serescodehumidifiers.com\/fr\/wp-json\/wp\/v2\/pages\/15643\/revisions\/16082"}],"up":[{"embeddable":true,"href":"https:\/\/serescodehumidifiers.com\/fr\/wp-json\/wp\/v2\/pages\/16189"}],"wp:featuredmedia":[{"embeddable":true,"href":"https:\/\/serescodehumidifiers.com\/fr\/wp-json\/wp\/v2\/media\/14207"}],"wp:attachment":[{"href":"https:\/\/serescodehumidifiers.com\/fr\/wp-json\/wp\/v2\/media?parent=15643"}],"curies":[{"name":"wp","href":"https:\/\/api.w.org\/{rel}","templated":true}]}}