{"id":15648,"date":"2017-12-18T11:15:16","date_gmt":"2017-12-18T16:15:16","guid":{"rendered":"https:\/\/serescodehumidifiers.com\/?page_id=15648"},"modified":"2024-11-07T12:03:45","modified_gmt":"2024-11-07T17:03:45","slug":"websentry","status":"publish","type":"page","link":"https:\/\/serescodehumidifiers.com\/fr\/websentry\/","title":{"rendered":"WebSentry"},"content":{"rendered":"\t\t<div data-elementor-type=\"wp-page\" data-elementor-id=\"15648\" class=\"elementor elementor-15648 elementor-492\" data-elementor-post-type=\"page\">\n\t\t\t\t<div class=\"elementor-element elementor-element-3b21c45 e-flex e-con-boxed e-con e-parent\" data-id=\"3b21c45\" data-element_type=\"container\" data-e-type=\"container\">\n\t\t\t\t\t<div class=\"e-con-inner\">\n\t\t\t\t<div class=\"elementor-element elementor-element-8f0c06b elementor-widget elementor-widget-breadcrumbs\" data-id=\"8f0c06b\" data-element_type=\"widget\" data-e-type=\"widget\" data-widget_type=\"breadcrumbs.default\">\n\t\t\t\t<div class=\"elementor-widget-container\">\n\t\t\t\t\t<p id=\"breadcrumbs\"><span><span><a href=\"https:\/\/serescodehumidifiers.com\/fr\/\">Home<\/a><\/span><\/span><\/p>\t\t\t\t<\/div>\n\t\t\t\t<\/div>\n\t\t\t\t\t<\/div>\n\t\t\t\t<\/div>\n\t\t\t\t<section class=\"elementor-section elementor-top-section elementor-element elementor-element-6244dbd6 elementor-section-boxed elementor-section-height-default elementor-section-height-default\" data-id=\"6244dbd6\" data-element_type=\"section\" data-e-type=\"section\">\n\t\t\t\t\t\t<div class=\"elementor-container elementor-column-gap-default\">\n\t\t\t\t\t<div class=\"elementor-column elementor-col-100 elementor-top-column elementor-element elementor-element-6ab35763\" data-id=\"6ab35763\" data-element_type=\"column\" data-e-type=\"column\">\n\t\t\t<div class=\"elementor-widget-wrap elementor-element-populated\">\n\t\t\t\t\t\t<div class=\"elementor-element elementor-element-1571ff93 elementor-widget elementor-widget-text-editor\" data-id=\"1571ff93\" data-element_type=\"widget\" data-e-type=\"widget\" data-widget_type=\"text-editor.default\">\n\t\t\t\t<div class=\"elementor-widget-container\">\n\t\t\t\t\t\t\t\t\t<h6>WEBSENTRY<\/h6><h2>WebSentry : Surveillance int\u00e9gr\u00e9e des performances pour votre tranquillit\u00e9 d&rsquo;esprit<\/h2><p>WebSentry offre une valeur incomparable et est install\u00e9 sur chaque d\u00e9shumidificateur Seresco. WebSentry se connecte automatiquement et en toute s\u00e9curit\u00e9 \u00e0 nos serveurs distants et envoie des donn\u00e9es de performance &#8211; pour le summum de la surveillance \u00e0 distance de votre \u00e9quipement et de votre tranquillit\u00e9 d&rsquo;esprit. La surveillance permet de maximiser les performances, d&rsquo;augmenter les \u00e9conomies d&rsquo;\u00e9nergie et de fournir le co\u00fbt global de possession le plus bas de tous les d\u00e9shumidificateurs de l&rsquo;industrie.<\/p><img fetchpriority=\"high\" decoding=\"async\" class=\"alignnone\" src=\"https:\/\/serescodehumidifiers.com\/wp-content\/uploads\/2022\/03\/serescowebsentrydevices.jpeg\" alt=\"Seresco websentry \" width=\"2000\" height=\"1423\" \/><h2>\u00a0<\/h2><h2>Avantages de WebSentry<\/h2><ul><li>Connectivit\u00e9 cellulaire gratuite pendant les deux premi\u00e8res ann\u00e9es (offerte en conjonction avec la garantie standard de deux ans sur les pi\u00e8ces de l&rsquo;appareil)<\/li><li>Tranquillit\u00e9 d&rsquo;esprit gr\u00e2ce \u00e0 l&rsquo;enregistrement des donn\u00e9es 24 heures sur 24 et 7 jours sur 7<\/li><li>Rapports en ligne robustes sur les donn\u00e9es de performance en temps r\u00e9el<\/li><li>Acc\u00e8s et contr\u00f4le s\u00e9curis\u00e9s via un ordinateur, une tablette ou un smartphone<\/li><li>Les techniciens autoris\u00e9s ajustent les points de consigne et les param\u00e8tres \u00e0 distance.<\/li><li>Surveillance en temps r\u00e9el des capteurs, y compris les transducteurs de pression haute et basse du r\u00e9frig\u00e9rant<\/li><li>Historique des donn\u00e9es de fonctionnement sur les serveurs Seresco<\/li><li>Acc\u00e8s et contr\u00f4le \u00e0 distance pour le personnel de service autoris\u00e9<\/li><li>Garantie prolong\u00e9e d&rsquo;un an sur les pi\u00e8ces et la main d&rsquo;\u0153uvre<\/li><\/ul><div><h3>Les 3 principaux avantages de WebSentry :<\/h3><h4>Soutien au service d&rsquo;usine<\/h4><p>Les techniciens du service apr\u00e8s-vente peuvent observer \u00e0 distance les performances de votre d\u00e9shumidificateur et ajuster les points de consigne et les param\u00e8tres en contr\u00f4lant plus de 100 fonctions critiques.<\/p><h4>Acc\u00e8s 24 heures sur 24 et 7 jours sur 7 \u00e0 la surveillance \u00e0 distance et au contr\u00f4le du syst\u00e8me<\/h4><p>WebSentry permet d&rsquo;acc\u00e9der aux donn\u00e9es en ligne historiques et en temps r\u00e9el ainsi qu&rsquo;au contr\u00f4le du syst\u00e8me afin que les techniciens de maintenance autoris\u00e9s puissent visualiser et modifier les param\u00e8tres de performance \u00e0 distance via leur smartphone ou tout autre appareil connect\u00e9 \u00e0 Internet.<\/p><h4>Notifications de performance<\/h4><p>Vous choisissez le personnel cl\u00e9 qui recevra des notifications instantan\u00e9es par e-mail si l&rsquo;un des param\u00e8tres du syst\u00e8me n&rsquo;est pas conforme aux attentes en mati\u00e8re de performance.<\/p><\/div><h2>Activation gratuite de la connectivit\u00e9 \u00e0 distance sans fil<\/h2><p>Assurer le service et la fiabilit\u00e9 de votre \u00e9quipement de d\u00e9shumidification sophistiqu\u00e9 commence par une installation experte, un d\u00e9marrage du syst\u00e8me et une mise en service. Votre d\u00e9shumidificateur Seresco est automatiquement connect\u00e9 \u00e0 WebSentry via une connexion cellulaire et reste connect\u00e9 sans frais pendant les deux premi\u00e8res ann\u00e9es. (S&rsquo;il n&rsquo;y a pas de connexion cellulaire sur le site de l&rsquo;unit\u00e9, un c\u00e2ble Cat5 peut \u00eatre utilis\u00e9 comme alternative pour connecter l&rsquo;unit\u00e9 \u00e0 Internet). <strong>Nous vous offrons \u00e9galement une garantie prolong\u00e9e d&rsquo;un an sur les pi\u00e8ces et la main-d&rsquo;\u0153uvre.<\/strong><\/p><h2>Vous avez des questions ?<\/h2><p><a href=\"https:\/\/serescodehumidifiers.com\/fr\/nous-contacter\/\">Contactez-nous<\/a> pour en savoir plus sur la surveillance \u00e0 distance de votre d\u00e9shumidificateur avec WebSentry.<\/p>\t\t\t\t\t\t\t\t<\/div>\n\t\t\t\t<\/div>\n\t\t\t\t<div class=\"elementor-element elementor-element-34f26f0 elementor-widget elementor-widget-text-editor\" data-id=\"34f26f0\" data-element_type=\"widget\" data-e-type=\"widget\" data-widget_type=\"text-editor.default\">\n\t\t\t\t<div class=\"elementor-widget-container\">\n\t\t\t\t\t\t\t\t\t<a href=\"https:\/\/serescodehumidifiers.com\/wp-content\/uploads\/2024\/11\/serescowebsentrybrochurefrench.pdf\"><img decoding=\"async\" class=\"mr-4 alignnone wp-image-15953 size-medium\" src=\"https:\/\/serescodehumidifiers.com\/wp-content\/uploads\/2024\/11\/serescowebsentrybrochurefrench-page-1-232x300.jpg\" alt=\"\" width=\"232\" height=\"300\" srcset=\"https:\/\/serescodehumidifiers.com\/wp-content\/uploads\/2024\/11\/serescowebsentrybrochurefrench-page-1-232x300.jpg 232w, https:\/\/serescodehumidifiers.com\/wp-content\/uploads\/2024\/11\/serescowebsentrybrochurefrench-page-1-791x1024.jpg 791w, https:\/\/serescodehumidifiers.com\/wp-content\/uploads\/2024\/11\/serescowebsentrybrochurefrench-page-1-768x994.jpg 768w, https:\/\/serescodehumidifiers.com\/wp-content\/uploads\/2024\/11\/serescowebsentrybrochurefrench-page-1-1187x1536.jpg 1187w, https:\/\/serescodehumidifiers.com\/wp-content\/uploads\/2024\/11\/serescowebsentrybrochurefrench-page-1-1583x2048.jpg 1583w, https:\/\/serescodehumidifiers.com\/wp-content\/uploads\/2024\/11\/serescowebsentrybrochurefrench-page-1-scaled.jpg 1978w\" sizes=\"(max-width: 232px) 100vw, 232px\" \/><\/a><p><a href=\"https:\/\/serescodehumidifiers.com\/wp-content\/uploads\/2024\/11\/serescowebsentrybrochurefrench.pdf\" target=\"_blank\" rel=\"noopener\">t\u00e9l\u00e9charger le PDF<\/a><\/p>\t\t\t\t\t\t\t\t<\/div>\n\t\t\t\t<\/div>\n\t\t\t\t<div class=\"elementor-element elementor-element-a213910 elementor-widget elementor-widget-spacer\" data-id=\"a213910\" data-element_type=\"widget\" data-e-type=\"widget\" data-widget_type=\"spacer.default\">\n\t\t\t\t<div class=\"elementor-widget-container\">\n\t\t\t\t\t\t\t<div class=\"elementor-spacer\">\n\t\t\t<div class=\"elementor-spacer-inner\"><\/div>\n\t\t<\/div>\n\t\t\t\t\t\t<\/div>\n\t\t\t\t<\/div>\n\t\t\t\t\t<\/div>\n\t\t<\/div>\n\t\t\t\t\t<\/div>\n\t\t<\/section>\n\t\t\t\t<\/div>\n\t\t<div style=\"display:flex; gap:10px;justify-content:center\" class=\"wps-pgfw-pdf-generate-icon__wrapper-frontend\">\n\t\t<a  href=\"https:\/\/serescodehumidifiers.com\/fr\/wp-json\/wp\/v2\/pages\/15648\/?action=genpdf&amp;id=15648\" class=\"pgfw-single-pdf-download-button\" ><img src=\"https:\/\/serescodehumidifiers.com\/wp-content\/plugins\/pdf-generator-for-wp\/admin\/src\/images\/PDF_Tray.svg\" title=\"G\u00e9n\u00e9rer un PDF\" style=\"width:auto; height:45px;\"><\/a>\n\t\t<\/div>","protected":false},"excerpt":{"rendered":"<p>WEBSENTRY WebSentry : Surveillance int\u00e9gr\u00e9e des performances pour votre tranquillit\u00e9 d&rsquo;esprit WebSentry offre une valeur incomparable et est install\u00e9 sur chaque d\u00e9shumidificateur Seresco. WebSentry se connecte automatiquement et en toute s\u00e9curit\u00e9 \u00e0 nos serveurs distants et envoie des donn\u00e9es de performance &#8211; pour le summum de la surveillance \u00e0 distance de votre \u00e9quipement et de &#8230; <a title=\"WebSentry\" class=\"read-more\" href=\"https:\/\/serescodehumidifiers.com\/fr\/websentry\/\" aria-label=\"En savoir plus sur WebSentry\">Lire la suite<\/a><\/p>\n","protected":false},"author":6,"featured_media":14200,"parent":0,"menu_order":0,"comment_status":"closed","ping_status":"closed","template":"","meta":{"inline_featured_image":false,"generate_page_header":"","footnotes":""},"class_list":["post-15648","page","type-page","status-publish","has-post-thumbnail"],"yoast_head":"<!-- This site is optimized with the Yoast SEO plugin v27.1.1 - https:\/\/yoast.com\/product\/yoast-seo-wordpress\/ -->\n<title>WebSentry - Seresco Dehumidifiers<\/title>\n<meta name=\"robots\" content=\"index, follow, max-snippet:-1, max-image-preview:large, max-video-preview:-1\" \/>\n<link rel=\"canonical\" href=\"https:\/\/serescodehumidifiers.com\/fr\/websentry\/\" \/>\n<meta property=\"og:locale\" content=\"fr_FR\" \/>\n<meta property=\"og:type\" content=\"article\" \/>\n<meta property=\"og:title\" content=\"WebSentry - Seresco Dehumidifiers\" \/>\n<meta property=\"og:description\" content=\"WEBSENTRY WebSentry : Surveillance int\u00e9gr\u00e9e des performances pour votre tranquillit\u00e9 d&rsquo;esprit WebSentry offre une valeur incomparable et est install\u00e9 sur chaque d\u00e9shumidificateur Seresco. WebSentry se connecte automatiquement et en toute s\u00e9curit\u00e9 \u00e0 nos serveurs distants et envoie des donn\u00e9es de performance &#8211; pour le summum de la surveillance \u00e0 distance de votre \u00e9quipement et de ... Lire la suite\" \/>\n<meta property=\"og:url\" content=\"https:\/\/serescodehumidifiers.com\/fr\/websentry\/\" \/>\n<meta property=\"og:site_name\" content=\"Seresco Dehumidifiers\" \/>\n<meta property=\"article:modified_time\" content=\"2024-11-07T17:03:45+00:00\" \/>\n<meta property=\"og:image\" content=\"https:\/\/serescodehumidifiers.com\/wp-content\/uploads\/2018\/07\/webcentry-min.jpg\" \/>\n\t<meta property=\"og:image:width\" content=\"1920\" \/>\n\t<meta property=\"og:image:height\" content=\"700\" \/>\n\t<meta property=\"og:image:type\" content=\"image\/jpeg\" \/>\n<meta name=\"twitter:card\" content=\"summary_large_image\" \/>\n<meta name=\"twitter:label1\" content=\"Dur\u00e9e de lecture estim\u00e9e\" \/>\n\t<meta name=\"twitter:data1\" content=\"3 minutes\" \/>\n<script type=\"application\/ld+json\" class=\"yoast-schema-graph\">{\"@context\":\"https:\/\/schema.org\",\"@graph\":[{\"@type\":\"WebPage\",\"@id\":\"https:\/\/serescodehumidifiers.com\/fr\/websentry\/\",\"url\":\"https:\/\/serescodehumidifiers.com\/fr\/websentry\/\",\"name\":\"WebSentry - Seresco Dehumidifiers\",\"isPartOf\":{\"@id\":\"https:\/\/serescodehumidifiers.com\/fr\/#website\"},\"primaryImageOfPage\":{\"@id\":\"https:\/\/serescodehumidifiers.com\/fr\/websentry\/#primaryimage\"},\"image\":{\"@id\":\"https:\/\/serescodehumidifiers.com\/fr\/websentry\/#primaryimage\"},\"thumbnailUrl\":\"https:\/\/serescodehumidifiers.com\/wp-content\/uploads\/2018\/07\/webcentry-min.jpg\",\"datePublished\":\"2017-12-18T16:15:16+00:00\",\"dateModified\":\"2024-11-07T17:03:45+00:00\",\"breadcrumb\":{\"@id\":\"https:\/\/serescodehumidifiers.com\/fr\/websentry\/#breadcrumb\"},\"inLanguage\":\"fr-FR\",\"potentialAction\":[{\"@type\":\"ReadAction\",\"target\":[\"https:\/\/serescodehumidifiers.com\/fr\/websentry\/\"]}]},{\"@type\":\"ImageObject\",\"inLanguage\":\"fr-FR\",\"@id\":\"https:\/\/serescodehumidifiers.com\/fr\/websentry\/#primaryimage\",\"url\":\"https:\/\/serescodehumidifiers.com\/wp-content\/uploads\/2018\/07\/webcentry-min.jpg\",\"contentUrl\":\"https:\/\/serescodehumidifiers.com\/wp-content\/uploads\/2018\/07\/webcentry-min.jpg\",\"width\":1920,\"height\":700},{\"@type\":\"BreadcrumbList\",\"@id\":\"https:\/\/serescodehumidifiers.com\/fr\/websentry\/#breadcrumb\",\"itemListElement\":[{\"@type\":\"ListItem\",\"position\":1,\"name\":\"Home\",\"item\":\"https:\/\/serescodehumidifiers.com\/fr\/\"},{\"@type\":\"ListItem\",\"position\":2,\"name\":\"WebSentry\"}]},{\"@type\":\"WebSite\",\"@id\":\"https:\/\/serescodehumidifiers.com\/fr\/#website\",\"url\":\"https:\/\/serescodehumidifiers.com\/fr\/\",\"name\":\"Seresco Dehumidifiers\",\"description\":\"\",\"publisher\":{\"@id\":\"https:\/\/serescodehumidifiers.com\/fr\/#organization\"},\"potentialAction\":[{\"@type\":\"SearchAction\",\"target\":{\"@type\":\"EntryPoint\",\"urlTemplate\":\"https:\/\/serescodehumidifiers.com\/fr\/?s={search_term_string}\"},\"query-input\":{\"@type\":\"PropertyValueSpecification\",\"valueRequired\":true,\"valueName\":\"search_term_string\"}}],\"inLanguage\":\"fr-FR\"},{\"@type\":\"Organization\",\"@id\":\"https:\/\/serescodehumidifiers.com\/fr\/#organization\",\"name\":\"Seresco Dehumidifiers\",\"url\":\"https:\/\/serescodehumidifiers.com\/fr\/\",\"logo\":{\"@type\":\"ImageObject\",\"inLanguage\":\"fr-FR\",\"@id\":\"https:\/\/serescodehumidifiers.com\/fr\/#\/schema\/logo\/image\/\",\"url\":\"https:\/\/serescodehumidifiers.com\/wp-content\/uploads\/2024\/08\/fichier-1seresco.svg\",\"contentUrl\":\"https:\/\/serescodehumidifiers.com\/wp-content\/uploads\/2024\/08\/fichier-1seresco.svg\",\"caption\":\"Seresco Dehumidifiers\"},\"image\":{\"@id\":\"https:\/\/serescodehumidifiers.com\/fr\/#\/schema\/logo\/image\/\"}}]}<\/script>\n<!-- \/ Yoast SEO plugin. -->","yoast_head_json":{"title":"WebSentry - Seresco Dehumidifiers","robots":{"index":"index","follow":"follow","max-snippet":"max-snippet:-1","max-image-preview":"max-image-preview:large","max-video-preview":"max-video-preview:-1"},"canonical":"https:\/\/serescodehumidifiers.com\/fr\/websentry\/","og_locale":"fr_FR","og_type":"article","og_title":"WebSentry - Seresco Dehumidifiers","og_description":"WEBSENTRY WebSentry : Surveillance int\u00e9gr\u00e9e des performances pour votre tranquillit\u00e9 d&rsquo;esprit WebSentry offre une valeur incomparable et est install\u00e9 sur chaque d\u00e9shumidificateur Seresco. WebSentry se connecte automatiquement et en toute s\u00e9curit\u00e9 \u00e0 nos serveurs distants et envoie des donn\u00e9es de performance &#8211; pour le summum de la surveillance \u00e0 distance de votre \u00e9quipement et de ... Lire la suite","og_url":"https:\/\/serescodehumidifiers.com\/fr\/websentry\/","og_site_name":"Seresco Dehumidifiers","article_modified_time":"2024-11-07T17:03:45+00:00","og_image":[{"width":1920,"height":700,"url":"https:\/\/serescodehumidifiers.com\/wp-content\/uploads\/2018\/07\/webcentry-min.jpg","type":"image\/jpeg"}],"twitter_card":"summary_large_image","twitter_misc":{"Dur\u00e9e de lecture estim\u00e9e":"3 minutes"},"schema":{"@context":"https:\/\/schema.org","@graph":[{"@type":"WebPage","@id":"https:\/\/serescodehumidifiers.com\/fr\/websentry\/","url":"https:\/\/serescodehumidifiers.com\/fr\/websentry\/","name":"WebSentry - Seresco Dehumidifiers","isPartOf":{"@id":"https:\/\/serescodehumidifiers.com\/fr\/#website"},"primaryImageOfPage":{"@id":"https:\/\/serescodehumidifiers.com\/fr\/websentry\/#primaryimage"},"image":{"@id":"https:\/\/serescodehumidifiers.com\/fr\/websentry\/#primaryimage"},"thumbnailUrl":"https:\/\/serescodehumidifiers.com\/wp-content\/uploads\/2018\/07\/webcentry-min.jpg","datePublished":"2017-12-18T16:15:16+00:00","dateModified":"2024-11-07T17:03:45+00:00","breadcrumb":{"@id":"https:\/\/serescodehumidifiers.com\/fr\/websentry\/#breadcrumb"},"inLanguage":"fr-FR","potentialAction":[{"@type":"ReadAction","target":["https:\/\/serescodehumidifiers.com\/fr\/websentry\/"]}]},{"@type":"ImageObject","inLanguage":"fr-FR","@id":"https:\/\/serescodehumidifiers.com\/fr\/websentry\/#primaryimage","url":"https:\/\/serescodehumidifiers.com\/wp-content\/uploads\/2018\/07\/webcentry-min.jpg","contentUrl":"https:\/\/serescodehumidifiers.com\/wp-content\/uploads\/2018\/07\/webcentry-min.jpg","width":1920,"height":700},{"@type":"BreadcrumbList","@id":"https:\/\/serescodehumidifiers.com\/fr\/websentry\/#breadcrumb","itemListElement":[{"@type":"ListItem","position":1,"name":"Home","item":"https:\/\/serescodehumidifiers.com\/fr\/"},{"@type":"ListItem","position":2,"name":"WebSentry"}]},{"@type":"WebSite","@id":"https:\/\/serescodehumidifiers.com\/fr\/#website","url":"https:\/\/serescodehumidifiers.com\/fr\/","name":"Seresco Dehumidifiers","description":"","publisher":{"@id":"https:\/\/serescodehumidifiers.com\/fr\/#organization"},"potentialAction":[{"@type":"SearchAction","target":{"@type":"EntryPoint","urlTemplate":"https:\/\/serescodehumidifiers.com\/fr\/?s={search_term_string}"},"query-input":{"@type":"PropertyValueSpecification","valueRequired":true,"valueName":"search_term_string"}}],"inLanguage":"fr-FR"},{"@type":"Organization","@id":"https:\/\/serescodehumidifiers.com\/fr\/#organization","name":"Seresco Dehumidifiers","url":"https:\/\/serescodehumidifiers.com\/fr\/","logo":{"@type":"ImageObject","inLanguage":"fr-FR","@id":"https:\/\/serescodehumidifiers.com\/fr\/#\/schema\/logo\/image\/","url":"https:\/\/serescodehumidifiers.com\/wp-content\/uploads\/2024\/08\/fichier-1seresco.svg","contentUrl":"https:\/\/serescodehumidifiers.com\/wp-content\/uploads\/2024\/08\/fichier-1seresco.svg","caption":"Seresco Dehumidifiers"},"image":{"@id":"https:\/\/serescodehumidifiers.com\/fr\/#\/schema\/logo\/image\/"}}]}},"_links":{"self":[{"href":"https:\/\/serescodehumidifiers.com\/fr\/wp-json\/wp\/v2\/pages\/15648","targetHints":{"allow":["GET"]}}],"collection":[{"href":"https:\/\/serescodehumidifiers.com\/fr\/wp-json\/wp\/v2\/pages"}],"about":[{"href":"https:\/\/serescodehumidifiers.com\/fr\/wp-json\/wp\/v2\/types\/page"}],"author":[{"embeddable":true,"href":"https:\/\/serescodehumidifiers.com\/fr\/wp-json\/wp\/v2\/users\/6"}],"replies":[{"embeddable":true,"href":"https:\/\/serescodehumidifiers.com\/fr\/wp-json\/wp\/v2\/comments?post=15648"}],"version-history":[{"count":3,"href":"https:\/\/serescodehumidifiers.com\/fr\/wp-json\/wp\/v2\/pages\/15648\/revisions"}],"predecessor-version":[{"id":15957,"href":"https:\/\/serescodehumidifiers.com\/fr\/wp-json\/wp\/v2\/pages\/15648\/revisions\/15957"}],"wp:featuredmedia":[{"embeddable":true,"href":"https:\/\/serescodehumidifiers.com\/fr\/wp-json\/wp\/v2\/media\/14200"}],"wp:attachment":[{"href":"https:\/\/serescodehumidifiers.com\/fr\/wp-json\/wp\/v2\/media?parent=15648"}],"curies":[{"name":"wp","href":"https:\/\/api.w.org\/{rel}","templated":true}]}}