{"id":15705,"date":"2018-07-18T23:01:17","date_gmt":"2018-07-19T03:01:17","guid":{"rendered":"https:\/\/serescodehumidifiers.com\/?page_id=15705"},"modified":"2024-10-29T15:15:02","modified_gmt":"2024-10-29T19:15:02","slug":"conditions-dutilisation","status":"publish","type":"page","link":"https:\/\/serescodehumidifiers.com\/fr\/conditions-dutilisation\/","title":{"rendered":"Conditions d&rsquo;utilisation"},"content":{"rendered":"<p><strong>Conditions d&rsquo;utilisation<\/strong><\/p>\n<p>Nous sommes ravis que vous ayez d\u00e9cid\u00e9 d&rsquo;acc\u00e9der \u00e0 notre site. Pour votre protection et la n\u00f4tre, nous avons \u00e9tabli les conditions d&rsquo;utilisation suivantes que nous demandons \u00e0 tous nos visiteurs de respecter lorsqu&rsquo;ils sont sur notre site. Dans ces conditions d&rsquo;utilisation, les mots \u00ab nous \u00bb et \u00ab notre \u00bb se r\u00e9f\u00e8rent \u00e0 Seresco Technologies, et l&rsquo;expression \u00ab notre site \u00bb se r\u00e9f\u00e8re \u00e0 notre site web situ\u00e9 \u00e0 <a href=\"https:\/\/serescodehumidifiers.com\/\">www.serescodehumidifiers.com<\/a>.<\/p>\n<p><strong>R\u00e8gles g\u00e9n\u00e9rales<\/strong><\/p>\n<p>Vous acceptez d&rsquo;utiliser notre site d&rsquo;une mani\u00e8re conforme \u00e0 toutes les lois et r\u00e9glementations applicables et conform\u00e9ment aux pr\u00e9sentes conditions d&rsquo;utilisation.<\/p>\n<p><strong>Contenu du site<\/strong><\/p>\n<p>Sauf indication contraire, toute l&rsquo;information contenue dans notre site est \u00a9 2018 Seresco. Tous les droits sont r\u00e9serv\u00e9s. Le mat\u00e9riel fourni sur notre site est prot\u00e9g\u00e9 par les lois et les trait\u00e9s am\u00e9ricains et mondiaux sur les droits d&rsquo;auteur. Sauf indication contraire, aucun mat\u00e9riel ne peut \u00eatre copi\u00e9, reproduit, distribu\u00e9, republi\u00e9, t\u00e9l\u00e9charg\u00e9, affich\u00e9, post\u00e9 ou transmis sous quelque forme que ce soit sans notre autorisation \u00e9crite pr\u00e9alable. Vous ne pouvez pas non plus, sans notre autorisation, cr\u00e9er un \u00ab miroir \u00bb du mat\u00e9riel contenu sur notre site ou sur tout autre serveur. Vous \u00eates autoris\u00e9 \u00e0 faire une seule copie des documents que nous publions sur notre site, uniquement \u00e0 des fins d&rsquo;information et non commerciales au sein de votre organisation, \u00e0 condition que vous conserviez intacts tous les droits d&rsquo;auteur et autres avis de propri\u00e9t\u00e9. Aucune autre utilisation des informations fournies n&rsquo;est autoris\u00e9e.<\/p>\n<p><strong>Clause de non-responsabilit\u00e9<\/strong><\/p>\n<p>Nous mettons notre site et son contenu \u00e0 votre disposition pour votre commodit\u00e9. Vous utilisez notre site \u00e0 vos propres risques. Nous n&rsquo;assumons aucune responsabilit\u00e9 quant \u00e0 l&rsquo;exactitude des informations contenues dans notre site. Toutes les informations publi\u00e9es sur notre site sont fournies \u00ab EN L&rsquo;\u00c9TAT \u00bb et \u00ab SELON LA DISPONIBILIT\u00c9 \u00bb. Nous ne garantissons pas que l&rsquo;acc\u00e8s \u00e0 notre site sera ininterrompu ou exempt d&rsquo;erreurs. Nous nous r\u00e9servons le droit de r\u00e9viser notre site ou d&rsquo;en retirer l&rsquo;acc\u00e8s \u00e0 tout moment. NOUS NE DONNONS AUCUNE GARANTIE D&rsquo;AUCUNE SORTE CONCERNANT NOTRE SITE, QU&rsquo;ELLE SOIT EXPRESSE OU IMPLICITE, Y COMPRIS, MAIS SANS S&rsquo;Y LIMITER, LES GARANTIES IMPLICITES DE QUALIT\u00c9 MARCHANDE, D&rsquo;AD\u00c9QUATION \u00c0 UN USAGE PARTICULIER OU D&rsquo;ABSENCE DE CONTREFA\u00c7ON. EN AUCUN CAS NOUS NE SERONS RESPONSABLES ENVERS QUICONQUE DES DOMMAGES DIRECTS, SP\u00c9CIAUX, ACCESSOIRES, PUNITIFS, INDIRECTS OU CONS\u00c9CUTIFS, DE LA PERTE DE B\u00c9N\u00c9FICES OU DE REVENUS OU DU CO\u00dbT DE BIENS DE REMPLACEMENT R\u00c9SULTANT DE L&rsquo;UTILISATION OU DE LA CONFIANCE ACCORD\u00c9E AUX INFORMATIONS PR\u00c9SENT\u00c9ES SUR OU PAR L&rsquo;INTERM\u00c9DIAIRE DE NOTRE SITE, M\u00caME SI NOUS AVONS \u00c9T\u00c9 INFORM\u00c9S \u00c0 L&rsquo;AVANCE DE L&rsquo;\u00c9VENTUALIT\u00c9 DE TELS DOMMAGES. Certaines juridictions n&rsquo;autorisent pas l&rsquo;exclusion de certaines garanties ou limitations de responsabilit\u00e9, de sorte que les limitations ou exclusions susmentionn\u00e9es peuvent ne pas s&rsquo;appliquer \u00e0 vous. Dans ce cas, notre responsabilit\u00e9 sera limit\u00e9e dans toute la mesure permise par la loi.<\/p>\n<p><strong>Liens vers des sites tiers<\/strong><\/p>\n<p>Nous pouvons fournir des liens vers des sites Internet g\u00e9r\u00e9s par des tiers. Les liens vers les sites web de ces tiers sont fournis uniquement pour votre commodit\u00e9 et \u00e0 titre d&rsquo;information. Vous acceptez d&rsquo;examiner et de respecter les r\u00e8gles d&rsquo;utilisation de ces sites tiers avant de les utiliser. Nous n&rsquo;avons aucun contr\u00f4le sur le contenu de ces sites et si vous d\u00e9cidez d&rsquo;y acc\u00e9der, vous le faites \u00e0 vos risques et p\u00e9rils. Le fait que nous fournissions un lien vers le site web d&rsquo;un tiers ne signifie pas que nous approuvons, autorisons ou parrainons ce site ou que nous sommes affili\u00e9s \u00e0 ce tiers.<\/p>\n<p><strong>Soumissions<\/strong><\/p>\n<p>Nous ne voulons pas que vous nous envoyiez, et vous ne devez pas le faire, des informations confidentielles ou des informations exclusives par l&rsquo;interm\u00e9diaire de notre site. Toute soumission de votre part devient notre propri\u00e9t\u00e9. En nous envoyant du mat\u00e9riel ou des informations, vous nous accordez une licence illimit\u00e9e et irr\u00e9vocable pour utiliser, reproduire, afficher, ex\u00e9cuter, modifier, transmettre et distribuer ce mat\u00e9riel ou ces informations et vous acceptez en outre que nous soyons libres d&rsquo;utiliser toute id\u00e9e, tout concept, tout savoir-faire ou toute technique que vous nous fournissez \u00e0 quelque fin que ce soit.<\/p>\n<p><strong>Politique de confidentialit\u00e9<\/strong><\/p>\n<p>Veuillez consulter notre page sur la politique de confidentialit\u00e9 pour obtenir des informations sur notre politique en mati\u00e8re de collecte et d&rsquo;utilisation des informations relatives \u00e0 votre utilisation de notre site.<\/p>\n<p><strong>Marques de commerce<\/strong><\/p>\n<p>Seresco, notre logo et nos noms de produits sont tous des marques d\u00e9pos\u00e9es de Seresco Technologies. Tous les autres noms de produits et de marques mentionn\u00e9s sur notre site sont des marques de commerce de leurs propri\u00e9taires respectifs.<\/p>\n<p><strong>Votre acceptation de ces termes et conditions<\/strong><\/p>\n<p>En utilisant notre site, vous signifiez votre assentiment \u00e0 ces conditions d&rsquo;utilisation et \u00e0 notre politique de confidentialit\u00e9.<\/p>\n<p>et vous vous engagez \u00e0 les respecter \u00e0 tout moment. Si vous n&rsquo;\u00eates pas d&rsquo;accord avec ces conditions d&rsquo;utilisation et notre politique de confidentialit\u00e9, veuillez vous abstenir d&rsquo;utiliser notre site.<\/p>\n<p>politique de confidentialit\u00e9, veuillez vous abstenir d&rsquo;utiliser notre site. Nous nous r\u00e9servons le droit de modifier ces<\/p>\n<p>Nous nous r\u00e9servons le droit de modifier \u00e0 tout moment les pr\u00e9sentes conditions d&rsquo;utilisation et notre politique de confidentialit\u00e9.<\/p>\n<p>r\u00e9guli\u00e8rement notre site pour voir si nous l&rsquo;avons fait. Votre utilisation continue de notre site apr\u00e8s que nous ayons publi\u00e9 sur notre site<\/p>\n<p>des modifications \u00e0 ces conditions d&rsquo;utilisation ou \u00e0 notre politique de confidentialit\u00e9 signifiera que vous acceptez les changements.<\/p>\n<p>\u00a9 Seresco 2018. Tous droits r\u00e9serv\u00e9s.<\/p>\n<div style=\"display:flex; gap:10px;justify-content:center\" class=\"wps-pgfw-pdf-generate-icon__wrapper-frontend\">\n\t\t<a  href=\"https:\/\/serescodehumidifiers.com\/fr\/wp-json\/wp\/v2\/pages\/15705\/?action=genpdf&amp;id=15705\" class=\"pgfw-single-pdf-download-button\" ><img src=\"https:\/\/serescodehumidifiers.com\/wp-content\/plugins\/pdf-generator-for-wp\/admin\/src\/images\/PDF_Tray.svg\" title=\"G\u00e9n\u00e9rer un PDF\" style=\"width:auto; height:45px;\"><\/a>\n\t\t<\/div>","protected":false},"excerpt":{"rendered":"<p>Conditions d&rsquo;utilisation Nous sommes ravis que vous ayez d\u00e9cid\u00e9 d&rsquo;acc\u00e9der \u00e0 notre site. Pour votre protection et la n\u00f4tre, nous avons \u00e9tabli les conditions d&rsquo;utilisation suivantes que nous demandons \u00e0 tous nos visiteurs de respecter lorsqu&rsquo;ils sont sur notre site. Dans ces conditions d&rsquo;utilisation, les mots \u00ab nous \u00bb et \u00ab notre \u00bb se r\u00e9f\u00e8rent &#8230; <a title=\"Conditions d&rsquo;utilisation\" class=\"read-more\" href=\"https:\/\/serescodehumidifiers.com\/fr\/conditions-dutilisation\/\" aria-label=\"En savoir plus sur Conditions d&rsquo;utilisation\">Lire la suite<\/a><\/p>\n","protected":false},"author":6,"featured_media":14146,"parent":0,"menu_order":0,"comment_status":"closed","ping_status":"closed","template":"","meta":{"inline_featured_image":false,"generate_page_header":"","footnotes":""},"class_list":["post-15705","page","type-page","status-publish","has-post-thumbnail"],"yoast_head":"<!-- This site is optimized with the Yoast SEO plugin v27.4 - https:\/\/yoast.com\/product\/yoast-seo-wordpress\/ -->\n<title>Conditions d&#039;utilisation - Seresco Dehumidifiers<\/title>\n<meta name=\"robots\" content=\"index, follow, max-snippet:-1, max-image-preview:large, max-video-preview:-1\" \/>\n<link rel=\"canonical\" href=\"https:\/\/serescodehumidifiers.com\/fr\/conditions-dutilisation\/\" \/>\n<meta property=\"og:locale\" content=\"fr_FR\" \/>\n<meta property=\"og:type\" content=\"article\" \/>\n<meta property=\"og:title\" content=\"Conditions d&#039;utilisation - Seresco Dehumidifiers\" \/>\n<meta property=\"og:description\" content=\"Conditions d&rsquo;utilisation Nous sommes ravis que vous ayez d\u00e9cid\u00e9 d&rsquo;acc\u00e9der \u00e0 notre site. Pour votre protection et la n\u00f4tre, nous avons \u00e9tabli les conditions d&rsquo;utilisation suivantes que nous demandons \u00e0 tous nos visiteurs de respecter lorsqu&rsquo;ils sont sur notre site. Dans ces conditions d&rsquo;utilisation, les mots \u00ab nous \u00bb et \u00ab notre \u00bb se r\u00e9f\u00e8rent ... Lire la suite\" \/>\n<meta property=\"og:url\" content=\"https:\/\/serescodehumidifiers.com\/fr\/conditions-dutilisation\/\" \/>\n<meta property=\"og:site_name\" content=\"Seresco Dehumidifiers\" \/>\n<meta property=\"article:modified_time\" content=\"2024-10-29T19:15:02+00:00\" \/>\n<meta property=\"og:image\" content=\"https:\/\/serescodehumidifiers.com\/wp-content\/uploads\/2018\/07\/testimonial-bg-1.jpg\" \/>\n\t<meta property=\"og:image:width\" content=\"1917\" \/>\n\t<meta property=\"og:image:height\" content=\"868\" \/>\n\t<meta property=\"og:image:type\" content=\"image\/jpeg\" \/>\n<meta name=\"twitter:card\" content=\"summary_large_image\" \/>\n<meta name=\"twitter:label1\" content=\"Dur\u00e9e de lecture estim\u00e9e\" \/>\n\t<meta name=\"twitter:data1\" content=\"5 minutes\" \/>\n<script type=\"application\/ld+json\" class=\"yoast-schema-graph\">{\"@context\":\"https:\\\/\\\/schema.org\",\"@graph\":[{\"@type\":\"WebPage\",\"@id\":\"https:\\\/\\\/serescodehumidifiers.com\\\/fr\\\/conditions-dutilisation\\\/\",\"url\":\"https:\\\/\\\/serescodehumidifiers.com\\\/fr\\\/conditions-dutilisation\\\/\",\"name\":\"Conditions d'utilisation - Seresco Dehumidifiers\",\"isPartOf\":{\"@id\":\"https:\\\/\\\/serescodehumidifiers.com\\\/fr\\\/#website\"},\"primaryImageOfPage\":{\"@id\":\"https:\\\/\\\/serescodehumidifiers.com\\\/fr\\\/conditions-dutilisation\\\/#primaryimage\"},\"image\":{\"@id\":\"https:\\\/\\\/serescodehumidifiers.com\\\/fr\\\/conditions-dutilisation\\\/#primaryimage\"},\"thumbnailUrl\":\"https:\\\/\\\/serescodehumidifiers.com\\\/wp-content\\\/uploads\\\/2018\\\/07\\\/testimonial-bg-1.jpg\",\"datePublished\":\"2018-07-19T03:01:17+00:00\",\"dateModified\":\"2024-10-29T19:15:02+00:00\",\"breadcrumb\":{\"@id\":\"https:\\\/\\\/serescodehumidifiers.com\\\/fr\\\/conditions-dutilisation\\\/#breadcrumb\"},\"inLanguage\":\"fr-FR\",\"potentialAction\":[{\"@type\":\"ReadAction\",\"target\":[\"https:\\\/\\\/serescodehumidifiers.com\\\/fr\\\/conditions-dutilisation\\\/\"]}]},{\"@type\":\"ImageObject\",\"inLanguage\":\"fr-FR\",\"@id\":\"https:\\\/\\\/serescodehumidifiers.com\\\/fr\\\/conditions-dutilisation\\\/#primaryimage\",\"url\":\"https:\\\/\\\/serescodehumidifiers.com\\\/wp-content\\\/uploads\\\/2018\\\/07\\\/testimonial-bg-1.jpg\",\"contentUrl\":\"https:\\\/\\\/serescodehumidifiers.com\\\/wp-content\\\/uploads\\\/2018\\\/07\\\/testimonial-bg-1.jpg\",\"width\":1917,\"height\":868},{\"@type\":\"BreadcrumbList\",\"@id\":\"https:\\\/\\\/serescodehumidifiers.com\\\/fr\\\/conditions-dutilisation\\\/#breadcrumb\",\"itemListElement\":[{\"@type\":\"ListItem\",\"position\":1,\"name\":\"Home\",\"item\":\"https:\\\/\\\/serescodehumidifiers.com\\\/fr\\\/\"},{\"@type\":\"ListItem\",\"position\":2,\"name\":\"Conditions d&#8217;utilisation\"}]},{\"@type\":\"WebSite\",\"@id\":\"https:\\\/\\\/serescodehumidifiers.com\\\/fr\\\/#website\",\"url\":\"https:\\\/\\\/serescodehumidifiers.com\\\/fr\\\/\",\"name\":\"Seresco Dehumidifiers\",\"description\":\"\",\"publisher\":{\"@id\":\"https:\\\/\\\/serescodehumidifiers.com\\\/fr\\\/#organization\"},\"potentialAction\":[{\"@type\":\"SearchAction\",\"target\":{\"@type\":\"EntryPoint\",\"urlTemplate\":\"https:\\\/\\\/serescodehumidifiers.com\\\/fr\\\/?s={search_term_string}\"},\"query-input\":{\"@type\":\"PropertyValueSpecification\",\"valueRequired\":true,\"valueName\":\"search_term_string\"}}],\"inLanguage\":\"fr-FR\"},{\"@type\":\"Organization\",\"@id\":\"https:\\\/\\\/serescodehumidifiers.com\\\/fr\\\/#organization\",\"name\":\"Seresco Dehumidifiers\",\"url\":\"https:\\\/\\\/serescodehumidifiers.com\\\/fr\\\/\",\"logo\":{\"@type\":\"ImageObject\",\"inLanguage\":\"fr-FR\",\"@id\":\"https:\\\/\\\/serescodehumidifiers.com\\\/fr\\\/#\\\/schema\\\/logo\\\/image\\\/\",\"url\":\"https:\\\/\\\/serescodehumidifiers.com\\\/wp-content\\\/uploads\\\/2024\\\/08\\\/fichier-1seresco.svg\",\"contentUrl\":\"https:\\\/\\\/serescodehumidifiers.com\\\/wp-content\\\/uploads\\\/2024\\\/08\\\/fichier-1seresco.svg\",\"caption\":\"Seresco Dehumidifiers\"},\"image\":{\"@id\":\"https:\\\/\\\/serescodehumidifiers.com\\\/fr\\\/#\\\/schema\\\/logo\\\/image\\\/\"}}]}<\/script>\n<!-- \/ Yoast SEO plugin. -->","yoast_head_json":{"title":"Conditions d'utilisation - Seresco Dehumidifiers","robots":{"index":"index","follow":"follow","max-snippet":"max-snippet:-1","max-image-preview":"max-image-preview:large","max-video-preview":"max-video-preview:-1"},"canonical":"https:\/\/serescodehumidifiers.com\/fr\/conditions-dutilisation\/","og_locale":"fr_FR","og_type":"article","og_title":"Conditions d'utilisation - Seresco Dehumidifiers","og_description":"Conditions d&rsquo;utilisation Nous sommes ravis que vous ayez d\u00e9cid\u00e9 d&rsquo;acc\u00e9der \u00e0 notre site. Pour votre protection et la n\u00f4tre, nous avons \u00e9tabli les conditions d&rsquo;utilisation suivantes que nous demandons \u00e0 tous nos visiteurs de respecter lorsqu&rsquo;ils sont sur notre site. Dans ces conditions d&rsquo;utilisation, les mots \u00ab nous \u00bb et \u00ab notre \u00bb se r\u00e9f\u00e8rent ... Lire la suite","og_url":"https:\/\/serescodehumidifiers.com\/fr\/conditions-dutilisation\/","og_site_name":"Seresco Dehumidifiers","article_modified_time":"2024-10-29T19:15:02+00:00","og_image":[{"width":1917,"height":868,"url":"https:\/\/serescodehumidifiers.com\/wp-content\/uploads\/2018\/07\/testimonial-bg-1.jpg","type":"image\/jpeg"}],"twitter_card":"summary_large_image","twitter_misc":{"Dur\u00e9e de lecture estim\u00e9e":"5 minutes"},"schema":{"@context":"https:\/\/schema.org","@graph":[{"@type":"WebPage","@id":"https:\/\/serescodehumidifiers.com\/fr\/conditions-dutilisation\/","url":"https:\/\/serescodehumidifiers.com\/fr\/conditions-dutilisation\/","name":"Conditions d'utilisation - Seresco Dehumidifiers","isPartOf":{"@id":"https:\/\/serescodehumidifiers.com\/fr\/#website"},"primaryImageOfPage":{"@id":"https:\/\/serescodehumidifiers.com\/fr\/conditions-dutilisation\/#primaryimage"},"image":{"@id":"https:\/\/serescodehumidifiers.com\/fr\/conditions-dutilisation\/#primaryimage"},"thumbnailUrl":"https:\/\/serescodehumidifiers.com\/wp-content\/uploads\/2018\/07\/testimonial-bg-1.jpg","datePublished":"2018-07-19T03:01:17+00:00","dateModified":"2024-10-29T19:15:02+00:00","breadcrumb":{"@id":"https:\/\/serescodehumidifiers.com\/fr\/conditions-dutilisation\/#breadcrumb"},"inLanguage":"fr-FR","potentialAction":[{"@type":"ReadAction","target":["https:\/\/serescodehumidifiers.com\/fr\/conditions-dutilisation\/"]}]},{"@type":"ImageObject","inLanguage":"fr-FR","@id":"https:\/\/serescodehumidifiers.com\/fr\/conditions-dutilisation\/#primaryimage","url":"https:\/\/serescodehumidifiers.com\/wp-content\/uploads\/2018\/07\/testimonial-bg-1.jpg","contentUrl":"https:\/\/serescodehumidifiers.com\/wp-content\/uploads\/2018\/07\/testimonial-bg-1.jpg","width":1917,"height":868},{"@type":"BreadcrumbList","@id":"https:\/\/serescodehumidifiers.com\/fr\/conditions-dutilisation\/#breadcrumb","itemListElement":[{"@type":"ListItem","position":1,"name":"Home","item":"https:\/\/serescodehumidifiers.com\/fr\/"},{"@type":"ListItem","position":2,"name":"Conditions d&#8217;utilisation"}]},{"@type":"WebSite","@id":"https:\/\/serescodehumidifiers.com\/fr\/#website","url":"https:\/\/serescodehumidifiers.com\/fr\/","name":"Seresco Dehumidifiers","description":"","publisher":{"@id":"https:\/\/serescodehumidifiers.com\/fr\/#organization"},"potentialAction":[{"@type":"SearchAction","target":{"@type":"EntryPoint","urlTemplate":"https:\/\/serescodehumidifiers.com\/fr\/?s={search_term_string}"},"query-input":{"@type":"PropertyValueSpecification","valueRequired":true,"valueName":"search_term_string"}}],"inLanguage":"fr-FR"},{"@type":"Organization","@id":"https:\/\/serescodehumidifiers.com\/fr\/#organization","name":"Seresco Dehumidifiers","url":"https:\/\/serescodehumidifiers.com\/fr\/","logo":{"@type":"ImageObject","inLanguage":"fr-FR","@id":"https:\/\/serescodehumidifiers.com\/fr\/#\/schema\/logo\/image\/","url":"https:\/\/serescodehumidifiers.com\/wp-content\/uploads\/2024\/08\/fichier-1seresco.svg","contentUrl":"https:\/\/serescodehumidifiers.com\/wp-content\/uploads\/2024\/08\/fichier-1seresco.svg","caption":"Seresco Dehumidifiers"},"image":{"@id":"https:\/\/serescodehumidifiers.com\/fr\/#\/schema\/logo\/image\/"}}]}},"_links":{"self":[{"href":"https:\/\/serescodehumidifiers.com\/fr\/wp-json\/wp\/v2\/pages\/15705","targetHints":{"allow":["GET"]}}],"collection":[{"href":"https:\/\/serescodehumidifiers.com\/fr\/wp-json\/wp\/v2\/pages"}],"about":[{"href":"https:\/\/serescodehumidifiers.com\/fr\/wp-json\/wp\/v2\/types\/page"}],"author":[{"embeddable":true,"href":"https:\/\/serescodehumidifiers.com\/fr\/wp-json\/wp\/v2\/users\/6"}],"replies":[{"embeddable":true,"href":"https:\/\/serescodehumidifiers.com\/fr\/wp-json\/wp\/v2\/comments?post=15705"}],"version-history":[{"count":3,"href":"https:\/\/serescodehumidifiers.com\/fr\/wp-json\/wp\/v2\/pages\/15705\/revisions"}],"predecessor-version":[{"id":15709,"href":"https:\/\/serescodehumidifiers.com\/fr\/wp-json\/wp\/v2\/pages\/15705\/revisions\/15709"}],"wp:featuredmedia":[{"embeddable":true,"href":"https:\/\/serescodehumidifiers.com\/fr\/wp-json\/wp\/v2\/media\/14146"}],"wp:attachment":[{"href":"https:\/\/serescodehumidifiers.com\/fr\/wp-json\/wp\/v2\/media?parent=15705"}],"curies":[{"name":"wp","href":"https:\/\/api.w.org\/{rel}","templated":true}]}}