{"id":15710,"date":"2024-06-04T15:06:31","date_gmt":"2024-06-04T19:06:31","guid":{"rendered":"https:\/\/serescodehumidifiers.com\/?page_id=15710"},"modified":"2024-10-29T15:17:44","modified_gmt":"2024-10-29T19:17:44","slug":"soumettez-votre-projet-de-remplacement-et-reclamez-jusqua-36-300-par-unite","status":"publish","type":"page","link":"https:\/\/serescodehumidifiers.com\/fr\/soumettez-votre-projet-de-remplacement-et-reclamez-jusqua-36-300-par-unite\/","title":{"rendered":"Soumettez votre projet de remplacement et r\u00e9clamez jusqu&rsquo;\u00e0 36 300 $ par unit\u00e9 !"},"content":{"rendered":"\t\t<div data-elementor-type=\"wp-page\" data-elementor-id=\"15710\" class=\"elementor elementor-15710 elementor-14911\" data-elementor-post-type=\"page\">\n\t\t\t\t<div class=\"elementor-element elementor-element-2d64d22a e-flex e-con-boxed e-con e-parent\" data-id=\"2d64d22a\" data-element_type=\"container\" data-e-type=\"container\">\n\t\t\t\t\t<div class=\"e-con-inner\">\n\t\t\t\t<div class=\"elementor-element elementor-element-3f82470 elementor-widget elementor-widget-text-editor\" data-id=\"3f82470\" data-element_type=\"widget\" data-e-type=\"widget\" data-widget_type=\"text-editor.default\">\n\t\t\t\t<div class=\"elementor-widget-container\">\n\t\t\t\t\t\t\t\t\t<div style=\"color: #3a3a3a; font-size: 17px;\"><p><span lang=\"FR\">Lorsque vous remplacez des syst\u00e8mes CVC concurrents* par Seresco, vous pouvez r\u00e9clamer <b>300 $ par tonne <\/b>(paiement minimum de 1200 $, paiement maximum de 36 300 $ par unit\u00e9). Seresco offre aux propri\u00e9taires et aux gestionnaires d&rsquo;installations des performances exceptionnelles en mati\u00e8re de d\u00e9shumidification de piscine, de fiabilit\u00e9 et d&rsquo;efficacit\u00e9 \u00e9nerg\u00e9tique.<\/span><\/p><p><b><span lang=\"FR\">Comment participer :<\/span><\/b><\/p><p><span lang=\"FR\">Pour r\u00e9clamer votre r\u00e9compense, veuillez remplir le formulaire d&rsquo;inscription ci-dessous pour enregistrer votre projet de remplacement, ce qui cr\u00e9e automatiquement ce projet dans le syst\u00e8me de votre repr\u00e9sentant Seresco local. Votre repr\u00e9sentant Seresco vous contactera sous peu. Vous recevrez \u00e9galement les coordonn\u00e9es de votre repr\u00e9sentant Seresco local par courriel une fois que vous aurez soumis ce formulaire.<\/span><\/p><p><b><span lang=\"FR\">Il est important de noter que tous les projets doivent \u00eatre enregistr\u00e9s ci-dessous AVANT de placer une commande<\/span><\/b><span lang=\"FR\">, car nous ne pouvons pas assigner r\u00e9troactivement des projets \u00e0 ce programme.<\/span><\/p><p><span lang=\"FR\">*Les unit\u00e9s Dectron et PoolPak ne sont pas \u00e9ligibles pour \u00eatre remplac\u00e9es dans le cadre de ce programme.<\/span><\/p><\/div>\t\t\t\t\t\t\t\t<\/div>\n\t\t\t\t<\/div>\n\t\t\t\t<div class=\"elementor-element elementor-element-6107ac8 elementor-widget elementor-widget-html\" data-id=\"6107ac8\" data-element_type=\"widget\" data-e-type=\"widget\" data-widget_type=\"html.default\">\n\t\t\t\t<div class=\"elementor-widget-container\">\n\t\t\t\t\t<script charset=\"utf-8\" type=\"text\/javascript\" src=\"\/\/js.hsforms.net\/forms\/embed\/v2.js\"><\/script>\r\n<script>\r\n  var brandId = 1;\r\n  var formType = \"contractor\"; \/\/ \"default\", \"service\", \"replacement\", \"contractor\"\r\n  var leadSourceId = 6; \/\/ 6: Contractor Replacement Reward Program, 1: all other forms\r\n  var testForm = false; \/\/ true: loads test form\r\n  var testREST = false; \/\/ true: calls localhost REST API\r\n  var portalId = '21212828';\r\n  var formId = \"76b994db-a3c4-4023-b5b4-b7a704e542a3\"; \/\/ generic test form id\r\n  if(!testForm) {\r\n\tswitch(brandId) {\r\n\t  case 1: \/\/ Seresco\r\n\t    switch(formType) {\r\n\t      case \"service\":\r\n\t\t\tformId = \"44b28cd8-cfa3-4c08-8a26-e84836025786\";\r\n\t\t\tbreak;\r\n\t\t  case \"replacement\":\r\n\t\t\tformId = \"d1a365ed-2d90-49fc-b7bc-609f1644695c\";\r\n\t\t\tbreak;\r\n\t\t  case \"contractor\":\r\n\t\t\tformId = \"a1018f60-a14e-42b4-808a-2a6459b251cc\";\r\n\t\t\tbreak;\r\n\t\t  default:\r\n\t\t    formId = \"f5463d02-9826-4efe-a285-1d9ad4f6b621\";\r\n\t\t}\r\n\t\tbreak;\r\n\t  case 2: \/\/ Dectron\r\n\t  \tswitch(formType) {\r\n\t\t  case \"service\":\r\n\t\t\tformId = \"377a5cf1-7f75-4cca-a308-b4d4c3209207\";\r\n\t\t\tbreak;\r\n\t\t  case \"FR\":\r\n\t\t\tformId = \"4b3a5b47-3a3d-4dd6-b976-ca9f482569cd\";\r\n\t\t\tbreak;\r\n\t\t  default:\r\n\t\t    formId = \"36dbd2a9-256b-49c8-be3f-9d5f91074856\";\r\n\t\t}\r\n\t\tbreak;\r\n\t  case 3: \/\/ Poolpak\r\n\t  \tswitch(formType) {\r\n\t\t  case \"service\":\r\n\t\t\tformId = \"14967088-1d5f-4006-a04d-f9ac2b6bd79a\";\r\n\t\t\tbreak;\r\n\t\t  default:\r\n\t\t    formId = \"fa4f50dc-c658-4858-8fea-d7e7d65206f5\";\r\n\t\t}\r\n\t\tbreak;\r\n    }\r\n  }\r\n  hbspt.forms.create({\r\n    region: \"na1\",\r\n    portalId: portalId,\r\n    formId: formId\r\n  });\r\n<\/script>\r\n \r\n<script src=\"https:\/\/ajax.googleapis.com\/ajax\/libs\/jquery\/3.6.1\/jquery.min.js\"><\/script>\r\n<script>\r\nvar iframeSelectorString = 'iframe';\r\nvar formSelectorString = '[data-portal-id='+portalId+']';\r\nvar iframeLoadedIntervalTime = 20;\r\nvar bindEventsAfterIframeLoadedDelay = 6000;\r\nvar submitDelay = 250;\r\nvar testUrl = \"http:\/\/localhost:8080\/REST\/CreateLead?\";\r\nvar liveUrl = \"https:\/\/apps.dehumidifiedairsolutions.com\/REST\/CreateLead?\";\r\n$( document ).ready(function() {\r\n\tvar iframeLoadedInterval = setInterval(function () {\r\n\t\tiframe = document.getElementsByTagName(iframeSelectorString)[0];\r\n\t\tvar iframeDoc = iframe.contentDocument || iframe.contentWindow.document;\r\n\t\tif (iframeDoc.readyState == 'complete' || iframeDoc.readyState == 'interactive') {\r\n\t\t\tclearInterval(iframeLoadedInterval);\r\n\t\t\tsetTimeout(function() {\r\n\t\t\t\tvar iframeContents = $(iframeSelectorString).contents();\r\n\t\t\t\tvar calledAce = false;\r\n\t\t\t\t$(formSelectorString + ' input[type=submit].hs-button', iframeContents).click(function(e) {\r\n\t\t\t\t    if(!calledAce){\r\n\t\t\t\t\t\te.preventDefault();\r\n\t\t\t\t\t\tformData = $(formSelectorString, iframeContents).find(':not(input[name=hs_context])').serialize();\r\n\t\t\t\t\t\tformData = formData + \"&brandId=\" + brandId;\r\n\t\t\t\t\t\tformData = formData + \"&lead_source=\" + leadSourceId;\r\n\t\t\t\t\t\tif(formType == \"replacement\" || formType == \"contractor\") {\r\n\t\t\t\t\t\t\tformData = formData + \"&department=Replacement%20Unit\";\r\n\t\t\t\t\t\t} \r\n\t\t\t\t\t\tif(formType == \"contractor\"){\r\n\t\t\t\t\t\t\tformData = formData + \"&role=Contractor\";\r\n\t\t\t\t\t\t}\r\n\t\t\t\t\t\turl = testREST ? testUrl : liveUrl; \r\n\t\t\t\t\t\t$.ajax({\r\n\t\t\t\t\t\t\ttype: \"GET\",\r\n\t\t\t\t\t\t\turl : url + formData,\r\n\t\t\t\t\t\t\tsuccess: function(msg){\r\n\t\t\t\t\t\t\t\talert(msg);\r\n\t\t\t\t\t\t\t}\r\n\t\t\t\t\t\t});\r\n\t\t\t\t\t\tcalledAce = true;\r\n\t\t\t\t\t\tvar self = this;\r\n\t\t\t\t\t\tsetTimeout(function() {\r\n\t\t\t\t\t\t\t$(self).trigger('click');\r\n\t\t\t\t\t\t}, submitDelay);\r\n\t\t\t\t    }\r\n\t\t\t\t});\r\n\t\t\t}, bindEventsAfterIframeLoadedDelay);\r\n\t\t\treturn;\r\n\t\t}\r\n\t}, iframeLoadedIntervalTime);\r\n});\r\n<\/script>\t\t\t\t<\/div>\n\t\t\t\t<\/div>\n\t\t\t\t\t<\/div>\n\t\t\t\t<\/div>\n\t\t\t\t<\/div>\n\t\t<div style=\"display:flex; gap:10px;justify-content:center\" class=\"wps-pgfw-pdf-generate-icon__wrapper-frontend\">\n\t\t<a  href=\"https:\/\/serescodehumidifiers.com\/fr\/wp-json\/wp\/v2\/pages\/15710\/?action=genpdf&amp;id=15710\" class=\"pgfw-single-pdf-download-button\" ><img src=\"https:\/\/serescodehumidifiers.com\/wp-content\/plugins\/pdf-generator-for-wp\/admin\/src\/images\/PDF_Tray.svg\" title=\"G\u00e9n\u00e9rer un PDF\" style=\"width:auto; height:45px;\"><\/a>\n\t\t<\/div>","protected":false},"excerpt":{"rendered":"<p>Lorsque vous remplacez des syst\u00e8mes CVC concurrents* par Seresco, vous pouvez r\u00e9clamer 300 $ par tonne (paiement minimum de 1200 $, paiement maximum de 36 300 $ par unit\u00e9). Seresco offre aux propri\u00e9taires et aux gestionnaires d&rsquo;installations des performances exceptionnelles en mati\u00e8re de d\u00e9shumidification de piscine, de fiabilit\u00e9 et d&rsquo;efficacit\u00e9 \u00e9nerg\u00e9tique. Comment participer : Pour &#8230; <a title=\"Soumettez votre projet de remplacement et r\u00e9clamez jusqu&rsquo;\u00e0 36 300 $ par unit\u00e9 !\" class=\"read-more\" href=\"https:\/\/serescodehumidifiers.com\/fr\/soumettez-votre-projet-de-remplacement-et-reclamez-jusqua-36-300-par-unite\/\" aria-label=\"En savoir plus sur Soumettez votre projet de remplacement et r\u00e9clamez jusqu&rsquo;\u00e0 36 300 $ par unit\u00e9 !\">Lire la suite<\/a><\/p>\n","protected":false},"author":6,"featured_media":0,"parent":0,"menu_order":0,"comment_status":"closed","ping_status":"closed","template":"","meta":{"inline_featured_image":false,"generate_page_header":"","footnotes":""},"class_list":["post-15710","page","type-page","status-publish"],"yoast_head":"<!-- This site is optimized with the Yoast SEO plugin v27.1.1 - https:\/\/yoast.com\/product\/yoast-seo-wordpress\/ -->\n<title>Soumettez votre projet de remplacement et r\u00e9clamez jusqu&#039;\u00e0 36 300 $ par unit\u00e9 ! - Seresco Dehumidifiers<\/title>\n<meta name=\"robots\" content=\"noindex, nofollow\" \/>\n<meta property=\"og:locale\" content=\"fr_FR\" \/>\n<meta property=\"og:type\" content=\"article\" \/>\n<meta property=\"og:title\" content=\"Soumettez votre projet de remplacement et r\u00e9clamez jusqu&#039;\u00e0 36 300 $ par unit\u00e9 ! - Seresco Dehumidifiers\" \/>\n<meta property=\"og:description\" content=\"Lorsque vous remplacez des syst\u00e8mes CVC concurrents* par Seresco, vous pouvez r\u00e9clamer 300 $ par tonne (paiement minimum de 1200 $, paiement maximum de 36 300 $ par unit\u00e9). Seresco offre aux propri\u00e9taires et aux gestionnaires d&rsquo;installations des performances exceptionnelles en mati\u00e8re de d\u00e9shumidification de piscine, de fiabilit\u00e9 et d&rsquo;efficacit\u00e9 \u00e9nerg\u00e9tique. Comment participer : Pour ... Lire la suite\" \/>\n<meta property=\"og:url\" content=\"https:\/\/serescodehumidifiers.com\/fr\/soumettez-votre-projet-de-remplacement-et-reclamez-jusqua-36-300-par-unite\/\" \/>\n<meta property=\"og:site_name\" content=\"Seresco Dehumidifiers\" \/>\n<meta property=\"article:modified_time\" content=\"2024-10-29T19:17:44+00:00\" \/>\n<meta name=\"twitter:card\" content=\"summary_large_image\" \/>\n<meta name=\"twitter:label1\" content=\"Dur\u00e9e de lecture estim\u00e9e\" \/>\n\t<meta name=\"twitter:data1\" content=\"1 minute\" \/>\n<script type=\"application\/ld+json\" class=\"yoast-schema-graph\">{\"@context\":\"https:\/\/schema.org\",\"@graph\":[{\"@type\":\"WebPage\",\"@id\":\"https:\/\/serescodehumidifiers.com\/fr\/soumettez-votre-projet-de-remplacement-et-reclamez-jusqua-36-300-par-unite\/\",\"url\":\"https:\/\/serescodehumidifiers.com\/fr\/soumettez-votre-projet-de-remplacement-et-reclamez-jusqua-36-300-par-unite\/\",\"name\":\"Soumettez votre projet de remplacement et r\u00e9clamez jusqu'\u00e0 36 300 $ par unit\u00e9 ! - Seresco Dehumidifiers\",\"isPartOf\":{\"@id\":\"https:\/\/serescodehumidifiers.com\/fr\/#website\"},\"datePublished\":\"2024-06-04T19:06:31+00:00\",\"dateModified\":\"2024-10-29T19:17:44+00:00\",\"breadcrumb\":{\"@id\":\"https:\/\/serescodehumidifiers.com\/fr\/soumettez-votre-projet-de-remplacement-et-reclamez-jusqua-36-300-par-unite\/#breadcrumb\"},\"inLanguage\":\"fr-FR\",\"potentialAction\":[{\"@type\":\"ReadAction\",\"target\":[\"https:\/\/serescodehumidifiers.com\/fr\/soumettez-votre-projet-de-remplacement-et-reclamez-jusqua-36-300-par-unite\/\"]}]},{\"@type\":\"BreadcrumbList\",\"@id\":\"https:\/\/serescodehumidifiers.com\/fr\/soumettez-votre-projet-de-remplacement-et-reclamez-jusqua-36-300-par-unite\/#breadcrumb\",\"itemListElement\":[{\"@type\":\"ListItem\",\"position\":1,\"name\":\"Home\",\"item\":\"https:\/\/serescodehumidifiers.com\/fr\/\"},{\"@type\":\"ListItem\",\"position\":2,\"name\":\"Soumettez votre projet de remplacement et r\u00e9clamez jusqu&#8217;\u00e0 36 300 $ par unit\u00e9 !\"}]},{\"@type\":\"WebSite\",\"@id\":\"https:\/\/serescodehumidifiers.com\/fr\/#website\",\"url\":\"https:\/\/serescodehumidifiers.com\/fr\/\",\"name\":\"Seresco Dehumidifiers\",\"description\":\"\",\"publisher\":{\"@id\":\"https:\/\/serescodehumidifiers.com\/fr\/#organization\"},\"potentialAction\":[{\"@type\":\"SearchAction\",\"target\":{\"@type\":\"EntryPoint\",\"urlTemplate\":\"https:\/\/serescodehumidifiers.com\/fr\/?s={search_term_string}\"},\"query-input\":{\"@type\":\"PropertyValueSpecification\",\"valueRequired\":true,\"valueName\":\"search_term_string\"}}],\"inLanguage\":\"fr-FR\"},{\"@type\":\"Organization\",\"@id\":\"https:\/\/serescodehumidifiers.com\/fr\/#organization\",\"name\":\"Seresco Dehumidifiers\",\"url\":\"https:\/\/serescodehumidifiers.com\/fr\/\",\"logo\":{\"@type\":\"ImageObject\",\"inLanguage\":\"fr-FR\",\"@id\":\"https:\/\/serescodehumidifiers.com\/fr\/#\/schema\/logo\/image\/\",\"url\":\"https:\/\/serescodehumidifiers.com\/wp-content\/uploads\/2024\/08\/fichier-1seresco.svg\",\"contentUrl\":\"https:\/\/serescodehumidifiers.com\/wp-content\/uploads\/2024\/08\/fichier-1seresco.svg\",\"caption\":\"Seresco Dehumidifiers\"},\"image\":{\"@id\":\"https:\/\/serescodehumidifiers.com\/fr\/#\/schema\/logo\/image\/\"}}]}<\/script>\n<!-- \/ Yoast SEO plugin. -->","yoast_head_json":{"title":"Soumettez votre projet de remplacement et r\u00e9clamez jusqu'\u00e0 36 300 $ par unit\u00e9 ! - Seresco Dehumidifiers","robots":{"index":"noindex","follow":"nofollow"},"og_locale":"fr_FR","og_type":"article","og_title":"Soumettez votre projet de remplacement et r\u00e9clamez jusqu'\u00e0 36 300 $ par unit\u00e9 ! - Seresco Dehumidifiers","og_description":"Lorsque vous remplacez des syst\u00e8mes CVC concurrents* par Seresco, vous pouvez r\u00e9clamer 300 $ par tonne (paiement minimum de 1200 $, paiement maximum de 36 300 $ par unit\u00e9). Seresco offre aux propri\u00e9taires et aux gestionnaires d&rsquo;installations des performances exceptionnelles en mati\u00e8re de d\u00e9shumidification de piscine, de fiabilit\u00e9 et d&rsquo;efficacit\u00e9 \u00e9nerg\u00e9tique. Comment participer : Pour ... Lire la suite","og_url":"https:\/\/serescodehumidifiers.com\/fr\/soumettez-votre-projet-de-remplacement-et-reclamez-jusqua-36-300-par-unite\/","og_site_name":"Seresco Dehumidifiers","article_modified_time":"2024-10-29T19:17:44+00:00","twitter_card":"summary_large_image","twitter_misc":{"Dur\u00e9e de lecture estim\u00e9e":"1 minute"},"schema":{"@context":"https:\/\/schema.org","@graph":[{"@type":"WebPage","@id":"https:\/\/serescodehumidifiers.com\/fr\/soumettez-votre-projet-de-remplacement-et-reclamez-jusqua-36-300-par-unite\/","url":"https:\/\/serescodehumidifiers.com\/fr\/soumettez-votre-projet-de-remplacement-et-reclamez-jusqua-36-300-par-unite\/","name":"Soumettez votre projet de remplacement et r\u00e9clamez jusqu'\u00e0 36 300 $ par unit\u00e9 ! - Seresco Dehumidifiers","isPartOf":{"@id":"https:\/\/serescodehumidifiers.com\/fr\/#website"},"datePublished":"2024-06-04T19:06:31+00:00","dateModified":"2024-10-29T19:17:44+00:00","breadcrumb":{"@id":"https:\/\/serescodehumidifiers.com\/fr\/soumettez-votre-projet-de-remplacement-et-reclamez-jusqua-36-300-par-unite\/#breadcrumb"},"inLanguage":"fr-FR","potentialAction":[{"@type":"ReadAction","target":["https:\/\/serescodehumidifiers.com\/fr\/soumettez-votre-projet-de-remplacement-et-reclamez-jusqua-36-300-par-unite\/"]}]},{"@type":"BreadcrumbList","@id":"https:\/\/serescodehumidifiers.com\/fr\/soumettez-votre-projet-de-remplacement-et-reclamez-jusqua-36-300-par-unite\/#breadcrumb","itemListElement":[{"@type":"ListItem","position":1,"name":"Home","item":"https:\/\/serescodehumidifiers.com\/fr\/"},{"@type":"ListItem","position":2,"name":"Soumettez votre projet de remplacement et r\u00e9clamez jusqu&#8217;\u00e0 36 300 $ par unit\u00e9 !"}]},{"@type":"WebSite","@id":"https:\/\/serescodehumidifiers.com\/fr\/#website","url":"https:\/\/serescodehumidifiers.com\/fr\/","name":"Seresco Dehumidifiers","description":"","publisher":{"@id":"https:\/\/serescodehumidifiers.com\/fr\/#organization"},"potentialAction":[{"@type":"SearchAction","target":{"@type":"EntryPoint","urlTemplate":"https:\/\/serescodehumidifiers.com\/fr\/?s={search_term_string}"},"query-input":{"@type":"PropertyValueSpecification","valueRequired":true,"valueName":"search_term_string"}}],"inLanguage":"fr-FR"},{"@type":"Organization","@id":"https:\/\/serescodehumidifiers.com\/fr\/#organization","name":"Seresco Dehumidifiers","url":"https:\/\/serescodehumidifiers.com\/fr\/","logo":{"@type":"ImageObject","inLanguage":"fr-FR","@id":"https:\/\/serescodehumidifiers.com\/fr\/#\/schema\/logo\/image\/","url":"https:\/\/serescodehumidifiers.com\/wp-content\/uploads\/2024\/08\/fichier-1seresco.svg","contentUrl":"https:\/\/serescodehumidifiers.com\/wp-content\/uploads\/2024\/08\/fichier-1seresco.svg","caption":"Seresco Dehumidifiers"},"image":{"@id":"https:\/\/serescodehumidifiers.com\/fr\/#\/schema\/logo\/image\/"}}]}},"_links":{"self":[{"href":"https:\/\/serescodehumidifiers.com\/fr\/wp-json\/wp\/v2\/pages\/15710","targetHints":{"allow":["GET"]}}],"collection":[{"href":"https:\/\/serescodehumidifiers.com\/fr\/wp-json\/wp\/v2\/pages"}],"about":[{"href":"https:\/\/serescodehumidifiers.com\/fr\/wp-json\/wp\/v2\/types\/page"}],"author":[{"embeddable":true,"href":"https:\/\/serescodehumidifiers.com\/fr\/wp-json\/wp\/v2\/users\/6"}],"replies":[{"embeddable":true,"href":"https:\/\/serescodehumidifiers.com\/fr\/wp-json\/wp\/v2\/comments?post=15710"}],"version-history":[{"count":3,"href":"https:\/\/serescodehumidifiers.com\/fr\/wp-json\/wp\/v2\/pages\/15710\/revisions"}],"predecessor-version":[{"id":15714,"href":"https:\/\/serescodehumidifiers.com\/fr\/wp-json\/wp\/v2\/pages\/15710\/revisions\/15714"}],"wp:attachment":[{"href":"https:\/\/serescodehumidifiers.com\/fr\/wp-json\/wp\/v2\/media?parent=15710"}],"curies":[{"name":"wp","href":"https:\/\/api.w.org\/{rel}","templated":true}]}}