{"id":15773,"date":"2018-12-12T17:28:20","date_gmt":"2018-12-12T22:28:20","guid":{"rendered":"https:\/\/serescodehumidifiers.com\/?page_id=15773"},"modified":"2024-11-22T15:00:52","modified_gmt":"2024-11-22T20:00:52","slug":"guide-de-conception-des-natatoriums","status":"publish","type":"page","link":"https:\/\/serescodehumidifiers.com\/fr\/guide-de-conception-des-natatoriums\/","title":{"rendered":"Guide de conception des natatoriums"},"content":{"rendered":"\t\t<div data-elementor-type=\"wp-page\" data-elementor-id=\"15773\" class=\"elementor elementor-15773 elementor-5133\" data-elementor-post-type=\"page\">\n\t\t\t\t<div class=\"elementor-element elementor-element-350791a e-flex e-con-boxed e-con e-parent\" data-id=\"350791a\" data-element_type=\"container\" data-e-type=\"container\">\n\t\t\t\t\t<div class=\"e-con-inner\">\n\t\t\t\t<div class=\"elementor-element elementor-element-e590da6 elementor-widget elementor-widget-breadcrumbs\" data-id=\"e590da6\" data-element_type=\"widget\" data-e-type=\"widget\" data-widget_type=\"breadcrumbs.default\">\n\t\t\t\t<div class=\"elementor-widget-container\">\n\t\t\t\t\t<p id=\"breadcrumbs\"><span><span><a href=\"https:\/\/serescodehumidifiers.com\/fr\/\">Home<\/a><\/span><\/span><\/p>\t\t\t\t<\/div>\n\t\t\t\t<\/div>\n\t\t\t\t\t<\/div>\n\t\t\t\t<\/div>\n\t\t\t\t<section class=\"elementor-section elementor-top-section elementor-element elementor-element-42c6e394 elementor-section-boxed elementor-section-height-default elementor-section-height-default\" data-id=\"42c6e394\" data-element_type=\"section\" data-e-type=\"section\">\n\t\t\t\t\t\t<div class=\"elementor-container elementor-column-gap-default\">\n\t\t\t\t\t<div class=\"elementor-column elementor-col-100 elementor-top-column elementor-element elementor-element-2c54edc9\" data-id=\"2c54edc9\" data-element_type=\"column\" data-e-type=\"column\">\n\t\t\t<div class=\"elementor-widget-wrap elementor-element-populated\">\n\t\t\t\t\t\t<div class=\"elementor-element elementor-element-4d076a10 elementor-widget elementor-widget-text-editor\" data-id=\"4d076a10\" data-element_type=\"widget\" data-e-type=\"widget\" data-widget_type=\"text-editor.default\">\n\t\t\t\t<div class=\"elementor-widget-container\">\n\t\t\t\t\t\t\t\t\t<h2>\u00ab\u00a0Un natatorium est l&rsquo;une des installations les plus difficiles \u00e0 concevoir en raison du grand nombre de facteurs critiques \u00e0 prendre en compte.<\/h2><p>La conception d&rsquo;un natatorium est une entreprise complexe qui doit tenir compte de consid\u00e9rations importantes en mati\u00e8re d&rsquo;\u00e9nergie, de confort, de sant\u00e9 et de s\u00e9curit\u00e9. La chaleur, l&rsquo;humidit\u00e9 et les produits chimiques pr\u00e9sents dans les piscines se combinent pour cr\u00e9er des environnements difficiles qui sont \u00e9prouvants pour les b\u00e2timents et les \u00e9quipements.<\/p><p>Assurer un environnement s\u00fbr, sain et confortable pour les piscines int\u00e9rieures tout en minimisant les co\u00fbts d&rsquo;exploitation n&rsquo;est pas une t\u00e2che simple. Le b\u00e2timent, le syst\u00e8me CVC et tous les \u00e9quipements doivent fonctionner de mani\u00e8re fiable, jour apr\u00e8s jour, avec une consommation d&rsquo;\u00e9nergie minimale, quelles que soient les temp\u00e9ratures ambiantes ou le niveau d&rsquo;activit\u00e9 de la piscine.<\/p><p>Le Natatorium Design Guide de Seresco est un ouvrage incontournable pour les ing\u00e9nieurs, les entrepreneurs et les propri\u00e9taires de piscines int\u00e9rieures. Il offre une vue approfondie de toutes les consid\u00e9rations cl\u00e9s pour la conception d&rsquo;une installation r\u00e9ussie, avec une attention particuli\u00e8re port\u00e9e au contr\u00f4le de la chloramine et \u00e0 la distribution de l&rsquo;air.<\/p>\t\t\t\t\t\t\t\t<\/div>\n\t\t\t\t<\/div>\n\t\t\t\t\t<\/div>\n\t\t<\/div>\n\t\t\t\t\t<\/div>\n\t\t<\/section>\n\t\t\t\t<section class=\"elementor-section elementor-top-section elementor-element elementor-element-a3aa210 elementor-section-boxed elementor-section-height-default elementor-section-height-default\" data-id=\"a3aa210\" data-element_type=\"section\" data-e-type=\"section\">\n\t\t\t\t\t\t<div class=\"elementor-container elementor-column-gap-default\">\n\t\t\t\t\t<div class=\"elementor-column elementor-col-50 elementor-top-column elementor-element elementor-element-01cde9f\" data-id=\"01cde9f\" data-element_type=\"column\" data-e-type=\"column\">\n\t\t\t<div class=\"elementor-widget-wrap elementor-element-populated\">\n\t\t\t\t\t\t<div class=\"elementor-element elementor-element-11505b6 elementor-widget elementor-widget-button\" data-id=\"11505b6\" data-element_type=\"widget\" data-e-type=\"widget\" data-widget_type=\"button.default\">\n\t\t\t\t<div class=\"elementor-widget-container\">\n\t\t\t\t\t\t\t\t\t<div class=\"elementor-button-wrapper\">\n\t\t\t\t\t<a class=\"elementor-button elementor-button-link elementor-size-md\" href=\"https:\/\/serescodehumidifiers.com\/fr\/introduction\/\">\n\t\t\t\t\t\t<span class=\"elementor-button-content-wrapper\">\n\t\t\t\t\t\t\t\t\t<span class=\"elementor-button-text\">Lire le Guide de conception du Natatorium<\/span>\n\t\t\t\t\t<\/span>\n\t\t\t\t\t<\/a>\n\t\t\t\t<\/div>\n\t\t\t\t\t\t\t\t<\/div>\n\t\t\t\t<\/div>\n\t\t\t\t\t<\/div>\n\t\t<\/div>\n\t\t\t\t<div class=\"elementor-column elementor-col-50 elementor-top-column elementor-element elementor-element-d9f5fae\" data-id=\"d9f5fae\" data-element_type=\"column\" data-e-type=\"column\">\n\t\t\t<div class=\"elementor-widget-wrap elementor-element-populated\">\n\t\t\t\t\t\t<div class=\"elementor-element elementor-element-184f2bc elementor-widget elementor-widget-button\" data-id=\"184f2bc\" data-element_type=\"widget\" data-e-type=\"widget\" data-widget_type=\"button.default\">\n\t\t\t\t<div class=\"elementor-widget-container\">\n\t\t\t\t\t\t\t\t\t<div class=\"elementor-button-wrapper\">\n\t\t\t\t\t<a class=\"elementor-button elementor-button-link elementor-size-md\" href=\"https:\/\/serescodehumidifiers.com\/wp-content\/uploads\/2024\/11\/seresco-pool-guide-french.pdf\">\n\t\t\t\t\t\t<span class=\"elementor-button-content-wrapper\">\n\t\t\t\t\t\t\t\t\t<span class=\"elementor-button-text\">T\u00e9l\u00e9charger le guide de conception PDF<\/span>\n\t\t\t\t\t<\/span>\n\t\t\t\t\t<\/a>\n\t\t\t\t<\/div>\n\t\t\t\t\t\t\t\t<\/div>\n\t\t\t\t<\/div>\n\t\t\t\t\t<\/div>\n\t\t<\/div>\n\t\t\t\t\t<\/div>\n\t\t<\/section>\n\t\t\t\t<\/div>\n\t\t<div style=\"display:flex; gap:10px;justify-content:center\" class=\"wps-pgfw-pdf-generate-icon__wrapper-frontend\">\n\t\t<a  href=\"https:\/\/serescodehumidifiers.com\/fr\/wp-json\/wp\/v2\/pages\/15773\/?action=genpdf&amp;id=15773\" class=\"pgfw-single-pdf-download-button\" ><img src=\"https:\/\/serescodehumidifiers.com\/wp-content\/plugins\/pdf-generator-for-wp\/admin\/src\/images\/PDF_Tray.svg\" title=\"G\u00e9n\u00e9rer un PDF\" style=\"width:auto; height:45px;\"><\/a>\n\t\t<\/div>","protected":false},"excerpt":{"rendered":"<p>\u00ab\u00a0Un natatorium est l&rsquo;une des installations les plus difficiles \u00e0 concevoir en raison du grand nombre de facteurs critiques \u00e0 prendre en compte. La conception d&rsquo;un natatorium est une entreprise complexe qui doit tenir compte de consid\u00e9rations importantes en mati\u00e8re d&rsquo;\u00e9nergie, de confort, de sant\u00e9 et de s\u00e9curit\u00e9. La chaleur, l&rsquo;humidit\u00e9 et les produits chimiques &#8230; <a title=\"Guide de conception des natatoriums\" class=\"read-more\" href=\"https:\/\/serescodehumidifiers.com\/fr\/guide-de-conception-des-natatoriums\/\" aria-label=\"En savoir plus sur Guide de conception des natatoriums\">Lire la suite<\/a><\/p>\n","protected":false},"author":6,"featured_media":14142,"parent":0,"menu_order":0,"comment_status":"closed","ping_status":"closed","template":"","meta":{"inline_featured_image":false,"generate_page_header":"","footnotes":""},"class_list":["post-15773","page","type-page","status-publish","has-post-thumbnail"],"yoast_head":"<!-- This site is optimized with the Yoast SEO plugin v27.1.1 - https:\/\/yoast.com\/product\/yoast-seo-wordpress\/ -->\n<title>Guide de conception des natatoriums - Seresco Dehumidifiers<\/title>\n<meta name=\"robots\" content=\"index, follow, max-snippet:-1, max-image-preview:large, max-video-preview:-1\" \/>\n<link rel=\"canonical\" href=\"https:\/\/serescodehumidifiers.com\/fr\/guide-de-conception-des-natatoriums\/\" \/>\n<meta property=\"og:locale\" content=\"fr_FR\" \/>\n<meta property=\"og:type\" content=\"article\" \/>\n<meta property=\"og:title\" content=\"Guide de conception des natatoriums - Seresco Dehumidifiers\" \/>\n<meta property=\"og:description\" content=\"\u00ab\u00a0Un natatorium est l&rsquo;une des installations les plus difficiles \u00e0 concevoir en raison du grand nombre de facteurs critiques \u00e0 prendre en compte. La conception d&rsquo;un natatorium est une entreprise complexe qui doit tenir compte de consid\u00e9rations importantes en mati\u00e8re d&rsquo;\u00e9nergie, de confort, de sant\u00e9 et de s\u00e9curit\u00e9. La chaleur, l&rsquo;humidit\u00e9 et les produits chimiques ... Lire la suite\" \/>\n<meta property=\"og:url\" content=\"https:\/\/serescodehumidifiers.com\/fr\/guide-de-conception-des-natatoriums\/\" \/>\n<meta property=\"og:site_name\" content=\"Seresco Dehumidifiers\" \/>\n<meta property=\"article:modified_time\" content=\"2024-11-22T20:00:52+00:00\" \/>\n<meta property=\"og:image\" content=\"https:\/\/serescodehumidifiers.com\/wp-content\/uploads\/2018\/07\/banner_replacement-1.jpg\" \/>\n\t<meta property=\"og:image:width\" content=\"1920\" \/>\n\t<meta property=\"og:image:height\" content=\"459\" \/>\n\t<meta property=\"og:image:type\" content=\"image\/jpeg\" \/>\n<meta name=\"twitter:card\" content=\"summary_large_image\" \/>\n<meta name=\"twitter:label1\" content=\"Dur\u00e9e de lecture estim\u00e9e\" \/>\n\t<meta name=\"twitter:data1\" content=\"1 minute\" \/>\n<script type=\"application\/ld+json\" class=\"yoast-schema-graph\">{\"@context\":\"https:\/\/schema.org\",\"@graph\":[{\"@type\":\"WebPage\",\"@id\":\"https:\/\/serescodehumidifiers.com\/fr\/guide-de-conception-des-natatoriums\/\",\"url\":\"https:\/\/serescodehumidifiers.com\/fr\/guide-de-conception-des-natatoriums\/\",\"name\":\"Guide de conception des natatoriums - Seresco Dehumidifiers\",\"isPartOf\":{\"@id\":\"https:\/\/serescodehumidifiers.com\/fr\/#website\"},\"primaryImageOfPage\":{\"@id\":\"https:\/\/serescodehumidifiers.com\/fr\/guide-de-conception-des-natatoriums\/#primaryimage\"},\"image\":{\"@id\":\"https:\/\/serescodehumidifiers.com\/fr\/guide-de-conception-des-natatoriums\/#primaryimage\"},\"thumbnailUrl\":\"https:\/\/serescodehumidifiers.com\/wp-content\/uploads\/2018\/07\/banner_replacement-1.jpg\",\"datePublished\":\"2018-12-12T22:28:20+00:00\",\"dateModified\":\"2024-11-22T20:00:52+00:00\",\"breadcrumb\":{\"@id\":\"https:\/\/serescodehumidifiers.com\/fr\/guide-de-conception-des-natatoriums\/#breadcrumb\"},\"inLanguage\":\"fr-FR\",\"potentialAction\":[{\"@type\":\"ReadAction\",\"target\":[\"https:\/\/serescodehumidifiers.com\/fr\/guide-de-conception-des-natatoriums\/\"]}]},{\"@type\":\"ImageObject\",\"inLanguage\":\"fr-FR\",\"@id\":\"https:\/\/serescodehumidifiers.com\/fr\/guide-de-conception-des-natatoriums\/#primaryimage\",\"url\":\"https:\/\/serescodehumidifiers.com\/wp-content\/uploads\/2018\/07\/banner_replacement-1.jpg\",\"contentUrl\":\"https:\/\/serescodehumidifiers.com\/wp-content\/uploads\/2018\/07\/banner_replacement-1.jpg\",\"width\":1920,\"height\":459},{\"@type\":\"BreadcrumbList\",\"@id\":\"https:\/\/serescodehumidifiers.com\/fr\/guide-de-conception-des-natatoriums\/#breadcrumb\",\"itemListElement\":[{\"@type\":\"ListItem\",\"position\":1,\"name\":\"Home\",\"item\":\"https:\/\/serescodehumidifiers.com\/fr\/\"},{\"@type\":\"ListItem\",\"position\":2,\"name\":\"Guide de conception des natatoriums\"}]},{\"@type\":\"WebSite\",\"@id\":\"https:\/\/serescodehumidifiers.com\/fr\/#website\",\"url\":\"https:\/\/serescodehumidifiers.com\/fr\/\",\"name\":\"Seresco Dehumidifiers\",\"description\":\"\",\"publisher\":{\"@id\":\"https:\/\/serescodehumidifiers.com\/fr\/#organization\"},\"potentialAction\":[{\"@type\":\"SearchAction\",\"target\":{\"@type\":\"EntryPoint\",\"urlTemplate\":\"https:\/\/serescodehumidifiers.com\/fr\/?s={search_term_string}\"},\"query-input\":{\"@type\":\"PropertyValueSpecification\",\"valueRequired\":true,\"valueName\":\"search_term_string\"}}],\"inLanguage\":\"fr-FR\"},{\"@type\":\"Organization\",\"@id\":\"https:\/\/serescodehumidifiers.com\/fr\/#organization\",\"name\":\"Seresco Dehumidifiers\",\"url\":\"https:\/\/serescodehumidifiers.com\/fr\/\",\"logo\":{\"@type\":\"ImageObject\",\"inLanguage\":\"fr-FR\",\"@id\":\"https:\/\/serescodehumidifiers.com\/fr\/#\/schema\/logo\/image\/\",\"url\":\"https:\/\/serescodehumidifiers.com\/wp-content\/uploads\/2024\/08\/fichier-1seresco.svg\",\"contentUrl\":\"https:\/\/serescodehumidifiers.com\/wp-content\/uploads\/2024\/08\/fichier-1seresco.svg\",\"caption\":\"Seresco Dehumidifiers\"},\"image\":{\"@id\":\"https:\/\/serescodehumidifiers.com\/fr\/#\/schema\/logo\/image\/\"}}]}<\/script>\n<!-- \/ Yoast SEO plugin. -->","yoast_head_json":{"title":"Guide de conception des natatoriums - Seresco Dehumidifiers","robots":{"index":"index","follow":"follow","max-snippet":"max-snippet:-1","max-image-preview":"max-image-preview:large","max-video-preview":"max-video-preview:-1"},"canonical":"https:\/\/serescodehumidifiers.com\/fr\/guide-de-conception-des-natatoriums\/","og_locale":"fr_FR","og_type":"article","og_title":"Guide de conception des natatoriums - Seresco Dehumidifiers","og_description":"\u00ab\u00a0Un natatorium est l&rsquo;une des installations les plus difficiles \u00e0 concevoir en raison du grand nombre de facteurs critiques \u00e0 prendre en compte. La conception d&rsquo;un natatorium est une entreprise complexe qui doit tenir compte de consid\u00e9rations importantes en mati\u00e8re d&rsquo;\u00e9nergie, de confort, de sant\u00e9 et de s\u00e9curit\u00e9. La chaleur, l&rsquo;humidit\u00e9 et les produits chimiques ... Lire la suite","og_url":"https:\/\/serescodehumidifiers.com\/fr\/guide-de-conception-des-natatoriums\/","og_site_name":"Seresco Dehumidifiers","article_modified_time":"2024-11-22T20:00:52+00:00","og_image":[{"width":1920,"height":459,"url":"https:\/\/serescodehumidifiers.com\/wp-content\/uploads\/2018\/07\/banner_replacement-1.jpg","type":"image\/jpeg"}],"twitter_card":"summary_large_image","twitter_misc":{"Dur\u00e9e de lecture estim\u00e9e":"1 minute"},"schema":{"@context":"https:\/\/schema.org","@graph":[{"@type":"WebPage","@id":"https:\/\/serescodehumidifiers.com\/fr\/guide-de-conception-des-natatoriums\/","url":"https:\/\/serescodehumidifiers.com\/fr\/guide-de-conception-des-natatoriums\/","name":"Guide de conception des natatoriums - Seresco Dehumidifiers","isPartOf":{"@id":"https:\/\/serescodehumidifiers.com\/fr\/#website"},"primaryImageOfPage":{"@id":"https:\/\/serescodehumidifiers.com\/fr\/guide-de-conception-des-natatoriums\/#primaryimage"},"image":{"@id":"https:\/\/serescodehumidifiers.com\/fr\/guide-de-conception-des-natatoriums\/#primaryimage"},"thumbnailUrl":"https:\/\/serescodehumidifiers.com\/wp-content\/uploads\/2018\/07\/banner_replacement-1.jpg","datePublished":"2018-12-12T22:28:20+00:00","dateModified":"2024-11-22T20:00:52+00:00","breadcrumb":{"@id":"https:\/\/serescodehumidifiers.com\/fr\/guide-de-conception-des-natatoriums\/#breadcrumb"},"inLanguage":"fr-FR","potentialAction":[{"@type":"ReadAction","target":["https:\/\/serescodehumidifiers.com\/fr\/guide-de-conception-des-natatoriums\/"]}]},{"@type":"ImageObject","inLanguage":"fr-FR","@id":"https:\/\/serescodehumidifiers.com\/fr\/guide-de-conception-des-natatoriums\/#primaryimage","url":"https:\/\/serescodehumidifiers.com\/wp-content\/uploads\/2018\/07\/banner_replacement-1.jpg","contentUrl":"https:\/\/serescodehumidifiers.com\/wp-content\/uploads\/2018\/07\/banner_replacement-1.jpg","width":1920,"height":459},{"@type":"BreadcrumbList","@id":"https:\/\/serescodehumidifiers.com\/fr\/guide-de-conception-des-natatoriums\/#breadcrumb","itemListElement":[{"@type":"ListItem","position":1,"name":"Home","item":"https:\/\/serescodehumidifiers.com\/fr\/"},{"@type":"ListItem","position":2,"name":"Guide de conception des natatoriums"}]},{"@type":"WebSite","@id":"https:\/\/serescodehumidifiers.com\/fr\/#website","url":"https:\/\/serescodehumidifiers.com\/fr\/","name":"Seresco Dehumidifiers","description":"","publisher":{"@id":"https:\/\/serescodehumidifiers.com\/fr\/#organization"},"potentialAction":[{"@type":"SearchAction","target":{"@type":"EntryPoint","urlTemplate":"https:\/\/serescodehumidifiers.com\/fr\/?s={search_term_string}"},"query-input":{"@type":"PropertyValueSpecification","valueRequired":true,"valueName":"search_term_string"}}],"inLanguage":"fr-FR"},{"@type":"Organization","@id":"https:\/\/serescodehumidifiers.com\/fr\/#organization","name":"Seresco Dehumidifiers","url":"https:\/\/serescodehumidifiers.com\/fr\/","logo":{"@type":"ImageObject","inLanguage":"fr-FR","@id":"https:\/\/serescodehumidifiers.com\/fr\/#\/schema\/logo\/image\/","url":"https:\/\/serescodehumidifiers.com\/wp-content\/uploads\/2024\/08\/fichier-1seresco.svg","contentUrl":"https:\/\/serescodehumidifiers.com\/wp-content\/uploads\/2024\/08\/fichier-1seresco.svg","caption":"Seresco Dehumidifiers"},"image":{"@id":"https:\/\/serescodehumidifiers.com\/fr\/#\/schema\/logo\/image\/"}}]}},"_links":{"self":[{"href":"https:\/\/serescodehumidifiers.com\/fr\/wp-json\/wp\/v2\/pages\/15773","targetHints":{"allow":["GET"]}}],"collection":[{"href":"https:\/\/serescodehumidifiers.com\/fr\/wp-json\/wp\/v2\/pages"}],"about":[{"href":"https:\/\/serescodehumidifiers.com\/fr\/wp-json\/wp\/v2\/types\/page"}],"author":[{"embeddable":true,"href":"https:\/\/serescodehumidifiers.com\/fr\/wp-json\/wp\/v2\/users\/6"}],"replies":[{"embeddable":true,"href":"https:\/\/serescodehumidifiers.com\/fr\/wp-json\/wp\/v2\/comments?post=15773"}],"version-history":[{"count":3,"href":"https:\/\/serescodehumidifiers.com\/fr\/wp-json\/wp\/v2\/pages\/15773\/revisions"}],"predecessor-version":[{"id":16149,"href":"https:\/\/serescodehumidifiers.com\/fr\/wp-json\/wp\/v2\/pages\/15773\/revisions\/16149"}],"wp:featuredmedia":[{"embeddable":true,"href":"https:\/\/serescodehumidifiers.com\/fr\/wp-json\/wp\/v2\/media\/14142"}],"wp:attachment":[{"href":"https:\/\/serescodehumidifiers.com\/fr\/wp-json\/wp\/v2\/media?parent=15773"}],"curies":[{"name":"wp","href":"https:\/\/api.w.org\/{rel}","templated":true}]}}