{"id":15778,"date":"2017-12-18T10:49:21","date_gmt":"2017-12-18T15:49:21","guid":{"rendered":"https:\/\/serescodehumidifiers.com\/?page_id=15778"},"modified":"2025-06-13T09:22:20","modified_gmt":"2025-06-13T13:22:20","slug":"notre-histoire","status":"publish","type":"page","link":"https:\/\/serescodehumidifiers.com\/fr\/pourquoi-seresco\/notre-histoire\/","title":{"rendered":"notre histoire"},"content":{"rendered":"\t\t<div data-elementor-type=\"wp-page\" data-elementor-id=\"15778\" class=\"elementor elementor-15778 elementor-464\" data-elementor-post-type=\"page\">\n\t\t\t\t<div class=\"elementor-element elementor-element-770acc1 e-flex e-con-boxed e-con e-parent\" data-id=\"770acc1\" data-element_type=\"container\" data-e-type=\"container\">\n\t\t\t\t\t<div class=\"e-con-inner\">\n\t\t\t\t<div class=\"elementor-element elementor-element-d0537e3 elementor-widget elementor-widget-text-editor\" data-id=\"d0537e3\" data-element_type=\"widget\" data-e-type=\"widget\" data-widget_type=\"text-editor.default\">\n\t\t\t\t<div class=\"elementor-widget-container\">\n\t\t\t\t\t\t\t\t\t<p><strong>Pourquoi Seresco<\/strong><\/p><p>Seresco a \u00e9t\u00e9 fond\u00e9 avec la vision d&rsquo;innover l&rsquo;industrie de la d\u00e9shumidification des piscines int\u00e9rieures.<\/p><p>Les fondateurs de Seresco savaient qu&rsquo;avec une attention m\u00e9ticuleuse au design et une attention exceptionnelle aux processus de fabrication, ils pouvaient construire des solutions qui \u00e9tablissaient de nouvelles normes pour la qualit\u00e9 de l&rsquo;air int\u00e9rieur.<\/p><p>Seresco fabrique aujourd&rsquo;hui les d\u00e9shumidificateurs les plus avanc\u00e9s de l&rsquo;industrie et jouit d&rsquo;une r\u00e9putation de performance et de fiabilit\u00e9 au co\u00fbt de propri\u00e9t\u00e9 le plus bas de l&rsquo;industrie.<\/p><p>Mais notre histoire est loin de s&rsquo;arr\u00eater l\u00e0. Nous nous effor\u00e7ons de continuer \u00e0 cr\u00e9er un changement positif dans notre industrie en \u00e9tablissant des r\u00e9f\u00e9rences encore plus \u00e9lev\u00e9es en mati\u00e8re de QAI et en permettant aux propri\u00e9taires de piscines int\u00e9rieures, aux entrepreneurs et aux ing\u00e9nieurs de cr\u00e9er un environnement optimal pour les piscines int\u00e9rieures.<\/p><p>Nous innovons \u00e0 un rythme acc\u00e9l\u00e9r\u00e9, en nous concentrant encore plus sur l&rsquo;ing\u00e9nierie des technologies de d\u00e9shumidification les plus efficaces sur le plan \u00e9nerg\u00e9tique et les plus respectueuses de l&rsquo;environnement. Seresco est un leader d&rsquo;opinion reconnu dans le domaine de la d\u00e9shumidification des piscines int\u00e9rieures et produit r\u00e9guli\u00e8rement des ressources utiles pour les principaux d\u00e9cideurs de l&rsquo;industrie. Vous trouverez le contenu de nos v\u00e9t\u00e9rans en CVC pour piscines int\u00e9rieures ici m\u00eame sur notre site Web, ainsi que dans les publications de l&rsquo;industrie.<\/p>\t\t\t\t\t\t\t\t<\/div>\n\t\t\t\t<\/div>\n\t\t\t\t\t<\/div>\n\t\t\t\t<\/div>\n\t\t\t\t<\/div>\n\t\t<div style=\"display:flex; gap:10px;justify-content:center\" class=\"wps-pgfw-pdf-generate-icon__wrapper-frontend\">\n\t\t<a  href=\"https:\/\/serescodehumidifiers.com\/fr\/wp-json\/wp\/v2\/pages\/15778\/?action=genpdf&amp;id=15778\" class=\"pgfw-single-pdf-download-button\" ><img src=\"https:\/\/serescodehumidifiers.com\/wp-content\/plugins\/pdf-generator-for-wp\/admin\/src\/images\/PDF_Tray.svg\" title=\"G\u00e9n\u00e9rer un PDF\" style=\"width:auto; height:45px;\"><\/a>\n\t\t<\/div>","protected":false},"excerpt":{"rendered":"<p>Pourquoi Seresco Seresco a \u00e9t\u00e9 fond\u00e9 avec la vision d&rsquo;innover l&rsquo;industrie de la d\u00e9shumidification des piscines int\u00e9rieures. Les fondateurs de Seresco savaient qu&rsquo;avec une attention m\u00e9ticuleuse au design et une attention exceptionnelle aux processus de fabrication, ils pouvaient construire des solutions qui \u00e9tablissaient de nouvelles normes pour la qualit\u00e9 de l&rsquo;air int\u00e9rieur. Seresco fabrique aujourd&rsquo;hui &#8230; <a title=\"notre histoire\" class=\"read-more\" href=\"https:\/\/serescodehumidifiers.com\/fr\/pourquoi-seresco\/notre-histoire\/\" aria-label=\"En savoir plus sur notre histoire\">Lire la suite<\/a><\/p>\n","protected":false},"author":6,"featured_media":14205,"parent":16189,"menu_order":0,"comment_status":"closed","ping_status":"closed","template":"","meta":{"inline_featured_image":false,"generate_page_header":"","footnotes":""},"class_list":["post-15778","page","type-page","status-publish","has-post-thumbnail"],"yoast_head":"<!-- This site is optimized with the Yoast SEO plugin v27.4 - https:\/\/yoast.com\/product\/yoast-seo-wordpress\/ -->\n<title>notre histoire - Seresco Dehumidifiers<\/title>\n<meta name=\"description\" content=\"Seresco fabrique les d\u00e9shumidificateurs les plus avanc\u00e9s de l&#039;industrie et offre performance et fiabilit\u00e9 au co\u00fbt le plus bas de l&#039;industrie.\" \/>\n<meta name=\"robots\" content=\"index, follow, max-snippet:-1, max-image-preview:large, max-video-preview:-1\" \/>\n<link rel=\"canonical\" href=\"https:\/\/serescodehumidifiers.com\/fr\/pourquoi-seresco\/notre-histoire\/\" \/>\n<meta property=\"og:locale\" content=\"fr_FR\" \/>\n<meta property=\"og:type\" content=\"article\" \/>\n<meta property=\"og:title\" content=\"notre histoire - Seresco Dehumidifiers\" \/>\n<meta property=\"og:description\" content=\"Seresco fabrique les d\u00e9shumidificateurs les plus avanc\u00e9s de l&#039;industrie et offre performance et fiabilit\u00e9 au co\u00fbt le plus bas de l&#039;industrie.\" \/>\n<meta property=\"og:url\" content=\"https:\/\/serescodehumidifiers.com\/fr\/pourquoi-seresco\/notre-histoire\/\" \/>\n<meta property=\"og:site_name\" content=\"Seresco Dehumidifiers\" \/>\n<meta property=\"article:modified_time\" content=\"2025-06-13T13:22:20+00:00\" \/>\n<meta property=\"og:image\" content=\"https:\/\/serescodehumidifiers.com\/wp-content\/uploads\/2018\/07\/our-story-hero-min.jpg\" \/>\n\t<meta property=\"og:image:width\" content=\"1920\" \/>\n\t<meta property=\"og:image:height\" content=\"700\" \/>\n\t<meta property=\"og:image:type\" content=\"image\/jpeg\" \/>\n<meta name=\"twitter:card\" content=\"summary_large_image\" \/>\n<meta name=\"twitter:label1\" content=\"Dur\u00e9e de lecture estim\u00e9e\" \/>\n\t<meta name=\"twitter:data1\" content=\"2 minutes\" \/>\n<script type=\"application\/ld+json\" class=\"yoast-schema-graph\">{\"@context\":\"https:\\\/\\\/schema.org\",\"@graph\":[{\"@type\":\"WebPage\",\"@id\":\"https:\\\/\\\/serescodehumidifiers.com\\\/fr\\\/pourquoi-seresco\\\/notre-histoire\\\/\",\"url\":\"https:\\\/\\\/serescodehumidifiers.com\\\/fr\\\/pourquoi-seresco\\\/notre-histoire\\\/\",\"name\":\"notre histoire - Seresco Dehumidifiers\",\"isPartOf\":{\"@id\":\"https:\\\/\\\/serescodehumidifiers.com\\\/fr\\\/#website\"},\"primaryImageOfPage\":{\"@id\":\"https:\\\/\\\/serescodehumidifiers.com\\\/fr\\\/pourquoi-seresco\\\/notre-histoire\\\/#primaryimage\"},\"image\":{\"@id\":\"https:\\\/\\\/serescodehumidifiers.com\\\/fr\\\/pourquoi-seresco\\\/notre-histoire\\\/#primaryimage\"},\"thumbnailUrl\":\"https:\\\/\\\/serescodehumidifiers.com\\\/wp-content\\\/uploads\\\/2018\\\/07\\\/our-story-hero-min.jpg\",\"datePublished\":\"2017-12-18T15:49:21+00:00\",\"dateModified\":\"2025-06-13T13:22:20+00:00\",\"description\":\"Seresco fabrique les d\u00e9shumidificateurs les plus avanc\u00e9s de l'industrie et offre performance et fiabilit\u00e9 au co\u00fbt le plus bas de l'industrie.\",\"breadcrumb\":{\"@id\":\"https:\\\/\\\/serescodehumidifiers.com\\\/fr\\\/pourquoi-seresco\\\/notre-histoire\\\/#breadcrumb\"},\"inLanguage\":\"fr-FR\",\"potentialAction\":[{\"@type\":\"ReadAction\",\"target\":[\"https:\\\/\\\/serescodehumidifiers.com\\\/fr\\\/pourquoi-seresco\\\/notre-histoire\\\/\"]}]},{\"@type\":\"ImageObject\",\"inLanguage\":\"fr-FR\",\"@id\":\"https:\\\/\\\/serescodehumidifiers.com\\\/fr\\\/pourquoi-seresco\\\/notre-histoire\\\/#primaryimage\",\"url\":\"https:\\\/\\\/serescodehumidifiers.com\\\/wp-content\\\/uploads\\\/2018\\\/07\\\/our-story-hero-min.jpg\",\"contentUrl\":\"https:\\\/\\\/serescodehumidifiers.com\\\/wp-content\\\/uploads\\\/2018\\\/07\\\/our-story-hero-min.jpg\",\"width\":1920,\"height\":700},{\"@type\":\"BreadcrumbList\",\"@id\":\"https:\\\/\\\/serescodehumidifiers.com\\\/fr\\\/pourquoi-seresco\\\/notre-histoire\\\/#breadcrumb\",\"itemListElement\":[{\"@type\":\"ListItem\",\"position\":1,\"name\":\"Home\",\"item\":\"https:\\\/\\\/serescodehumidifiers.com\\\/fr\\\/\"},{\"@type\":\"ListItem\",\"position\":2,\"name\":\"pourquoi seresco\",\"item\":\"https:\\\/\\\/serescodehumidifiers.com\\\/fr\\\/pourquoi-seresco\\\/\"},{\"@type\":\"ListItem\",\"position\":3,\"name\":\"notre histoire\"}]},{\"@type\":\"WebSite\",\"@id\":\"https:\\\/\\\/serescodehumidifiers.com\\\/fr\\\/#website\",\"url\":\"https:\\\/\\\/serescodehumidifiers.com\\\/fr\\\/\",\"name\":\"Seresco Dehumidifiers\",\"description\":\"\",\"publisher\":{\"@id\":\"https:\\\/\\\/serescodehumidifiers.com\\\/fr\\\/#organization\"},\"potentialAction\":[{\"@type\":\"SearchAction\",\"target\":{\"@type\":\"EntryPoint\",\"urlTemplate\":\"https:\\\/\\\/serescodehumidifiers.com\\\/fr\\\/?s={search_term_string}\"},\"query-input\":{\"@type\":\"PropertyValueSpecification\",\"valueRequired\":true,\"valueName\":\"search_term_string\"}}],\"inLanguage\":\"fr-FR\"},{\"@type\":\"Organization\",\"@id\":\"https:\\\/\\\/serescodehumidifiers.com\\\/fr\\\/#organization\",\"name\":\"Seresco Dehumidifiers\",\"url\":\"https:\\\/\\\/serescodehumidifiers.com\\\/fr\\\/\",\"logo\":{\"@type\":\"ImageObject\",\"inLanguage\":\"fr-FR\",\"@id\":\"https:\\\/\\\/serescodehumidifiers.com\\\/fr\\\/#\\\/schema\\\/logo\\\/image\\\/\",\"url\":\"https:\\\/\\\/serescodehumidifiers.com\\\/wp-content\\\/uploads\\\/2024\\\/08\\\/fichier-1seresco.svg\",\"contentUrl\":\"https:\\\/\\\/serescodehumidifiers.com\\\/wp-content\\\/uploads\\\/2024\\\/08\\\/fichier-1seresco.svg\",\"caption\":\"Seresco Dehumidifiers\"},\"image\":{\"@id\":\"https:\\\/\\\/serescodehumidifiers.com\\\/fr\\\/#\\\/schema\\\/logo\\\/image\\\/\"}}]}<\/script>\n<!-- \/ Yoast SEO plugin. -->","yoast_head_json":{"title":"notre histoire - Seresco Dehumidifiers","description":"Seresco fabrique les d\u00e9shumidificateurs les plus avanc\u00e9s de l'industrie et offre performance et fiabilit\u00e9 au co\u00fbt le plus bas de l'industrie.","robots":{"index":"index","follow":"follow","max-snippet":"max-snippet:-1","max-image-preview":"max-image-preview:large","max-video-preview":"max-video-preview:-1"},"canonical":"https:\/\/serescodehumidifiers.com\/fr\/pourquoi-seresco\/notre-histoire\/","og_locale":"fr_FR","og_type":"article","og_title":"notre histoire - Seresco Dehumidifiers","og_description":"Seresco fabrique les d\u00e9shumidificateurs les plus avanc\u00e9s de l'industrie et offre performance et fiabilit\u00e9 au co\u00fbt le plus bas de l'industrie.","og_url":"https:\/\/serescodehumidifiers.com\/fr\/pourquoi-seresco\/notre-histoire\/","og_site_name":"Seresco Dehumidifiers","article_modified_time":"2025-06-13T13:22:20+00:00","og_image":[{"width":1920,"height":700,"url":"https:\/\/serescodehumidifiers.com\/wp-content\/uploads\/2018\/07\/our-story-hero-min.jpg","type":"image\/jpeg"}],"twitter_card":"summary_large_image","twitter_misc":{"Dur\u00e9e de lecture estim\u00e9e":"2 minutes"},"schema":{"@context":"https:\/\/schema.org","@graph":[{"@type":"WebPage","@id":"https:\/\/serescodehumidifiers.com\/fr\/pourquoi-seresco\/notre-histoire\/","url":"https:\/\/serescodehumidifiers.com\/fr\/pourquoi-seresco\/notre-histoire\/","name":"notre histoire - Seresco Dehumidifiers","isPartOf":{"@id":"https:\/\/serescodehumidifiers.com\/fr\/#website"},"primaryImageOfPage":{"@id":"https:\/\/serescodehumidifiers.com\/fr\/pourquoi-seresco\/notre-histoire\/#primaryimage"},"image":{"@id":"https:\/\/serescodehumidifiers.com\/fr\/pourquoi-seresco\/notre-histoire\/#primaryimage"},"thumbnailUrl":"https:\/\/serescodehumidifiers.com\/wp-content\/uploads\/2018\/07\/our-story-hero-min.jpg","datePublished":"2017-12-18T15:49:21+00:00","dateModified":"2025-06-13T13:22:20+00:00","description":"Seresco fabrique les d\u00e9shumidificateurs les plus avanc\u00e9s de l'industrie et offre performance et fiabilit\u00e9 au co\u00fbt le plus bas de l'industrie.","breadcrumb":{"@id":"https:\/\/serescodehumidifiers.com\/fr\/pourquoi-seresco\/notre-histoire\/#breadcrumb"},"inLanguage":"fr-FR","potentialAction":[{"@type":"ReadAction","target":["https:\/\/serescodehumidifiers.com\/fr\/pourquoi-seresco\/notre-histoire\/"]}]},{"@type":"ImageObject","inLanguage":"fr-FR","@id":"https:\/\/serescodehumidifiers.com\/fr\/pourquoi-seresco\/notre-histoire\/#primaryimage","url":"https:\/\/serescodehumidifiers.com\/wp-content\/uploads\/2018\/07\/our-story-hero-min.jpg","contentUrl":"https:\/\/serescodehumidifiers.com\/wp-content\/uploads\/2018\/07\/our-story-hero-min.jpg","width":1920,"height":700},{"@type":"BreadcrumbList","@id":"https:\/\/serescodehumidifiers.com\/fr\/pourquoi-seresco\/notre-histoire\/#breadcrumb","itemListElement":[{"@type":"ListItem","position":1,"name":"Home","item":"https:\/\/serescodehumidifiers.com\/fr\/"},{"@type":"ListItem","position":2,"name":"pourquoi seresco","item":"https:\/\/serescodehumidifiers.com\/fr\/pourquoi-seresco\/"},{"@type":"ListItem","position":3,"name":"notre histoire"}]},{"@type":"WebSite","@id":"https:\/\/serescodehumidifiers.com\/fr\/#website","url":"https:\/\/serescodehumidifiers.com\/fr\/","name":"Seresco Dehumidifiers","description":"","publisher":{"@id":"https:\/\/serescodehumidifiers.com\/fr\/#organization"},"potentialAction":[{"@type":"SearchAction","target":{"@type":"EntryPoint","urlTemplate":"https:\/\/serescodehumidifiers.com\/fr\/?s={search_term_string}"},"query-input":{"@type":"PropertyValueSpecification","valueRequired":true,"valueName":"search_term_string"}}],"inLanguage":"fr-FR"},{"@type":"Organization","@id":"https:\/\/serescodehumidifiers.com\/fr\/#organization","name":"Seresco Dehumidifiers","url":"https:\/\/serescodehumidifiers.com\/fr\/","logo":{"@type":"ImageObject","inLanguage":"fr-FR","@id":"https:\/\/serescodehumidifiers.com\/fr\/#\/schema\/logo\/image\/","url":"https:\/\/serescodehumidifiers.com\/wp-content\/uploads\/2024\/08\/fichier-1seresco.svg","contentUrl":"https:\/\/serescodehumidifiers.com\/wp-content\/uploads\/2024\/08\/fichier-1seresco.svg","caption":"Seresco Dehumidifiers"},"image":{"@id":"https:\/\/serescodehumidifiers.com\/fr\/#\/schema\/logo\/image\/"}}]}},"_links":{"self":[{"href":"https:\/\/serescodehumidifiers.com\/fr\/wp-json\/wp\/v2\/pages\/15778","targetHints":{"allow":["GET"]}}],"collection":[{"href":"https:\/\/serescodehumidifiers.com\/fr\/wp-json\/wp\/v2\/pages"}],"about":[{"href":"https:\/\/serescodehumidifiers.com\/fr\/wp-json\/wp\/v2\/types\/page"}],"author":[{"embeddable":true,"href":"https:\/\/serescodehumidifiers.com\/fr\/wp-json\/wp\/v2\/users\/6"}],"replies":[{"embeddable":true,"href":"https:\/\/serescodehumidifiers.com\/fr\/wp-json\/wp\/v2\/comments?post=15778"}],"version-history":[{"count":3,"href":"https:\/\/serescodehumidifiers.com\/fr\/wp-json\/wp\/v2\/pages\/15778\/revisions"}],"predecessor-version":[{"id":16623,"href":"https:\/\/serescodehumidifiers.com\/fr\/wp-json\/wp\/v2\/pages\/15778\/revisions\/16623"}],"up":[{"embeddable":true,"href":"https:\/\/serescodehumidifiers.com\/fr\/wp-json\/wp\/v2\/pages\/16189"}],"wp:featuredmedia":[{"embeddable":true,"href":"https:\/\/serescodehumidifiers.com\/fr\/wp-json\/wp\/v2\/media\/14205"}],"wp:attachment":[{"href":"https:\/\/serescodehumidifiers.com\/fr\/wp-json\/wp\/v2\/media?parent=15778"}],"curies":[{"name":"wp","href":"https:\/\/api.w.org\/{rel}","templated":true}]}}