{"id":15784,"date":"2017-12-18T10:52:36","date_gmt":"2017-12-18T15:52:36","guid":{"rendered":"https:\/\/serescodehumidifiers.com\/?page_id=15784"},"modified":"2024-12-05T09:46:23","modified_gmt":"2024-12-05T14:46:23","slug":"un-meilleur-deshumidificateur","status":"publish","type":"page","link":"https:\/\/serescodehumidifiers.com\/fr\/pourquoi-seresco\/un-meilleur-deshumidificateur\/","title":{"rendered":"Un meilleur d\u00e9shumidificateur"},"content":{"rendered":"\t\t<div data-elementor-type=\"wp-page\" data-elementor-id=\"15784\" class=\"elementor elementor-15784 elementor-466\" data-elementor-post-type=\"page\">\n\t\t\t\t<div class=\"elementor-element elementor-element-f0fd76d e-flex e-con-boxed e-con e-parent\" data-id=\"f0fd76d\" data-element_type=\"container\" data-e-type=\"container\">\n\t\t\t\t\t<div class=\"e-con-inner\">\n\t\t\t\t<div class=\"elementor-element elementor-element-a962b7c elementor-widget elementor-widget-text-editor\" data-id=\"a962b7c\" data-element_type=\"widget\" data-e-type=\"widget\" data-widget_type=\"text-editor.default\">\n\t\t\t\t<div class=\"elementor-widget-container\">\n\t\t\t\t\t\t\t\t\t<p><strong>La volont\u00e9 de construire ce qu&rsquo;il y a de mieux<\/strong><\/p><p><strong>Construire un meilleur d\u00e9shumidificateur<\/strong><\/p><p>Chez <strong>Seresco<\/strong>, nous nous effor\u00e7ons de construire le meilleur \u00e9quipement possible &#8211; un \u00e9quipement que nous voudrions acheter si nous \u00e9tions \u00e0 votre place. Cela signifie que nous examinons chaque consid\u00e9ration et chaque angle pour optimiser la performance et la valeur. Voici ce qui nous distingue de nos concurrents :<\/p><p><strong>Conception de syst\u00e8mes sup\u00e9rieurs<\/strong> &#8211; La conception de syst\u00e8mes sup\u00e9rieurs est \u00e0 la base de notre succ\u00e8s. Nous avons d\u00e9marr\u00e9 <strong>Seresco<\/strong> parce que nous savions que nous pouvions construire un meilleur d\u00e9shumidificateur que la comp\u00e9tition. Pas seulement un peu mieux, <strong>BEAUCOUP<\/strong> mieux. Et c&rsquo;est ce que nous avons fait.<\/p><p>Nous avons fait de l&rsquo;innovation et de l&rsquo;am\u00e9lioration des produits une qu\u00eate sans fin qui nous permet de toujours faire avancer les choses, dans une industrie qui n&rsquo;est pas r\u00e9put\u00e9e pour son innovation.<\/p><p>Voyez par vous-m\u00eame comment l&rsquo;innovation et l&rsquo;attention port\u00e9e aux d\u00e9tails ont fait de nous le <strong>premier choix<\/strong> des clients exigeants qui comprennent que la valeur d&rsquo;un \u00e9quipement essentiel ne signifie pas le prix le plus bas, mais plut\u00f4t le co\u00fbt global de propri\u00e9t\u00e9 le plus bas et un produit sur lequel vous pouvez compter !<\/p><p><strong>Meilleure efficacit\u00e9 \u00e9nerg\u00e9tique<\/strong> &#8211; L&rsquo;efficacit\u00e9 \u00e9nerg\u00e9tique est un aspect important de notre engagement \u00e0 offrir \u00e0 nos clients le co\u00fbt global de possession le plus bas.<\/p><p>Comment y parvenons-nous ? Nous examinons \u00e0 la loupe chaque composant et chaque processus de nos \u00e9quipements pour nous assurer qu&rsquo;ils offrent \u00e0 la fois des performances et une efficacit\u00e9 \u00e9nerg\u00e9tique optimales. De la programmation logicielle sophistiqu\u00e9e qui optimise chaque fonction \u00e0 la conception de chaque ventilateur qui d\u00e9place l&rsquo;air dans nos unit\u00e9s, <strong>nous sommes fiers de fournir les syst\u00e8mes les plus efficaces sur le plan \u00e9nerg\u00e9tique dans notre secteur.<\/strong><\/p><p><strong>Syst\u00e8mes de contr\u00f4le avanc\u00e9s<\/strong> &#8211; Une technologie sophistiqu\u00e9e n\u00e9cessite des syst\u00e8mes de contr\u00f4le sophistiqu\u00e9s pour garantir des performances, une efficacit\u00e9 \u00e9nerg\u00e9tique et une fiabilit\u00e9 optimales.<\/p><p>De notre contr\u00f4leur Command Center, con\u00e7u sur mesure, qui suit et contr\u00f4le simultan\u00e9ment le fonctionnement du syst\u00e8me en fonction des donn\u00e9es fournies par 36 capteurs, \u00e0 notre technologie <a href=\"https:\/\/serescodehumidifiers.com\/websentry\/\">WebSentry<\/a> r\u00e9volutionnaire qui permet une surveillance et un contr\u00f4le par Internet 24 heures sur 24 et 7 jours sur 7, <strong>aucun autre concurrent n&rsquo;arrive \u00e0 la cheville de nos syst\u00e8mes de contr\u00f4le avanc\u00e9s.<\/strong><\/p><p><strong>R\u00e9sistance optimale \u00e0 la corrosion<\/strong> &#8211; L&rsquo;humidit\u00e9 et les produits chimiques pr\u00e9sents dans l&rsquo;environnement des piscines int\u00e9rieures cr\u00e9ent des conditions parmi les plus difficiles pour le fonctionnement des d\u00e9shumidificateurs.<\/p><p>Dans le cadre de notre promesse de fournir la dur\u00e9e de vie la plus longue possible et le co\u00fbt global de possession le plus bas, nous avons pris des pr\u00e9cautions extraordinaires pour assurer une r\u00e9sistance optimale \u00e0 la corrosion dans chaque d\u00e9shumidificateur Seresco. Des serpentins et tuyaux enti\u00e8rement enduits aux d\u00e9tails tels que le toit bomb\u00e9 qui emp\u00eache l&rsquo;accumulation d&rsquo;eau, <strong>nous avons couvert toutes les bases pour assurer une r\u00e9sistance maximale \u00e0 la corrosion.<\/strong><\/p><p><strong>Facilit\u00e9 d&rsquo;entretien<\/strong> &#8211; L&rsquo;entretien r\u00e9gulier des d\u00e9shumidificateurs est essentiel pour garantir des performances optimales et sans probl\u00e8me, ainsi que le co\u00fbt de possession le plus bas sur le long terme.<\/p><p>C&rsquo;est pourquoi nous nous sommes efforc\u00e9s d&rsquo;assurer un entretien facile et pratique, ainsi que des pi\u00e8ces de rechange \u00e0 bas prix pour les composants qui n\u00e9cessitent un remplacement normal. Nous sommes fiers d&rsquo;annoncer que les techniciens de maintenance sont constamment impressionn\u00e9s par l&rsquo;attention que nous portons aux d\u00e9tails pour rendre nos \u00e9quipements aussi faciles \u00e0 entretenir que possible.<\/p>\t\t\t\t\t\t\t\t<\/div>\n\t\t\t\t<\/div>\n\t\t\t\t\t<\/div>\n\t\t\t\t<\/div>\n\t\t\t\t<\/div>\n\t\t<div style=\"display:flex; gap:10px;justify-content:center\" class=\"wps-pgfw-pdf-generate-icon__wrapper-frontend\">\n\t\t<a  href=\"https:\/\/serescodehumidifiers.com\/fr\/wp-json\/wp\/v2\/pages\/15784\/?action=genpdf&amp;id=15784\" class=\"pgfw-single-pdf-download-button\" ><img src=\"https:\/\/serescodehumidifiers.com\/wp-content\/plugins\/pdf-generator-for-wp\/admin\/src\/images\/PDF_Tray.svg\" title=\"G\u00e9n\u00e9rer un PDF\" style=\"width:auto; height:45px;\"><\/a>\n\t\t<\/div>","protected":false},"excerpt":{"rendered":"<p>La volont\u00e9 de construire ce qu&rsquo;il y a de mieux Construire un meilleur d\u00e9shumidificateur Chez Seresco, nous nous effor\u00e7ons de construire le meilleur \u00e9quipement possible &#8211; un \u00e9quipement que nous voudrions acheter si nous \u00e9tions \u00e0 votre place. Cela signifie que nous examinons chaque consid\u00e9ration et chaque angle pour optimiser la performance et la valeur. &#8230; <a title=\"Un meilleur d\u00e9shumidificateur\" class=\"read-more\" href=\"https:\/\/serescodehumidifiers.com\/fr\/pourquoi-seresco\/un-meilleur-deshumidificateur\/\" aria-label=\"En savoir plus sur Un meilleur d\u00e9shumidificateur\">Lire la suite<\/a><\/p>\n","protected":false},"author":6,"featured_media":14206,"parent":16189,"menu_order":0,"comment_status":"closed","ping_status":"closed","template":"","meta":{"inline_featured_image":false,"generate_page_header":"","footnotes":""},"class_list":["post-15784","page","type-page","status-publish","has-post-thumbnail"],"yoast_head":"<!-- This site is optimized with the Yoast SEO plugin v27.1.1 - https:\/\/yoast.com\/product\/yoast-seo-wordpress\/ -->\n<title>Un meilleur d\u00e9shumidificateur - Seresco Dehumidifiers<\/title>\n<meta name=\"robots\" content=\"index, follow, max-snippet:-1, max-image-preview:large, max-video-preview:-1\" \/>\n<link rel=\"canonical\" href=\"https:\/\/serescodehumidifiers.com\/fr\/pourquoi-seresco\/un-meilleur-deshumidificateur\/\" \/>\n<meta property=\"og:locale\" content=\"fr_FR\" \/>\n<meta property=\"og:type\" content=\"article\" \/>\n<meta property=\"og:title\" content=\"Un meilleur d\u00e9shumidificateur - Seresco Dehumidifiers\" \/>\n<meta property=\"og:description\" content=\"La volont\u00e9 de construire ce qu&rsquo;il y a de mieux Construire un meilleur d\u00e9shumidificateur Chez Seresco, nous nous effor\u00e7ons de construire le meilleur \u00e9quipement possible &#8211; un \u00e9quipement que nous voudrions acheter si nous \u00e9tions \u00e0 votre place. Cela signifie que nous examinons chaque consid\u00e9ration et chaque angle pour optimiser la performance et la valeur. ... Lire la suite\" \/>\n<meta property=\"og:url\" content=\"https:\/\/serescodehumidifiers.com\/fr\/pourquoi-seresco\/un-meilleur-deshumidificateur\/\" \/>\n<meta property=\"og:site_name\" content=\"Seresco Dehumidifiers\" \/>\n<meta property=\"article:modified_time\" content=\"2024-12-05T14:46:23+00:00\" \/>\n<meta property=\"og:image\" content=\"https:\/\/serescodehumidifiers.com\/wp-content\/uploads\/2018\/07\/seresco_betterd-min.jpg\" \/>\n\t<meta property=\"og:image:width\" content=\"1920\" \/>\n\t<meta property=\"og:image:height\" content=\"701\" \/>\n\t<meta property=\"og:image:type\" content=\"image\/jpeg\" \/>\n<meta name=\"twitter:card\" content=\"summary_large_image\" \/>\n<meta name=\"twitter:label1\" content=\"Dur\u00e9e de lecture estim\u00e9e\" \/>\n\t<meta name=\"twitter:data1\" content=\"3 minutes\" \/>\n<script type=\"application\/ld+json\" class=\"yoast-schema-graph\">{\"@context\":\"https:\/\/schema.org\",\"@graph\":[{\"@type\":\"WebPage\",\"@id\":\"https:\/\/serescodehumidifiers.com\/fr\/pourquoi-seresco\/un-meilleur-deshumidificateur\/\",\"url\":\"https:\/\/serescodehumidifiers.com\/fr\/pourquoi-seresco\/un-meilleur-deshumidificateur\/\",\"name\":\"Un meilleur d\u00e9shumidificateur - Seresco Dehumidifiers\",\"isPartOf\":{\"@id\":\"https:\/\/serescodehumidifiers.com\/fr\/#website\"},\"primaryImageOfPage\":{\"@id\":\"https:\/\/serescodehumidifiers.com\/fr\/pourquoi-seresco\/un-meilleur-deshumidificateur\/#primaryimage\"},\"image\":{\"@id\":\"https:\/\/serescodehumidifiers.com\/fr\/pourquoi-seresco\/un-meilleur-deshumidificateur\/#primaryimage\"},\"thumbnailUrl\":\"https:\/\/serescodehumidifiers.com\/wp-content\/uploads\/2018\/07\/seresco_betterd-min.jpg\",\"datePublished\":\"2017-12-18T15:52:36+00:00\",\"dateModified\":\"2024-12-05T14:46:23+00:00\",\"breadcrumb\":{\"@id\":\"https:\/\/serescodehumidifiers.com\/fr\/pourquoi-seresco\/un-meilleur-deshumidificateur\/#breadcrumb\"},\"inLanguage\":\"fr-FR\",\"potentialAction\":[{\"@type\":\"ReadAction\",\"target\":[\"https:\/\/serescodehumidifiers.com\/fr\/pourquoi-seresco\/un-meilleur-deshumidificateur\/\"]}]},{\"@type\":\"ImageObject\",\"inLanguage\":\"fr-FR\",\"@id\":\"https:\/\/serescodehumidifiers.com\/fr\/pourquoi-seresco\/un-meilleur-deshumidificateur\/#primaryimage\",\"url\":\"https:\/\/serescodehumidifiers.com\/wp-content\/uploads\/2018\/07\/seresco_betterd-min.jpg\",\"contentUrl\":\"https:\/\/serescodehumidifiers.com\/wp-content\/uploads\/2018\/07\/seresco_betterd-min.jpg\",\"width\":1920,\"height\":701},{\"@type\":\"BreadcrumbList\",\"@id\":\"https:\/\/serescodehumidifiers.com\/fr\/pourquoi-seresco\/un-meilleur-deshumidificateur\/#breadcrumb\",\"itemListElement\":[{\"@type\":\"ListItem\",\"position\":1,\"name\":\"Home\",\"item\":\"https:\/\/serescodehumidifiers.com\/fr\/\"},{\"@type\":\"ListItem\",\"position\":2,\"name\":\"pourquoi seresco\",\"item\":\"https:\/\/serescodehumidifiers.com\/fr\/pourquoi-seresco\/\"},{\"@type\":\"ListItem\",\"position\":3,\"name\":\"Un meilleur d\u00e9shumidificateur\"}]},{\"@type\":\"WebSite\",\"@id\":\"https:\/\/serescodehumidifiers.com\/fr\/#website\",\"url\":\"https:\/\/serescodehumidifiers.com\/fr\/\",\"name\":\"Seresco Dehumidifiers\",\"description\":\"\",\"publisher\":{\"@id\":\"https:\/\/serescodehumidifiers.com\/fr\/#organization\"},\"potentialAction\":[{\"@type\":\"SearchAction\",\"target\":{\"@type\":\"EntryPoint\",\"urlTemplate\":\"https:\/\/serescodehumidifiers.com\/fr\/?s={search_term_string}\"},\"query-input\":{\"@type\":\"PropertyValueSpecification\",\"valueRequired\":true,\"valueName\":\"search_term_string\"}}],\"inLanguage\":\"fr-FR\"},{\"@type\":\"Organization\",\"@id\":\"https:\/\/serescodehumidifiers.com\/fr\/#organization\",\"name\":\"Seresco Dehumidifiers\",\"url\":\"https:\/\/serescodehumidifiers.com\/fr\/\",\"logo\":{\"@type\":\"ImageObject\",\"inLanguage\":\"fr-FR\",\"@id\":\"https:\/\/serescodehumidifiers.com\/fr\/#\/schema\/logo\/image\/\",\"url\":\"https:\/\/serescodehumidifiers.com\/wp-content\/uploads\/2024\/08\/fichier-1seresco.svg\",\"contentUrl\":\"https:\/\/serescodehumidifiers.com\/wp-content\/uploads\/2024\/08\/fichier-1seresco.svg\",\"caption\":\"Seresco Dehumidifiers\"},\"image\":{\"@id\":\"https:\/\/serescodehumidifiers.com\/fr\/#\/schema\/logo\/image\/\"}}]}<\/script>\n<!-- \/ Yoast SEO plugin. -->","yoast_head_json":{"title":"Un meilleur d\u00e9shumidificateur - Seresco Dehumidifiers","robots":{"index":"index","follow":"follow","max-snippet":"max-snippet:-1","max-image-preview":"max-image-preview:large","max-video-preview":"max-video-preview:-1"},"canonical":"https:\/\/serescodehumidifiers.com\/fr\/pourquoi-seresco\/un-meilleur-deshumidificateur\/","og_locale":"fr_FR","og_type":"article","og_title":"Un meilleur d\u00e9shumidificateur - Seresco Dehumidifiers","og_description":"La volont\u00e9 de construire ce qu&rsquo;il y a de mieux Construire un meilleur d\u00e9shumidificateur Chez Seresco, nous nous effor\u00e7ons de construire le meilleur \u00e9quipement possible &#8211; un \u00e9quipement que nous voudrions acheter si nous \u00e9tions \u00e0 votre place. Cela signifie que nous examinons chaque consid\u00e9ration et chaque angle pour optimiser la performance et la valeur. ... Lire la suite","og_url":"https:\/\/serescodehumidifiers.com\/fr\/pourquoi-seresco\/un-meilleur-deshumidificateur\/","og_site_name":"Seresco Dehumidifiers","article_modified_time":"2024-12-05T14:46:23+00:00","og_image":[{"width":1920,"height":701,"url":"https:\/\/serescodehumidifiers.com\/wp-content\/uploads\/2018\/07\/seresco_betterd-min.jpg","type":"image\/jpeg"}],"twitter_card":"summary_large_image","twitter_misc":{"Dur\u00e9e de lecture estim\u00e9e":"3 minutes"},"schema":{"@context":"https:\/\/schema.org","@graph":[{"@type":"WebPage","@id":"https:\/\/serescodehumidifiers.com\/fr\/pourquoi-seresco\/un-meilleur-deshumidificateur\/","url":"https:\/\/serescodehumidifiers.com\/fr\/pourquoi-seresco\/un-meilleur-deshumidificateur\/","name":"Un meilleur d\u00e9shumidificateur - Seresco Dehumidifiers","isPartOf":{"@id":"https:\/\/serescodehumidifiers.com\/fr\/#website"},"primaryImageOfPage":{"@id":"https:\/\/serescodehumidifiers.com\/fr\/pourquoi-seresco\/un-meilleur-deshumidificateur\/#primaryimage"},"image":{"@id":"https:\/\/serescodehumidifiers.com\/fr\/pourquoi-seresco\/un-meilleur-deshumidificateur\/#primaryimage"},"thumbnailUrl":"https:\/\/serescodehumidifiers.com\/wp-content\/uploads\/2018\/07\/seresco_betterd-min.jpg","datePublished":"2017-12-18T15:52:36+00:00","dateModified":"2024-12-05T14:46:23+00:00","breadcrumb":{"@id":"https:\/\/serescodehumidifiers.com\/fr\/pourquoi-seresco\/un-meilleur-deshumidificateur\/#breadcrumb"},"inLanguage":"fr-FR","potentialAction":[{"@type":"ReadAction","target":["https:\/\/serescodehumidifiers.com\/fr\/pourquoi-seresco\/un-meilleur-deshumidificateur\/"]}]},{"@type":"ImageObject","inLanguage":"fr-FR","@id":"https:\/\/serescodehumidifiers.com\/fr\/pourquoi-seresco\/un-meilleur-deshumidificateur\/#primaryimage","url":"https:\/\/serescodehumidifiers.com\/wp-content\/uploads\/2018\/07\/seresco_betterd-min.jpg","contentUrl":"https:\/\/serescodehumidifiers.com\/wp-content\/uploads\/2018\/07\/seresco_betterd-min.jpg","width":1920,"height":701},{"@type":"BreadcrumbList","@id":"https:\/\/serescodehumidifiers.com\/fr\/pourquoi-seresco\/un-meilleur-deshumidificateur\/#breadcrumb","itemListElement":[{"@type":"ListItem","position":1,"name":"Home","item":"https:\/\/serescodehumidifiers.com\/fr\/"},{"@type":"ListItem","position":2,"name":"pourquoi seresco","item":"https:\/\/serescodehumidifiers.com\/fr\/pourquoi-seresco\/"},{"@type":"ListItem","position":3,"name":"Un meilleur d\u00e9shumidificateur"}]},{"@type":"WebSite","@id":"https:\/\/serescodehumidifiers.com\/fr\/#website","url":"https:\/\/serescodehumidifiers.com\/fr\/","name":"Seresco Dehumidifiers","description":"","publisher":{"@id":"https:\/\/serescodehumidifiers.com\/fr\/#organization"},"potentialAction":[{"@type":"SearchAction","target":{"@type":"EntryPoint","urlTemplate":"https:\/\/serescodehumidifiers.com\/fr\/?s={search_term_string}"},"query-input":{"@type":"PropertyValueSpecification","valueRequired":true,"valueName":"search_term_string"}}],"inLanguage":"fr-FR"},{"@type":"Organization","@id":"https:\/\/serescodehumidifiers.com\/fr\/#organization","name":"Seresco Dehumidifiers","url":"https:\/\/serescodehumidifiers.com\/fr\/","logo":{"@type":"ImageObject","inLanguage":"fr-FR","@id":"https:\/\/serescodehumidifiers.com\/fr\/#\/schema\/logo\/image\/","url":"https:\/\/serescodehumidifiers.com\/wp-content\/uploads\/2024\/08\/fichier-1seresco.svg","contentUrl":"https:\/\/serescodehumidifiers.com\/wp-content\/uploads\/2024\/08\/fichier-1seresco.svg","caption":"Seresco Dehumidifiers"},"image":{"@id":"https:\/\/serescodehumidifiers.com\/fr\/#\/schema\/logo\/image\/"}}]}},"_links":{"self":[{"href":"https:\/\/serescodehumidifiers.com\/fr\/wp-json\/wp\/v2\/pages\/15784","targetHints":{"allow":["GET"]}}],"collection":[{"href":"https:\/\/serescodehumidifiers.com\/fr\/wp-json\/wp\/v2\/pages"}],"about":[{"href":"https:\/\/serescodehumidifiers.com\/fr\/wp-json\/wp\/v2\/types\/page"}],"author":[{"embeddable":true,"href":"https:\/\/serescodehumidifiers.com\/fr\/wp-json\/wp\/v2\/users\/6"}],"replies":[{"embeddable":true,"href":"https:\/\/serescodehumidifiers.com\/fr\/wp-json\/wp\/v2\/comments?post=15784"}],"version-history":[{"count":3,"href":"https:\/\/serescodehumidifiers.com\/fr\/wp-json\/wp\/v2\/pages\/15784\/revisions"}],"predecessor-version":[{"id":15788,"href":"https:\/\/serescodehumidifiers.com\/fr\/wp-json\/wp\/v2\/pages\/15784\/revisions\/15788"}],"up":[{"embeddable":true,"href":"https:\/\/serescodehumidifiers.com\/fr\/wp-json\/wp\/v2\/pages\/16189"}],"wp:featuredmedia":[{"embeddable":true,"href":"https:\/\/serescodehumidifiers.com\/fr\/wp-json\/wp\/v2\/media\/14206"}],"wp:attachment":[{"href":"https:\/\/serescodehumidifiers.com\/fr\/wp-json\/wp\/v2\/media?parent=15784"}],"curies":[{"name":"wp","href":"https:\/\/api.w.org\/{rel}","templated":true}]}}