{"id":15789,"date":"2017-07-01T12:06:57","date_gmt":"2017-07-01T16:06:57","guid":{"rendered":"https:\/\/serescodehumidifiers.com\/?page_id=15789"},"modified":"2025-01-17T13:24:41","modified_gmt":"2025-01-17T18:24:41","slug":"nous-contacter","status":"publish","type":"page","link":"https:\/\/serescodehumidifiers.com\/fr\/pourquoi-seresco\/nous-contacter\/","title":{"rendered":"nous contacter"},"content":{"rendered":"\t\t<div data-elementor-type=\"wp-page\" data-elementor-id=\"15789\" class=\"elementor elementor-15789 elementor-299\" data-elementor-post-type=\"page\">\n\t\t\t\t<div class=\"elementor-element elementor-element-5c7c015 e-flex e-con-boxed e-con e-parent\" data-id=\"5c7c015\" data-element_type=\"container\" data-e-type=\"container\">\n\t\t\t\t\t<div class=\"e-con-inner\">\n\t\t\t\t<div class=\"elementor-element elementor-element-9e5a992 elementor-widget elementor-widget-breadcrumbs\" data-id=\"9e5a992\" data-element_type=\"widget\" data-e-type=\"widget\" data-widget_type=\"breadcrumbs.default\">\n\t\t\t\t<div class=\"elementor-widget-container\">\n\t\t\t\t\t<p id=\"breadcrumbs\"><span><span><a href=\"https:\/\/serescodehumidifiers.com\/fr\/\">Home<\/a><\/span><\/span><\/p>\t\t\t\t<\/div>\n\t\t\t\t<\/div>\n\t\t\t\t\t<\/div>\n\t\t\t\t<\/div>\n\t\t\t\t<section class=\"elementor-section elementor-top-section elementor-element elementor-element-5a6b6356 elementor-section-boxed elementor-section-height-default elementor-section-height-default\" data-id=\"5a6b6356\" data-element_type=\"section\" data-e-type=\"section\">\n\t\t\t\t\t\t<div class=\"elementor-container elementor-column-gap-default\">\n\t\t\t\t\t<div class=\"elementor-column elementor-col-100 elementor-top-column elementor-element elementor-element-403bd6ad\" data-id=\"403bd6ad\" data-element_type=\"column\" data-e-type=\"column\">\n\t\t\t<div class=\"elementor-widget-wrap elementor-element-populated\">\n\t\t\t\t\t\t<section class=\"elementor-section elementor-inner-section elementor-element elementor-element-593ead4 elementor-section-boxed elementor-section-height-default elementor-section-height-default\" data-id=\"593ead4\" data-element_type=\"section\" data-e-type=\"section\">\n\t\t\t\t\t\t<div class=\"elementor-container elementor-column-gap-default\">\n\t\t\t\t\t<div class=\"elementor-column elementor-col-100 elementor-inner-column elementor-element elementor-element-2d6e9ab\" data-id=\"2d6e9ab\" data-element_type=\"column\" data-e-type=\"column\">\n\t\t\t<div class=\"elementor-widget-wrap elementor-element-populated\">\n\t\t\t\t\t\t<div class=\"elementor-element elementor-element-f96c8d7 elementor-widget elementor-widget-text-editor\" data-id=\"f96c8d7\" data-element_type=\"widget\" data-e-type=\"widget\" data-widget_type=\"text-editor.default\">\n\t\t\t\t<div class=\"elementor-widget-container\">\n\t\t\t\t\t\t\t\t\t<p>Pour contacter un repr\u00e9sentant commercial dans votre r\u00e9gion, veuillez remplir le formulaire ci-dessous.<\/p><p>Apr\u00e8s l&rsquo;envoi du formulaire, vous recevrez les coordonn\u00e9es du repr\u00e9sentant. Pour les demandes urgentes, n&rsquo;h\u00e9sitez pas \u00e0 les contacter directement.<\/p>\t\t\t\t\t\t\t\t<\/div>\n\t\t\t\t<\/div>\n\t\t\t\t<div class=\"elementor-element elementor-element-c4be10b elementor-widget elementor-widget-text-editor\" data-id=\"c4be10b\" data-element_type=\"widget\" data-e-type=\"widget\" data-widget_type=\"text-editor.default\">\n\t\t\t\t<div class=\"elementor-widget-container\">\n\t\t\t\t\t\t\t\t\t<script charset=\"utf-8\" type=\"text\/javascript\" src=\"\/\/js.hsforms.net\/forms\/embed\/v2.js\"><\/script>\n\n<script src=\"https:\/\/ajax.googleapis.com\/ajax\/libs\/jquery\/3.6.1\/jquery.min.js\"><\/script>\n\n<script src=\"https:\/\/das-app-files.s3.amazonaws.com\/javascript\/SubmitLeadToACE.js\"><\/script>\n\n<script>\n  var submitLead = new SubmitLead(1, 'FR');\n\n  hbspt.forms.create({\n\tregion: \"na1\",\n\tportalId: submitLead.portalId,\n\tformId: submitLead.formId,\n\tonFormSubmit: submitLead.submit\n  });\n<\/script>\t\t\t\t\t\t\t\t<\/div>\n\t\t\t\t<\/div>\n\t\t\t\t\t<\/div>\n\t\t<\/div>\n\t\t\t\t\t<\/div>\n\t\t<\/section>\n\t\t\t\t<section class=\"elementor-section elementor-inner-section elementor-element elementor-element-86ecc1b elementor-section-boxed elementor-section-height-default elementor-section-height-default\" data-id=\"86ecc1b\" data-element_type=\"section\" data-e-type=\"section\">\n\t\t\t\t\t\t<div class=\"elementor-container elementor-column-gap-default\">\n\t\t\t\t\t<div class=\"elementor-column elementor-col-50 elementor-inner-column elementor-element elementor-element-1c06990\" data-id=\"1c06990\" data-element_type=\"column\" data-e-type=\"column\">\n\t\t\t<div class=\"elementor-widget-wrap elementor-element-populated\">\n\t\t\t\t\t\t<div class=\"elementor-element elementor-element-a2606e7 elementor-widget elementor-widget-text-editor\" data-id=\"a2606e7\" data-element_type=\"widget\" data-e-type=\"widget\" data-widget_type=\"text-editor.default\">\n\t\t\t\t<div class=\"elementor-widget-container\">\n\t\t\t\t\t\t\t\t\t<p><strong>SERESCO CANADA<\/strong><br \/><span style=\"color: #000000; font-size: 15px;\">5685, Rue Cypihot<\/span><br style=\"color: #6e6e6e; font-size: 15px;\" \/><span style=\"color: #000000; font-size: 15px;\">Ville Saint Laurent,<\/span><br style=\"color: #6e6e6e; font-size: 15px;\" \/><span style=\"color: #000000; font-size: 15px;\">Qu\u00e9bec, Canada\u00a0<\/span><span style=\"color: #000000; font-size: 15px;\">H4S 1R3<\/span><br style=\"color: #6e6e6e; font-size: 15px;\" \/><span style=\"color: #000000; font-size: 15px;\">1.833.327.4822 (1.833.DAS.HVAC)<\/span><\/p>\t\t\t\t\t\t\t\t<\/div>\n\t\t\t\t<\/div>\n\t\t\t\t\t<\/div>\n\t\t<\/div>\n\t\t\t\t<div class=\"elementor-column elementor-col-50 elementor-inner-column elementor-element elementor-element-51b9f7d\" data-id=\"51b9f7d\" data-element_type=\"column\" data-e-type=\"column\">\n\t\t\t<div class=\"elementor-widget-wrap elementor-element-populated\">\n\t\t\t\t\t\t<div class=\"elementor-element elementor-element-6094ef2 elementor-widget elementor-widget-text-editor\" data-id=\"6094ef2\" data-element_type=\"widget\" data-e-type=\"widget\" data-widget_type=\"text-editor.default\">\n\t\t\t\t<div class=\"elementor-widget-container\">\n\t\t\t\t\t\t\t\t\t<p><span style=\"font-size: 1rem;\"><b>SERESCO \u00c9tats-Unis<br \/><\/b><\/span><span style=\"font-size: 1rem;\">491 E Princess St.<br \/><\/span><span style=\"font-size: 1rem;\">York, PA 17403<br \/><\/span>\u00c9tats-Unis<br \/><span style=\"color: #000000; font-size: 15px;\">1.833.327.4822 (1.833.DAS.HVAC)<\/span><\/p>\t\t\t\t\t\t\t\t<\/div>\n\t\t\t\t<\/div>\n\t\t\t\t\t<\/div>\n\t\t<\/div>\n\t\t\t\t\t<\/div>\n\t\t<\/section>\n\t\t\t\t\t<\/div>\n\t\t<\/div>\n\t\t\t\t\t<\/div>\n\t\t<\/section>\n\t\t\t\t<\/div>\n\t\t<div style=\"display:flex; gap:10px;justify-content:center\" class=\"wps-pgfw-pdf-generate-icon__wrapper-frontend\">\n\t\t<a  href=\"https:\/\/serescodehumidifiers.com\/fr\/wp-json\/wp\/v2\/pages\/15789\/?action=genpdf&amp;id=15789\" class=\"pgfw-single-pdf-download-button\" ><img src=\"https:\/\/serescodehumidifiers.com\/wp-content\/plugins\/pdf-generator-for-wp\/admin\/src\/images\/PDF_Tray.svg\" title=\"G\u00e9n\u00e9rer un PDF\" style=\"width:auto; height:45px;\"><\/a>\n\t\t<\/div>","protected":false},"excerpt":{"rendered":"<p>Pour contacter un repr\u00e9sentant commercial dans votre r\u00e9gion, veuillez remplir le formulaire ci-dessous. Apr\u00e8s l&rsquo;envoi du formulaire, vous recevrez les coordonn\u00e9es du repr\u00e9sentant. Pour les demandes urgentes, n&rsquo;h\u00e9sitez pas \u00e0 les contacter directement. SERESCO CANADA5685, Rue CypihotVille Saint Laurent,Qu\u00e9bec, Canada\u00a0H4S 1R31.833.327.4822 (1.833.DAS.HVAC) SERESCO \u00c9tats-Unis491 E Princess St.York, PA 17403\u00c9tats-Unis1.833.327.4822 (1.833.DAS.HVAC)<\/p>\n","protected":false},"author":6,"featured_media":14207,"parent":16189,"menu_order":0,"comment_status":"closed","ping_status":"closed","template":"","meta":{"inline_featured_image":false,"generate_page_header":"","footnotes":""},"class_list":["post-15789","page","type-page","status-publish","has-post-thumbnail"],"yoast_head":"<!-- This site is optimized with the Yoast SEO plugin v27.1.1 - https:\/\/yoast.com\/product\/yoast-seo-wordpress\/ -->\n<title>nous contacter - Seresco Dehumidifiers<\/title>\n<meta name=\"robots\" content=\"index, follow, max-snippet:-1, max-image-preview:large, max-video-preview:-1\" \/>\n<link rel=\"canonical\" href=\"https:\/\/serescodehumidifiers.com\/fr\/pourquoi-seresco\/nous-contacter\/\" \/>\n<meta property=\"og:locale\" content=\"fr_FR\" \/>\n<meta property=\"og:type\" content=\"article\" \/>\n<meta property=\"og:title\" content=\"nous contacter - Seresco Dehumidifiers\" \/>\n<meta property=\"og:description\" content=\"Pour contacter un repr\u00e9sentant commercial dans votre r\u00e9gion, veuillez remplir le formulaire ci-dessous. Apr\u00e8s l&rsquo;envoi du formulaire, vous recevrez les coordonn\u00e9es du repr\u00e9sentant. Pour les demandes urgentes, n&rsquo;h\u00e9sitez pas \u00e0 les contacter directement. SERESCO CANADA5685, Rue CypihotVille Saint Laurent,Qu\u00e9bec, Canada\u00a0H4S 1R31.833.327.4822 (1.833.DAS.HVAC) SERESCO \u00c9tats-Unis491 E Princess St.York, PA 17403\u00c9tats-Unis1.833.327.4822 (1.833.DAS.HVAC)\" \/>\n<meta property=\"og:url\" content=\"https:\/\/serescodehumidifiers.com\/fr\/pourquoi-seresco\/nous-contacter\/\" \/>\n<meta property=\"og:site_name\" content=\"Seresco Dehumidifiers\" \/>\n<meta property=\"article:modified_time\" content=\"2025-01-17T18:24:41+00:00\" \/>\n<meta property=\"og:image\" content=\"https:\/\/serescodehumidifiers.com\/wp-content\/uploads\/2018\/07\/untitled-2-min.jpg\" \/>\n\t<meta property=\"og:image:width\" content=\"1920\" \/>\n\t<meta property=\"og:image:height\" content=\"701\" \/>\n\t<meta property=\"og:image:type\" content=\"image\/jpeg\" \/>\n<meta name=\"twitter:card\" content=\"summary_large_image\" \/>\n<meta name=\"twitter:label1\" content=\"Dur\u00e9e de lecture estim\u00e9e\" \/>\n\t<meta name=\"twitter:data1\" content=\"1 minute\" \/>\n<script type=\"application\/ld+json\" class=\"yoast-schema-graph\">{\"@context\":\"https:\/\/schema.org\",\"@graph\":[{\"@type\":\"WebPage\",\"@id\":\"https:\/\/serescodehumidifiers.com\/fr\/pourquoi-seresco\/nous-contacter\/\",\"url\":\"https:\/\/serescodehumidifiers.com\/fr\/pourquoi-seresco\/nous-contacter\/\",\"name\":\"nous contacter - Seresco Dehumidifiers\",\"isPartOf\":{\"@id\":\"https:\/\/serescodehumidifiers.com\/fr\/#website\"},\"primaryImageOfPage\":{\"@id\":\"https:\/\/serescodehumidifiers.com\/fr\/pourquoi-seresco\/nous-contacter\/#primaryimage\"},\"image\":{\"@id\":\"https:\/\/serescodehumidifiers.com\/fr\/pourquoi-seresco\/nous-contacter\/#primaryimage\"},\"thumbnailUrl\":\"https:\/\/serescodehumidifiers.com\/wp-content\/uploads\/2018\/07\/untitled-2-min.jpg\",\"datePublished\":\"2017-07-01T16:06:57+00:00\",\"dateModified\":\"2025-01-17T18:24:41+00:00\",\"breadcrumb\":{\"@id\":\"https:\/\/serescodehumidifiers.com\/fr\/pourquoi-seresco\/nous-contacter\/#breadcrumb\"},\"inLanguage\":\"fr-FR\",\"potentialAction\":[{\"@type\":\"ReadAction\",\"target\":[\"https:\/\/serescodehumidifiers.com\/fr\/pourquoi-seresco\/nous-contacter\/\"]}]},{\"@type\":\"ImageObject\",\"inLanguage\":\"fr-FR\",\"@id\":\"https:\/\/serescodehumidifiers.com\/fr\/pourquoi-seresco\/nous-contacter\/#primaryimage\",\"url\":\"https:\/\/serescodehumidifiers.com\/wp-content\/uploads\/2018\/07\/untitled-2-min.jpg\",\"contentUrl\":\"https:\/\/serescodehumidifiers.com\/wp-content\/uploads\/2018\/07\/untitled-2-min.jpg\",\"width\":1920,\"height\":701},{\"@type\":\"BreadcrumbList\",\"@id\":\"https:\/\/serescodehumidifiers.com\/fr\/pourquoi-seresco\/nous-contacter\/#breadcrumb\",\"itemListElement\":[{\"@type\":\"ListItem\",\"position\":1,\"name\":\"Home\",\"item\":\"https:\/\/serescodehumidifiers.com\/fr\/\"},{\"@type\":\"ListItem\",\"position\":2,\"name\":\"pourquoi seresco\",\"item\":\"https:\/\/serescodehumidifiers.com\/fr\/pourquoi-seresco\/\"},{\"@type\":\"ListItem\",\"position\":3,\"name\":\"nous contacter\"}]},{\"@type\":\"WebSite\",\"@id\":\"https:\/\/serescodehumidifiers.com\/fr\/#website\",\"url\":\"https:\/\/serescodehumidifiers.com\/fr\/\",\"name\":\"Seresco Dehumidifiers\",\"description\":\"\",\"publisher\":{\"@id\":\"https:\/\/serescodehumidifiers.com\/fr\/#organization\"},\"potentialAction\":[{\"@type\":\"SearchAction\",\"target\":{\"@type\":\"EntryPoint\",\"urlTemplate\":\"https:\/\/serescodehumidifiers.com\/fr\/?s={search_term_string}\"},\"query-input\":{\"@type\":\"PropertyValueSpecification\",\"valueRequired\":true,\"valueName\":\"search_term_string\"}}],\"inLanguage\":\"fr-FR\"},{\"@type\":\"Organization\",\"@id\":\"https:\/\/serescodehumidifiers.com\/fr\/#organization\",\"name\":\"Seresco Dehumidifiers\",\"url\":\"https:\/\/serescodehumidifiers.com\/fr\/\",\"logo\":{\"@type\":\"ImageObject\",\"inLanguage\":\"fr-FR\",\"@id\":\"https:\/\/serescodehumidifiers.com\/fr\/#\/schema\/logo\/image\/\",\"url\":\"https:\/\/serescodehumidifiers.com\/wp-content\/uploads\/2024\/08\/fichier-1seresco.svg\",\"contentUrl\":\"https:\/\/serescodehumidifiers.com\/wp-content\/uploads\/2024\/08\/fichier-1seresco.svg\",\"caption\":\"Seresco Dehumidifiers\"},\"image\":{\"@id\":\"https:\/\/serescodehumidifiers.com\/fr\/#\/schema\/logo\/image\/\"}}]}<\/script>\n<!-- \/ Yoast SEO plugin. -->","yoast_head_json":{"title":"nous contacter - Seresco Dehumidifiers","robots":{"index":"index","follow":"follow","max-snippet":"max-snippet:-1","max-image-preview":"max-image-preview:large","max-video-preview":"max-video-preview:-1"},"canonical":"https:\/\/serescodehumidifiers.com\/fr\/pourquoi-seresco\/nous-contacter\/","og_locale":"fr_FR","og_type":"article","og_title":"nous contacter - Seresco Dehumidifiers","og_description":"Pour contacter un repr\u00e9sentant commercial dans votre r\u00e9gion, veuillez remplir le formulaire ci-dessous. Apr\u00e8s l&rsquo;envoi du formulaire, vous recevrez les coordonn\u00e9es du repr\u00e9sentant. Pour les demandes urgentes, n&rsquo;h\u00e9sitez pas \u00e0 les contacter directement. SERESCO CANADA5685, Rue CypihotVille Saint Laurent,Qu\u00e9bec, Canada\u00a0H4S 1R31.833.327.4822 (1.833.DAS.HVAC) SERESCO \u00c9tats-Unis491 E Princess St.York, PA 17403\u00c9tats-Unis1.833.327.4822 (1.833.DAS.HVAC)","og_url":"https:\/\/serescodehumidifiers.com\/fr\/pourquoi-seresco\/nous-contacter\/","og_site_name":"Seresco Dehumidifiers","article_modified_time":"2025-01-17T18:24:41+00:00","og_image":[{"width":1920,"height":701,"url":"https:\/\/serescodehumidifiers.com\/wp-content\/uploads\/2018\/07\/untitled-2-min.jpg","type":"image\/jpeg"}],"twitter_card":"summary_large_image","twitter_misc":{"Dur\u00e9e de lecture estim\u00e9e":"1 minute"},"schema":{"@context":"https:\/\/schema.org","@graph":[{"@type":"WebPage","@id":"https:\/\/serescodehumidifiers.com\/fr\/pourquoi-seresco\/nous-contacter\/","url":"https:\/\/serescodehumidifiers.com\/fr\/pourquoi-seresco\/nous-contacter\/","name":"nous contacter - Seresco Dehumidifiers","isPartOf":{"@id":"https:\/\/serescodehumidifiers.com\/fr\/#website"},"primaryImageOfPage":{"@id":"https:\/\/serescodehumidifiers.com\/fr\/pourquoi-seresco\/nous-contacter\/#primaryimage"},"image":{"@id":"https:\/\/serescodehumidifiers.com\/fr\/pourquoi-seresco\/nous-contacter\/#primaryimage"},"thumbnailUrl":"https:\/\/serescodehumidifiers.com\/wp-content\/uploads\/2018\/07\/untitled-2-min.jpg","datePublished":"2017-07-01T16:06:57+00:00","dateModified":"2025-01-17T18:24:41+00:00","breadcrumb":{"@id":"https:\/\/serescodehumidifiers.com\/fr\/pourquoi-seresco\/nous-contacter\/#breadcrumb"},"inLanguage":"fr-FR","potentialAction":[{"@type":"ReadAction","target":["https:\/\/serescodehumidifiers.com\/fr\/pourquoi-seresco\/nous-contacter\/"]}]},{"@type":"ImageObject","inLanguage":"fr-FR","@id":"https:\/\/serescodehumidifiers.com\/fr\/pourquoi-seresco\/nous-contacter\/#primaryimage","url":"https:\/\/serescodehumidifiers.com\/wp-content\/uploads\/2018\/07\/untitled-2-min.jpg","contentUrl":"https:\/\/serescodehumidifiers.com\/wp-content\/uploads\/2018\/07\/untitled-2-min.jpg","width":1920,"height":701},{"@type":"BreadcrumbList","@id":"https:\/\/serescodehumidifiers.com\/fr\/pourquoi-seresco\/nous-contacter\/#breadcrumb","itemListElement":[{"@type":"ListItem","position":1,"name":"Home","item":"https:\/\/serescodehumidifiers.com\/fr\/"},{"@type":"ListItem","position":2,"name":"pourquoi seresco","item":"https:\/\/serescodehumidifiers.com\/fr\/pourquoi-seresco\/"},{"@type":"ListItem","position":3,"name":"nous contacter"}]},{"@type":"WebSite","@id":"https:\/\/serescodehumidifiers.com\/fr\/#website","url":"https:\/\/serescodehumidifiers.com\/fr\/","name":"Seresco Dehumidifiers","description":"","publisher":{"@id":"https:\/\/serescodehumidifiers.com\/fr\/#organization"},"potentialAction":[{"@type":"SearchAction","target":{"@type":"EntryPoint","urlTemplate":"https:\/\/serescodehumidifiers.com\/fr\/?s={search_term_string}"},"query-input":{"@type":"PropertyValueSpecification","valueRequired":true,"valueName":"search_term_string"}}],"inLanguage":"fr-FR"},{"@type":"Organization","@id":"https:\/\/serescodehumidifiers.com\/fr\/#organization","name":"Seresco Dehumidifiers","url":"https:\/\/serescodehumidifiers.com\/fr\/","logo":{"@type":"ImageObject","inLanguage":"fr-FR","@id":"https:\/\/serescodehumidifiers.com\/fr\/#\/schema\/logo\/image\/","url":"https:\/\/serescodehumidifiers.com\/wp-content\/uploads\/2024\/08\/fichier-1seresco.svg","contentUrl":"https:\/\/serescodehumidifiers.com\/wp-content\/uploads\/2024\/08\/fichier-1seresco.svg","caption":"Seresco Dehumidifiers"},"image":{"@id":"https:\/\/serescodehumidifiers.com\/fr\/#\/schema\/logo\/image\/"}}]}},"_links":{"self":[{"href":"https:\/\/serescodehumidifiers.com\/fr\/wp-json\/wp\/v2\/pages\/15789","targetHints":{"allow":["GET"]}}],"collection":[{"href":"https:\/\/serescodehumidifiers.com\/fr\/wp-json\/wp\/v2\/pages"}],"about":[{"href":"https:\/\/serescodehumidifiers.com\/fr\/wp-json\/wp\/v2\/types\/page"}],"author":[{"embeddable":true,"href":"https:\/\/serescodehumidifiers.com\/fr\/wp-json\/wp\/v2\/users\/6"}],"replies":[{"embeddable":true,"href":"https:\/\/serescodehumidifiers.com\/fr\/wp-json\/wp\/v2\/comments?post=15789"}],"version-history":[{"count":3,"href":"https:\/\/serescodehumidifiers.com\/fr\/wp-json\/wp\/v2\/pages\/15789\/revisions"}],"predecessor-version":[{"id":16378,"href":"https:\/\/serescodehumidifiers.com\/fr\/wp-json\/wp\/v2\/pages\/15789\/revisions\/16378"}],"up":[{"embeddable":true,"href":"https:\/\/serescodehumidifiers.com\/fr\/wp-json\/wp\/v2\/pages\/16189"}],"wp:featuredmedia":[{"embeddable":true,"href":"https:\/\/serescodehumidifiers.com\/fr\/wp-json\/wp\/v2\/media\/14207"}],"wp:attachment":[{"href":"https:\/\/serescodehumidifiers.com\/fr\/wp-json\/wp\/v2\/media?parent=15789"}],"curies":[{"name":"wp","href":"https:\/\/api.w.org\/{rel}","templated":true}]}}