{"id":15809,"date":"2017-06-15T11:44:02","date_gmt":"2017-06-15T15:44:02","guid":{"rendered":"https:\/\/serescodehumidifiers.com\/?page_id=15809"},"modified":"2025-06-17T20:36:11","modified_gmt":"2025-06-18T00:36:11","slug":"home","status":"publish","type":"page","link":"https:\/\/serescodehumidifiers.com\/fr\/","title":{"rendered":"Accueil"},"content":{"rendered":"\t\t<div data-elementor-type=\"wp-page\" data-elementor-id=\"15809\" class=\"elementor elementor-15809 elementor-7\" data-elementor-post-type=\"page\">\n\t\t\t\t\t\t<section class=\"elementor-section elementor-top-section elementor-element elementor-element-3bea0bba elementor-section-boxed elementor-section-height-default elementor-section-height-default\" data-id=\"3bea0bba\" data-element_type=\"section\" data-e-type=\"section\">\n\t\t\t\t\t\t<div class=\"elementor-container elementor-column-gap-default\">\n\t\t\t\t\t<div class=\"elementor-column elementor-col-100 elementor-top-column elementor-element elementor-element-669d14d9\" data-id=\"669d14d9\" data-element_type=\"column\" data-e-type=\"column\">\n\t\t\t<div class=\"elementor-widget-wrap elementor-element-populated\">\n\t\t\t\t\t\t<div class=\"elementor-element elementor-element-e156f2a elementor-widget elementor-widget-heading\" data-id=\"e156f2a\" data-element_type=\"widget\" data-e-type=\"widget\" data-widget_type=\"heading.default\">\n\t\t\t\t<div class=\"elementor-widget-container\">\n\t\t\t\t\t<h1 class=\"elementor-heading-title elementor-size-default\">Construire un meilleur d\u00e9shumidificateur pour les piscines int\u00e9rieures<\/h1>\t\t\t\t<\/div>\n\t\t\t\t<\/div>\n\t\t\t\t<div class=\"elementor-element elementor-element-3de40e06 elementor-widget elementor-widget-text-editor\" data-id=\"3de40e06\" data-element_type=\"widget\" data-e-type=\"widget\" data-widget_type=\"text-editor.default\">\n\t\t\t\t<div class=\"elementor-widget-container\">\n\t\t\t\t\t\t\t\t\t<div class=\"number one\">\u00a0<\/div><h2>S\u00e9rieNE<\/h2><ul><li>Un d\u00e9shumidificateur autonome ultra-compact<\/li><li>Climatisation sans condenseur ext\u00e9rieur<\/li><li>Un \u00e9changeur de chaleur en titane \u00e0 flux complet pour l&rsquo;eau de piscine<\/li><li>Tous les composants critiques sont isol\u00e9s du flux d&rsquo;air<\/li><li>L&rsquo;installation d&rsquo;un petit d\u00e9shumidificateur la plus simple qui soit.<\/li><\/ul><a class=\"learn-more\" href=\"https:\/\/serescodehumidifiers.com\/fr\/produits\/serie-ne-compact\/\">LIRE LA SUITE<\/a><\/p><div class=\"number three\">\u00a0<\/div><h2>S\u00e9rieNE200<\/h2><ul><li style=\"list-style-type: none;\"><ul><li>Deux fois plus de puissance, un encombrement compact et sophistiqu\u00e9<\/li><li>80 lbs\/hr MRC, passe \u00e0 travers une porte de 32 pouces<\/li><li>Deux compresseurs, \u00e9volutifs, \u00e9conomes en \u00e9nergie<\/li><li>Circuits doubles redondants \u00e0 2 compresseurs<\/li><\/ul><\/li><\/ul><ul><li>Le plus petit d\u00e9shumidificateur de remplacement \u00e0 haute capacit\u00e9 jamais con\u00e7u.<\/li><\/ul><p><a class=\"learn-more\" href=\"https:\/\/serescodehumidifiers.com\/fr\/produits\/serie-ne-200\/\">LIRE LA SUITE<\/a><\/p><h6 class=\"text-center\">WEBSENTRY<\/h6><h2 class=\"text-center mb-5\">La technologie WebSentry change la donne<\/h2><p><img fetchpriority=\"high\" decoding=\"async\" class=\"alignleft wp-image-10217\" src=\"https:\/\/serescodehumidifiers.com\/wp-content\/uploads\/2022\/03\/serescowebsentrydevices-1024x729.jpeg\" alt=\"\" width=\"395\" height=\"281\" srcset=\"https:\/\/serescodehumidifiers.com\/wp-content\/uploads\/2022\/03\/serescowebsentrydevices-1024x729.jpeg 1024w, https:\/\/serescodehumidifiers.com\/wp-content\/uploads\/2022\/03\/serescowebsentrydevices-300x213.jpeg 300w, https:\/\/serescodehumidifiers.com\/wp-content\/uploads\/2022\/03\/serescowebsentrydevices-768x546.jpeg 768w, https:\/\/serescodehumidifiers.com\/wp-content\/uploads\/2022\/03\/serescowebsentrydevices-1536x1093.jpeg 1536w, https:\/\/serescodehumidifiers.com\/wp-content\/uploads\/2022\/03\/serescowebsentrydevices.jpeg 2000w\" sizes=\"(max-width: 395px) 100vw, 395px\" \/><ul><li>Surveillance, enregistrement et analyse \u00e0 distance de toutes les fonctions critiques 24 heures sur 24, 7 jours sur 7<\/li><li>Permet le d\u00e9pannage et la mise au point par des experts via Internet.<\/li><li>Procure une v\u00e9ritable tranquillit\u00e9 d&rsquo;esprit et des performances optimales de l&rsquo;\u00e9quipement.<\/li><li>Standard sur tous les d\u00e9shumidificateurs Seresco, sans frais suppl\u00e9mentaires.<\/li><\/ul><p><a class=\"learn-more\" href=\"https:\/\/serescodehumidifiers.com\/fr\/websentry\/\">LIRE LA SUITE<\/a><br \/><br \/><br \/><br \/><br \/><br \/><br \/><\/p><div class=\"scrollbar-external_wrapper\"><div class=\"grid-30\"><h6 class=\"ml-auto\">t\u00e9moignages<\/h6><h2 class=\"ml-auto\">Ce que disent les clients<\/h2><\/div><div class=\"scrollbar-inner\"><div class=\"testimonials-box\"><h5>H\u00f4tels Marriot<\/h5><p>\u201cNous avons fait des recherches approfondies et test\u00e9 tous les fournisseurs et Seresco est vraiment un produit sup\u00e9rieur avec la meilleure technologie et le meilleur contr\u00f4le \u00e0 distance disponible. Ces gens ont vraiment construit la solution la plus performante possible pour nos besoins et ils se portent garants de leur \u00e9quipement.\u201d<\/p><p class=\"author\">Terry C. Smith<\/p><p class=\"author-meta\">Vice-pr\u00e9sident de l&rsquo;ing\u00e9nierie, strat\u00e9gies de conception globale, Marriot Hotels<\/p><\/div><div class=\"testimonials-box\"><h5>Air Force One<\/h5><p>\u201cAyant entretenu de nombreux d\u00e9shumidificateurs monoblocs d&rsquo;autres marques et d&rsquo;autres marques, ainsi que des syst\u00e8mes construits, Seresco est de loin le meilleur de tous, de la conception ultime aux choix judicieux faits dans la s\u00e9lection des composants, en passant par les mat\u00e9riaux r\u00e9sistants \u00e0 la corrosion de l&rsquo;armoire et du ch\u00e2ssis.\u201d<\/p><p class=\"author\">Keith C. Karbine,<\/p><p class=\"author-meta\">Air Force One A\/C Service<\/p><\/div><div class=\"testimonials-box\"><h5>District scolaire 125<\/h5><p>\u201cGr\u00e2ce \u00e0 Seresco, notre mission de d\u00e9veloppement durable visant \u00e0 r\u00e9duire l&rsquo;utilisation de r\u00e9frig\u00e9rants et de produits chimiques dans notre b\u00e2timent a \u00e9t\u00e9 rendue possible. De plus, il y a une diff\u00e9rence notable entre l&rsquo;ancienne et la nouvelle technologie de d\u00e9shumidification en termes de confort de l&rsquo;air.\u201d<\/p><p class=\"author\">Mark Michelini, CPA, surintendant adjoint pour les affaires<\/p><p class=\"author-meta\">District scolaire 125<\/p><\/div><\/div><\/div>\t\t\t\t\t\t\t\t<\/div>\n\t\t\t\t<\/div>\n\t\t\t\t\t<\/div>\n\t\t<\/div>\n\t\t\t\t\t<\/div>\n\t\t<\/section>\n\t\t\t\t<\/div>\n\t\t<div style=\"display:flex; gap:10px;justify-content:center\" class=\"wps-pgfw-pdf-generate-icon__wrapper-frontend\">\n\t\t<a  href=\"https:\/\/serescodehumidifiers.com\/fr\/wp-json\/wp\/v2\/pages\/15809\/?action=genpdf&amp;id=15809\" class=\"pgfw-single-pdf-download-button\" ><img src=\"https:\/\/serescodehumidifiers.com\/wp-content\/plugins\/pdf-generator-for-wp\/admin\/src\/images\/PDF_Tray.svg\" title=\"G\u00e9n\u00e9rer un PDF\" style=\"width:auto; height:45px;\"><\/a>\n\t\t<\/div>","protected":false},"excerpt":{"rendered":"<p>Construire un meilleur d\u00e9shumidificateur pour les piscines int\u00e9rieures \u00a0 S\u00e9rieNE Un d\u00e9shumidificateur autonome ultra-compact Climatisation sans condenseur ext\u00e9rieur Un \u00e9changeur de chaleur en titane \u00e0 flux complet pour l&rsquo;eau de piscine Tous les composants critiques sont isol\u00e9s du flux d&rsquo;air L&rsquo;installation d&rsquo;un petit d\u00e9shumidificateur la plus simple qui soit. LIRE LA SUITE \u00a0 S\u00e9rieNE200 Deux &#8230; <a title=\"Accueil\" class=\"read-more\" href=\"https:\/\/serescodehumidifiers.com\/fr\/\" aria-label=\"En savoir plus sur Accueil\">Lire la suite<\/a><\/p>\n","protected":false},"author":6,"featured_media":0,"parent":0,"menu_order":0,"comment_status":"closed","ping_status":"closed","template":"","meta":{"inline_featured_image":false,"generate_page_header":"","footnotes":""},"class_list":["post-15809","page","type-page","status-publish"],"yoast_head":"<!-- This site is optimized with the Yoast SEO plugin v27.1.1 - https:\/\/yoast.com\/product\/yoast-seo-wordpress\/ -->\n<title>Accueil - Seresco Dehumidifiers<\/title>\n<meta name=\"robots\" content=\"index, follow, max-snippet:-1, max-image-preview:large, max-video-preview:-1\" \/>\n<link rel=\"canonical\" href=\"https:\/\/serescodehumidifiers.com\/fr\/\" \/>\n<meta property=\"og:locale\" content=\"fr_FR\" \/>\n<meta property=\"og:type\" content=\"article\" \/>\n<meta property=\"og:title\" content=\"Accueil - Seresco Dehumidifiers\" \/>\n<meta property=\"og:description\" content=\"Construire un meilleur d\u00e9shumidificateur pour les piscines int\u00e9rieures \u00a0 S\u00e9rieNE Un d\u00e9shumidificateur autonome ultra-compact Climatisation sans condenseur ext\u00e9rieur Un \u00e9changeur de chaleur en titane \u00e0 flux complet pour l&rsquo;eau de piscine Tous les composants critiques sont isol\u00e9s du flux d&rsquo;air L&rsquo;installation d&rsquo;un petit d\u00e9shumidificateur la plus simple qui soit. LIRE LA SUITE \u00a0 S\u00e9rieNE200 Deux ... Lire la suite\" \/>\n<meta property=\"og:url\" content=\"https:\/\/serescodehumidifiers.com\/fr\/\" \/>\n<meta property=\"og:site_name\" content=\"Seresco Dehumidifiers\" \/>\n<meta property=\"article:modified_time\" content=\"2025-06-18T00:36:11+00:00\" \/>\n<meta property=\"og:image\" content=\"https:\/\/serescodehumidifiers.com\/wp-content\/uploads\/2022\/03\/serescowebsentrydevices.jpeg\" \/>\n\t<meta property=\"og:image:width\" content=\"2000\" \/>\n\t<meta property=\"og:image:height\" content=\"1423\" \/>\n\t<meta property=\"og:image:type\" content=\"image\/jpeg\" \/>\n<meta name=\"twitter:card\" content=\"summary_large_image\" \/>\n<meta name=\"twitter:label1\" content=\"Dur\u00e9e de lecture estim\u00e9e\" \/>\n\t<meta name=\"twitter:data1\" content=\"3 minutes\" \/>\n<script type=\"application\/ld+json\" class=\"yoast-schema-graph\">{\"@context\":\"https:\/\/schema.org\",\"@graph\":[{\"@type\":\"WebPage\",\"@id\":\"https:\/\/serescodehumidifiers.com\/fr\/\",\"url\":\"https:\/\/serescodehumidifiers.com\/fr\/\",\"name\":\"Accueil - Seresco Dehumidifiers\",\"isPartOf\":{\"@id\":\"https:\/\/serescodehumidifiers.com\/fr\/#website\"},\"primaryImageOfPage\":{\"@id\":\"https:\/\/serescodehumidifiers.com\/fr\/#primaryimage\"},\"image\":{\"@id\":\"https:\/\/serescodehumidifiers.com\/fr\/#primaryimage\"},\"thumbnailUrl\":\"https:\/\/serescodehumidifiers.com\/wp-content\/uploads\/2022\/03\/serescowebsentrydevices-1024x729.jpeg\",\"datePublished\":\"2017-06-15T15:44:02+00:00\",\"dateModified\":\"2025-06-18T00:36:11+00:00\",\"breadcrumb\":{\"@id\":\"https:\/\/serescodehumidifiers.com\/fr\/#breadcrumb\"},\"inLanguage\":\"fr-FR\",\"potentialAction\":[{\"@type\":\"ReadAction\",\"target\":[\"https:\/\/serescodehumidifiers.com\/fr\/\"]}]},{\"@type\":\"ImageObject\",\"inLanguage\":\"fr-FR\",\"@id\":\"https:\/\/serescodehumidifiers.com\/fr\/#primaryimage\",\"url\":\"https:\/\/serescodehumidifiers.com\/wp-content\/uploads\/2022\/03\/serescowebsentrydevices-1024x729.jpeg\",\"contentUrl\":\"https:\/\/serescodehumidifiers.com\/wp-content\/uploads\/2022\/03\/serescowebsentrydevices-1024x729.jpeg\"},{\"@type\":\"BreadcrumbList\",\"@id\":\"https:\/\/serescodehumidifiers.com\/fr\/#breadcrumb\",\"itemListElement\":[{\"@type\":\"ListItem\",\"position\":1,\"name\":\"Home\",\"item\":\"https:\/\/serescodehumidifiers.com\/fr\/\"},{\"@type\":\"ListItem\",\"position\":2,\"name\":\"Accueil\"}]},{\"@type\":\"WebSite\",\"@id\":\"https:\/\/serescodehumidifiers.com\/fr\/#website\",\"url\":\"https:\/\/serescodehumidifiers.com\/fr\/\",\"name\":\"Seresco Dehumidifiers\",\"description\":\"\",\"publisher\":{\"@id\":\"https:\/\/serescodehumidifiers.com\/fr\/#organization\"},\"potentialAction\":[{\"@type\":\"SearchAction\",\"target\":{\"@type\":\"EntryPoint\",\"urlTemplate\":\"https:\/\/serescodehumidifiers.com\/fr\/?s={search_term_string}\"},\"query-input\":{\"@type\":\"PropertyValueSpecification\",\"valueRequired\":true,\"valueName\":\"search_term_string\"}}],\"inLanguage\":\"fr-FR\"},{\"@type\":\"Organization\",\"@id\":\"https:\/\/serescodehumidifiers.com\/fr\/#organization\",\"name\":\"Seresco Dehumidifiers\",\"url\":\"https:\/\/serescodehumidifiers.com\/fr\/\",\"logo\":{\"@type\":\"ImageObject\",\"inLanguage\":\"fr-FR\",\"@id\":\"https:\/\/serescodehumidifiers.com\/fr\/#\/schema\/logo\/image\/\",\"url\":\"https:\/\/serescodehumidifiers.com\/wp-content\/uploads\/2024\/08\/fichier-1seresco.svg\",\"contentUrl\":\"https:\/\/serescodehumidifiers.com\/wp-content\/uploads\/2024\/08\/fichier-1seresco.svg\",\"caption\":\"Seresco Dehumidifiers\"},\"image\":{\"@id\":\"https:\/\/serescodehumidifiers.com\/fr\/#\/schema\/logo\/image\/\"}}]}<\/script>\n<!-- \/ Yoast SEO plugin. -->","yoast_head_json":{"title":"Accueil - Seresco Dehumidifiers","robots":{"index":"index","follow":"follow","max-snippet":"max-snippet:-1","max-image-preview":"max-image-preview:large","max-video-preview":"max-video-preview:-1"},"canonical":"https:\/\/serescodehumidifiers.com\/fr\/","og_locale":"fr_FR","og_type":"article","og_title":"Accueil - Seresco Dehumidifiers","og_description":"Construire un meilleur d\u00e9shumidificateur pour les piscines int\u00e9rieures \u00a0 S\u00e9rieNE Un d\u00e9shumidificateur autonome ultra-compact Climatisation sans condenseur ext\u00e9rieur Un \u00e9changeur de chaleur en titane \u00e0 flux complet pour l&rsquo;eau de piscine Tous les composants critiques sont isol\u00e9s du flux d&rsquo;air L&rsquo;installation d&rsquo;un petit d\u00e9shumidificateur la plus simple qui soit. LIRE LA SUITE \u00a0 S\u00e9rieNE200 Deux ... Lire la suite","og_url":"https:\/\/serescodehumidifiers.com\/fr\/","og_site_name":"Seresco Dehumidifiers","article_modified_time":"2025-06-18T00:36:11+00:00","og_image":[{"width":2000,"height":1423,"url":"https:\/\/serescodehumidifiers.com\/wp-content\/uploads\/2022\/03\/serescowebsentrydevices.jpeg","type":"image\/jpeg"}],"twitter_card":"summary_large_image","twitter_misc":{"Dur\u00e9e de lecture estim\u00e9e":"3 minutes"},"schema":{"@context":"https:\/\/schema.org","@graph":[{"@type":"WebPage","@id":"https:\/\/serescodehumidifiers.com\/fr\/","url":"https:\/\/serescodehumidifiers.com\/fr\/","name":"Accueil - Seresco Dehumidifiers","isPartOf":{"@id":"https:\/\/serescodehumidifiers.com\/fr\/#website"},"primaryImageOfPage":{"@id":"https:\/\/serescodehumidifiers.com\/fr\/#primaryimage"},"image":{"@id":"https:\/\/serescodehumidifiers.com\/fr\/#primaryimage"},"thumbnailUrl":"https:\/\/serescodehumidifiers.com\/wp-content\/uploads\/2022\/03\/serescowebsentrydevices-1024x729.jpeg","datePublished":"2017-06-15T15:44:02+00:00","dateModified":"2025-06-18T00:36:11+00:00","breadcrumb":{"@id":"https:\/\/serescodehumidifiers.com\/fr\/#breadcrumb"},"inLanguage":"fr-FR","potentialAction":[{"@type":"ReadAction","target":["https:\/\/serescodehumidifiers.com\/fr\/"]}]},{"@type":"ImageObject","inLanguage":"fr-FR","@id":"https:\/\/serescodehumidifiers.com\/fr\/#primaryimage","url":"https:\/\/serescodehumidifiers.com\/wp-content\/uploads\/2022\/03\/serescowebsentrydevices-1024x729.jpeg","contentUrl":"https:\/\/serescodehumidifiers.com\/wp-content\/uploads\/2022\/03\/serescowebsentrydevices-1024x729.jpeg"},{"@type":"BreadcrumbList","@id":"https:\/\/serescodehumidifiers.com\/fr\/#breadcrumb","itemListElement":[{"@type":"ListItem","position":1,"name":"Home","item":"https:\/\/serescodehumidifiers.com\/fr\/"},{"@type":"ListItem","position":2,"name":"Accueil"}]},{"@type":"WebSite","@id":"https:\/\/serescodehumidifiers.com\/fr\/#website","url":"https:\/\/serescodehumidifiers.com\/fr\/","name":"Seresco Dehumidifiers","description":"","publisher":{"@id":"https:\/\/serescodehumidifiers.com\/fr\/#organization"},"potentialAction":[{"@type":"SearchAction","target":{"@type":"EntryPoint","urlTemplate":"https:\/\/serescodehumidifiers.com\/fr\/?s={search_term_string}"},"query-input":{"@type":"PropertyValueSpecification","valueRequired":true,"valueName":"search_term_string"}}],"inLanguage":"fr-FR"},{"@type":"Organization","@id":"https:\/\/serescodehumidifiers.com\/fr\/#organization","name":"Seresco Dehumidifiers","url":"https:\/\/serescodehumidifiers.com\/fr\/","logo":{"@type":"ImageObject","inLanguage":"fr-FR","@id":"https:\/\/serescodehumidifiers.com\/fr\/#\/schema\/logo\/image\/","url":"https:\/\/serescodehumidifiers.com\/wp-content\/uploads\/2024\/08\/fichier-1seresco.svg","contentUrl":"https:\/\/serescodehumidifiers.com\/wp-content\/uploads\/2024\/08\/fichier-1seresco.svg","caption":"Seresco Dehumidifiers"},"image":{"@id":"https:\/\/serescodehumidifiers.com\/fr\/#\/schema\/logo\/image\/"}}]}},"_links":{"self":[{"href":"https:\/\/serescodehumidifiers.com\/fr\/wp-json\/wp\/v2\/pages\/15809","targetHints":{"allow":["GET"]}}],"collection":[{"href":"https:\/\/serescodehumidifiers.com\/fr\/wp-json\/wp\/v2\/pages"}],"about":[{"href":"https:\/\/serescodehumidifiers.com\/fr\/wp-json\/wp\/v2\/types\/page"}],"author":[{"embeddable":true,"href":"https:\/\/serescodehumidifiers.com\/fr\/wp-json\/wp\/v2\/users\/6"}],"replies":[{"embeddable":true,"href":"https:\/\/serescodehumidifiers.com\/fr\/wp-json\/wp\/v2\/comments?post=15809"}],"version-history":[{"count":3,"href":"https:\/\/serescodehumidifiers.com\/fr\/wp-json\/wp\/v2\/pages\/15809\/revisions"}],"predecessor-version":[{"id":16743,"href":"https:\/\/serescodehumidifiers.com\/fr\/wp-json\/wp\/v2\/pages\/15809\/revisions\/16743"}],"wp:attachment":[{"href":"https:\/\/serescodehumidifiers.com\/fr\/wp-json\/wp\/v2\/media?parent=15809"}],"curies":[{"name":"wp","href":"https:\/\/api.w.org\/{rel}","templated":true}]}}