{"id":15998,"date":"2017-12-23T11:13:29","date_gmt":"2017-12-23T16:13:29","guid":{"rendered":"https:\/\/serescodehumidifiers.com\/?page_id=15998"},"modified":"2024-12-05T10:42:01","modified_gmt":"2024-12-05T15:42:01","slug":"developpement-professionnel","status":"publish","type":"page","link":"https:\/\/serescodehumidifiers.com\/fr\/developpement-professionnel\/","title":{"rendered":"D\u00e9veloppement Professionnel"},"content":{"rendered":"<h2><b>Cr\u00e9dit d&rsquo;heures de d\u00e9veloppement professionnel<\/b><\/h2>\n<p><b><strong>Seresco<\/strong><\/b> est heureux d&rsquo;offrir une pr\u00e9sentation informative, pratique et non commerciale de 52 minutes sur la conception des natatoriums.<\/p>\n<p>Il s&rsquo;agit du m\u00eame mat\u00e9riel que Ralph Kittler <b><strong>de Seresco<\/strong><\/b> pr\u00e9sente r\u00e9guli\u00e8rement aux chapitres de l&rsquo;ASHRAE en tant que conf\u00e9rencier expert et aux ing\u00e9nieurs \u00e0 travers le pays, et fournit par la suite un certificat pour le cr\u00e9dit de d\u00e9veloppement professionnel.<\/p>\n<h5><b>\u00c0 propos de Ralph Kittler<\/b><\/h5>\n<p>Ralph Kittler, P.E., a plus de trente ans d&rsquo;exp\u00e9rience dans la conception de piscines int\u00e9rieures et la d\u00e9shumidification. Il est le r\u00e9viseur responsable des chapitres 25 (D\u00e9shumidificateurs m\u00e9caniques) et 6 (Piscines int\u00e9rieures) des manuels de l&rsquo;ASHRAE. Il est actuellement pr\u00e9sident du comit\u00e9 ad hoc du Council for the Model Aquatic Health Code pour la conception de la ventilation et la qualit\u00e9 de l&rsquo;air des installations aquatiques int\u00e9rieures. Il a \u00e9galement \u00e9t\u00e9 conf\u00e9rencier \u00e9m\u00e9rite de l&rsquo;ASHRAE pendant 12 ans sur la conception des piscines int\u00e9rieures.<\/p>\n<p>\u00c9tape 1<\/p>\n<a href=\"https:\/\/player.vimeo.com\/video\/1028947155\" data-lity=\"\"><img decoding=\"async\" class=\"alignnone\" src=\"https:\/\/serescodehumidifiers.com\/wp-content\/uploads\/2018\/01\/Seresco-RK-Natatorium-Design-rev-2-play-1.jpg\" alt=\"Professional development presentation: Seresco\" width=\"177\" height=\"129\" \/><\/a>\n<p>Cliquez sur la vid\u00e9o et regardez-la.<\/p>\n<p>Vous devez la regarder jusqu&rsquo;\u00e0 la fin pour recevoir votre cr\u00e9dit PDH.<\/p>\n<p>\u00c9tape 2<\/p>\n<a href=\"https:\/\/serescodehumidifiers.com\/resources\/professional-development\/#pdh-certificate-request\"><img decoding=\"async\" class=\"alignnone\" src=\"https:\/\/serescodehumidifiers.com\/wp-content\/uploads\/2018\/01\/certificate_development.jpg\" alt=\"Professional Development certificate: Seresco\" width=\"177\" height=\"129\" \/><\/a>\n<p>Apr\u00e8s avoir regard\u00e9 cette pr\u00e9sentation, si vous souhaitez recevoir un certificat de d\u00e9veloppement professionnel, il vous suffit d&rsquo;indiquer vos coordonn\u00e9es et nous serons heureux de vous envoyer un certificat de participation par courrier \u00e9lectronique.<\/p>\n<p>Si vous avez des questions sur la pr\u00e9sentation, la conception des piscines int\u00e9rieures ou la d\u00e9shumidification, veuillez contacter <a href=\"mailto:sales@SerescoDehumidifiers.com\">sales@SerescoDehumidifiers.com<\/a>.<br \/>\n<script charset=\"utf-8\" type=\"text\/javascript\" src=\"\/\/js.hsforms.net\/forms\/embed\/v2.js\"><\/script><br \/>\n<script>\n  hbspt.forms.create({\n    portalId: \"21212828\",\n    formId: \"52f660f0-2b91-44b6-8c10-a753837d4857\"\n  });\n<\/script><\/p>\n<div style=\"display:flex; gap:10px;justify-content:center\" class=\"wps-pgfw-pdf-generate-icon__wrapper-frontend\">\n\t\t<a  href=\"https:\/\/serescodehumidifiers.com\/fr\/wp-json\/wp\/v2\/pages\/15998\/?action=genpdf&amp;id=15998\" class=\"pgfw-single-pdf-download-button\" ><img src=\"https:\/\/serescodehumidifiers.com\/wp-content\/plugins\/pdf-generator-for-wp\/admin\/src\/images\/PDF_Tray.svg\" title=\"G\u00e9n\u00e9rer un PDF\" style=\"width:auto; height:45px;\"><\/a>\n\t\t<\/div>","protected":false},"excerpt":{"rendered":"<p>Cr\u00e9dit d&rsquo;heures de d\u00e9veloppement professionnel Seresco est heureux d&rsquo;offrir une pr\u00e9sentation informative, pratique et non commerciale de 52 minutes sur la conception des natatoriums. Il s&rsquo;agit du m\u00eame mat\u00e9riel que Ralph Kittler de Seresco pr\u00e9sente r\u00e9guli\u00e8rement aux chapitres de l&rsquo;ASHRAE en tant que conf\u00e9rencier expert et aux ing\u00e9nieurs \u00e0 travers le pays, et fournit par &#8230; <a title=\"D\u00e9veloppement Professionnel\" class=\"read-more\" href=\"https:\/\/serescodehumidifiers.com\/fr\/developpement-professionnel\/\" aria-label=\"En savoir plus sur D\u00e9veloppement Professionnel\">Lire la suite<\/a><\/p>\n","protected":false},"author":6,"featured_media":14199,"parent":0,"menu_order":0,"comment_status":"closed","ping_status":"closed","template":"","meta":{"inline_featured_image":false,"generate_page_header":"","footnotes":""},"class_list":["post-15998","page","type-page","status-publish","has-post-thumbnail"],"yoast_head":"<!-- This site is optimized with the Yoast SEO plugin v27.4 - https:\/\/yoast.com\/product\/yoast-seo-wordpress\/ -->\n<title>D\u00e9veloppement Professionnel - Seresco Dehumidifiers<\/title>\n<meta name=\"robots\" content=\"index, follow, max-snippet:-1, max-image-preview:large, max-video-preview:-1\" \/>\n<link rel=\"canonical\" href=\"https:\/\/serescodehumidifiers.com\/fr\/developpement-professionnel\/\" \/>\n<meta property=\"og:locale\" content=\"fr_FR\" \/>\n<meta property=\"og:type\" content=\"article\" \/>\n<meta property=\"og:title\" content=\"D\u00e9veloppement Professionnel - Seresco Dehumidifiers\" \/>\n<meta property=\"og:description\" content=\"Cr\u00e9dit d&rsquo;heures de d\u00e9veloppement professionnel Seresco est heureux d&rsquo;offrir une pr\u00e9sentation informative, pratique et non commerciale de 52 minutes sur la conception des natatoriums. Il s&rsquo;agit du m\u00eame mat\u00e9riel que Ralph Kittler de Seresco pr\u00e9sente r\u00e9guli\u00e8rement aux chapitres de l&rsquo;ASHRAE en tant que conf\u00e9rencier expert et aux ing\u00e9nieurs \u00e0 travers le pays, et fournit par ... Lire la suite\" \/>\n<meta property=\"og:url\" content=\"https:\/\/serescodehumidifiers.com\/fr\/developpement-professionnel\/\" \/>\n<meta property=\"og:site_name\" content=\"Seresco Dehumidifiers\" \/>\n<meta property=\"article:modified_time\" content=\"2024-12-05T15:42:01+00:00\" \/>\n<meta property=\"og:image\" content=\"https:\/\/serescodehumidifiers.com\/wp-content\/uploads\/2018\/07\/banner_developement-min.jpg\" \/>\n\t<meta property=\"og:image:width\" content=\"1920\" \/>\n\t<meta property=\"og:image:height\" content=\"459\" \/>\n\t<meta property=\"og:image:type\" content=\"image\/jpeg\" \/>\n<meta name=\"twitter:card\" content=\"summary_large_image\" \/>\n<meta name=\"twitter:label1\" content=\"Dur\u00e9e de lecture estim\u00e9e\" \/>\n\t<meta name=\"twitter:data1\" content=\"2 minutes\" \/>\n<script type=\"application\/ld+json\" class=\"yoast-schema-graph\">{\"@context\":\"https:\\\/\\\/schema.org\",\"@graph\":[{\"@type\":\"WebPage\",\"@id\":\"https:\\\/\\\/serescodehumidifiers.com\\\/fr\\\/developpement-professionnel\\\/\",\"url\":\"https:\\\/\\\/serescodehumidifiers.com\\\/fr\\\/developpement-professionnel\\\/\",\"name\":\"D\u00e9veloppement Professionnel - Seresco Dehumidifiers\",\"isPartOf\":{\"@id\":\"https:\\\/\\\/serescodehumidifiers.com\\\/fr\\\/#website\"},\"primaryImageOfPage\":{\"@id\":\"https:\\\/\\\/serescodehumidifiers.com\\\/fr\\\/developpement-professionnel\\\/#primaryimage\"},\"image\":{\"@id\":\"https:\\\/\\\/serescodehumidifiers.com\\\/fr\\\/developpement-professionnel\\\/#primaryimage\"},\"thumbnailUrl\":\"https:\\\/\\\/serescodehumidifiers.com\\\/wp-content\\\/uploads\\\/2018\\\/07\\\/banner_developement-min.jpg\",\"datePublished\":\"2017-12-23T16:13:29+00:00\",\"dateModified\":\"2024-12-05T15:42:01+00:00\",\"breadcrumb\":{\"@id\":\"https:\\\/\\\/serescodehumidifiers.com\\\/fr\\\/developpement-professionnel\\\/#breadcrumb\"},\"inLanguage\":\"fr-FR\",\"potentialAction\":[{\"@type\":\"ReadAction\",\"target\":[\"https:\\\/\\\/serescodehumidifiers.com\\\/fr\\\/developpement-professionnel\\\/\"]}]},{\"@type\":\"ImageObject\",\"inLanguage\":\"fr-FR\",\"@id\":\"https:\\\/\\\/serescodehumidifiers.com\\\/fr\\\/developpement-professionnel\\\/#primaryimage\",\"url\":\"https:\\\/\\\/serescodehumidifiers.com\\\/wp-content\\\/uploads\\\/2018\\\/07\\\/banner_developement-min.jpg\",\"contentUrl\":\"https:\\\/\\\/serescodehumidifiers.com\\\/wp-content\\\/uploads\\\/2018\\\/07\\\/banner_developement-min.jpg\",\"width\":1920,\"height\":459},{\"@type\":\"BreadcrumbList\",\"@id\":\"https:\\\/\\\/serescodehumidifiers.com\\\/fr\\\/developpement-professionnel\\\/#breadcrumb\",\"itemListElement\":[{\"@type\":\"ListItem\",\"position\":1,\"name\":\"Home\",\"item\":\"https:\\\/\\\/serescodehumidifiers.com\\\/fr\\\/\"},{\"@type\":\"ListItem\",\"position\":2,\"name\":\"D\u00e9veloppement Professionnel\"}]},{\"@type\":\"WebSite\",\"@id\":\"https:\\\/\\\/serescodehumidifiers.com\\\/fr\\\/#website\",\"url\":\"https:\\\/\\\/serescodehumidifiers.com\\\/fr\\\/\",\"name\":\"Seresco Dehumidifiers\",\"description\":\"\",\"publisher\":{\"@id\":\"https:\\\/\\\/serescodehumidifiers.com\\\/fr\\\/#organization\"},\"potentialAction\":[{\"@type\":\"SearchAction\",\"target\":{\"@type\":\"EntryPoint\",\"urlTemplate\":\"https:\\\/\\\/serescodehumidifiers.com\\\/fr\\\/?s={search_term_string}\"},\"query-input\":{\"@type\":\"PropertyValueSpecification\",\"valueRequired\":true,\"valueName\":\"search_term_string\"}}],\"inLanguage\":\"fr-FR\"},{\"@type\":\"Organization\",\"@id\":\"https:\\\/\\\/serescodehumidifiers.com\\\/fr\\\/#organization\",\"name\":\"Seresco Dehumidifiers\",\"url\":\"https:\\\/\\\/serescodehumidifiers.com\\\/fr\\\/\",\"logo\":{\"@type\":\"ImageObject\",\"inLanguage\":\"fr-FR\",\"@id\":\"https:\\\/\\\/serescodehumidifiers.com\\\/fr\\\/#\\\/schema\\\/logo\\\/image\\\/\",\"url\":\"https:\\\/\\\/serescodehumidifiers.com\\\/wp-content\\\/uploads\\\/2024\\\/08\\\/fichier-1seresco.svg\",\"contentUrl\":\"https:\\\/\\\/serescodehumidifiers.com\\\/wp-content\\\/uploads\\\/2024\\\/08\\\/fichier-1seresco.svg\",\"caption\":\"Seresco Dehumidifiers\"},\"image\":{\"@id\":\"https:\\\/\\\/serescodehumidifiers.com\\\/fr\\\/#\\\/schema\\\/logo\\\/image\\\/\"}}]}<\/script>\n<!-- \/ Yoast SEO plugin. -->","yoast_head_json":{"title":"D\u00e9veloppement Professionnel - Seresco Dehumidifiers","robots":{"index":"index","follow":"follow","max-snippet":"max-snippet:-1","max-image-preview":"max-image-preview:large","max-video-preview":"max-video-preview:-1"},"canonical":"https:\/\/serescodehumidifiers.com\/fr\/developpement-professionnel\/","og_locale":"fr_FR","og_type":"article","og_title":"D\u00e9veloppement Professionnel - Seresco Dehumidifiers","og_description":"Cr\u00e9dit d&rsquo;heures de d\u00e9veloppement professionnel Seresco est heureux d&rsquo;offrir une pr\u00e9sentation informative, pratique et non commerciale de 52 minutes sur la conception des natatoriums. Il s&rsquo;agit du m\u00eame mat\u00e9riel que Ralph Kittler de Seresco pr\u00e9sente r\u00e9guli\u00e8rement aux chapitres de l&rsquo;ASHRAE en tant que conf\u00e9rencier expert et aux ing\u00e9nieurs \u00e0 travers le pays, et fournit par ... Lire la suite","og_url":"https:\/\/serescodehumidifiers.com\/fr\/developpement-professionnel\/","og_site_name":"Seresco Dehumidifiers","article_modified_time":"2024-12-05T15:42:01+00:00","og_image":[{"width":1920,"height":459,"url":"https:\/\/serescodehumidifiers.com\/wp-content\/uploads\/2018\/07\/banner_developement-min.jpg","type":"image\/jpeg"}],"twitter_card":"summary_large_image","twitter_misc":{"Dur\u00e9e de lecture estim\u00e9e":"2 minutes"},"schema":{"@context":"https:\/\/schema.org","@graph":[{"@type":"WebPage","@id":"https:\/\/serescodehumidifiers.com\/fr\/developpement-professionnel\/","url":"https:\/\/serescodehumidifiers.com\/fr\/developpement-professionnel\/","name":"D\u00e9veloppement Professionnel - Seresco Dehumidifiers","isPartOf":{"@id":"https:\/\/serescodehumidifiers.com\/fr\/#website"},"primaryImageOfPage":{"@id":"https:\/\/serescodehumidifiers.com\/fr\/developpement-professionnel\/#primaryimage"},"image":{"@id":"https:\/\/serescodehumidifiers.com\/fr\/developpement-professionnel\/#primaryimage"},"thumbnailUrl":"https:\/\/serescodehumidifiers.com\/wp-content\/uploads\/2018\/07\/banner_developement-min.jpg","datePublished":"2017-12-23T16:13:29+00:00","dateModified":"2024-12-05T15:42:01+00:00","breadcrumb":{"@id":"https:\/\/serescodehumidifiers.com\/fr\/developpement-professionnel\/#breadcrumb"},"inLanguage":"fr-FR","potentialAction":[{"@type":"ReadAction","target":["https:\/\/serescodehumidifiers.com\/fr\/developpement-professionnel\/"]}]},{"@type":"ImageObject","inLanguage":"fr-FR","@id":"https:\/\/serescodehumidifiers.com\/fr\/developpement-professionnel\/#primaryimage","url":"https:\/\/serescodehumidifiers.com\/wp-content\/uploads\/2018\/07\/banner_developement-min.jpg","contentUrl":"https:\/\/serescodehumidifiers.com\/wp-content\/uploads\/2018\/07\/banner_developement-min.jpg","width":1920,"height":459},{"@type":"BreadcrumbList","@id":"https:\/\/serescodehumidifiers.com\/fr\/developpement-professionnel\/#breadcrumb","itemListElement":[{"@type":"ListItem","position":1,"name":"Home","item":"https:\/\/serescodehumidifiers.com\/fr\/"},{"@type":"ListItem","position":2,"name":"D\u00e9veloppement Professionnel"}]},{"@type":"WebSite","@id":"https:\/\/serescodehumidifiers.com\/fr\/#website","url":"https:\/\/serescodehumidifiers.com\/fr\/","name":"Seresco Dehumidifiers","description":"","publisher":{"@id":"https:\/\/serescodehumidifiers.com\/fr\/#organization"},"potentialAction":[{"@type":"SearchAction","target":{"@type":"EntryPoint","urlTemplate":"https:\/\/serescodehumidifiers.com\/fr\/?s={search_term_string}"},"query-input":{"@type":"PropertyValueSpecification","valueRequired":true,"valueName":"search_term_string"}}],"inLanguage":"fr-FR"},{"@type":"Organization","@id":"https:\/\/serescodehumidifiers.com\/fr\/#organization","name":"Seresco Dehumidifiers","url":"https:\/\/serescodehumidifiers.com\/fr\/","logo":{"@type":"ImageObject","inLanguage":"fr-FR","@id":"https:\/\/serescodehumidifiers.com\/fr\/#\/schema\/logo\/image\/","url":"https:\/\/serescodehumidifiers.com\/wp-content\/uploads\/2024\/08\/fichier-1seresco.svg","contentUrl":"https:\/\/serescodehumidifiers.com\/wp-content\/uploads\/2024\/08\/fichier-1seresco.svg","caption":"Seresco Dehumidifiers"},"image":{"@id":"https:\/\/serescodehumidifiers.com\/fr\/#\/schema\/logo\/image\/"}}]}},"_links":{"self":[{"href":"https:\/\/serescodehumidifiers.com\/fr\/wp-json\/wp\/v2\/pages\/15998","targetHints":{"allow":["GET"]}}],"collection":[{"href":"https:\/\/serescodehumidifiers.com\/fr\/wp-json\/wp\/v2\/pages"}],"about":[{"href":"https:\/\/serescodehumidifiers.com\/fr\/wp-json\/wp\/v2\/types\/page"}],"author":[{"embeddable":true,"href":"https:\/\/serescodehumidifiers.com\/fr\/wp-json\/wp\/v2\/users\/6"}],"replies":[{"embeddable":true,"href":"https:\/\/serescodehumidifiers.com\/fr\/wp-json\/wp\/v2\/comments?post=15998"}],"version-history":[{"count":3,"href":"https:\/\/serescodehumidifiers.com\/fr\/wp-json\/wp\/v2\/pages\/15998\/revisions"}],"predecessor-version":[{"id":16225,"href":"https:\/\/serescodehumidifiers.com\/fr\/wp-json\/wp\/v2\/pages\/15998\/revisions\/16225"}],"wp:featuredmedia":[{"embeddable":true,"href":"https:\/\/serescodehumidifiers.com\/fr\/wp-json\/wp\/v2\/media\/14199"}],"wp:attachment":[{"href":"https:\/\/serescodehumidifiers.com\/fr\/wp-json\/wp\/v2\/media?parent=15998"}],"curies":[{"name":"wp","href":"https:\/\/api.w.org\/{rel}","templated":true}]}}