{"id":16009,"date":"2019-03-05T19:23:19","date_gmt":"2019-03-06T00:23:19","guid":{"rendered":"https:\/\/serescodehumidifiers.com\/?page_id=16009"},"modified":"2025-06-13T14:26:24","modified_gmt":"2025-06-13T18:26:24","slug":"maison-scott-mcgillivray","status":"publish","type":"page","link":"https:\/\/serescodehumidifiers.com\/fr\/maison-scott-mcgillivray\/","title":{"rendered":"Maison Scott McGillivray"},"content":{"rendered":"<h6>\u00c9tudes de cas<\/h6>\n<h2>Seresco install\u00e9 \u00e0 la maison de Scott McGillivray<\/h2>\n<p>L&rsquo;homme d&rsquo;affaires canadien et personnalit\u00e9 de la t\u00e9l\u00e9vision Scott McGillivray est bien connu pour ses investissements immobiliers judicieux. Lorsqu&rsquo;il a d\u00e9cid\u00e9 d&rsquo;installer une piscine int\u00e9rieure dans sa maison familiale, il s&rsquo;agissait d&rsquo;un autre investissement judicieux dans l&rsquo;un des \u00e9l\u00e9ments les plus importants qui contribuent au succ\u00e8s d&rsquo;une piscine : le d\u00e9shumidificateur achet\u00e9 chez Seresco.<\/p>\n<p>Dans cette vid\u00e9o, Scott discute de la d\u00e9shumidification des piscines et de ce qui rend Seresco unique, avec Mark Palitza, directeur national des ventes.<\/p>\n<div style=\"padding: 56.25% 0 0 0; position: relative;\"><iframe style=\"position: absolute; top: 0; left: 0; width: 100%; height: 100%;\" title=\"[fr] SM-MP-SER2\" src=\"https:\/\/player.vimeo.com\/video\/1028949109?badge=0&amp;autopause=0&amp;player_id=0&amp;app_id=58479\" frameborder=\"0\"><\/iframe><\/div>\n<p>Scott McGillivray discute avec Mark Palitza, directeur national des ventes pour Seresco, au sujet de la d\u00e9shumidification des piscines. Nous avons \u00e9galement \u00e9t\u00e9 ravis de figurer dans l&rsquo;un des populaires webisodes de Scott &#8211; vous pouvez le voir parler de l&rsquo;unit\u00e9 Seresco vers 3:16 dans la vid\u00e9o ci-dessous. Nous sommes heureux d&rsquo;avoir travaill\u00e9 avec Scott sur ce projet et de l&rsquo;avoir aid\u00e9 \u00e0 en faire un succ\u00e8s.<\/p>\n<div style=\"padding: 56.25% 0 0 0; position: relative;\"><iframe style=\"position: absolute; top: 0; left: 0; width: 100%; height: 100%;\" title=\"[fr] McGillivrays After the Move - The Pool\" src=\"https:\/\/player.vimeo.com\/video\/1028965085?badge=0&amp;autopause=0&amp;player_id=0&amp;app_id=58479\" frameborder=\"0\"><\/iframe><\/div>\n<p><script src=\"https:\/\/player.vimeo.com\/api\/player.js\"><\/script><\/p>\n<div style=\"display:flex; gap:10px;justify-content:center\" class=\"wps-pgfw-pdf-generate-icon__wrapper-frontend\">\n\t\t<a  href=\"https:\/\/serescodehumidifiers.com\/fr\/wp-json\/wp\/v2\/pages\/16009\/?action=genpdf&amp;id=16009\" class=\"pgfw-single-pdf-download-button\" ><img src=\"https:\/\/serescodehumidifiers.com\/wp-content\/plugins\/pdf-generator-for-wp\/admin\/src\/images\/PDF_Tray.svg\" title=\"G\u00e9n\u00e9rer un PDF\" style=\"width:auto; height:45px;\"><\/a>\n\t\t<\/div>","protected":false},"excerpt":{"rendered":"<p>\u00c9tudes de cas Seresco install\u00e9 \u00e0 la maison de Scott McGillivray L&rsquo;homme d&rsquo;affaires canadien et personnalit\u00e9 de la t\u00e9l\u00e9vision Scott McGillivray est bien connu pour ses investissements immobiliers judicieux. Lorsqu&rsquo;il a d\u00e9cid\u00e9 d&rsquo;installer une piscine int\u00e9rieure dans sa maison familiale, il s&rsquo;agissait d&rsquo;un autre investissement judicieux dans l&rsquo;un des \u00e9l\u00e9ments les plus importants qui contribuent &#8230; <a title=\"Maison Scott McGillivray\" class=\"read-more\" href=\"https:\/\/serescodehumidifiers.com\/fr\/maison-scott-mcgillivray\/\" aria-label=\"En savoir plus sur Maison Scott McGillivray\">Lire la suite<\/a><\/p>\n","protected":false},"author":6,"featured_media":14206,"parent":0,"menu_order":0,"comment_status":"closed","ping_status":"closed","template":"","meta":{"inline_featured_image":false,"generate_page_header":"","footnotes":""},"class_list":["post-16009","page","type-page","status-publish","has-post-thumbnail"],"yoast_head":"<!-- This site is optimized with the Yoast SEO plugin v27.1.1 - https:\/\/yoast.com\/product\/yoast-seo-wordpress\/ -->\n<title>Maison Scott McGillivray - Seresco Dehumidifiers<\/title>\n<meta name=\"robots\" content=\"index, follow, max-snippet:-1, max-image-preview:large, max-video-preview:-1\" \/>\n<link rel=\"canonical\" href=\"https:\/\/serescodehumidifiers.com\/fr\/maison-scott-mcgillivray\/\" \/>\n<meta property=\"og:locale\" content=\"fr_FR\" \/>\n<meta property=\"og:type\" content=\"article\" \/>\n<meta property=\"og:title\" content=\"Maison Scott McGillivray - Seresco Dehumidifiers\" \/>\n<meta property=\"og:description\" content=\"\u00c9tudes de cas Seresco install\u00e9 \u00e0 la maison de Scott McGillivray L&rsquo;homme d&rsquo;affaires canadien et personnalit\u00e9 de la t\u00e9l\u00e9vision Scott McGillivray est bien connu pour ses investissements immobiliers judicieux. Lorsqu&rsquo;il a d\u00e9cid\u00e9 d&rsquo;installer une piscine int\u00e9rieure dans sa maison familiale, il s&rsquo;agissait d&rsquo;un autre investissement judicieux dans l&rsquo;un des \u00e9l\u00e9ments les plus importants qui contribuent ... Lire la suite\" \/>\n<meta property=\"og:url\" content=\"https:\/\/serescodehumidifiers.com\/fr\/maison-scott-mcgillivray\/\" \/>\n<meta property=\"og:site_name\" content=\"Seresco Dehumidifiers\" \/>\n<meta property=\"article:modified_time\" content=\"2025-06-13T18:26:24+00:00\" \/>\n<meta property=\"og:image\" content=\"https:\/\/serescodehumidifiers.com\/wp-content\/uploads\/2018\/07\/seresco_betterd-min.jpg\" \/>\n\t<meta property=\"og:image:width\" content=\"1920\" \/>\n\t<meta property=\"og:image:height\" content=\"701\" \/>\n\t<meta property=\"og:image:type\" content=\"image\/jpeg\" \/>\n<meta name=\"twitter:card\" content=\"summary_large_image\" \/>\n<meta name=\"twitter:label1\" content=\"Dur\u00e9e de lecture estim\u00e9e\" \/>\n\t<meta name=\"twitter:data1\" content=\"1 minute\" \/>\n<script type=\"application\/ld+json\" class=\"yoast-schema-graph\">{\"@context\":\"https:\/\/schema.org\",\"@graph\":[{\"@type\":\"WebPage\",\"@id\":\"https:\/\/serescodehumidifiers.com\/fr\/maison-scott-mcgillivray\/\",\"url\":\"https:\/\/serescodehumidifiers.com\/fr\/maison-scott-mcgillivray\/\",\"name\":\"Maison Scott McGillivray - Seresco Dehumidifiers\",\"isPartOf\":{\"@id\":\"https:\/\/serescodehumidifiers.com\/fr\/#website\"},\"primaryImageOfPage\":{\"@id\":\"https:\/\/serescodehumidifiers.com\/fr\/maison-scott-mcgillivray\/#primaryimage\"},\"image\":{\"@id\":\"https:\/\/serescodehumidifiers.com\/fr\/maison-scott-mcgillivray\/#primaryimage\"},\"thumbnailUrl\":\"https:\/\/serescodehumidifiers.com\/wp-content\/uploads\/2018\/07\/seresco_betterd-min.jpg\",\"datePublished\":\"2019-03-06T00:23:19+00:00\",\"dateModified\":\"2025-06-13T18:26:24+00:00\",\"breadcrumb\":{\"@id\":\"https:\/\/serescodehumidifiers.com\/fr\/maison-scott-mcgillivray\/#breadcrumb\"},\"inLanguage\":\"fr-FR\",\"potentialAction\":[{\"@type\":\"ReadAction\",\"target\":[\"https:\/\/serescodehumidifiers.com\/fr\/maison-scott-mcgillivray\/\"]}]},{\"@type\":\"ImageObject\",\"inLanguage\":\"fr-FR\",\"@id\":\"https:\/\/serescodehumidifiers.com\/fr\/maison-scott-mcgillivray\/#primaryimage\",\"url\":\"https:\/\/serescodehumidifiers.com\/wp-content\/uploads\/2018\/07\/seresco_betterd-min.jpg\",\"contentUrl\":\"https:\/\/serescodehumidifiers.com\/wp-content\/uploads\/2018\/07\/seresco_betterd-min.jpg\",\"width\":1920,\"height\":701},{\"@type\":\"BreadcrumbList\",\"@id\":\"https:\/\/serescodehumidifiers.com\/fr\/maison-scott-mcgillivray\/#breadcrumb\",\"itemListElement\":[{\"@type\":\"ListItem\",\"position\":1,\"name\":\"Home\",\"item\":\"https:\/\/serescodehumidifiers.com\/fr\/\"},{\"@type\":\"ListItem\",\"position\":2,\"name\":\"Maison Scott McGillivray\"}]},{\"@type\":\"WebSite\",\"@id\":\"https:\/\/serescodehumidifiers.com\/fr\/#website\",\"url\":\"https:\/\/serescodehumidifiers.com\/fr\/\",\"name\":\"Seresco Dehumidifiers\",\"description\":\"\",\"publisher\":{\"@id\":\"https:\/\/serescodehumidifiers.com\/fr\/#organization\"},\"potentialAction\":[{\"@type\":\"SearchAction\",\"target\":{\"@type\":\"EntryPoint\",\"urlTemplate\":\"https:\/\/serescodehumidifiers.com\/fr\/?s={search_term_string}\"},\"query-input\":{\"@type\":\"PropertyValueSpecification\",\"valueRequired\":true,\"valueName\":\"search_term_string\"}}],\"inLanguage\":\"fr-FR\"},{\"@type\":\"Organization\",\"@id\":\"https:\/\/serescodehumidifiers.com\/fr\/#organization\",\"name\":\"Seresco Dehumidifiers\",\"url\":\"https:\/\/serescodehumidifiers.com\/fr\/\",\"logo\":{\"@type\":\"ImageObject\",\"inLanguage\":\"fr-FR\",\"@id\":\"https:\/\/serescodehumidifiers.com\/fr\/#\/schema\/logo\/image\/\",\"url\":\"https:\/\/serescodehumidifiers.com\/wp-content\/uploads\/2024\/08\/fichier-1seresco.svg\",\"contentUrl\":\"https:\/\/serescodehumidifiers.com\/wp-content\/uploads\/2024\/08\/fichier-1seresco.svg\",\"caption\":\"Seresco Dehumidifiers\"},\"image\":{\"@id\":\"https:\/\/serescodehumidifiers.com\/fr\/#\/schema\/logo\/image\/\"}}]}<\/script>\n<!-- \/ Yoast SEO plugin. -->","yoast_head_json":{"title":"Maison Scott McGillivray - Seresco Dehumidifiers","robots":{"index":"index","follow":"follow","max-snippet":"max-snippet:-1","max-image-preview":"max-image-preview:large","max-video-preview":"max-video-preview:-1"},"canonical":"https:\/\/serescodehumidifiers.com\/fr\/maison-scott-mcgillivray\/","og_locale":"fr_FR","og_type":"article","og_title":"Maison Scott McGillivray - Seresco Dehumidifiers","og_description":"\u00c9tudes de cas Seresco install\u00e9 \u00e0 la maison de Scott McGillivray L&rsquo;homme d&rsquo;affaires canadien et personnalit\u00e9 de la t\u00e9l\u00e9vision Scott McGillivray est bien connu pour ses investissements immobiliers judicieux. Lorsqu&rsquo;il a d\u00e9cid\u00e9 d&rsquo;installer une piscine int\u00e9rieure dans sa maison familiale, il s&rsquo;agissait d&rsquo;un autre investissement judicieux dans l&rsquo;un des \u00e9l\u00e9ments les plus importants qui contribuent ... Lire la suite","og_url":"https:\/\/serescodehumidifiers.com\/fr\/maison-scott-mcgillivray\/","og_site_name":"Seresco Dehumidifiers","article_modified_time":"2025-06-13T18:26:24+00:00","og_image":[{"width":1920,"height":701,"url":"https:\/\/serescodehumidifiers.com\/wp-content\/uploads\/2018\/07\/seresco_betterd-min.jpg","type":"image\/jpeg"}],"twitter_card":"summary_large_image","twitter_misc":{"Dur\u00e9e de lecture estim\u00e9e":"1 minute"},"schema":{"@context":"https:\/\/schema.org","@graph":[{"@type":"WebPage","@id":"https:\/\/serescodehumidifiers.com\/fr\/maison-scott-mcgillivray\/","url":"https:\/\/serescodehumidifiers.com\/fr\/maison-scott-mcgillivray\/","name":"Maison Scott McGillivray - Seresco Dehumidifiers","isPartOf":{"@id":"https:\/\/serescodehumidifiers.com\/fr\/#website"},"primaryImageOfPage":{"@id":"https:\/\/serescodehumidifiers.com\/fr\/maison-scott-mcgillivray\/#primaryimage"},"image":{"@id":"https:\/\/serescodehumidifiers.com\/fr\/maison-scott-mcgillivray\/#primaryimage"},"thumbnailUrl":"https:\/\/serescodehumidifiers.com\/wp-content\/uploads\/2018\/07\/seresco_betterd-min.jpg","datePublished":"2019-03-06T00:23:19+00:00","dateModified":"2025-06-13T18:26:24+00:00","breadcrumb":{"@id":"https:\/\/serescodehumidifiers.com\/fr\/maison-scott-mcgillivray\/#breadcrumb"},"inLanguage":"fr-FR","potentialAction":[{"@type":"ReadAction","target":["https:\/\/serescodehumidifiers.com\/fr\/maison-scott-mcgillivray\/"]}]},{"@type":"ImageObject","inLanguage":"fr-FR","@id":"https:\/\/serescodehumidifiers.com\/fr\/maison-scott-mcgillivray\/#primaryimage","url":"https:\/\/serescodehumidifiers.com\/wp-content\/uploads\/2018\/07\/seresco_betterd-min.jpg","contentUrl":"https:\/\/serescodehumidifiers.com\/wp-content\/uploads\/2018\/07\/seresco_betterd-min.jpg","width":1920,"height":701},{"@type":"BreadcrumbList","@id":"https:\/\/serescodehumidifiers.com\/fr\/maison-scott-mcgillivray\/#breadcrumb","itemListElement":[{"@type":"ListItem","position":1,"name":"Home","item":"https:\/\/serescodehumidifiers.com\/fr\/"},{"@type":"ListItem","position":2,"name":"Maison Scott McGillivray"}]},{"@type":"WebSite","@id":"https:\/\/serescodehumidifiers.com\/fr\/#website","url":"https:\/\/serescodehumidifiers.com\/fr\/","name":"Seresco Dehumidifiers","description":"","publisher":{"@id":"https:\/\/serescodehumidifiers.com\/fr\/#organization"},"potentialAction":[{"@type":"SearchAction","target":{"@type":"EntryPoint","urlTemplate":"https:\/\/serescodehumidifiers.com\/fr\/?s={search_term_string}"},"query-input":{"@type":"PropertyValueSpecification","valueRequired":true,"valueName":"search_term_string"}}],"inLanguage":"fr-FR"},{"@type":"Organization","@id":"https:\/\/serescodehumidifiers.com\/fr\/#organization","name":"Seresco Dehumidifiers","url":"https:\/\/serescodehumidifiers.com\/fr\/","logo":{"@type":"ImageObject","inLanguage":"fr-FR","@id":"https:\/\/serescodehumidifiers.com\/fr\/#\/schema\/logo\/image\/","url":"https:\/\/serescodehumidifiers.com\/wp-content\/uploads\/2024\/08\/fichier-1seresco.svg","contentUrl":"https:\/\/serescodehumidifiers.com\/wp-content\/uploads\/2024\/08\/fichier-1seresco.svg","caption":"Seresco Dehumidifiers"},"image":{"@id":"https:\/\/serescodehumidifiers.com\/fr\/#\/schema\/logo\/image\/"}}]}},"_links":{"self":[{"href":"https:\/\/serescodehumidifiers.com\/fr\/wp-json\/wp\/v2\/pages\/16009","targetHints":{"allow":["GET"]}}],"collection":[{"href":"https:\/\/serescodehumidifiers.com\/fr\/wp-json\/wp\/v2\/pages"}],"about":[{"href":"https:\/\/serescodehumidifiers.com\/fr\/wp-json\/wp\/v2\/types\/page"}],"author":[{"embeddable":true,"href":"https:\/\/serescodehumidifiers.com\/fr\/wp-json\/wp\/v2\/users\/6"}],"replies":[{"embeddable":true,"href":"https:\/\/serescodehumidifiers.com\/fr\/wp-json\/wp\/v2\/comments?post=16009"}],"version-history":[{"count":3,"href":"https:\/\/serescodehumidifiers.com\/fr\/wp-json\/wp\/v2\/pages\/16009\/revisions"}],"predecessor-version":[{"id":16705,"href":"https:\/\/serescodehumidifiers.com\/fr\/wp-json\/wp\/v2\/pages\/16009\/revisions\/16705"}],"wp:featuredmedia":[{"embeddable":true,"href":"https:\/\/serescodehumidifiers.com\/fr\/wp-json\/wp\/v2\/media\/14206"}],"wp:attachment":[{"href":"https:\/\/serescodehumidifiers.com\/fr\/wp-json\/wp\/v2\/media?parent=16009"}],"curies":[{"name":"wp","href":"https:\/\/api.w.org\/{rel}","templated":true}]}}