{"id":16012,"date":"2019-05-08T11:04:23","date_gmt":"2019-05-08T15:04:23","guid":{"rendered":"https:\/\/serescodehumidifiers.com\/?page_id=16012"},"modified":"2024-11-13T11:45:21","modified_gmt":"2024-11-13T16:45:21","slug":"universite-queens-de-charlotte","status":"publish","type":"page","link":"https:\/\/serescodehumidifiers.com\/fr\/universite-queens-de-charlotte\/","title":{"rendered":"Universit\u00e9 Queens de Charlotte"},"content":{"rendered":"<h6>\u00c9tudes de cas<\/h6>\n<h2>L&rsquo;universit\u00e9 Queen&rsquo;s attire la renomm\u00e9e gr\u00e2ce \u00e0 la qualit\u00e9 exceptionnelle de l&rsquo;air de sa piscine<\/h2>\n<p>L&rsquo;Universit\u00e9 Queen&rsquo;s en Caroline du Nord accumule les championnats de natation NCAA depuis qu&rsquo;elle s&rsquo;est engag\u00e9e \u00e0 investir dans une qualit\u00e9 d&rsquo;air int\u00e9rieur (IAQ) sup\u00e9rieure pour sa piscine.<\/p>\n<p>Dans cet article publi\u00e9 par <a href=\"https:\/\/serescodehumidifiers.com\/wp-content\/uploads\/2024\/11\/seresco-hpac-engineering-articlefr.pdf\">HPAC Engineering<\/a>, vous d\u00e9couvrirez comment l&rsquo;universit\u00e9 a gagn\u00e9 la reconnaissance de tous et attire de nouveaux talents de la natation gr\u00e2ce \u00e0 sa QAI <a href=\"https:\/\/www.hpac.com\/iaq-ventilation\/small-pond-big-fish-find-national-renown-iaq\">.<\/a><\/p>\n<a href=\"https:\/\/serescodehumidifiers.com\/wp-content\/uploads\/2024\/11\/seresco-hpac-engineering-articlefr.pdf\"><img fetchpriority=\"high\" decoding=\"async\" class=\"aligncenter wp-image-16018 size-medium\" src=\"https:\/\/serescodehumidifiers.com\/wp-content\/uploads\/2024\/11\/seresco-hpac-engineering-articlefr-page-1-232x300.jpg\" alt=\"\" width=\"232\" height=\"300\" srcset=\"https:\/\/serescodehumidifiers.com\/wp-content\/uploads\/2024\/11\/seresco-hpac-engineering-articlefr-page-1-232x300.jpg 232w, https:\/\/serescodehumidifiers.com\/wp-content\/uploads\/2024\/11\/seresco-hpac-engineering-articlefr-page-1-791x1024.jpg 791w, https:\/\/serescodehumidifiers.com\/wp-content\/uploads\/2024\/11\/seresco-hpac-engineering-articlefr-page-1-768x994.jpg 768w, https:\/\/serescodehumidifiers.com\/wp-content\/uploads\/2024\/11\/seresco-hpac-engineering-articlefr-page-1-1187x1536.jpg 1187w, https:\/\/serescodehumidifiers.com\/wp-content\/uploads\/2024\/11\/seresco-hpac-engineering-articlefr-page-1-1583x2048.jpg 1583w, https:\/\/serescodehumidifiers.com\/wp-content\/uploads\/2024\/11\/seresco-hpac-engineering-articlefr-page-1-scaled.jpg 1979w\" sizes=\"(max-width: 232px) 100vw, 232px\" \/><\/a>\n<div style=\"display:flex; gap:10px;justify-content:center\" class=\"wps-pgfw-pdf-generate-icon__wrapper-frontend\">\n\t\t<a  href=\"https:\/\/serescodehumidifiers.com\/fr\/wp-json\/wp\/v2\/pages\/16012\/?action=genpdf&amp;id=16012\" class=\"pgfw-single-pdf-download-button\" ><img src=\"https:\/\/serescodehumidifiers.com\/wp-content\/plugins\/pdf-generator-for-wp\/admin\/src\/images\/PDF_Tray.svg\" title=\"G\u00e9n\u00e9rer un PDF\" style=\"width:auto; height:45px;\"><\/a>\n\t\t<\/div>","protected":false},"excerpt":{"rendered":"<p>\u00c9tudes de cas L&rsquo;universit\u00e9 Queen&rsquo;s attire la renomm\u00e9e gr\u00e2ce \u00e0 la qualit\u00e9 exceptionnelle de l&rsquo;air de sa piscine L&rsquo;Universit\u00e9 Queen&rsquo;s en Caroline du Nord accumule les championnats de natation NCAA depuis qu&rsquo;elle s&rsquo;est engag\u00e9e \u00e0 investir dans une qualit\u00e9 d&rsquo;air int\u00e9rieur (IAQ) sup\u00e9rieure pour sa piscine. Dans cet article publi\u00e9 par HPAC Engineering, vous d\u00e9couvrirez &#8230; <a title=\"Universit\u00e9 Queens de Charlotte\" class=\"read-more\" href=\"https:\/\/serescodehumidifiers.com\/fr\/universite-queens-de-charlotte\/\" aria-label=\"En savoir plus sur Universit\u00e9 Queens de Charlotte\">Lire la suite<\/a><\/p>\n","protected":false},"author":6,"featured_media":14206,"parent":0,"menu_order":0,"comment_status":"closed","ping_status":"closed","template":"","meta":{"inline_featured_image":false,"generate_page_header":"","footnotes":""},"class_list":["post-16012","page","type-page","status-publish","has-post-thumbnail"],"yoast_head":"<!-- This site is optimized with the Yoast SEO plugin v27.1.1 - https:\/\/yoast.com\/product\/yoast-seo-wordpress\/ -->\n<title>Universit\u00e9 Queens de Charlotte - Seresco Dehumidifiers<\/title>\n<meta name=\"robots\" content=\"index, follow, max-snippet:-1, max-image-preview:large, max-video-preview:-1\" \/>\n<link rel=\"canonical\" href=\"https:\/\/serescodehumidifiers.com\/fr\/universite-queens-de-charlotte\/\" \/>\n<meta property=\"og:locale\" content=\"fr_FR\" \/>\n<meta property=\"og:type\" content=\"article\" \/>\n<meta property=\"og:title\" content=\"Universit\u00e9 Queens de Charlotte - Seresco Dehumidifiers\" \/>\n<meta property=\"og:description\" content=\"\u00c9tudes de cas L&rsquo;universit\u00e9 Queen&rsquo;s attire la renomm\u00e9e gr\u00e2ce \u00e0 la qualit\u00e9 exceptionnelle de l&rsquo;air de sa piscine L&rsquo;Universit\u00e9 Queen&rsquo;s en Caroline du Nord accumule les championnats de natation NCAA depuis qu&rsquo;elle s&rsquo;est engag\u00e9e \u00e0 investir dans une qualit\u00e9 d&rsquo;air int\u00e9rieur (IAQ) sup\u00e9rieure pour sa piscine. Dans cet article publi\u00e9 par HPAC Engineering, vous d\u00e9couvrirez ... Lire la suite\" \/>\n<meta property=\"og:url\" content=\"https:\/\/serescodehumidifiers.com\/fr\/universite-queens-de-charlotte\/\" \/>\n<meta property=\"og:site_name\" content=\"Seresco Dehumidifiers\" \/>\n<meta property=\"article:modified_time\" content=\"2024-11-13T16:45:21+00:00\" \/>\n<meta property=\"og:image\" content=\"https:\/\/serescodehumidifiers.com\/wp-content\/uploads\/2018\/07\/seresco_betterd-min.jpg\" \/>\n\t<meta property=\"og:image:width\" content=\"1920\" \/>\n\t<meta property=\"og:image:height\" content=\"701\" \/>\n\t<meta property=\"og:image:type\" content=\"image\/jpeg\" \/>\n<meta name=\"twitter:card\" content=\"summary_large_image\" \/>\n<meta name=\"twitter:label1\" content=\"Dur\u00e9e de lecture estim\u00e9e\" \/>\n\t<meta name=\"twitter:data1\" content=\"1 minute\" \/>\n<script type=\"application\/ld+json\" class=\"yoast-schema-graph\">{\"@context\":\"https:\/\/schema.org\",\"@graph\":[{\"@type\":\"WebPage\",\"@id\":\"https:\/\/serescodehumidifiers.com\/fr\/universite-queens-de-charlotte\/\",\"url\":\"https:\/\/serescodehumidifiers.com\/fr\/universite-queens-de-charlotte\/\",\"name\":\"Universit\u00e9 Queens de Charlotte - Seresco Dehumidifiers\",\"isPartOf\":{\"@id\":\"https:\/\/serescodehumidifiers.com\/fr\/#website\"},\"primaryImageOfPage\":{\"@id\":\"https:\/\/serescodehumidifiers.com\/fr\/universite-queens-de-charlotte\/#primaryimage\"},\"image\":{\"@id\":\"https:\/\/serescodehumidifiers.com\/fr\/universite-queens-de-charlotte\/#primaryimage\"},\"thumbnailUrl\":\"https:\/\/serescodehumidifiers.com\/wp-content\/uploads\/2018\/07\/seresco_betterd-min.jpg\",\"datePublished\":\"2019-05-08T15:04:23+00:00\",\"dateModified\":\"2024-11-13T16:45:21+00:00\",\"breadcrumb\":{\"@id\":\"https:\/\/serescodehumidifiers.com\/fr\/universite-queens-de-charlotte\/#breadcrumb\"},\"inLanguage\":\"fr-FR\",\"potentialAction\":[{\"@type\":\"ReadAction\",\"target\":[\"https:\/\/serescodehumidifiers.com\/fr\/universite-queens-de-charlotte\/\"]}]},{\"@type\":\"ImageObject\",\"inLanguage\":\"fr-FR\",\"@id\":\"https:\/\/serescodehumidifiers.com\/fr\/universite-queens-de-charlotte\/#primaryimage\",\"url\":\"https:\/\/serescodehumidifiers.com\/wp-content\/uploads\/2018\/07\/seresco_betterd-min.jpg\",\"contentUrl\":\"https:\/\/serescodehumidifiers.com\/wp-content\/uploads\/2018\/07\/seresco_betterd-min.jpg\",\"width\":1920,\"height\":701},{\"@type\":\"BreadcrumbList\",\"@id\":\"https:\/\/serescodehumidifiers.com\/fr\/universite-queens-de-charlotte\/#breadcrumb\",\"itemListElement\":[{\"@type\":\"ListItem\",\"position\":1,\"name\":\"Home\",\"item\":\"https:\/\/serescodehumidifiers.com\/fr\/\"},{\"@type\":\"ListItem\",\"position\":2,\"name\":\"Universit\u00e9 Queens de Charlotte\"}]},{\"@type\":\"WebSite\",\"@id\":\"https:\/\/serescodehumidifiers.com\/fr\/#website\",\"url\":\"https:\/\/serescodehumidifiers.com\/fr\/\",\"name\":\"Seresco Dehumidifiers\",\"description\":\"\",\"publisher\":{\"@id\":\"https:\/\/serescodehumidifiers.com\/fr\/#organization\"},\"potentialAction\":[{\"@type\":\"SearchAction\",\"target\":{\"@type\":\"EntryPoint\",\"urlTemplate\":\"https:\/\/serescodehumidifiers.com\/fr\/?s={search_term_string}\"},\"query-input\":{\"@type\":\"PropertyValueSpecification\",\"valueRequired\":true,\"valueName\":\"search_term_string\"}}],\"inLanguage\":\"fr-FR\"},{\"@type\":\"Organization\",\"@id\":\"https:\/\/serescodehumidifiers.com\/fr\/#organization\",\"name\":\"Seresco Dehumidifiers\",\"url\":\"https:\/\/serescodehumidifiers.com\/fr\/\",\"logo\":{\"@type\":\"ImageObject\",\"inLanguage\":\"fr-FR\",\"@id\":\"https:\/\/serescodehumidifiers.com\/fr\/#\/schema\/logo\/image\/\",\"url\":\"https:\/\/serescodehumidifiers.com\/wp-content\/uploads\/2024\/08\/fichier-1seresco.svg\",\"contentUrl\":\"https:\/\/serescodehumidifiers.com\/wp-content\/uploads\/2024\/08\/fichier-1seresco.svg\",\"caption\":\"Seresco Dehumidifiers\"},\"image\":{\"@id\":\"https:\/\/serescodehumidifiers.com\/fr\/#\/schema\/logo\/image\/\"}}]}<\/script>\n<!-- \/ Yoast SEO plugin. -->","yoast_head_json":{"title":"Universit\u00e9 Queens de Charlotte - Seresco Dehumidifiers","robots":{"index":"index","follow":"follow","max-snippet":"max-snippet:-1","max-image-preview":"max-image-preview:large","max-video-preview":"max-video-preview:-1"},"canonical":"https:\/\/serescodehumidifiers.com\/fr\/universite-queens-de-charlotte\/","og_locale":"fr_FR","og_type":"article","og_title":"Universit\u00e9 Queens de Charlotte - Seresco Dehumidifiers","og_description":"\u00c9tudes de cas L&rsquo;universit\u00e9 Queen&rsquo;s attire la renomm\u00e9e gr\u00e2ce \u00e0 la qualit\u00e9 exceptionnelle de l&rsquo;air de sa piscine L&rsquo;Universit\u00e9 Queen&rsquo;s en Caroline du Nord accumule les championnats de natation NCAA depuis qu&rsquo;elle s&rsquo;est engag\u00e9e \u00e0 investir dans une qualit\u00e9 d&rsquo;air int\u00e9rieur (IAQ) sup\u00e9rieure pour sa piscine. Dans cet article publi\u00e9 par HPAC Engineering, vous d\u00e9couvrirez ... Lire la suite","og_url":"https:\/\/serescodehumidifiers.com\/fr\/universite-queens-de-charlotte\/","og_site_name":"Seresco Dehumidifiers","article_modified_time":"2024-11-13T16:45:21+00:00","og_image":[{"width":1920,"height":701,"url":"https:\/\/serescodehumidifiers.com\/wp-content\/uploads\/2018\/07\/seresco_betterd-min.jpg","type":"image\/jpeg"}],"twitter_card":"summary_large_image","twitter_misc":{"Dur\u00e9e de lecture estim\u00e9e":"1 minute"},"schema":{"@context":"https:\/\/schema.org","@graph":[{"@type":"WebPage","@id":"https:\/\/serescodehumidifiers.com\/fr\/universite-queens-de-charlotte\/","url":"https:\/\/serescodehumidifiers.com\/fr\/universite-queens-de-charlotte\/","name":"Universit\u00e9 Queens de Charlotte - Seresco Dehumidifiers","isPartOf":{"@id":"https:\/\/serescodehumidifiers.com\/fr\/#website"},"primaryImageOfPage":{"@id":"https:\/\/serescodehumidifiers.com\/fr\/universite-queens-de-charlotte\/#primaryimage"},"image":{"@id":"https:\/\/serescodehumidifiers.com\/fr\/universite-queens-de-charlotte\/#primaryimage"},"thumbnailUrl":"https:\/\/serescodehumidifiers.com\/wp-content\/uploads\/2018\/07\/seresco_betterd-min.jpg","datePublished":"2019-05-08T15:04:23+00:00","dateModified":"2024-11-13T16:45:21+00:00","breadcrumb":{"@id":"https:\/\/serescodehumidifiers.com\/fr\/universite-queens-de-charlotte\/#breadcrumb"},"inLanguage":"fr-FR","potentialAction":[{"@type":"ReadAction","target":["https:\/\/serescodehumidifiers.com\/fr\/universite-queens-de-charlotte\/"]}]},{"@type":"ImageObject","inLanguage":"fr-FR","@id":"https:\/\/serescodehumidifiers.com\/fr\/universite-queens-de-charlotte\/#primaryimage","url":"https:\/\/serescodehumidifiers.com\/wp-content\/uploads\/2018\/07\/seresco_betterd-min.jpg","contentUrl":"https:\/\/serescodehumidifiers.com\/wp-content\/uploads\/2018\/07\/seresco_betterd-min.jpg","width":1920,"height":701},{"@type":"BreadcrumbList","@id":"https:\/\/serescodehumidifiers.com\/fr\/universite-queens-de-charlotte\/#breadcrumb","itemListElement":[{"@type":"ListItem","position":1,"name":"Home","item":"https:\/\/serescodehumidifiers.com\/fr\/"},{"@type":"ListItem","position":2,"name":"Universit\u00e9 Queens de Charlotte"}]},{"@type":"WebSite","@id":"https:\/\/serescodehumidifiers.com\/fr\/#website","url":"https:\/\/serescodehumidifiers.com\/fr\/","name":"Seresco Dehumidifiers","description":"","publisher":{"@id":"https:\/\/serescodehumidifiers.com\/fr\/#organization"},"potentialAction":[{"@type":"SearchAction","target":{"@type":"EntryPoint","urlTemplate":"https:\/\/serescodehumidifiers.com\/fr\/?s={search_term_string}"},"query-input":{"@type":"PropertyValueSpecification","valueRequired":true,"valueName":"search_term_string"}}],"inLanguage":"fr-FR"},{"@type":"Organization","@id":"https:\/\/serescodehumidifiers.com\/fr\/#organization","name":"Seresco Dehumidifiers","url":"https:\/\/serescodehumidifiers.com\/fr\/","logo":{"@type":"ImageObject","inLanguage":"fr-FR","@id":"https:\/\/serescodehumidifiers.com\/fr\/#\/schema\/logo\/image\/","url":"https:\/\/serescodehumidifiers.com\/wp-content\/uploads\/2024\/08\/fichier-1seresco.svg","contentUrl":"https:\/\/serescodehumidifiers.com\/wp-content\/uploads\/2024\/08\/fichier-1seresco.svg","caption":"Seresco Dehumidifiers"},"image":{"@id":"https:\/\/serescodehumidifiers.com\/fr\/#\/schema\/logo\/image\/"}}]}},"_links":{"self":[{"href":"https:\/\/serescodehumidifiers.com\/fr\/wp-json\/wp\/v2\/pages\/16012","targetHints":{"allow":["GET"]}}],"collection":[{"href":"https:\/\/serescodehumidifiers.com\/fr\/wp-json\/wp\/v2\/pages"}],"about":[{"href":"https:\/\/serescodehumidifiers.com\/fr\/wp-json\/wp\/v2\/types\/page"}],"author":[{"embeddable":true,"href":"https:\/\/serescodehumidifiers.com\/fr\/wp-json\/wp\/v2\/users\/6"}],"replies":[{"embeddable":true,"href":"https:\/\/serescodehumidifiers.com\/fr\/wp-json\/wp\/v2\/comments?post=16012"}],"version-history":[{"count":3,"href":"https:\/\/serescodehumidifiers.com\/fr\/wp-json\/wp\/v2\/pages\/16012\/revisions"}],"predecessor-version":[{"id":16021,"href":"https:\/\/serescodehumidifiers.com\/fr\/wp-json\/wp\/v2\/pages\/16012\/revisions\/16021"}],"wp:featuredmedia":[{"embeddable":true,"href":"https:\/\/serescodehumidifiers.com\/fr\/wp-json\/wp\/v2\/media\/14206"}],"wp:attachment":[{"href":"https:\/\/serescodehumidifiers.com\/fr\/wp-json\/wp\/v2\/media?parent=16012"}],"curies":[{"name":"wp","href":"https:\/\/api.w.org\/{rel}","templated":true}]}}