{"id":16022,"date":"2019-07-25T09:42:19","date_gmt":"2019-07-25T13:42:19","guid":{"rendered":"https:\/\/serescodehumidifiers.com\/?page_id=16022"},"modified":"2025-06-13T14:19:11","modified_gmt":"2025-06-13T18:19:11","slug":"centre-dentrainement-des-pistons-de-detroit","status":"publish","type":"page","link":"https:\/\/serescodehumidifiers.com\/fr\/centre-dentrainement-des-pistons-de-detroit\/","title":{"rendered":"Centre d&rsquo;entra\u00eenement des Pistons de Detroit"},"content":{"rendered":"<h6><b>\u00c9tudes de cas<\/b><\/h6>\n<h2><b>Toujours en convalescence, D\u00e9troit accueille le nouveau complexe sportif des Pistons<\/b><\/h2>\n<p>Cinq ans apr\u00e8s avoir \u00e9merg\u00e9 de la plus grande faillite municipale de l&rsquo;histoire des \u00c9tats-Unis, D\u00e9troit est en plein essor.<\/p>\n<p>La valeur des biens immobiliers est en hausse, de nouveaux si\u00e8ges sociaux s&rsquo;installent et le centre-ville est en plein essor. Motor City est en train de gagner sa r\u00e9putation de \u00ab ville la plus chaude d&rsquo;Am\u00e9rique \u00bb, affirme Daniel Howes, chroniqueur \u00e9conomique au Detroit News.<\/p>\n<p>Ouvert cet \u00e9t\u00e9, le Henry Ford-Detroit Pistons Performance Center, d&rsquo;une valeur de 50 millions de dollars, est un autre exemple de la revitalisation de la ville. Dot\u00e9 d&rsquo;installations d&rsquo;entra\u00eenement et de m\u00e9decine sportive de classe mondiale, il ne manquera pas de donner un avantage aux joueurs de basket-ball des Pistons, ainsi qu&rsquo;aux athl\u00e8tes du grand public.<\/p>\n<p>Consultez cet article publi\u00e9 dans HPAC Engineering au sujet de cette nouvelle installation et du r\u00f4le que Seresco a jou\u00e9 pour l&rsquo;amener dans la communaut\u00e9.<\/p>\n<a href=\"https:\/\/serescodehumidifiers.com\/wp-content\/uploads\/2025\/06\/seresco-hpac-engineering-still-rebounding-article-fr.pdf\"><img fetchpriority=\"high\" decoding=\"async\" class=\"alignnone wp-image-16696\" src=\"https:\/\/serescodehumidifiers.com\/wp-content\/uploads\/2025\/06\/seresco-hpac-engineering-still-rebounding-article-thumb-fr-795x1024.png\" alt=\"\" width=\"600\" height=\"772\" srcset=\"https:\/\/serescodehumidifiers.com\/wp-content\/uploads\/2025\/06\/seresco-hpac-engineering-still-rebounding-article-thumb-fr-795x1024.png 795w, https:\/\/serescodehumidifiers.com\/wp-content\/uploads\/2025\/06\/seresco-hpac-engineering-still-rebounding-article-thumb-fr-233x300.png 233w, https:\/\/serescodehumidifiers.com\/wp-content\/uploads\/2025\/06\/seresco-hpac-engineering-still-rebounding-article-thumb-fr-768x989.png 768w, https:\/\/serescodehumidifiers.com\/wp-content\/uploads\/2025\/06\/seresco-hpac-engineering-still-rebounding-article-thumb-fr.png 922w\" sizes=\"(max-width: 600px) 100vw, 600px\" \/><\/a>\n<p>&nbsp;<\/p>\n<div style=\"display:flex; gap:10px;justify-content:center\" class=\"wps-pgfw-pdf-generate-icon__wrapper-frontend\">\n\t\t<a  href=\"https:\/\/serescodehumidifiers.com\/fr\/wp-json\/wp\/v2\/pages\/16022\/?action=genpdf&amp;id=16022\" class=\"pgfw-single-pdf-download-button\" ><img src=\"https:\/\/serescodehumidifiers.com\/wp-content\/plugins\/pdf-generator-for-wp\/admin\/src\/images\/PDF_Tray.svg\" title=\"G\u00e9n\u00e9rer un PDF\" style=\"width:auto; height:45px;\"><\/a>\n\t\t<\/div>","protected":false},"excerpt":{"rendered":"<p>\u00c9tudes de cas Toujours en convalescence, D\u00e9troit accueille le nouveau complexe sportif des Pistons Cinq ans apr\u00e8s avoir \u00e9merg\u00e9 de la plus grande faillite municipale de l&rsquo;histoire des \u00c9tats-Unis, D\u00e9troit est en plein essor. La valeur des biens immobiliers est en hausse, de nouveaux si\u00e8ges sociaux s&rsquo;installent et le centre-ville est en plein essor. Motor &#8230; <a title=\"Centre d&rsquo;entra\u00eenement des Pistons de Detroit\" class=\"read-more\" href=\"https:\/\/serescodehumidifiers.com\/fr\/centre-dentrainement-des-pistons-de-detroit\/\" aria-label=\"En savoir plus sur Centre d&rsquo;entra\u00eenement des Pistons de Detroit\">Lire la suite<\/a><\/p>\n","protected":false},"author":6,"featured_media":14206,"parent":0,"menu_order":0,"comment_status":"closed","ping_status":"closed","template":"","meta":{"inline_featured_image":false,"generate_page_header":"","footnotes":""},"class_list":["post-16022","page","type-page","status-publish","has-post-thumbnail"],"yoast_head":"<!-- This site is optimized with the Yoast SEO plugin v27.1.1 - https:\/\/yoast.com\/product\/yoast-seo-wordpress\/ -->\n<title>Centre d&#039;entra\u00eenement des Pistons de Detroit - Seresco Dehumidifiers<\/title>\n<meta name=\"robots\" content=\"index, follow, max-snippet:-1, max-image-preview:large, max-video-preview:-1\" \/>\n<link rel=\"canonical\" href=\"https:\/\/serescodehumidifiers.com\/fr\/centre-dentrainement-des-pistons-de-detroit\/\" \/>\n<meta property=\"og:locale\" content=\"fr_FR\" \/>\n<meta property=\"og:type\" content=\"article\" \/>\n<meta property=\"og:title\" content=\"Centre d&#039;entra\u00eenement des Pistons de Detroit - Seresco Dehumidifiers\" \/>\n<meta property=\"og:description\" content=\"\u00c9tudes de cas Toujours en convalescence, D\u00e9troit accueille le nouveau complexe sportif des Pistons Cinq ans apr\u00e8s avoir \u00e9merg\u00e9 de la plus grande faillite municipale de l&rsquo;histoire des \u00c9tats-Unis, D\u00e9troit est en plein essor. La valeur des biens immobiliers est en hausse, de nouveaux si\u00e8ges sociaux s&rsquo;installent et le centre-ville est en plein essor. Motor ... Lire la suite\" \/>\n<meta property=\"og:url\" content=\"https:\/\/serescodehumidifiers.com\/fr\/centre-dentrainement-des-pistons-de-detroit\/\" \/>\n<meta property=\"og:site_name\" content=\"Seresco Dehumidifiers\" \/>\n<meta property=\"article:modified_time\" content=\"2025-06-13T18:19:11+00:00\" \/>\n<meta property=\"og:image\" content=\"https:\/\/serescodehumidifiers.com\/wp-content\/uploads\/2018\/07\/seresco_betterd-min.jpg\" \/>\n\t<meta property=\"og:image:width\" content=\"1920\" \/>\n\t<meta property=\"og:image:height\" content=\"701\" \/>\n\t<meta property=\"og:image:type\" content=\"image\/jpeg\" \/>\n<meta name=\"twitter:card\" content=\"summary_large_image\" \/>\n<meta name=\"twitter:label1\" content=\"Dur\u00e9e de lecture estim\u00e9e\" \/>\n\t<meta name=\"twitter:data1\" content=\"2 minutes\" \/>\n<script type=\"application\/ld+json\" class=\"yoast-schema-graph\">{\"@context\":\"https:\/\/schema.org\",\"@graph\":[{\"@type\":\"WebPage\",\"@id\":\"https:\/\/serescodehumidifiers.com\/fr\/centre-dentrainement-des-pistons-de-detroit\/\",\"url\":\"https:\/\/serescodehumidifiers.com\/fr\/centre-dentrainement-des-pistons-de-detroit\/\",\"name\":\"Centre d'entra\u00eenement des Pistons de Detroit - Seresco Dehumidifiers\",\"isPartOf\":{\"@id\":\"https:\/\/serescodehumidifiers.com\/fr\/#website\"},\"primaryImageOfPage\":{\"@id\":\"https:\/\/serescodehumidifiers.com\/fr\/centre-dentrainement-des-pistons-de-detroit\/#primaryimage\"},\"image\":{\"@id\":\"https:\/\/serescodehumidifiers.com\/fr\/centre-dentrainement-des-pistons-de-detroit\/#primaryimage\"},\"thumbnailUrl\":\"https:\/\/serescodehumidifiers.com\/wp-content\/uploads\/2018\/07\/seresco_betterd-min.jpg\",\"datePublished\":\"2019-07-25T13:42:19+00:00\",\"dateModified\":\"2025-06-13T18:19:11+00:00\",\"breadcrumb\":{\"@id\":\"https:\/\/serescodehumidifiers.com\/fr\/centre-dentrainement-des-pistons-de-detroit\/#breadcrumb\"},\"inLanguage\":\"fr-FR\",\"potentialAction\":[{\"@type\":\"ReadAction\",\"target\":[\"https:\/\/serescodehumidifiers.com\/fr\/centre-dentrainement-des-pistons-de-detroit\/\"]}]},{\"@type\":\"ImageObject\",\"inLanguage\":\"fr-FR\",\"@id\":\"https:\/\/serescodehumidifiers.com\/fr\/centre-dentrainement-des-pistons-de-detroit\/#primaryimage\",\"url\":\"https:\/\/serescodehumidifiers.com\/wp-content\/uploads\/2018\/07\/seresco_betterd-min.jpg\",\"contentUrl\":\"https:\/\/serescodehumidifiers.com\/wp-content\/uploads\/2018\/07\/seresco_betterd-min.jpg\",\"width\":1920,\"height\":701},{\"@type\":\"BreadcrumbList\",\"@id\":\"https:\/\/serescodehumidifiers.com\/fr\/centre-dentrainement-des-pistons-de-detroit\/#breadcrumb\",\"itemListElement\":[{\"@type\":\"ListItem\",\"position\":1,\"name\":\"Home\",\"item\":\"https:\/\/serescodehumidifiers.com\/fr\/\"},{\"@type\":\"ListItem\",\"position\":2,\"name\":\"Centre d&#8217;entra\u00eenement des Pistons de Detroit\"}]},{\"@type\":\"WebSite\",\"@id\":\"https:\/\/serescodehumidifiers.com\/fr\/#website\",\"url\":\"https:\/\/serescodehumidifiers.com\/fr\/\",\"name\":\"Seresco Dehumidifiers\",\"description\":\"\",\"publisher\":{\"@id\":\"https:\/\/serescodehumidifiers.com\/fr\/#organization\"},\"potentialAction\":[{\"@type\":\"SearchAction\",\"target\":{\"@type\":\"EntryPoint\",\"urlTemplate\":\"https:\/\/serescodehumidifiers.com\/fr\/?s={search_term_string}\"},\"query-input\":{\"@type\":\"PropertyValueSpecification\",\"valueRequired\":true,\"valueName\":\"search_term_string\"}}],\"inLanguage\":\"fr-FR\"},{\"@type\":\"Organization\",\"@id\":\"https:\/\/serescodehumidifiers.com\/fr\/#organization\",\"name\":\"Seresco Dehumidifiers\",\"url\":\"https:\/\/serescodehumidifiers.com\/fr\/\",\"logo\":{\"@type\":\"ImageObject\",\"inLanguage\":\"fr-FR\",\"@id\":\"https:\/\/serescodehumidifiers.com\/fr\/#\/schema\/logo\/image\/\",\"url\":\"https:\/\/serescodehumidifiers.com\/wp-content\/uploads\/2024\/08\/fichier-1seresco.svg\",\"contentUrl\":\"https:\/\/serescodehumidifiers.com\/wp-content\/uploads\/2024\/08\/fichier-1seresco.svg\",\"caption\":\"Seresco Dehumidifiers\"},\"image\":{\"@id\":\"https:\/\/serescodehumidifiers.com\/fr\/#\/schema\/logo\/image\/\"}}]}<\/script>\n<!-- \/ Yoast SEO plugin. -->","yoast_head_json":{"title":"Centre d'entra\u00eenement des Pistons de Detroit - Seresco Dehumidifiers","robots":{"index":"index","follow":"follow","max-snippet":"max-snippet:-1","max-image-preview":"max-image-preview:large","max-video-preview":"max-video-preview:-1"},"canonical":"https:\/\/serescodehumidifiers.com\/fr\/centre-dentrainement-des-pistons-de-detroit\/","og_locale":"fr_FR","og_type":"article","og_title":"Centre d'entra\u00eenement des Pistons de Detroit - Seresco Dehumidifiers","og_description":"\u00c9tudes de cas Toujours en convalescence, D\u00e9troit accueille le nouveau complexe sportif des Pistons Cinq ans apr\u00e8s avoir \u00e9merg\u00e9 de la plus grande faillite municipale de l&rsquo;histoire des \u00c9tats-Unis, D\u00e9troit est en plein essor. La valeur des biens immobiliers est en hausse, de nouveaux si\u00e8ges sociaux s&rsquo;installent et le centre-ville est en plein essor. Motor ... Lire la suite","og_url":"https:\/\/serescodehumidifiers.com\/fr\/centre-dentrainement-des-pistons-de-detroit\/","og_site_name":"Seresco Dehumidifiers","article_modified_time":"2025-06-13T18:19:11+00:00","og_image":[{"width":1920,"height":701,"url":"https:\/\/serescodehumidifiers.com\/wp-content\/uploads\/2018\/07\/seresco_betterd-min.jpg","type":"image\/jpeg"}],"twitter_card":"summary_large_image","twitter_misc":{"Dur\u00e9e de lecture estim\u00e9e":"2 minutes"},"schema":{"@context":"https:\/\/schema.org","@graph":[{"@type":"WebPage","@id":"https:\/\/serescodehumidifiers.com\/fr\/centre-dentrainement-des-pistons-de-detroit\/","url":"https:\/\/serescodehumidifiers.com\/fr\/centre-dentrainement-des-pistons-de-detroit\/","name":"Centre d'entra\u00eenement des Pistons de Detroit - Seresco Dehumidifiers","isPartOf":{"@id":"https:\/\/serescodehumidifiers.com\/fr\/#website"},"primaryImageOfPage":{"@id":"https:\/\/serescodehumidifiers.com\/fr\/centre-dentrainement-des-pistons-de-detroit\/#primaryimage"},"image":{"@id":"https:\/\/serescodehumidifiers.com\/fr\/centre-dentrainement-des-pistons-de-detroit\/#primaryimage"},"thumbnailUrl":"https:\/\/serescodehumidifiers.com\/wp-content\/uploads\/2018\/07\/seresco_betterd-min.jpg","datePublished":"2019-07-25T13:42:19+00:00","dateModified":"2025-06-13T18:19:11+00:00","breadcrumb":{"@id":"https:\/\/serescodehumidifiers.com\/fr\/centre-dentrainement-des-pistons-de-detroit\/#breadcrumb"},"inLanguage":"fr-FR","potentialAction":[{"@type":"ReadAction","target":["https:\/\/serescodehumidifiers.com\/fr\/centre-dentrainement-des-pistons-de-detroit\/"]}]},{"@type":"ImageObject","inLanguage":"fr-FR","@id":"https:\/\/serescodehumidifiers.com\/fr\/centre-dentrainement-des-pistons-de-detroit\/#primaryimage","url":"https:\/\/serescodehumidifiers.com\/wp-content\/uploads\/2018\/07\/seresco_betterd-min.jpg","contentUrl":"https:\/\/serescodehumidifiers.com\/wp-content\/uploads\/2018\/07\/seresco_betterd-min.jpg","width":1920,"height":701},{"@type":"BreadcrumbList","@id":"https:\/\/serescodehumidifiers.com\/fr\/centre-dentrainement-des-pistons-de-detroit\/#breadcrumb","itemListElement":[{"@type":"ListItem","position":1,"name":"Home","item":"https:\/\/serescodehumidifiers.com\/fr\/"},{"@type":"ListItem","position":2,"name":"Centre d&#8217;entra\u00eenement des Pistons de Detroit"}]},{"@type":"WebSite","@id":"https:\/\/serescodehumidifiers.com\/fr\/#website","url":"https:\/\/serescodehumidifiers.com\/fr\/","name":"Seresco Dehumidifiers","description":"","publisher":{"@id":"https:\/\/serescodehumidifiers.com\/fr\/#organization"},"potentialAction":[{"@type":"SearchAction","target":{"@type":"EntryPoint","urlTemplate":"https:\/\/serescodehumidifiers.com\/fr\/?s={search_term_string}"},"query-input":{"@type":"PropertyValueSpecification","valueRequired":true,"valueName":"search_term_string"}}],"inLanguage":"fr-FR"},{"@type":"Organization","@id":"https:\/\/serescodehumidifiers.com\/fr\/#organization","name":"Seresco Dehumidifiers","url":"https:\/\/serescodehumidifiers.com\/fr\/","logo":{"@type":"ImageObject","inLanguage":"fr-FR","@id":"https:\/\/serescodehumidifiers.com\/fr\/#\/schema\/logo\/image\/","url":"https:\/\/serescodehumidifiers.com\/wp-content\/uploads\/2024\/08\/fichier-1seresco.svg","contentUrl":"https:\/\/serescodehumidifiers.com\/wp-content\/uploads\/2024\/08\/fichier-1seresco.svg","caption":"Seresco Dehumidifiers"},"image":{"@id":"https:\/\/serescodehumidifiers.com\/fr\/#\/schema\/logo\/image\/"}}]}},"_links":{"self":[{"href":"https:\/\/serescodehumidifiers.com\/fr\/wp-json\/wp\/v2\/pages\/16022","targetHints":{"allow":["GET"]}}],"collection":[{"href":"https:\/\/serescodehumidifiers.com\/fr\/wp-json\/wp\/v2\/pages"}],"about":[{"href":"https:\/\/serescodehumidifiers.com\/fr\/wp-json\/wp\/v2\/types\/page"}],"author":[{"embeddable":true,"href":"https:\/\/serescodehumidifiers.com\/fr\/wp-json\/wp\/v2\/users\/6"}],"replies":[{"embeddable":true,"href":"https:\/\/serescodehumidifiers.com\/fr\/wp-json\/wp\/v2\/comments?post=16022"}],"version-history":[{"count":3,"href":"https:\/\/serescodehumidifiers.com\/fr\/wp-json\/wp\/v2\/pages\/16022\/revisions"}],"predecessor-version":[{"id":16700,"href":"https:\/\/serescodehumidifiers.com\/fr\/wp-json\/wp\/v2\/pages\/16022\/revisions\/16700"}],"wp:featuredmedia":[{"embeddable":true,"href":"https:\/\/serescodehumidifiers.com\/fr\/wp-json\/wp\/v2\/media\/14206"}],"wp:attachment":[{"href":"https:\/\/serescodehumidifiers.com\/fr\/wp-json\/wp\/v2\/media?parent=16022"}],"curies":[{"name":"wp","href":"https:\/\/api.w.org\/{rel}","templated":true}]}}