{"id":16031,"date":"2019-03-05T19:32:45","date_gmt":"2019-03-06T00:32:45","guid":{"rendered":"https:\/\/serescodehumidifiers.com\/?page_id=16031"},"modified":"2024-11-25T13:25:29","modified_gmt":"2024-11-25T18:25:29","slug":"daybreak-montclair-n-j","status":"publish","type":"page","link":"https:\/\/serescodehumidifiers.com\/fr\/daybreak-montclair-n-j\/","title":{"rendered":"Daybreak &#8211; Montclair N.J."},"content":{"rendered":"<h6>\u00c9tudes de cas<\/h6>\n<h2>Daybreak \u00e0 Montclair, un d\u00e9fi de conception inhabituel<\/h2>\n<p>Le magazine Pool and Spa Marketing a pr\u00e9sent\u00e9 un projet inhabituel dans lequel un d\u00e9shumidificateur Seresco a \u00e9t\u00e9 con\u00e7u pour une piscine int\u00e9rieure \u00e9quip\u00e9e de dizaines de portes vitr\u00e9es qui lui permettent de se transformer en piscine ext\u00e9rieure.<\/p>\n<p>Ce projet a vu l&rsquo;installation d&rsquo;un d\u00e9shumidificateur Seresco de 16 tonnes, ce qui est trois \u00e0 quatre fois plus grand que la taille typique d&rsquo;une unit\u00e9 domestique. Cela s&rsquo;explique par plusieurs situations uniques dans cet environnement, comme l&rsquo;utilisation importante de verre, la charge suppl\u00e9mentaire de d\u00e9shumidification apr\u00e8s la fermeture de l&rsquo;espace \u00e0 l&rsquo;ext\u00e9rieur et le choix non conventionnel de la temp\u00e9rature de l&rsquo;eau par le propri\u00e9taire.<\/p>\n<p>Lire l&rsquo;article complet ci-dessous.<\/p>\n<p><a href=\"https:\/\/serescodehumidifiers.com\/wp-content\/uploads\/2024\/11\/monclair-nj-case-study-fr.pdf\">En savoir plus sur le projet : Monclair NJ Case Study FR<\/a><\/p>\n<div style=\"display:flex; gap:10px;justify-content:center\" class=\"wps-pgfw-pdf-generate-icon__wrapper-frontend\">\n\t\t<a  href=\"https:\/\/serescodehumidifiers.com\/fr\/wp-json\/wp\/v2\/pages\/16031\/?action=genpdf&amp;id=16031\" class=\"pgfw-single-pdf-download-button\" ><img src=\"https:\/\/serescodehumidifiers.com\/wp-content\/plugins\/pdf-generator-for-wp\/admin\/src\/images\/PDF_Tray.svg\" title=\"G\u00e9n\u00e9rer un PDF\" style=\"width:auto; height:45px;\"><\/a>\n\t\t<\/div>","protected":false},"excerpt":{"rendered":"<p>\u00c9tudes de cas Daybreak \u00e0 Montclair, un d\u00e9fi de conception inhabituel Le magazine Pool and Spa Marketing a pr\u00e9sent\u00e9 un projet inhabituel dans lequel un d\u00e9shumidificateur Seresco a \u00e9t\u00e9 con\u00e7u pour une piscine int\u00e9rieure \u00e9quip\u00e9e de dizaines de portes vitr\u00e9es qui lui permettent de se transformer en piscine ext\u00e9rieure. Ce projet a vu l&rsquo;installation d&rsquo;un &#8230; <a title=\"Daybreak &#8211; Montclair N.J.\" class=\"read-more\" href=\"https:\/\/serescodehumidifiers.com\/fr\/daybreak-montclair-n-j\/\" aria-label=\"En savoir plus sur Daybreak &#8211; Montclair N.J.\">Lire la suite<\/a><\/p>\n","protected":false},"author":6,"featured_media":14206,"parent":0,"menu_order":0,"comment_status":"closed","ping_status":"closed","template":"","meta":{"inline_featured_image":false,"generate_page_header":"","footnotes":""},"class_list":["post-16031","page","type-page","status-publish","has-post-thumbnail"],"yoast_head":"<!-- This site is optimized with the Yoast SEO plugin v27.1.1 - https:\/\/yoast.com\/product\/yoast-seo-wordpress\/ -->\n<title>Daybreak - Montclair N.J. - Seresco Dehumidifiers<\/title>\n<meta name=\"robots\" content=\"index, follow, max-snippet:-1, max-image-preview:large, max-video-preview:-1\" \/>\n<link rel=\"canonical\" href=\"https:\/\/serescodehumidifiers.com\/fr\/daybreak-montclair-n-j\/\" \/>\n<meta property=\"og:locale\" content=\"fr_FR\" \/>\n<meta property=\"og:type\" content=\"article\" \/>\n<meta property=\"og:title\" content=\"Daybreak - Montclair N.J. - Seresco Dehumidifiers\" \/>\n<meta property=\"og:description\" content=\"\u00c9tudes de cas Daybreak \u00e0 Montclair, un d\u00e9fi de conception inhabituel Le magazine Pool and Spa Marketing a pr\u00e9sent\u00e9 un projet inhabituel dans lequel un d\u00e9shumidificateur Seresco a \u00e9t\u00e9 con\u00e7u pour une piscine int\u00e9rieure \u00e9quip\u00e9e de dizaines de portes vitr\u00e9es qui lui permettent de se transformer en piscine ext\u00e9rieure. Ce projet a vu l&rsquo;installation d&rsquo;un ... Lire la suite\" \/>\n<meta property=\"og:url\" content=\"https:\/\/serescodehumidifiers.com\/fr\/daybreak-montclair-n-j\/\" \/>\n<meta property=\"og:site_name\" content=\"Seresco Dehumidifiers\" \/>\n<meta property=\"article:modified_time\" content=\"2024-11-25T18:25:29+00:00\" \/>\n<meta property=\"og:image\" content=\"https:\/\/serescodehumidifiers.com\/wp-content\/uploads\/2018\/07\/seresco_betterd-min.jpg\" \/>\n\t<meta property=\"og:image:width\" content=\"1920\" \/>\n\t<meta property=\"og:image:height\" content=\"701\" \/>\n\t<meta property=\"og:image:type\" content=\"image\/jpeg\" \/>\n<meta name=\"twitter:card\" content=\"summary_large_image\" \/>\n<meta name=\"twitter:label1\" content=\"Dur\u00e9e de lecture estim\u00e9e\" \/>\n\t<meta name=\"twitter:data1\" content=\"1 minute\" \/>\n<script type=\"application\/ld+json\" class=\"yoast-schema-graph\">{\"@context\":\"https:\/\/schema.org\",\"@graph\":[{\"@type\":\"WebPage\",\"@id\":\"https:\/\/serescodehumidifiers.com\/fr\/daybreak-montclair-n-j\/\",\"url\":\"https:\/\/serescodehumidifiers.com\/fr\/daybreak-montclair-n-j\/\",\"name\":\"Daybreak - Montclair N.J. - Seresco Dehumidifiers\",\"isPartOf\":{\"@id\":\"https:\/\/serescodehumidifiers.com\/fr\/#website\"},\"primaryImageOfPage\":{\"@id\":\"https:\/\/serescodehumidifiers.com\/fr\/daybreak-montclair-n-j\/#primaryimage\"},\"image\":{\"@id\":\"https:\/\/serescodehumidifiers.com\/fr\/daybreak-montclair-n-j\/#primaryimage\"},\"thumbnailUrl\":\"https:\/\/serescodehumidifiers.com\/wp-content\/uploads\/2018\/07\/seresco_betterd-min.jpg\",\"datePublished\":\"2019-03-06T00:32:45+00:00\",\"dateModified\":\"2024-11-25T18:25:29+00:00\",\"breadcrumb\":{\"@id\":\"https:\/\/serescodehumidifiers.com\/fr\/daybreak-montclair-n-j\/#breadcrumb\"},\"inLanguage\":\"fr-FR\",\"potentialAction\":[{\"@type\":\"ReadAction\",\"target\":[\"https:\/\/serescodehumidifiers.com\/fr\/daybreak-montclair-n-j\/\"]}]},{\"@type\":\"ImageObject\",\"inLanguage\":\"fr-FR\",\"@id\":\"https:\/\/serescodehumidifiers.com\/fr\/daybreak-montclair-n-j\/#primaryimage\",\"url\":\"https:\/\/serescodehumidifiers.com\/wp-content\/uploads\/2018\/07\/seresco_betterd-min.jpg\",\"contentUrl\":\"https:\/\/serescodehumidifiers.com\/wp-content\/uploads\/2018\/07\/seresco_betterd-min.jpg\",\"width\":1920,\"height\":701},{\"@type\":\"BreadcrumbList\",\"@id\":\"https:\/\/serescodehumidifiers.com\/fr\/daybreak-montclair-n-j\/#breadcrumb\",\"itemListElement\":[{\"@type\":\"ListItem\",\"position\":1,\"name\":\"Home\",\"item\":\"https:\/\/serescodehumidifiers.com\/fr\/\"},{\"@type\":\"ListItem\",\"position\":2,\"name\":\"Daybreak &#8211; Montclair N.J.\"}]},{\"@type\":\"WebSite\",\"@id\":\"https:\/\/serescodehumidifiers.com\/fr\/#website\",\"url\":\"https:\/\/serescodehumidifiers.com\/fr\/\",\"name\":\"Seresco Dehumidifiers\",\"description\":\"\",\"publisher\":{\"@id\":\"https:\/\/serescodehumidifiers.com\/fr\/#organization\"},\"potentialAction\":[{\"@type\":\"SearchAction\",\"target\":{\"@type\":\"EntryPoint\",\"urlTemplate\":\"https:\/\/serescodehumidifiers.com\/fr\/?s={search_term_string}\"},\"query-input\":{\"@type\":\"PropertyValueSpecification\",\"valueRequired\":true,\"valueName\":\"search_term_string\"}}],\"inLanguage\":\"fr-FR\"},{\"@type\":\"Organization\",\"@id\":\"https:\/\/serescodehumidifiers.com\/fr\/#organization\",\"name\":\"Seresco Dehumidifiers\",\"url\":\"https:\/\/serescodehumidifiers.com\/fr\/\",\"logo\":{\"@type\":\"ImageObject\",\"inLanguage\":\"fr-FR\",\"@id\":\"https:\/\/serescodehumidifiers.com\/fr\/#\/schema\/logo\/image\/\",\"url\":\"https:\/\/serescodehumidifiers.com\/wp-content\/uploads\/2024\/08\/fichier-1seresco.svg\",\"contentUrl\":\"https:\/\/serescodehumidifiers.com\/wp-content\/uploads\/2024\/08\/fichier-1seresco.svg\",\"caption\":\"Seresco Dehumidifiers\"},\"image\":{\"@id\":\"https:\/\/serescodehumidifiers.com\/fr\/#\/schema\/logo\/image\/\"}}]}<\/script>\n<!-- \/ Yoast SEO plugin. -->","yoast_head_json":{"title":"Daybreak - Montclair N.J. - Seresco Dehumidifiers","robots":{"index":"index","follow":"follow","max-snippet":"max-snippet:-1","max-image-preview":"max-image-preview:large","max-video-preview":"max-video-preview:-1"},"canonical":"https:\/\/serescodehumidifiers.com\/fr\/daybreak-montclair-n-j\/","og_locale":"fr_FR","og_type":"article","og_title":"Daybreak - Montclair N.J. - Seresco Dehumidifiers","og_description":"\u00c9tudes de cas Daybreak \u00e0 Montclair, un d\u00e9fi de conception inhabituel Le magazine Pool and Spa Marketing a pr\u00e9sent\u00e9 un projet inhabituel dans lequel un d\u00e9shumidificateur Seresco a \u00e9t\u00e9 con\u00e7u pour une piscine int\u00e9rieure \u00e9quip\u00e9e de dizaines de portes vitr\u00e9es qui lui permettent de se transformer en piscine ext\u00e9rieure. Ce projet a vu l&rsquo;installation d&rsquo;un ... Lire la suite","og_url":"https:\/\/serescodehumidifiers.com\/fr\/daybreak-montclair-n-j\/","og_site_name":"Seresco Dehumidifiers","article_modified_time":"2024-11-25T18:25:29+00:00","og_image":[{"width":1920,"height":701,"url":"https:\/\/serescodehumidifiers.com\/wp-content\/uploads\/2018\/07\/seresco_betterd-min.jpg","type":"image\/jpeg"}],"twitter_card":"summary_large_image","twitter_misc":{"Dur\u00e9e de lecture estim\u00e9e":"1 minute"},"schema":{"@context":"https:\/\/schema.org","@graph":[{"@type":"WebPage","@id":"https:\/\/serescodehumidifiers.com\/fr\/daybreak-montclair-n-j\/","url":"https:\/\/serescodehumidifiers.com\/fr\/daybreak-montclair-n-j\/","name":"Daybreak - Montclair N.J. - Seresco Dehumidifiers","isPartOf":{"@id":"https:\/\/serescodehumidifiers.com\/fr\/#website"},"primaryImageOfPage":{"@id":"https:\/\/serescodehumidifiers.com\/fr\/daybreak-montclair-n-j\/#primaryimage"},"image":{"@id":"https:\/\/serescodehumidifiers.com\/fr\/daybreak-montclair-n-j\/#primaryimage"},"thumbnailUrl":"https:\/\/serescodehumidifiers.com\/wp-content\/uploads\/2018\/07\/seresco_betterd-min.jpg","datePublished":"2019-03-06T00:32:45+00:00","dateModified":"2024-11-25T18:25:29+00:00","breadcrumb":{"@id":"https:\/\/serescodehumidifiers.com\/fr\/daybreak-montclair-n-j\/#breadcrumb"},"inLanguage":"fr-FR","potentialAction":[{"@type":"ReadAction","target":["https:\/\/serescodehumidifiers.com\/fr\/daybreak-montclair-n-j\/"]}]},{"@type":"ImageObject","inLanguage":"fr-FR","@id":"https:\/\/serescodehumidifiers.com\/fr\/daybreak-montclair-n-j\/#primaryimage","url":"https:\/\/serescodehumidifiers.com\/wp-content\/uploads\/2018\/07\/seresco_betterd-min.jpg","contentUrl":"https:\/\/serescodehumidifiers.com\/wp-content\/uploads\/2018\/07\/seresco_betterd-min.jpg","width":1920,"height":701},{"@type":"BreadcrumbList","@id":"https:\/\/serescodehumidifiers.com\/fr\/daybreak-montclair-n-j\/#breadcrumb","itemListElement":[{"@type":"ListItem","position":1,"name":"Home","item":"https:\/\/serescodehumidifiers.com\/fr\/"},{"@type":"ListItem","position":2,"name":"Daybreak &#8211; Montclair N.J."}]},{"@type":"WebSite","@id":"https:\/\/serescodehumidifiers.com\/fr\/#website","url":"https:\/\/serescodehumidifiers.com\/fr\/","name":"Seresco Dehumidifiers","description":"","publisher":{"@id":"https:\/\/serescodehumidifiers.com\/fr\/#organization"},"potentialAction":[{"@type":"SearchAction","target":{"@type":"EntryPoint","urlTemplate":"https:\/\/serescodehumidifiers.com\/fr\/?s={search_term_string}"},"query-input":{"@type":"PropertyValueSpecification","valueRequired":true,"valueName":"search_term_string"}}],"inLanguage":"fr-FR"},{"@type":"Organization","@id":"https:\/\/serescodehumidifiers.com\/fr\/#organization","name":"Seresco Dehumidifiers","url":"https:\/\/serescodehumidifiers.com\/fr\/","logo":{"@type":"ImageObject","inLanguage":"fr-FR","@id":"https:\/\/serescodehumidifiers.com\/fr\/#\/schema\/logo\/image\/","url":"https:\/\/serescodehumidifiers.com\/wp-content\/uploads\/2024\/08\/fichier-1seresco.svg","contentUrl":"https:\/\/serescodehumidifiers.com\/wp-content\/uploads\/2024\/08\/fichier-1seresco.svg","caption":"Seresco Dehumidifiers"},"image":{"@id":"https:\/\/serescodehumidifiers.com\/fr\/#\/schema\/logo\/image\/"}}]}},"_links":{"self":[{"href":"https:\/\/serescodehumidifiers.com\/fr\/wp-json\/wp\/v2\/pages\/16031","targetHints":{"allow":["GET"]}}],"collection":[{"href":"https:\/\/serescodehumidifiers.com\/fr\/wp-json\/wp\/v2\/pages"}],"about":[{"href":"https:\/\/serescodehumidifiers.com\/fr\/wp-json\/wp\/v2\/types\/page"}],"author":[{"embeddable":true,"href":"https:\/\/serescodehumidifiers.com\/fr\/wp-json\/wp\/v2\/users\/6"}],"replies":[{"embeddable":true,"href":"https:\/\/serescodehumidifiers.com\/fr\/wp-json\/wp\/v2\/comments?post=16031"}],"version-history":[{"count":3,"href":"https:\/\/serescodehumidifiers.com\/fr\/wp-json\/wp\/v2\/pages\/16031\/revisions"}],"predecessor-version":[{"id":16159,"href":"https:\/\/serescodehumidifiers.com\/fr\/wp-json\/wp\/v2\/pages\/16031\/revisions\/16159"}],"wp:featuredmedia":[{"embeddable":true,"href":"https:\/\/serescodehumidifiers.com\/fr\/wp-json\/wp\/v2\/media\/14206"}],"wp:attachment":[{"href":"https:\/\/serescodehumidifiers.com\/fr\/wp-json\/wp\/v2\/media?parent=16031"}],"curies":[{"name":"wp","href":"https:\/\/api.w.org\/{rel}","templated":true}]}}