{"id":16615,"date":"2025-06-10T11:55:32","date_gmt":"2025-06-10T15:55:32","guid":{"rendered":"https:\/\/serescodehumidifiers.com\/?page_id=16615"},"modified":"2025-06-10T15:32:07","modified_gmt":"2025-06-10T19:32:07","slug":"home-3","status":"publish","type":"page","link":"https:\/\/serescodehumidifiers.com\/fr\/home-3\/","title":{"rendered":"Test \u00e0 domicile"},"content":{"rendered":"\t\t<div data-elementor-type=\"wp-page\" data-elementor-id=\"16615\" class=\"elementor elementor-16615 elementor-16614\" data-elementor-post-type=\"page\">\n\t\t\t\t\t\t<section class=\"elementor-section elementor-top-section elementor-element elementor-element-3bea0bba elementor-section-boxed elementor-section-height-default elementor-section-height-default\" data-id=\"3bea0bba\" data-element_type=\"section\" data-e-type=\"section\">\n\t\t\t\t\t\t<div class=\"elementor-container elementor-column-gap-default\">\n\t\t\t\t\t<div class=\"elementor-column elementor-col-100 elementor-top-column elementor-element elementor-element-669d14d9\" data-id=\"669d14d9\" data-element_type=\"column\" data-e-type=\"column\">\n\t\t\t<div class=\"elementor-widget-wrap elementor-element-populated\">\n\t\t\t\t\t\t<div class=\"elementor-element elementor-element-e156f2a elementor-widget elementor-widget-heading\" data-id=\"e156f2a\" data-element_type=\"widget\" data-e-type=\"widget\" data-widget_type=\"heading.default\">\n\t\t\t\t<div class=\"elementor-widget-container\">\n\t\t\t\t\t<h1 class=\"elementor-heading-title elementor-size-default\">Construire un meilleur d\u00e9shumidificateur pour les piscines int\u00e9rieures<\/h1>\t\t\t\t<\/div>\n\t\t\t\t<\/div>\n\t\t\t\t<div class=\"elementor-element elementor-element-3de40e06 elementor-widget elementor-widget-text-editor\" data-id=\"3de40e06\" data-element_type=\"widget\" data-e-type=\"widget\" data-widget_type=\"text-editor.default\">\n\t\t\t\t<div class=\"elementor-widget-container\">\n\t\t\t\t\t\t\t\t\t<p> <\/p><p><img fetchpriority=\"high\" decoding=\"async\" class=\"alignright-off size-full wp-image-5113\" src=\"https:\/\/serescodehumidifiers.com\/wp-content\/uploads\/2024\/08\/seresco-np-series-2024-sm.png\" alt=\"\" width=\"700\" height=\"440\"><\/p><h2>S\u00e9rie <strong>NE<\/strong> <\/h2><ul><li>Un d\u00e9shumidificateur autonome ultra-compact<\/li><li>Climatisation sans condenseur ext\u00e9rieur<\/li><li>Un \u00e9changeur de chaleur pour l&rsquo;eau de piscine en titane \u00e0 flux complet<\/li><li>Tous les composants critiques sont isol\u00e9s du flux d&rsquo;air<\/li><li>L&rsquo;installation la plus simple d&rsquo;un petit d\u00e9shumidificateur<\/li><\/ul><p><a class=\"learn-more\" href=\"https:\/\/serescodehumidifiers.com\/fr\/produits\/serie-ne-compact\/\">LIRE LA SUITE<\/a><\/p><div class=\"number three\"> <\/div><h2>S\u00e9rie <strong>NE200<\/strong> <\/h2><ul><li style=\"list-style-type: none;\"><ul><li>Deux fois plus de puissance, un encombrement compact et sophistiqu\u00e9<\/li><li>80 lbs\/hr MRC, passe \u00e0 travers une porte de 32 pouces<\/li><li>Compresseurs doubles, \u00e9volutifs, \u00e9conomes en \u00e9nergie<\/li><li>Circuits doubles redondants \u00e0 2 compresseurs<\/li><\/ul><\/li><\/ul><ul><li>Le plus petit d\u00e9shumidificateur de remplacement de grande capacit\u00e9 jamais con\u00e7u<\/li><\/ul><p><a class=\"learn-more\" href=\"https:\/\/serescodehumidifiers.com\/fr\/produits\/serie-ne-200\/\">LIRE LA SUITE<\/a><\/p><h6 class=\"text-center\">WEBSENTRY<\/h6><h2 class=\"text-center mb-5\">La technologie WebSentry change la donne<\/h2><p><img decoding=\"async\" class=\"alignleft wp-image-10217\" src=\"https:\/\/serescodehumidifiers.com\/wp-content\/uploads\/2022\/03\/serescowebsentrydevices-1024x729.jpeg\" alt=\"\" width=\"395\" height=\"281\" srcset=\"https:\/\/serescodehumidifiers.com\/wp-content\/uploads\/2022\/03\/serescowebsentrydevices-1024x729.jpeg 1024w, https:\/\/serescodehumidifiers.com\/wp-content\/uploads\/2022\/03\/serescowebsentrydevices-300x213.jpeg 300w, https:\/\/serescodehumidifiers.com\/wp-content\/uploads\/2022\/03\/serescowebsentrydevices-768x546.jpeg 768w, https:\/\/serescodehumidifiers.com\/wp-content\/uploads\/2022\/03\/serescowebsentrydevices-1536x1093.jpeg 1536w, https:\/\/serescodehumidifiers.com\/wp-content\/uploads\/2022\/03\/serescowebsentrydevices.jpeg 2000w\" sizes=\"(max-width: 395px) 100vw, 395px\" \/><\/p><ul><li>Surveillance, enregistrement et analyse \u00e0 distance de toutes les fonctions critiques 24 heures sur 24, 7 jours sur 7<\/li><li>Permet le d\u00e9pannage et la mise au point par des experts via l&rsquo;internet<\/li><li>Assure une v\u00e9ritable tranquillit\u00e9 d&rsquo;esprit et des performances optimales de l&rsquo;\u00e9quipement<\/li><li>Standard sur tous les d\u00e9shumidificateurs Seresco sans frais suppl\u00e9mentaires<\/li><\/ul><p><a class=\"learn-more\" href=\"https:\/\/serescodehumidifiers.com\/fr\/websentry\/\">LIRE LA SUITE<\/a><br><br><br><br><br><br><br><\/p><div class=\"scrollbar-external_wrapper\"><div class=\"grid-30\"><h6 class=\"ml-auto\">t\u00e9moignages<\/h6><h2 class=\"ml-auto\">Ce que disent les clients<\/h2><\/div><div class=\"scrollbar-inner\"><div class=\"testimonials-box\"><h5>H\u00f4tels Marriot<\/h5><p>\u00ab Nous avons fait des recherches approfondies et test\u00e9 tous les fournisseurs et Seresco est vraiment un produit sup\u00e9rieur avec la meilleure technologie et le meilleur contr\u00f4le et surveillance \u00e0 distance disponibles. Ces gens ont vraiment construit la solution la plus performante possible pour nos besoins et ils se portent garants de leur \u00e9quipement \u00bb<\/p><p class=\"author\">Terry C. Smith<\/p><p class=\"author-meta\">Vice-pr\u00e9sident de l&rsquo;ing\u00e9nierie, strat\u00e9gies de conception globale, Marriot Hotels<\/p><\/div><div class=\"testimonials-box\"><h5>Air Force One<\/h5><p>\u00ab Ayant entretenu de nombreux d\u00e9shumidificateurs monoblocs d&rsquo;autres marques et d&rsquo;autres marques, ainsi que des syst\u00e8mes construits, Seresco est de loin le meilleur de tous, de la conception ultime aux choix judicieux effectu\u00e9s dans la s\u00e9lection des composants, en passant par les mat\u00e9riaux r\u00e9sistants \u00e0 la corrosion de l&rsquo;armoire et du ch\u00e2ssis \u00bb.<\/p><p class=\"author\">Keith C. Karbine,<\/p><p class=\"author-meta\">Air Force One A\/C Service<\/p><\/div><div class=\"testimonials-box\"><h5>District scolaire 125<\/h5><p>\u00ab Gr\u00e2ce \u00e0 Seresco, notre mission de d\u00e9veloppement durable consistant \u00e0 r\u00e9duire l&rsquo;utilisation de r\u00e9frig\u00e9rants et de produits chimiques dans notre b\u00e2timent a \u00e9t\u00e9 rendue possible. De plus, il y a une diff\u00e9rence notable entre l&rsquo;ancienne et la nouvelle technologie de d\u00e9shumidification en termes de confort de l&rsquo;air. \u00bb<\/p><p class=\"author\">Mark Michelini, CPA, surintendant adjoint pour les affaires<\/p><p class=\"author-meta\">District scolaire 125<\/p><\/div><\/div><\/div>\t\t\t\t\t\t\t\t<\/div>\n\t\t\t\t<\/div>\n\t\t\t\t\t<\/div>\n\t\t<\/div>\n\t\t\t\t\t<\/div>\n\t\t<\/section>\n\t\t\t\t<\/div>\n\t\t<div style=\"display:flex; gap:10px;justify-content:center\" class=\"wps-pgfw-pdf-generate-icon__wrapper-frontend\">\n\t\t<a  href=\"https:\/\/serescodehumidifiers.com\/fr\/wp-json\/wp\/v2\/pages\/16615\/?action=genpdf&amp;id=16615\" class=\"pgfw-single-pdf-download-button\" ><img src=\"https:\/\/serescodehumidifiers.com\/wp-content\/plugins\/pdf-generator-for-wp\/admin\/src\/images\/PDF_Tray.svg\" title=\"G\u00e9n\u00e9rer un PDF\" style=\"width:auto; height:45px;\"><\/a>\n\t\t<\/div>","protected":false},"excerpt":{"rendered":"<p>Construire un meilleur d\u00e9shumidificateur pour les piscines int\u00e9rieures S\u00e9rie NE Un d\u00e9shumidificateur autonome ultra-compact Climatisation sans condenseur ext\u00e9rieur Un \u00e9changeur de chaleur pour l&rsquo;eau de piscine en titane \u00e0 flux complet Tous les composants critiques sont isol\u00e9s du flux d&rsquo;air L&rsquo;installation la plus simple d&rsquo;un petit d\u00e9shumidificateur LIRE LA SUITE S\u00e9rie NE200 Deux fois plus &#8230; <a title=\"Test \u00e0 domicile\" class=\"read-more\" href=\"https:\/\/serescodehumidifiers.com\/fr\/home-3\/\" aria-label=\"En savoir plus sur Test \u00e0 domicile\">Lire la suite<\/a><\/p>\n","protected":false},"author":6,"featured_media":0,"parent":0,"menu_order":0,"comment_status":"closed","ping_status":"closed","template":"","meta":{"inline_featured_image":false,"generate_page_header":"","footnotes":""},"class_list":["post-16615","page","type-page","status-publish"],"yoast_head":"<!-- This site is optimized with the Yoast SEO plugin v27.4 - https:\/\/yoast.com\/product\/yoast-seo-wordpress\/ -->\n<title>Seresco Dehumidifiers<\/title>\n<meta name=\"description\" content=\"Les d\u00e9shumidificateurs Seresco offrent le d\u00e9shumidificateur parfait pour toute piscine int\u00e9rieure ou natatorium.\" \/>\n<meta name=\"robots\" content=\"index, follow, max-snippet:-1, max-image-preview:large, max-video-preview:-1\" \/>\n<link rel=\"canonical\" href=\"https:\/\/serescodehumidifiers.com\/fr\/home-3\/\" \/>\n<meta property=\"og:locale\" content=\"fr_FR\" \/>\n<meta property=\"og:type\" content=\"article\" \/>\n<meta property=\"og:title\" content=\"Seresco Dehumidifiers\" \/>\n<meta property=\"og:description\" content=\"Les d\u00e9shumidificateurs Seresco offrent le d\u00e9shumidificateur parfait pour toute piscine int\u00e9rieure ou natatorium.\" \/>\n<meta property=\"og:url\" content=\"https:\/\/serescodehumidifiers.com\/fr\/home-3\/\" \/>\n<meta property=\"og:site_name\" content=\"Seresco Dehumidifiers\" \/>\n<meta property=\"article:modified_time\" content=\"2025-06-10T19:32:07+00:00\" \/>\n<meta property=\"og:image\" content=\"https:\/\/serescodehumidifiers.com\/wp-content\/uploads\/2018\/10\/seresco_np-series.jpg\" \/>\n\t<meta property=\"og:image:width\" content=\"700\" \/>\n\t<meta property=\"og:image:height\" content=\"440\" \/>\n\t<meta property=\"og:image:type\" content=\"image\/jpeg\" \/>\n<meta name=\"twitter:card\" content=\"summary_large_image\" \/>\n<meta name=\"twitter:label1\" content=\"Dur\u00e9e de lecture estim\u00e9e\" \/>\n\t<meta name=\"twitter:data1\" content=\"3 minutes\" \/>\n<script type=\"application\/ld+json\" class=\"yoast-schema-graph\">{\"@context\":\"https:\\\/\\\/schema.org\",\"@graph\":[{\"@type\":\"WebPage\",\"@id\":\"https:\\\/\\\/serescodehumidifiers.com\\\/fr\\\/home-3\\\/\",\"url\":\"https:\\\/\\\/serescodehumidifiers.com\\\/fr\\\/home-3\\\/\",\"name\":\"Seresco Dehumidifiers\",\"isPartOf\":{\"@id\":\"https:\\\/\\\/serescodehumidifiers.com\\\/fr\\\/#website\"},\"primaryImageOfPage\":{\"@id\":\"https:\\\/\\\/serescodehumidifiers.com\\\/fr\\\/home-3\\\/#primaryimage\"},\"image\":{\"@id\":\"https:\\\/\\\/serescodehumidifiers.com\\\/fr\\\/home-3\\\/#primaryimage\"},\"thumbnailUrl\":\"https:\\\/\\\/serescodehumidifiers.com\\\/wp-content\\\/uploads\\\/2024\\\/08\\\/seresco-np-series-2024-sm.png\",\"datePublished\":\"2025-06-10T15:55:32+00:00\",\"dateModified\":\"2025-06-10T19:32:07+00:00\",\"description\":\"Les d\u00e9shumidificateurs Seresco offrent le d\u00e9shumidificateur parfait pour toute piscine int\u00e9rieure ou natatorium.\",\"breadcrumb\":{\"@id\":\"https:\\\/\\\/serescodehumidifiers.com\\\/fr\\\/home-3\\\/#breadcrumb\"},\"inLanguage\":\"fr-FR\",\"potentialAction\":[{\"@type\":\"ReadAction\",\"target\":[\"https:\\\/\\\/serescodehumidifiers.com\\\/fr\\\/home-3\\\/\"]}]},{\"@type\":\"ImageObject\",\"inLanguage\":\"fr-FR\",\"@id\":\"https:\\\/\\\/serescodehumidifiers.com\\\/fr\\\/home-3\\\/#primaryimage\",\"url\":\"https:\\\/\\\/serescodehumidifiers.com\\\/wp-content\\\/uploads\\\/2024\\\/08\\\/seresco-np-series-2024-sm.png\",\"contentUrl\":\"https:\\\/\\\/serescodehumidifiers.com\\\/wp-content\\\/uploads\\\/2024\\\/08\\\/seresco-np-series-2024-sm.png\"},{\"@type\":\"BreadcrumbList\",\"@id\":\"https:\\\/\\\/serescodehumidifiers.com\\\/fr\\\/home-3\\\/#breadcrumb\",\"itemListElement\":[{\"@type\":\"ListItem\",\"position\":1,\"name\":\"Home\",\"item\":\"https:\\\/\\\/serescodehumidifiers.com\\\/fr\\\/\"},{\"@type\":\"ListItem\",\"position\":2,\"name\":\"Test \u00e0 domicile\"}]},{\"@type\":\"WebSite\",\"@id\":\"https:\\\/\\\/serescodehumidifiers.com\\\/fr\\\/#website\",\"url\":\"https:\\\/\\\/serescodehumidifiers.com\\\/fr\\\/\",\"name\":\"Seresco Dehumidifiers\",\"description\":\"\",\"publisher\":{\"@id\":\"https:\\\/\\\/serescodehumidifiers.com\\\/fr\\\/#organization\"},\"potentialAction\":[{\"@type\":\"SearchAction\",\"target\":{\"@type\":\"EntryPoint\",\"urlTemplate\":\"https:\\\/\\\/serescodehumidifiers.com\\\/fr\\\/?s={search_term_string}\"},\"query-input\":{\"@type\":\"PropertyValueSpecification\",\"valueRequired\":true,\"valueName\":\"search_term_string\"}}],\"inLanguage\":\"fr-FR\"},{\"@type\":\"Organization\",\"@id\":\"https:\\\/\\\/serescodehumidifiers.com\\\/fr\\\/#organization\",\"name\":\"Seresco Dehumidifiers\",\"url\":\"https:\\\/\\\/serescodehumidifiers.com\\\/fr\\\/\",\"logo\":{\"@type\":\"ImageObject\",\"inLanguage\":\"fr-FR\",\"@id\":\"https:\\\/\\\/serescodehumidifiers.com\\\/fr\\\/#\\\/schema\\\/logo\\\/image\\\/\",\"url\":\"https:\\\/\\\/serescodehumidifiers.com\\\/wp-content\\\/uploads\\\/2024\\\/08\\\/fichier-1seresco.svg\",\"contentUrl\":\"https:\\\/\\\/serescodehumidifiers.com\\\/wp-content\\\/uploads\\\/2024\\\/08\\\/fichier-1seresco.svg\",\"caption\":\"Seresco Dehumidifiers\"},\"image\":{\"@id\":\"https:\\\/\\\/serescodehumidifiers.com\\\/fr\\\/#\\\/schema\\\/logo\\\/image\\\/\"}}]}<\/script>\n<!-- \/ Yoast SEO plugin. -->","yoast_head_json":{"title":"Seresco Dehumidifiers","description":"Les d\u00e9shumidificateurs Seresco offrent le d\u00e9shumidificateur parfait pour toute piscine int\u00e9rieure ou natatorium.","robots":{"index":"index","follow":"follow","max-snippet":"max-snippet:-1","max-image-preview":"max-image-preview:large","max-video-preview":"max-video-preview:-1"},"canonical":"https:\/\/serescodehumidifiers.com\/fr\/home-3\/","og_locale":"fr_FR","og_type":"article","og_title":"Seresco Dehumidifiers","og_description":"Les d\u00e9shumidificateurs Seresco offrent le d\u00e9shumidificateur parfait pour toute piscine int\u00e9rieure ou natatorium.","og_url":"https:\/\/serescodehumidifiers.com\/fr\/home-3\/","og_site_name":"Seresco Dehumidifiers","article_modified_time":"2025-06-10T19:32:07+00:00","og_image":[{"width":700,"height":440,"url":"https:\/\/serescodehumidifiers.com\/wp-content\/uploads\/2018\/10\/seresco_np-series.jpg","type":"image\/jpeg"}],"twitter_card":"summary_large_image","twitter_misc":{"Dur\u00e9e de lecture estim\u00e9e":"3 minutes"},"schema":{"@context":"https:\/\/schema.org","@graph":[{"@type":"WebPage","@id":"https:\/\/serescodehumidifiers.com\/fr\/home-3\/","url":"https:\/\/serescodehumidifiers.com\/fr\/home-3\/","name":"Seresco Dehumidifiers","isPartOf":{"@id":"https:\/\/serescodehumidifiers.com\/fr\/#website"},"primaryImageOfPage":{"@id":"https:\/\/serescodehumidifiers.com\/fr\/home-3\/#primaryimage"},"image":{"@id":"https:\/\/serescodehumidifiers.com\/fr\/home-3\/#primaryimage"},"thumbnailUrl":"https:\/\/serescodehumidifiers.com\/wp-content\/uploads\/2024\/08\/seresco-np-series-2024-sm.png","datePublished":"2025-06-10T15:55:32+00:00","dateModified":"2025-06-10T19:32:07+00:00","description":"Les d\u00e9shumidificateurs Seresco offrent le d\u00e9shumidificateur parfait pour toute piscine int\u00e9rieure ou natatorium.","breadcrumb":{"@id":"https:\/\/serescodehumidifiers.com\/fr\/home-3\/#breadcrumb"},"inLanguage":"fr-FR","potentialAction":[{"@type":"ReadAction","target":["https:\/\/serescodehumidifiers.com\/fr\/home-3\/"]}]},{"@type":"ImageObject","inLanguage":"fr-FR","@id":"https:\/\/serescodehumidifiers.com\/fr\/home-3\/#primaryimage","url":"https:\/\/serescodehumidifiers.com\/wp-content\/uploads\/2024\/08\/seresco-np-series-2024-sm.png","contentUrl":"https:\/\/serescodehumidifiers.com\/wp-content\/uploads\/2024\/08\/seresco-np-series-2024-sm.png"},{"@type":"BreadcrumbList","@id":"https:\/\/serescodehumidifiers.com\/fr\/home-3\/#breadcrumb","itemListElement":[{"@type":"ListItem","position":1,"name":"Home","item":"https:\/\/serescodehumidifiers.com\/fr\/"},{"@type":"ListItem","position":2,"name":"Test \u00e0 domicile"}]},{"@type":"WebSite","@id":"https:\/\/serescodehumidifiers.com\/fr\/#website","url":"https:\/\/serescodehumidifiers.com\/fr\/","name":"Seresco Dehumidifiers","description":"","publisher":{"@id":"https:\/\/serescodehumidifiers.com\/fr\/#organization"},"potentialAction":[{"@type":"SearchAction","target":{"@type":"EntryPoint","urlTemplate":"https:\/\/serescodehumidifiers.com\/fr\/?s={search_term_string}"},"query-input":{"@type":"PropertyValueSpecification","valueRequired":true,"valueName":"search_term_string"}}],"inLanguage":"fr-FR"},{"@type":"Organization","@id":"https:\/\/serescodehumidifiers.com\/fr\/#organization","name":"Seresco Dehumidifiers","url":"https:\/\/serescodehumidifiers.com\/fr\/","logo":{"@type":"ImageObject","inLanguage":"fr-FR","@id":"https:\/\/serescodehumidifiers.com\/fr\/#\/schema\/logo\/image\/","url":"https:\/\/serescodehumidifiers.com\/wp-content\/uploads\/2024\/08\/fichier-1seresco.svg","contentUrl":"https:\/\/serescodehumidifiers.com\/wp-content\/uploads\/2024\/08\/fichier-1seresco.svg","caption":"Seresco Dehumidifiers"},"image":{"@id":"https:\/\/serescodehumidifiers.com\/fr\/#\/schema\/logo\/image\/"}}]}},"_links":{"self":[{"href":"https:\/\/serescodehumidifiers.com\/fr\/wp-json\/wp\/v2\/pages\/16615","targetHints":{"allow":["GET"]}}],"collection":[{"href":"https:\/\/serescodehumidifiers.com\/fr\/wp-json\/wp\/v2\/pages"}],"about":[{"href":"https:\/\/serescodehumidifiers.com\/fr\/wp-json\/wp\/v2\/types\/page"}],"author":[{"embeddable":true,"href":"https:\/\/serescodehumidifiers.com\/fr\/wp-json\/wp\/v2\/users\/6"}],"replies":[{"embeddable":true,"href":"https:\/\/serescodehumidifiers.com\/fr\/wp-json\/wp\/v2\/comments?post=16615"}],"version-history":[{"count":3,"href":"https:\/\/serescodehumidifiers.com\/fr\/wp-json\/wp\/v2\/pages\/16615\/revisions"}],"predecessor-version":[{"id":16619,"href":"https:\/\/serescodehumidifiers.com\/fr\/wp-json\/wp\/v2\/pages\/16615\/revisions\/16619"}],"wp:attachment":[{"href":"https:\/\/serescodehumidifiers.com\/fr\/wp-json\/wp\/v2\/media?parent=16615"}],"curies":[{"name":"wp","href":"https:\/\/api.w.org\/{rel}","templated":true}]}}