{"id":16711,"date":"2018-08-03T17:23:12","date_gmt":"2018-08-03T21:23:12","guid":{"rendered":"https:\/\/serescodehumidifiers.com\/deshumidificateurs-de-remplacement-pour-piscines-interieures\/deshumidificateurs-de-remplacement-des-champs\/"},"modified":"2025-07-08T15:42:35","modified_gmt":"2025-07-08T19:42:35","slug":"deshumidificateurs-de-remplacement-des-champs","status":"publish","type":"page","link":"https:\/\/serescodehumidifiers.com\/fr\/deshumidificateurs-de-remplacement-pour-piscines-interieures\/deshumidificateurs-de-remplacement-des-champs\/","title":{"rendered":"D\u00e9shumidificateurs de remplacement Des Champs"},"content":{"rendered":"\t\t<div data-elementor-type=\"wp-page\" data-elementor-id=\"16711\" class=\"elementor elementor-16711 elementor-5024\" data-elementor-post-type=\"page\">\n\t\t\t\t<div class=\"elementor-element elementor-element-647ee1da e-flex e-con-boxed e-con e-parent\" data-id=\"647ee1da\" data-element_type=\"container\" data-e-type=\"container\">\n\t\t\t\t\t<div class=\"e-con-inner\">\n\t\t\t\t<div class=\"elementor-element elementor-element-170df18d elementor-widget elementor-widget-text-editor\" data-id=\"170df18d\" data-element_type=\"widget\" data-e-type=\"widget\" data-widget_type=\"text-editor.default\">\n\t\t\t\t<div class=\"elementor-widget-container\">\n\t\t\t\t\t\t\t\t\t<h3 class=\"gform_title\">Remplacement Des Champs<\/h3><p><span class=\"gform_description\">Les d\u00e9shumidificateurs Seresco sont id\u00e9aux pour remplacer les d\u00e9shumidificateurs Des Champs Wringer existants. Des conceptions de pointe, des technologies avanc\u00e9es, plus de 100 innovations \u00e0 la pointe de l&rsquo;industrie et des capacit\u00e9s de surveillance WebSentry font de Seresco le choix des ing\u00e9nieurs les plus exigeants. Ne continuez pas \u00e0 injecter de l&rsquo;argent dans le maintien d&rsquo;un \u00e9quipement Des Champs Wringer obsol\u00e8te. Laissez Seresco vous aider \u00e0 choisir un d\u00e9shumidificateur de remplacement qui vous procurera un confort, une performance et une efficacit\u00e9 \u00e9nerg\u00e9tique sup\u00e9rieurs.<\/span><\/p>\t\t\t\t\t\t\t\t<\/div>\n\t\t\t\t<\/div>\n\t\t\t\t<div class=\"elementor-element elementor-element-932d0e4 elementor-widget elementor-widget-text-editor\" data-id=\"932d0e4\" data-element_type=\"widget\" data-e-type=\"widget\" data-widget_type=\"text-editor.default\">\n\t\t\t\t<div class=\"elementor-widget-container\">\n\t\t\t\t\t\t\t\t\t<script charset=\"utf-8\" type=\"text\/javascript\" src=\"\/\/js.hsforms.net\/forms\/embed\/v2.js\"><span style=\"display: inline-block; width: 0px; overflow: hidden; line-height: 0;\" data-mce-type=\"bookmark\" class=\"mce_SELRES_start\">\ufeff<\/span><\/span><\/script><script src=\"https:\/\/ajax.googleapis.com\/ajax\/libs\/jquery\/3.6.1\/jquery.min.js\"><\/script><script src=\"https:\/\/das-app-files.s3.amazonaws.com\/javascript\/SubmitLeadToACE.js\"><\/script><script>var submitLead = new SubmitLead(1, 'replacementFR');\n\n  hbspt.forms.create({\n\tregion: \"na1\",\n\tportalId: submitLead.portalId,\n\tformId: submitLead.formId,\n\tonFormSubmit: submitLead.submit\n  });\n<\/script>\t\t\t\t\t\t\t\t<\/div>\n\t\t\t\t<\/div>\n\t\t\t\t\t<\/div>\n\t\t\t\t<\/div>\n\t\t\t\t<\/div>\n\t\t<div style=\"display:flex; gap:10px;justify-content:center\" class=\"wps-pgfw-pdf-generate-icon__wrapper-frontend\">\n\t\t<a  href=\"https:\/\/serescodehumidifiers.com\/fr\/wp-json\/wp\/v2\/pages\/16711\/?action=genpdf&amp;id=16711\" class=\"pgfw-single-pdf-download-button\" ><img src=\"https:\/\/serescodehumidifiers.com\/wp-content\/plugins\/pdf-generator-for-wp\/admin\/src\/images\/PDF_Tray.svg\" title=\"G\u00e9n\u00e9rer un PDF\" style=\"width:auto; height:45px;\"><\/a>\n\t\t<\/div>","protected":false},"excerpt":{"rendered":"<p>Remplacement Des Champs Les d\u00e9shumidificateurs Seresco sont id\u00e9aux pour remplacer les d\u00e9shumidificateurs Des Champs Wringer existants. Des conceptions de pointe, des technologies avanc\u00e9es, plus de 100 innovations \u00e0 la pointe de l&rsquo;industrie et des capacit\u00e9s de surveillance WebSentry font de Seresco le choix des ing\u00e9nieurs les plus exigeants. Ne continuez pas \u00e0 injecter de l&rsquo;argent &#8230; <a title=\"D\u00e9shumidificateurs de remplacement Des Champs\" class=\"read-more\" href=\"https:\/\/serescodehumidifiers.com\/fr\/deshumidificateurs-de-remplacement-pour-piscines-interieures\/deshumidificateurs-de-remplacement-des-champs\/\" aria-label=\"En savoir plus sur D\u00e9shumidificateurs de remplacement Des Champs\">Lire la suite<\/a><\/p>\n","protected":false},"author":6,"featured_media":14198,"parent":15457,"menu_order":0,"comment_status":"closed","ping_status":"closed","template":"","meta":{"inline_featured_image":false,"generate_page_header":"","footnotes":""},"class_list":["post-16711","page","type-page","status-publish","has-post-thumbnail"],"yoast_head":"<!-- This site is optimized with the Yoast SEO plugin v27.4 - https:\/\/yoast.com\/product\/yoast-seo-wordpress\/ -->\n<title>D\u00e9shumidificateurs de remplacement Des Champs - Seresco Dehumidifiers<\/title>\n<meta name=\"description\" content=\"Avec plus de 100 innovations \u00e0 la pointe de l&#039;industrie, les d\u00e9shumidificateurs Seresco remplacent parfaitement les d\u00e9shumidificateurs Des Champs Wringer.\" \/>\n<meta name=\"robots\" content=\"index, follow, max-snippet:-1, max-image-preview:large, max-video-preview:-1\" \/>\n<link rel=\"canonical\" href=\"https:\/\/serescodehumidifiers.com\/fr\/deshumidificateurs-de-remplacement-pour-piscines-interieures\/deshumidificateurs-de-remplacement-des-champs\/\" \/>\n<meta property=\"og:locale\" content=\"fr_FR\" \/>\n<meta property=\"og:type\" content=\"article\" \/>\n<meta property=\"og:title\" content=\"D\u00e9shumidificateurs de remplacement Des Champs - Seresco Dehumidifiers\" \/>\n<meta property=\"og:description\" content=\"Avec plus de 100 innovations \u00e0 la pointe de l&#039;industrie, les d\u00e9shumidificateurs Seresco remplacent parfaitement les d\u00e9shumidificateurs Des Champs Wringer.\" \/>\n<meta property=\"og:url\" content=\"https:\/\/serescodehumidifiers.com\/fr\/deshumidificateurs-de-remplacement-pour-piscines-interieures\/deshumidificateurs-de-remplacement-des-champs\/\" \/>\n<meta property=\"og:site_name\" content=\"Seresco Dehumidifiers\" \/>\n<meta property=\"article:modified_time\" content=\"2025-07-08T19:42:35+00:00\" \/>\n<meta property=\"og:image\" content=\"https:\/\/serescodehumidifiers.com\/wp-content\/uploads\/2018\/07\/banner_replacement-min.jpg\" \/>\n\t<meta property=\"og:image:width\" content=\"1920\" \/>\n\t<meta property=\"og:image:height\" content=\"459\" \/>\n\t<meta property=\"og:image:type\" content=\"image\/jpeg\" \/>\n<meta name=\"twitter:card\" content=\"summary_large_image\" \/>\n<meta name=\"twitter:label1\" content=\"Dur\u00e9e de lecture estim\u00e9e\" \/>\n\t<meta name=\"twitter:data1\" content=\"1 minute\" \/>\n<script type=\"application\/ld+json\" class=\"yoast-schema-graph\">{\"@context\":\"https:\\\/\\\/schema.org\",\"@graph\":[{\"@type\":\"WebPage\",\"@id\":\"https:\\\/\\\/serescodehumidifiers.com\\\/fr\\\/deshumidificateurs-de-remplacement-pour-piscines-interieures\\\/deshumidificateurs-de-remplacement-des-champs\\\/\",\"url\":\"https:\\\/\\\/serescodehumidifiers.com\\\/fr\\\/deshumidificateurs-de-remplacement-pour-piscines-interieures\\\/deshumidificateurs-de-remplacement-des-champs\\\/\",\"name\":\"D\u00e9shumidificateurs de remplacement Des Champs - Seresco Dehumidifiers\",\"isPartOf\":{\"@id\":\"https:\\\/\\\/serescodehumidifiers.com\\\/fr\\\/#website\"},\"primaryImageOfPage\":{\"@id\":\"https:\\\/\\\/serescodehumidifiers.com\\\/fr\\\/deshumidificateurs-de-remplacement-pour-piscines-interieures\\\/deshumidificateurs-de-remplacement-des-champs\\\/#primaryimage\"},\"image\":{\"@id\":\"https:\\\/\\\/serescodehumidifiers.com\\\/fr\\\/deshumidificateurs-de-remplacement-pour-piscines-interieures\\\/deshumidificateurs-de-remplacement-des-champs\\\/#primaryimage\"},\"thumbnailUrl\":\"https:\\\/\\\/serescodehumidifiers.com\\\/wp-content\\\/uploads\\\/2018\\\/07\\\/banner_replacement-min.jpg\",\"datePublished\":\"2018-08-03T21:23:12+00:00\",\"dateModified\":\"2025-07-08T19:42:35+00:00\",\"description\":\"Avec plus de 100 innovations \u00e0 la pointe de l'industrie, les d\u00e9shumidificateurs Seresco remplacent parfaitement les d\u00e9shumidificateurs Des Champs Wringer.\",\"breadcrumb\":{\"@id\":\"https:\\\/\\\/serescodehumidifiers.com\\\/fr\\\/deshumidificateurs-de-remplacement-pour-piscines-interieures\\\/deshumidificateurs-de-remplacement-des-champs\\\/#breadcrumb\"},\"inLanguage\":\"fr-FR\",\"potentialAction\":[{\"@type\":\"ReadAction\",\"target\":[\"https:\\\/\\\/serescodehumidifiers.com\\\/fr\\\/deshumidificateurs-de-remplacement-pour-piscines-interieures\\\/deshumidificateurs-de-remplacement-des-champs\\\/\"]}]},{\"@type\":\"ImageObject\",\"inLanguage\":\"fr-FR\",\"@id\":\"https:\\\/\\\/serescodehumidifiers.com\\\/fr\\\/deshumidificateurs-de-remplacement-pour-piscines-interieures\\\/deshumidificateurs-de-remplacement-des-champs\\\/#primaryimage\",\"url\":\"https:\\\/\\\/serescodehumidifiers.com\\\/wp-content\\\/uploads\\\/2018\\\/07\\\/banner_replacement-min.jpg\",\"contentUrl\":\"https:\\\/\\\/serescodehumidifiers.com\\\/wp-content\\\/uploads\\\/2018\\\/07\\\/banner_replacement-min.jpg\",\"width\":1920,\"height\":459},{\"@type\":\"BreadcrumbList\",\"@id\":\"https:\\\/\\\/serescodehumidifiers.com\\\/fr\\\/deshumidificateurs-de-remplacement-pour-piscines-interieures\\\/deshumidificateurs-de-remplacement-des-champs\\\/#breadcrumb\",\"itemListElement\":[{\"@type\":\"ListItem\",\"position\":1,\"name\":\"Home\",\"item\":\"https:\\\/\\\/serescodehumidifiers.com\\\/fr\\\/\"},{\"@type\":\"ListItem\",\"position\":2,\"name\":\"D\u00e9shumidificateurs de remplacement pour piscines int\u00e9rieures\",\"item\":\"https:\\\/\\\/serescodehumidifiers.com\\\/fr\\\/deshumidificateurs-de-remplacement-pour-piscines-interieures\\\/\"},{\"@type\":\"ListItem\",\"position\":3,\"name\":\"D\u00e9shumidificateurs de remplacement Des Champs\"}]},{\"@type\":\"WebSite\",\"@id\":\"https:\\\/\\\/serescodehumidifiers.com\\\/fr\\\/#website\",\"url\":\"https:\\\/\\\/serescodehumidifiers.com\\\/fr\\\/\",\"name\":\"Seresco Dehumidifiers\",\"description\":\"\",\"publisher\":{\"@id\":\"https:\\\/\\\/serescodehumidifiers.com\\\/fr\\\/#organization\"},\"potentialAction\":[{\"@type\":\"SearchAction\",\"target\":{\"@type\":\"EntryPoint\",\"urlTemplate\":\"https:\\\/\\\/serescodehumidifiers.com\\\/fr\\\/?s={search_term_string}\"},\"query-input\":{\"@type\":\"PropertyValueSpecification\",\"valueRequired\":true,\"valueName\":\"search_term_string\"}}],\"inLanguage\":\"fr-FR\"},{\"@type\":\"Organization\",\"@id\":\"https:\\\/\\\/serescodehumidifiers.com\\\/fr\\\/#organization\",\"name\":\"Seresco Dehumidifiers\",\"url\":\"https:\\\/\\\/serescodehumidifiers.com\\\/fr\\\/\",\"logo\":{\"@type\":\"ImageObject\",\"inLanguage\":\"fr-FR\",\"@id\":\"https:\\\/\\\/serescodehumidifiers.com\\\/fr\\\/#\\\/schema\\\/logo\\\/image\\\/\",\"url\":\"https:\\\/\\\/serescodehumidifiers.com\\\/wp-content\\\/uploads\\\/2024\\\/08\\\/fichier-1seresco.svg\",\"contentUrl\":\"https:\\\/\\\/serescodehumidifiers.com\\\/wp-content\\\/uploads\\\/2024\\\/08\\\/fichier-1seresco.svg\",\"caption\":\"Seresco Dehumidifiers\"},\"image\":{\"@id\":\"https:\\\/\\\/serescodehumidifiers.com\\\/fr\\\/#\\\/schema\\\/logo\\\/image\\\/\"}}]}<\/script>\n<!-- \/ Yoast SEO plugin. -->","yoast_head_json":{"title":"D\u00e9shumidificateurs de remplacement Des Champs - Seresco Dehumidifiers","description":"Avec plus de 100 innovations \u00e0 la pointe de l'industrie, les d\u00e9shumidificateurs Seresco remplacent parfaitement les d\u00e9shumidificateurs Des Champs Wringer.","robots":{"index":"index","follow":"follow","max-snippet":"max-snippet:-1","max-image-preview":"max-image-preview:large","max-video-preview":"max-video-preview:-1"},"canonical":"https:\/\/serescodehumidifiers.com\/fr\/deshumidificateurs-de-remplacement-pour-piscines-interieures\/deshumidificateurs-de-remplacement-des-champs\/","og_locale":"fr_FR","og_type":"article","og_title":"D\u00e9shumidificateurs de remplacement Des Champs - Seresco Dehumidifiers","og_description":"Avec plus de 100 innovations \u00e0 la pointe de l'industrie, les d\u00e9shumidificateurs Seresco remplacent parfaitement les d\u00e9shumidificateurs Des Champs Wringer.","og_url":"https:\/\/serescodehumidifiers.com\/fr\/deshumidificateurs-de-remplacement-pour-piscines-interieures\/deshumidificateurs-de-remplacement-des-champs\/","og_site_name":"Seresco Dehumidifiers","article_modified_time":"2025-07-08T19:42:35+00:00","og_image":[{"width":1920,"height":459,"url":"https:\/\/serescodehumidifiers.com\/wp-content\/uploads\/2018\/07\/banner_replacement-min.jpg","type":"image\/jpeg"}],"twitter_card":"summary_large_image","twitter_misc":{"Dur\u00e9e de lecture estim\u00e9e":"1 minute"},"schema":{"@context":"https:\/\/schema.org","@graph":[{"@type":"WebPage","@id":"https:\/\/serescodehumidifiers.com\/fr\/deshumidificateurs-de-remplacement-pour-piscines-interieures\/deshumidificateurs-de-remplacement-des-champs\/","url":"https:\/\/serescodehumidifiers.com\/fr\/deshumidificateurs-de-remplacement-pour-piscines-interieures\/deshumidificateurs-de-remplacement-des-champs\/","name":"D\u00e9shumidificateurs de remplacement Des Champs - Seresco Dehumidifiers","isPartOf":{"@id":"https:\/\/serescodehumidifiers.com\/fr\/#website"},"primaryImageOfPage":{"@id":"https:\/\/serescodehumidifiers.com\/fr\/deshumidificateurs-de-remplacement-pour-piscines-interieures\/deshumidificateurs-de-remplacement-des-champs\/#primaryimage"},"image":{"@id":"https:\/\/serescodehumidifiers.com\/fr\/deshumidificateurs-de-remplacement-pour-piscines-interieures\/deshumidificateurs-de-remplacement-des-champs\/#primaryimage"},"thumbnailUrl":"https:\/\/serescodehumidifiers.com\/wp-content\/uploads\/2018\/07\/banner_replacement-min.jpg","datePublished":"2018-08-03T21:23:12+00:00","dateModified":"2025-07-08T19:42:35+00:00","description":"Avec plus de 100 innovations \u00e0 la pointe de l'industrie, les d\u00e9shumidificateurs Seresco remplacent parfaitement les d\u00e9shumidificateurs Des Champs Wringer.","breadcrumb":{"@id":"https:\/\/serescodehumidifiers.com\/fr\/deshumidificateurs-de-remplacement-pour-piscines-interieures\/deshumidificateurs-de-remplacement-des-champs\/#breadcrumb"},"inLanguage":"fr-FR","potentialAction":[{"@type":"ReadAction","target":["https:\/\/serescodehumidifiers.com\/fr\/deshumidificateurs-de-remplacement-pour-piscines-interieures\/deshumidificateurs-de-remplacement-des-champs\/"]}]},{"@type":"ImageObject","inLanguage":"fr-FR","@id":"https:\/\/serescodehumidifiers.com\/fr\/deshumidificateurs-de-remplacement-pour-piscines-interieures\/deshumidificateurs-de-remplacement-des-champs\/#primaryimage","url":"https:\/\/serescodehumidifiers.com\/wp-content\/uploads\/2018\/07\/banner_replacement-min.jpg","contentUrl":"https:\/\/serescodehumidifiers.com\/wp-content\/uploads\/2018\/07\/banner_replacement-min.jpg","width":1920,"height":459},{"@type":"BreadcrumbList","@id":"https:\/\/serescodehumidifiers.com\/fr\/deshumidificateurs-de-remplacement-pour-piscines-interieures\/deshumidificateurs-de-remplacement-des-champs\/#breadcrumb","itemListElement":[{"@type":"ListItem","position":1,"name":"Home","item":"https:\/\/serescodehumidifiers.com\/fr\/"},{"@type":"ListItem","position":2,"name":"D\u00e9shumidificateurs de remplacement pour piscines int\u00e9rieures","item":"https:\/\/serescodehumidifiers.com\/fr\/deshumidificateurs-de-remplacement-pour-piscines-interieures\/"},{"@type":"ListItem","position":3,"name":"D\u00e9shumidificateurs de remplacement Des Champs"}]},{"@type":"WebSite","@id":"https:\/\/serescodehumidifiers.com\/fr\/#website","url":"https:\/\/serescodehumidifiers.com\/fr\/","name":"Seresco Dehumidifiers","description":"","publisher":{"@id":"https:\/\/serescodehumidifiers.com\/fr\/#organization"},"potentialAction":[{"@type":"SearchAction","target":{"@type":"EntryPoint","urlTemplate":"https:\/\/serescodehumidifiers.com\/fr\/?s={search_term_string}"},"query-input":{"@type":"PropertyValueSpecification","valueRequired":true,"valueName":"search_term_string"}}],"inLanguage":"fr-FR"},{"@type":"Organization","@id":"https:\/\/serescodehumidifiers.com\/fr\/#organization","name":"Seresco Dehumidifiers","url":"https:\/\/serescodehumidifiers.com\/fr\/","logo":{"@type":"ImageObject","inLanguage":"fr-FR","@id":"https:\/\/serescodehumidifiers.com\/fr\/#\/schema\/logo\/image\/","url":"https:\/\/serescodehumidifiers.com\/wp-content\/uploads\/2024\/08\/fichier-1seresco.svg","contentUrl":"https:\/\/serescodehumidifiers.com\/wp-content\/uploads\/2024\/08\/fichier-1seresco.svg","caption":"Seresco Dehumidifiers"},"image":{"@id":"https:\/\/serescodehumidifiers.com\/fr\/#\/schema\/logo\/image\/"}}]}},"_links":{"self":[{"href":"https:\/\/serescodehumidifiers.com\/fr\/wp-json\/wp\/v2\/pages\/16711","targetHints":{"allow":["GET"]}}],"collection":[{"href":"https:\/\/serescodehumidifiers.com\/fr\/wp-json\/wp\/v2\/pages"}],"about":[{"href":"https:\/\/serescodehumidifiers.com\/fr\/wp-json\/wp\/v2\/types\/page"}],"author":[{"embeddable":true,"href":"https:\/\/serescodehumidifiers.com\/fr\/wp-json\/wp\/v2\/users\/6"}],"replies":[{"embeddable":true,"href":"https:\/\/serescodehumidifiers.com\/fr\/wp-json\/wp\/v2\/comments?post=16711"}],"version-history":[{"count":3,"href":"https:\/\/serescodehumidifiers.com\/fr\/wp-json\/wp\/v2\/pages\/16711\/revisions"}],"predecessor-version":[{"id":16758,"href":"https:\/\/serescodehumidifiers.com\/fr\/wp-json\/wp\/v2\/pages\/16711\/revisions\/16758"}],"up":[{"embeddable":true,"href":"https:\/\/serescodehumidifiers.com\/fr\/wp-json\/wp\/v2\/pages\/15457"}],"wp:featuredmedia":[{"embeddable":true,"href":"https:\/\/serescodehumidifiers.com\/fr\/wp-json\/wp\/v2\/media\/14198"}],"wp:attachment":[{"href":"https:\/\/serescodehumidifiers.com\/fr\/wp-json\/wp\/v2\/media?parent=16711"}],"curies":[{"name":"wp","href":"https:\/\/api.w.org\/{rel}","templated":true}]}}