{"id":16718,"date":"2017-12-26T11:02:26","date_gmt":"2017-12-26T16:02:26","guid":{"rendered":"https:\/\/serescodehumidifiers.com\/deshumidificateurs-de-remplacement-pour-piscines-interieures\/remplacement-des-dca\/"},"modified":"2025-07-08T15:13:47","modified_gmt":"2025-07-08T19:13:47","slug":"remplacement-des-dca","status":"publish","type":"page","link":"https:\/\/serescodehumidifiers.com\/fr\/deshumidificateurs-de-remplacement-pour-piscines-interieures\/remplacement-des-dca\/","title":{"rendered":"Remplacement des DCA"},"content":{"rendered":"\t\t<div data-elementor-type=\"wp-page\" data-elementor-id=\"16718\" class=\"elementor elementor-16718 elementor-706\" data-elementor-post-type=\"page\">\n\t\t\t\t\t\t<section class=\"elementor-section elementor-top-section elementor-element elementor-element-440fabbe elementor-section-boxed elementor-section-height-default elementor-section-height-default\" data-id=\"440fabbe\" data-element_type=\"section\" data-e-type=\"section\">\n\t\t\t\t\t\t<div class=\"elementor-container elementor-column-gap-default\">\n\t\t\t\t\t<div class=\"elementor-column elementor-col-100 elementor-top-column elementor-element elementor-element-1ff7ea7\" data-id=\"1ff7ea7\" data-element_type=\"column\" data-e-type=\"column\">\n\t\t\t<div class=\"elementor-widget-wrap elementor-element-populated\">\n\t\t\t\t\t\t<div class=\"elementor-element elementor-element-26632412 elementor-widget elementor-widget-text-editor\" data-id=\"26632412\" data-element_type=\"widget\" data-e-type=\"widget\" data-widget_type=\"text-editor.default\">\n\t\t\t\t<div class=\"elementor-widget-container\">\n\t\t\t\t\t\t\t\t\t<h3 class=\"gform_title\">Remplacement du DCA<\/h3>\n<span class=\"gform_description\">Les d\u00e9shumidificateurs Seresco sont id\u00e9aux pour remplacer les d\u00e9shumidificateurs DCA existants. Des conceptions de pointe, des technologies avanc\u00e9es, plus de 100 innovations \u00e0 la pointe de l&rsquo;industrie et des capacit\u00e9s de surveillance WebSentry font de Seresco le choix des ing\u00e9nieurs les plus exigeants. Ne continuez pas \u00e0 d\u00e9penser de l&rsquo;argent dans l&rsquo;entretien d&rsquo;\u00e9quipements DCA d\u00e9suets. Laissez Seresco vous aider \u00e0 choisir un d\u00e9shumidificateur de remplacement qui vous procurera un confort, une performance et une efficacit\u00e9 \u00e9nerg\u00e9tique sup\u00e9rieurs. Lorsque le formulaire ci-dessous est soumis, un courriel sera envoy\u00e9 \u00e0 l&rsquo;un de nos repr\u00e9sentants des ventes qui vous contactera avec plus de d\u00e9tails.    <\/span>\t\t\t\t\t\t\t\t<\/div>\n\t\t\t\t<\/div>\n\t\t\t\t<div class=\"elementor-element elementor-element-44b1db3 elementor-widget elementor-widget-text-editor\" data-id=\"44b1db3\" data-element_type=\"widget\" data-e-type=\"widget\" data-widget_type=\"text-editor.default\">\n\t\t\t\t<div class=\"elementor-widget-container\">\n\t\t\t\t\t\t\t\t\t<p><script charset=\"utf-8\" type=\"text\/javascript\" src=\"\/\/js.hsforms.net\/forms\/embed\/v2.js\"><span style=\"display: inline-block; width: 0px; overflow: hidden; line-height: 0;\" data-mce-type=\"bookmark\" class=\"mce_SELRES_start\">\ufeff<\/span><\/script><script src=\"https:\/\/ajax.googleapis.com\/ajax\/libs\/jquery\/3.6.1\/jquery.min.js\"><\/script><script src=\"https:\/\/das-app-files.s3.amazonaws.com\/javascript\/SubmitLeadToACE.js\"><\/script><script>var submitLead = new SubmitLead(1, 'replacementFR');\n\n  hbspt.forms.create({\n\tregion: \"na1\",\n\tportalId: submitLead.portalId,\n\tformId: submitLead.formId,\n\tonFormSubmit: submitLead.submit\n  });\n<\/script><\/p>\t\t\t\t\t\t\t\t<\/div>\n\t\t\t\t<\/div>\n\t\t\t\t\t<\/div>\n\t\t<\/div>\n\t\t\t\t\t<\/div>\n\t\t<\/section>\n\t\t\t\t<\/div>\n\t\t<div style=\"display:flex; gap:10px;justify-content:center\" class=\"wps-pgfw-pdf-generate-icon__wrapper-frontend\">\n\t\t<a  href=\"https:\/\/serescodehumidifiers.com\/fr\/wp-json\/wp\/v2\/pages\/16718\/?action=genpdf&amp;id=16718\" class=\"pgfw-single-pdf-download-button\" ><img src=\"https:\/\/serescodehumidifiers.com\/wp-content\/plugins\/pdf-generator-for-wp\/admin\/src\/images\/PDF_Tray.svg\" title=\"G\u00e9n\u00e9rer un PDF\" style=\"width:auto; height:45px;\"><\/a>\n\t\t<\/div>","protected":false},"excerpt":{"rendered":"<p>Remplacement du DCA Les d\u00e9shumidificateurs Seresco sont id\u00e9aux pour remplacer les d\u00e9shumidificateurs DCA existants. Des conceptions de pointe, des technologies avanc\u00e9es, plus de 100 innovations \u00e0 la pointe de l&rsquo;industrie et des capacit\u00e9s de surveillance WebSentry font de Seresco le choix des ing\u00e9nieurs les plus exigeants. Ne continuez pas \u00e0 d\u00e9penser de l&rsquo;argent dans l&rsquo;entretien &#8230; <a title=\"Remplacement des DCA\" class=\"read-more\" href=\"https:\/\/serescodehumidifiers.com\/fr\/deshumidificateurs-de-remplacement-pour-piscines-interieures\/remplacement-des-dca\/\" aria-label=\"En savoir plus sur Remplacement des DCA\">Lire la suite<\/a><\/p>\n","protected":false},"author":6,"featured_media":14142,"parent":15457,"menu_order":0,"comment_status":"closed","ping_status":"closed","template":"","meta":{"inline_featured_image":false,"generate_page_header":"","footnotes":""},"class_list":["post-16718","page","type-page","status-publish","has-post-thumbnail"],"yoast_head":"<!-- This site is optimized with the Yoast SEO plugin v27.4 - https:\/\/yoast.com\/product\/yoast-seo-wordpress\/ -->\n<title>Remplacement des DCA - Seresco Dehumidifiers<\/title>\n<meta name=\"description\" content=\"Avec des technologies avanc\u00e9es et plus de 100 innovations \u00e0 la pointe de l&#039;industrie, les d\u00e9shumidificateurs Seresco remplacent parfaitement les d\u00e9shumidificateurs DCA.\" \/>\n<meta name=\"robots\" content=\"index, follow, max-snippet:-1, max-image-preview:large, max-video-preview:-1\" \/>\n<link rel=\"canonical\" href=\"https:\/\/serescodehumidifiers.com\/fr\/deshumidificateurs-de-remplacement-pour-piscines-interieures\/remplacement-des-dca\/\" \/>\n<meta property=\"og:locale\" content=\"fr_FR\" \/>\n<meta property=\"og:type\" content=\"article\" \/>\n<meta property=\"og:title\" content=\"Remplacement des DCA - Seresco Dehumidifiers\" \/>\n<meta property=\"og:description\" content=\"Avec des technologies avanc\u00e9es et plus de 100 innovations \u00e0 la pointe de l&#039;industrie, les d\u00e9shumidificateurs Seresco remplacent parfaitement les d\u00e9shumidificateurs DCA.\" \/>\n<meta property=\"og:url\" content=\"https:\/\/serescodehumidifiers.com\/fr\/deshumidificateurs-de-remplacement-pour-piscines-interieures\/remplacement-des-dca\/\" \/>\n<meta property=\"og:site_name\" content=\"Seresco Dehumidifiers\" \/>\n<meta property=\"article:modified_time\" content=\"2025-07-08T19:13:47+00:00\" \/>\n<meta property=\"og:image\" content=\"https:\/\/serescodehumidifiers.com\/wp-content\/uploads\/2018\/07\/banner_replacement-1.jpg\" \/>\n\t<meta property=\"og:image:width\" content=\"1920\" \/>\n\t<meta property=\"og:image:height\" content=\"459\" \/>\n\t<meta property=\"og:image:type\" content=\"image\/jpeg\" \/>\n<meta name=\"twitter:card\" content=\"summary_large_image\" \/>\n<meta name=\"twitter:label1\" content=\"Dur\u00e9e de lecture estim\u00e9e\" \/>\n\t<meta name=\"twitter:data1\" content=\"1 minute\" \/>\n<script type=\"application\/ld+json\" class=\"yoast-schema-graph\">{\"@context\":\"https:\\\/\\\/schema.org\",\"@graph\":[{\"@type\":\"WebPage\",\"@id\":\"https:\\\/\\\/serescodehumidifiers.com\\\/fr\\\/deshumidificateurs-de-remplacement-pour-piscines-interieures\\\/remplacement-des-dca\\\/\",\"url\":\"https:\\\/\\\/serescodehumidifiers.com\\\/fr\\\/deshumidificateurs-de-remplacement-pour-piscines-interieures\\\/remplacement-des-dca\\\/\",\"name\":\"Remplacement des DCA - Seresco Dehumidifiers\",\"isPartOf\":{\"@id\":\"https:\\\/\\\/serescodehumidifiers.com\\\/fr\\\/#website\"},\"primaryImageOfPage\":{\"@id\":\"https:\\\/\\\/serescodehumidifiers.com\\\/fr\\\/deshumidificateurs-de-remplacement-pour-piscines-interieures\\\/remplacement-des-dca\\\/#primaryimage\"},\"image\":{\"@id\":\"https:\\\/\\\/serescodehumidifiers.com\\\/fr\\\/deshumidificateurs-de-remplacement-pour-piscines-interieures\\\/remplacement-des-dca\\\/#primaryimage\"},\"thumbnailUrl\":\"https:\\\/\\\/serescodehumidifiers.com\\\/wp-content\\\/uploads\\\/2018\\\/07\\\/banner_replacement-1.jpg\",\"datePublished\":\"2017-12-26T16:02:26+00:00\",\"dateModified\":\"2025-07-08T19:13:47+00:00\",\"description\":\"Avec des technologies avanc\u00e9es et plus de 100 innovations \u00e0 la pointe de l'industrie, les d\u00e9shumidificateurs Seresco remplacent parfaitement les d\u00e9shumidificateurs DCA.\",\"breadcrumb\":{\"@id\":\"https:\\\/\\\/serescodehumidifiers.com\\\/fr\\\/deshumidificateurs-de-remplacement-pour-piscines-interieures\\\/remplacement-des-dca\\\/#breadcrumb\"},\"inLanguage\":\"fr-FR\",\"potentialAction\":[{\"@type\":\"ReadAction\",\"target\":[\"https:\\\/\\\/serescodehumidifiers.com\\\/fr\\\/deshumidificateurs-de-remplacement-pour-piscines-interieures\\\/remplacement-des-dca\\\/\"]}]},{\"@type\":\"ImageObject\",\"inLanguage\":\"fr-FR\",\"@id\":\"https:\\\/\\\/serescodehumidifiers.com\\\/fr\\\/deshumidificateurs-de-remplacement-pour-piscines-interieures\\\/remplacement-des-dca\\\/#primaryimage\",\"url\":\"https:\\\/\\\/serescodehumidifiers.com\\\/wp-content\\\/uploads\\\/2018\\\/07\\\/banner_replacement-1.jpg\",\"contentUrl\":\"https:\\\/\\\/serescodehumidifiers.com\\\/wp-content\\\/uploads\\\/2018\\\/07\\\/banner_replacement-1.jpg\",\"width\":1920,\"height\":459},{\"@type\":\"BreadcrumbList\",\"@id\":\"https:\\\/\\\/serescodehumidifiers.com\\\/fr\\\/deshumidificateurs-de-remplacement-pour-piscines-interieures\\\/remplacement-des-dca\\\/#breadcrumb\",\"itemListElement\":[{\"@type\":\"ListItem\",\"position\":1,\"name\":\"Home\",\"item\":\"https:\\\/\\\/serescodehumidifiers.com\\\/fr\\\/\"},{\"@type\":\"ListItem\",\"position\":2,\"name\":\"D\u00e9shumidificateurs de remplacement pour piscines int\u00e9rieures\",\"item\":\"https:\\\/\\\/serescodehumidifiers.com\\\/fr\\\/deshumidificateurs-de-remplacement-pour-piscines-interieures\\\/\"},{\"@type\":\"ListItem\",\"position\":3,\"name\":\"Remplacement des DCA\"}]},{\"@type\":\"WebSite\",\"@id\":\"https:\\\/\\\/serescodehumidifiers.com\\\/fr\\\/#website\",\"url\":\"https:\\\/\\\/serescodehumidifiers.com\\\/fr\\\/\",\"name\":\"Seresco Dehumidifiers\",\"description\":\"\",\"publisher\":{\"@id\":\"https:\\\/\\\/serescodehumidifiers.com\\\/fr\\\/#organization\"},\"potentialAction\":[{\"@type\":\"SearchAction\",\"target\":{\"@type\":\"EntryPoint\",\"urlTemplate\":\"https:\\\/\\\/serescodehumidifiers.com\\\/fr\\\/?s={search_term_string}\"},\"query-input\":{\"@type\":\"PropertyValueSpecification\",\"valueRequired\":true,\"valueName\":\"search_term_string\"}}],\"inLanguage\":\"fr-FR\"},{\"@type\":\"Organization\",\"@id\":\"https:\\\/\\\/serescodehumidifiers.com\\\/fr\\\/#organization\",\"name\":\"Seresco Dehumidifiers\",\"url\":\"https:\\\/\\\/serescodehumidifiers.com\\\/fr\\\/\",\"logo\":{\"@type\":\"ImageObject\",\"inLanguage\":\"fr-FR\",\"@id\":\"https:\\\/\\\/serescodehumidifiers.com\\\/fr\\\/#\\\/schema\\\/logo\\\/image\\\/\",\"url\":\"https:\\\/\\\/serescodehumidifiers.com\\\/wp-content\\\/uploads\\\/2024\\\/08\\\/fichier-1seresco.svg\",\"contentUrl\":\"https:\\\/\\\/serescodehumidifiers.com\\\/wp-content\\\/uploads\\\/2024\\\/08\\\/fichier-1seresco.svg\",\"caption\":\"Seresco Dehumidifiers\"},\"image\":{\"@id\":\"https:\\\/\\\/serescodehumidifiers.com\\\/fr\\\/#\\\/schema\\\/logo\\\/image\\\/\"}}]}<\/script>\n<!-- \/ Yoast SEO plugin. -->","yoast_head_json":{"title":"Remplacement des DCA - Seresco Dehumidifiers","description":"Avec des technologies avanc\u00e9es et plus de 100 innovations \u00e0 la pointe de l'industrie, les d\u00e9shumidificateurs Seresco remplacent parfaitement les d\u00e9shumidificateurs DCA.","robots":{"index":"index","follow":"follow","max-snippet":"max-snippet:-1","max-image-preview":"max-image-preview:large","max-video-preview":"max-video-preview:-1"},"canonical":"https:\/\/serescodehumidifiers.com\/fr\/deshumidificateurs-de-remplacement-pour-piscines-interieures\/remplacement-des-dca\/","og_locale":"fr_FR","og_type":"article","og_title":"Remplacement des DCA - Seresco Dehumidifiers","og_description":"Avec des technologies avanc\u00e9es et plus de 100 innovations \u00e0 la pointe de l'industrie, les d\u00e9shumidificateurs Seresco remplacent parfaitement les d\u00e9shumidificateurs DCA.","og_url":"https:\/\/serescodehumidifiers.com\/fr\/deshumidificateurs-de-remplacement-pour-piscines-interieures\/remplacement-des-dca\/","og_site_name":"Seresco Dehumidifiers","article_modified_time":"2025-07-08T19:13:47+00:00","og_image":[{"width":1920,"height":459,"url":"https:\/\/serescodehumidifiers.com\/wp-content\/uploads\/2018\/07\/banner_replacement-1.jpg","type":"image\/jpeg"}],"twitter_card":"summary_large_image","twitter_misc":{"Dur\u00e9e de lecture estim\u00e9e":"1 minute"},"schema":{"@context":"https:\/\/schema.org","@graph":[{"@type":"WebPage","@id":"https:\/\/serescodehumidifiers.com\/fr\/deshumidificateurs-de-remplacement-pour-piscines-interieures\/remplacement-des-dca\/","url":"https:\/\/serescodehumidifiers.com\/fr\/deshumidificateurs-de-remplacement-pour-piscines-interieures\/remplacement-des-dca\/","name":"Remplacement des DCA - Seresco Dehumidifiers","isPartOf":{"@id":"https:\/\/serescodehumidifiers.com\/fr\/#website"},"primaryImageOfPage":{"@id":"https:\/\/serescodehumidifiers.com\/fr\/deshumidificateurs-de-remplacement-pour-piscines-interieures\/remplacement-des-dca\/#primaryimage"},"image":{"@id":"https:\/\/serescodehumidifiers.com\/fr\/deshumidificateurs-de-remplacement-pour-piscines-interieures\/remplacement-des-dca\/#primaryimage"},"thumbnailUrl":"https:\/\/serescodehumidifiers.com\/wp-content\/uploads\/2018\/07\/banner_replacement-1.jpg","datePublished":"2017-12-26T16:02:26+00:00","dateModified":"2025-07-08T19:13:47+00:00","description":"Avec des technologies avanc\u00e9es et plus de 100 innovations \u00e0 la pointe de l'industrie, les d\u00e9shumidificateurs Seresco remplacent parfaitement les d\u00e9shumidificateurs DCA.","breadcrumb":{"@id":"https:\/\/serescodehumidifiers.com\/fr\/deshumidificateurs-de-remplacement-pour-piscines-interieures\/remplacement-des-dca\/#breadcrumb"},"inLanguage":"fr-FR","potentialAction":[{"@type":"ReadAction","target":["https:\/\/serescodehumidifiers.com\/fr\/deshumidificateurs-de-remplacement-pour-piscines-interieures\/remplacement-des-dca\/"]}]},{"@type":"ImageObject","inLanguage":"fr-FR","@id":"https:\/\/serescodehumidifiers.com\/fr\/deshumidificateurs-de-remplacement-pour-piscines-interieures\/remplacement-des-dca\/#primaryimage","url":"https:\/\/serescodehumidifiers.com\/wp-content\/uploads\/2018\/07\/banner_replacement-1.jpg","contentUrl":"https:\/\/serescodehumidifiers.com\/wp-content\/uploads\/2018\/07\/banner_replacement-1.jpg","width":1920,"height":459},{"@type":"BreadcrumbList","@id":"https:\/\/serescodehumidifiers.com\/fr\/deshumidificateurs-de-remplacement-pour-piscines-interieures\/remplacement-des-dca\/#breadcrumb","itemListElement":[{"@type":"ListItem","position":1,"name":"Home","item":"https:\/\/serescodehumidifiers.com\/fr\/"},{"@type":"ListItem","position":2,"name":"D\u00e9shumidificateurs de remplacement pour piscines int\u00e9rieures","item":"https:\/\/serescodehumidifiers.com\/fr\/deshumidificateurs-de-remplacement-pour-piscines-interieures\/"},{"@type":"ListItem","position":3,"name":"Remplacement des DCA"}]},{"@type":"WebSite","@id":"https:\/\/serescodehumidifiers.com\/fr\/#website","url":"https:\/\/serescodehumidifiers.com\/fr\/","name":"Seresco Dehumidifiers","description":"","publisher":{"@id":"https:\/\/serescodehumidifiers.com\/fr\/#organization"},"potentialAction":[{"@type":"SearchAction","target":{"@type":"EntryPoint","urlTemplate":"https:\/\/serescodehumidifiers.com\/fr\/?s={search_term_string}"},"query-input":{"@type":"PropertyValueSpecification","valueRequired":true,"valueName":"search_term_string"}}],"inLanguage":"fr-FR"},{"@type":"Organization","@id":"https:\/\/serescodehumidifiers.com\/fr\/#organization","name":"Seresco Dehumidifiers","url":"https:\/\/serescodehumidifiers.com\/fr\/","logo":{"@type":"ImageObject","inLanguage":"fr-FR","@id":"https:\/\/serescodehumidifiers.com\/fr\/#\/schema\/logo\/image\/","url":"https:\/\/serescodehumidifiers.com\/wp-content\/uploads\/2024\/08\/fichier-1seresco.svg","contentUrl":"https:\/\/serescodehumidifiers.com\/wp-content\/uploads\/2024\/08\/fichier-1seresco.svg","caption":"Seresco Dehumidifiers"},"image":{"@id":"https:\/\/serescodehumidifiers.com\/fr\/#\/schema\/logo\/image\/"}}]}},"_links":{"self":[{"href":"https:\/\/serescodehumidifiers.com\/fr\/wp-json\/wp\/v2\/pages\/16718","targetHints":{"allow":["GET"]}}],"collection":[{"href":"https:\/\/serescodehumidifiers.com\/fr\/wp-json\/wp\/v2\/pages"}],"about":[{"href":"https:\/\/serescodehumidifiers.com\/fr\/wp-json\/wp\/v2\/types\/page"}],"author":[{"embeddable":true,"href":"https:\/\/serescodehumidifiers.com\/fr\/wp-json\/wp\/v2\/users\/6"}],"replies":[{"embeddable":true,"href":"https:\/\/serescodehumidifiers.com\/fr\/wp-json\/wp\/v2\/comments?post=16718"}],"version-history":[{"count":3,"href":"https:\/\/serescodehumidifiers.com\/fr\/wp-json\/wp\/v2\/pages\/16718\/revisions"}],"predecessor-version":[{"id":16755,"href":"https:\/\/serescodehumidifiers.com\/fr\/wp-json\/wp\/v2\/pages\/16718\/revisions\/16755"}],"up":[{"embeddable":true,"href":"https:\/\/serescodehumidifiers.com\/fr\/wp-json\/wp\/v2\/pages\/15457"}],"wp:featuredmedia":[{"embeddable":true,"href":"https:\/\/serescodehumidifiers.com\/fr\/wp-json\/wp\/v2\/media\/14142"}],"wp:attachment":[{"href":"https:\/\/serescodehumidifiers.com\/fr\/wp-json\/wp\/v2\/media?parent=16718"}],"curies":[{"name":"wp","href":"https:\/\/api.w.org\/{rel}","templated":true}]}}