{"id":17302,"date":"2026-01-06T17:00:45","date_gmt":"2026-01-06T22:00:45","guid":{"rendered":"https:\/\/serescodehumidifiers.com\/?page_id=17302"},"modified":"2026-01-15T14:53:26","modified_gmt":"2026-01-15T19:53:26","slug":"deshumidificateurs-aquadry","status":"publish","type":"page","link":"https:\/\/serescodehumidifiers.com\/fr\/produits\/deshumidificateurs-aquadry\/","title":{"rendered":"D\u00e9shumidificateurs AquaDry"},"content":{"rendered":"\t\t<div data-elementor-type=\"wp-page\" data-elementor-id=\"17302\" class=\"elementor elementor-17302 elementor-17301\" data-elementor-post-type=\"page\">\n\t\t\t\t<div class=\"elementor-element elementor-element-12e247f9 e-flex e-con-boxed e-con e-parent\" data-id=\"12e247f9\" data-element_type=\"container\" data-e-type=\"container\">\n\t\t\t\t\t<div class=\"e-con-inner\">\n\t\t\t\t<div class=\"elementor-element elementor-element-5079a39 elementor-widget elementor-widget-breadcrumbs\" data-id=\"5079a39\" data-element_type=\"widget\" data-e-type=\"widget\" data-widget_type=\"breadcrumbs.default\">\n\t\t\t\t<div class=\"elementor-widget-container\">\n\t\t\t\t\t<p id=\"breadcrumbs\"><span><span><a href=\"https:\/\/serescodehumidifiers.com\/fr\/\">Home<\/a><\/span><\/span><\/p>\t\t\t\t<\/div>\n\t\t\t\t<\/div>\n\t\t\t\t<div class=\"elementor-element elementor-element-9404032 elementor-widget elementor-widget-image\" data-id=\"9404032\" data-element_type=\"widget\" data-e-type=\"widget\" data-widget_type=\"image.default\">\n\t\t\t\t<div class=\"elementor-widget-container\">\n\t\t\t\t\t\t\t\t\t\t\t\t\t\t\t<img fetchpriority=\"high\" decoding=\"async\" width=\"1024\" height=\"274\" src=\"https:\/\/serescodehumidifiers.com\/wp-content\/uploads\/2026\/01\/aquadry-logo-transparent-1024x274.png\" class=\"attachment-large size-large wp-image-17327\" alt=\"\" srcset=\"https:\/\/serescodehumidifiers.com\/wp-content\/uploads\/2026\/01\/aquadry-logo-transparent-1024x274.png 1024w, https:\/\/serescodehumidifiers.com\/wp-content\/uploads\/2026\/01\/aquadry-logo-transparent-300x80.png 300w, https:\/\/serescodehumidifiers.com\/wp-content\/uploads\/2026\/01\/aquadry-logo-transparent-768x205.png 768w, https:\/\/serescodehumidifiers.com\/wp-content\/uploads\/2026\/01\/aquadry-logo-transparent-1536x411.png 1536w, https:\/\/serescodehumidifiers.com\/wp-content\/uploads\/2026\/01\/aquadry-logo-transparent-2048x548.png 2048w\" sizes=\"(max-width: 1024px) 100vw, 1024px\" \/>\t\t\t\t\t\t\t\t\t\t\t\t\t\t\t<\/div>\n\t\t\t\t<\/div>\n\t\t\t\t\t<\/div>\n\t\t\t\t<\/div>\n\t\t<div class=\"elementor-element elementor-element-d73ff17 e-flex e-con-boxed e-con e-parent\" data-id=\"d73ff17\" data-element_type=\"container\" data-e-type=\"container\">\n\t\t\t\t\t<div class=\"e-con-inner\">\n\t\t\t\t<div class=\"elementor-element elementor-element-0b6d255 elementor-widget elementor-widget-heading\" data-id=\"0b6d255\" data-element_type=\"widget\" data-e-type=\"widget\" data-widget_type=\"heading.default\">\n\t\t\t\t<div class=\"elementor-widget-container\">\n\t\t\t\t\t<h2 class=\"elementor-heading-title elementor-size-default\">D\u00e9shumidificateurs sp\u00e9cialement con\u00e7us et \u00e9conomiques<\/h2>\t\t\t\t<\/div>\n\t\t\t\t<\/div>\n\t\t\t\t<div class=\"elementor-element elementor-element-e03cf51 elementor-widget elementor-widget-text-editor\" data-id=\"e03cf51\" data-element_type=\"widget\" data-e-type=\"widget\" data-widget_type=\"text-editor.default\">\n\t\t\t\t<div class=\"elementor-widget-container\">\n\t\t\t\t\t\t\t\t\t<p>Les d\u00e9shumidificateurs AquaDry sont des unit\u00e9s compactes et \u00e9conomiques, sp\u00e9cialement con\u00e7ues pour r\u00e9sister aux environnements difficiles et corrosifs des piscines dans une large gamme d&rsquo;applications r\u00e9sidentielles et commerciales.<\/p>\t\t\t\t\t\t\t\t<\/div>\n\t\t\t\t<\/div>\n\t\t\t\t<div class=\"elementor-element elementor-element-282b422 elementor-widget elementor-widget-image\" data-id=\"282b422\" data-element_type=\"widget\" data-e-type=\"widget\" data-widget_type=\"image.default\">\n\t\t\t\t<div class=\"elementor-widget-container\">\n\t\t\t\t\t\t\t\t\t\t\t\t\t\t\t<img decoding=\"async\" width=\"1024\" height=\"327\" src=\"https:\/\/serescodehumidifiers.com\/wp-content\/uploads\/2026\/01\/capture-decran-2026-01-15-140714-1024x327.png\" class=\"attachment-large size-large wp-image-17354\" alt=\"\" srcset=\"https:\/\/serescodehumidifiers.com\/wp-content\/uploads\/2026\/01\/capture-decran-2026-01-15-140714-1024x327.png 1024w, https:\/\/serescodehumidifiers.com\/wp-content\/uploads\/2026\/01\/capture-decran-2026-01-15-140714-300x96.png 300w, https:\/\/serescodehumidifiers.com\/wp-content\/uploads\/2026\/01\/capture-decran-2026-01-15-140714-768x245.png 768w, https:\/\/serescodehumidifiers.com\/wp-content\/uploads\/2026\/01\/capture-decran-2026-01-15-140714.png 1389w\" sizes=\"(max-width: 1024px) 100vw, 1024px\" \/>\t\t\t\t\t\t\t\t\t\t\t\t\t\t\t<\/div>\n\t\t\t\t<\/div>\n\t\t\t\t<div class=\"elementor-element elementor-element-c9d82eb elementor-widget elementor-widget-heading\" data-id=\"c9d82eb\" data-element_type=\"widget\" data-e-type=\"widget\" data-widget_type=\"heading.default\">\n\t\t\t\t<div class=\"elementor-widget-container\">\n\t\t\t\t\t<h2 class=\"elementor-heading-title elementor-size-default\">Applications appropri\u00e9es<\/h2>\t\t\t\t<\/div>\n\t\t\t\t<\/div>\n\t\t\t\t<div class=\"elementor-element elementor-element-e0cab7f elementor--h-position-center elementor--v-position-middle elementor-arrows-position-inside elementor-pagination-position-inside elementor-widget elementor-widget-slides\" data-id=\"e0cab7f\" data-element_type=\"widget\" data-e-type=\"widget\" data-settings=\"{&quot;navigation&quot;:&quot;both&quot;,&quot;autoplay&quot;:&quot;yes&quot;,&quot;pause_on_hover&quot;:&quot;yes&quot;,&quot;pause_on_interaction&quot;:&quot;yes&quot;,&quot;autoplay_speed&quot;:5000,&quot;infinite&quot;:&quot;yes&quot;,&quot;transition&quot;:&quot;slide&quot;,&quot;transition_speed&quot;:500}\" data-widget_type=\"slides.default\">\n\t\t\t\t<div class=\"elementor-widget-container\">\n\t\t\t\t\t\t\t\t\t<div class=\"elementor-swiper\">\n\t\t\t\t\t<div class=\"elementor-slides-wrapper elementor-main-swiper swiper\" role=\"region\" aria-roledescription=\"carousel\" aria-label=\"Slides\" dir=\"ltr\" data-animation=\"fadeInUp\">\n\t\t\t\t<div class=\"swiper-wrapper elementor-slides\">\n\t\t\t\t\t\t\t\t\t\t<div class=\"elementor-repeater-item-d9c0081 swiper-slide\" role=\"group\" aria-roledescription=\"slide\"><div class=\"swiper-slide-bg\"><\/div><div class=\"swiper-slide-inner\" ><div class=\"swiper-slide-contents\"><div class=\"elementor-slide-heading\">Piscines r\u00e9sidentielles<\/div><div class=\"elementor-slide-description\">Piscines int\u00e9rieures dans les\nimmeubles en copropri\u00e9t\u00e9, les\nr\u00e9sidences priv\u00e9es, les centres\npour personnes \u00e2g\u00e9es, etc.<\/div><\/div><\/div><\/div><div class=\"elementor-repeater-item-14e3fe5 swiper-slide\" role=\"group\" aria-roledescription=\"slide\"><div class=\"swiper-slide-bg\"><\/div><div class=\"swiper-slide-inner\" ><div class=\"swiper-slide-contents\"><div class=\"elementor-slide-heading\">Piscines d'h\u00f4tel<\/div><div class=\"elementor-slide-description\">Piscines int\u00e9rieures dans\nles h\u00f4tels, motels, spas,\netc.<\/div><\/div><\/div><\/div><div class=\"elementor-repeater-item-76f77f7 swiper-slide\" role=\"group\" aria-roledescription=\"slide\"><div class=\"swiper-slide-bg\"><\/div><div class=\"swiper-slide-inner\" ><div class=\"swiper-slide-contents\"><div class=\"elementor-slide-heading\">Point de ros\u00e9e bas<\/div><div class=\"elementor-slide-description\">Entrep\u00f4ts, centres de\ntraitement de l'eau, terrains\nde pickleball, biblioth\u00e8ques,\ncasernes de pompiers, salles\nde stockage, etc.<\/div><\/div><\/div><\/div>\t\t\t\t<\/div>\n\t\t\t\t\t\t\t\t\t\t\t\t\t\t\t<div class=\"elementor-swiper-button elementor-swiper-button-prev\" role=\"button\" tabindex=\"0\" aria-label=\"Diapositive pr\u00e9c\u00e9dente\">\n\t\t\t\t\t\t\t<i aria-hidden=\"true\" class=\"eicon-chevron-left\"><\/i>\t\t\t\t\t\t<\/div>\n\t\t\t\t\t\t<div class=\"elementor-swiper-button elementor-swiper-button-next\" role=\"button\" tabindex=\"0\" aria-label=\"Diapositive suivante\">\n\t\t\t\t\t\t\t<i aria-hidden=\"true\" class=\"eicon-chevron-right\"><\/i>\t\t\t\t\t\t<\/div>\n\t\t\t\t\t\t\t\t\t\t\t\t\t\t\t\t<div class=\"swiper-pagination\"><\/div>\n\t\t\t\t\t\t\t\t\t\t\t\t<\/div>\n\t\t\t\t<\/div>\n\t\t\t\t\t\t\t\t<\/div>\n\t\t\t\t<\/div>\n\t\t\t\t<div class=\"elementor-element elementor-element-3447884 elementor-widget elementor-widget-heading\" data-id=\"3447884\" data-element_type=\"widget\" data-e-type=\"widget\" data-widget_type=\"heading.default\">\n\t\t\t\t<div class=\"elementor-widget-container\">\n\t\t\t\t\t<h2 class=\"elementor-heading-title elementor-size-default\">Caract\u00e9ristiques<\/h2>\t\t\t\t<\/div>\n\t\t\t\t<\/div>\n\t\t\t\t<div class=\"elementor-element elementor-element-6edc5ff elementor-widget elementor-widget-text-editor\" data-id=\"6edc5ff\" data-element_type=\"widget\" data-e-type=\"widget\" data-widget_type=\"text-editor.default\">\n\t\t\t\t<div class=\"elementor-widget-container\">\n\t\t\t\t\t\t\t\t\t<p>\u2022 Option climatisation avec r\u00e9chauffage complet ou climatisation compl\u00e8te<br \/>\u2022 Chauffage : contr\u00f4le \u00e0 2 niveaux (chauffage par tiers)<br \/>\u2022 Air ext\u00e9rieur \u00e0 acheminer dans l&rsquo;air de retour<br \/>\u2022 Thermostat\/hygrostat mural<br \/>\u2022 Construction galvanis\u00e9e peinte, circuits de r\u00e9frig\u00e9ration enti\u00e8rement rev\u00eatus<br \/>\u2022 Compresseur \u00e0 deux niveaux<br \/>\u2022 Valve d&rsquo;expansion \u00e9lectronique<br \/>\u2022 Construction \u00e0 une seule paroi<br \/>\u2022 Voltage:<br \/>\u00a0 \u00a0 \u00a0 &#8211; 3 Tonne 230\/1<br \/>\u00a0 \u00a0 \u00a0 &#8211; 5 Tonne 230\/1 ou 208\/3<br \/>\u00a0 \u00a0 \u00a0 &#8211; 7 Tonne 208\/3<\/p>\t\t\t\t\t\t\t\t<\/div>\n\t\t\t\t<\/div>\n\t\t\t\t<div class=\"elementor-element elementor-element-d173a42 elementor-widget elementor-widget-button\" data-id=\"d173a42\" data-element_type=\"widget\" data-e-type=\"widget\" data-widget_type=\"button.default\">\n\t\t\t\t<div class=\"elementor-widget-container\">\n\t\t\t\t\t\t\t\t\t<div class=\"elementor-button-wrapper\">\n\t\t\t\t\t<a class=\"elementor-button elementor-button-link elementor-size-sm\" href=\"https:\/\/serescodehumidifiers.com\/wp-content\/uploads\/2026\/01\/aquadry-brochure-french.pdf\">\n\t\t\t\t\t\t<span class=\"elementor-button-content-wrapper\">\n\t\t\t\t\t\t\t\t\t<span class=\"elementor-button-text\">T\u00e9l\u00e9charger le PDF<\/span>\n\t\t\t\t\t<\/span>\n\t\t\t\t\t<\/a>\n\t\t\t\t<\/div>\n\t\t\t\t\t\t\t\t<\/div>\n\t\t\t\t<\/div>\n\t\t\t\t\t<\/div>\n\t\t\t\t<\/div>\n\t\t\t\t<\/div>\n\t\t<div style=\"display:flex; gap:10px;justify-content:center\" class=\"wps-pgfw-pdf-generate-icon__wrapper-frontend\">\n\t\t<a  href=\"https:\/\/serescodehumidifiers.com\/fr\/wp-json\/wp\/v2\/pages\/17302\/?action=genpdf&amp;id=17302\" class=\"pgfw-single-pdf-download-button\" ><img src=\"https:\/\/serescodehumidifiers.com\/wp-content\/plugins\/pdf-generator-for-wp\/admin\/src\/images\/PDF_Tray.svg\" title=\"G\u00e9n\u00e9rer un PDF\" style=\"width:auto; height:45px;\"><\/a>\n\t\t<\/div>","protected":false},"excerpt":{"rendered":"<p>D\u00e9shumidificateurs sp\u00e9cialement con\u00e7us et \u00e9conomiques Les d\u00e9shumidificateurs AquaDry sont des unit\u00e9s compactes et \u00e9conomiques, sp\u00e9cialement con\u00e7ues pour r\u00e9sister aux environnements difficiles et corrosifs des piscines dans une large gamme d&rsquo;applications r\u00e9sidentielles et commerciales. Applications appropri\u00e9es Piscines r\u00e9sidentiellesPiscines int\u00e9rieures dans les immeubles en copropri\u00e9t\u00e9, les r\u00e9sidences priv\u00e9es, les centres pour personnes \u00e2g\u00e9es, etc.Piscines d&rsquo;h\u00f4telPiscines int\u00e9rieures dans &#8230; <a title=\"D\u00e9shumidificateurs AquaDry\" class=\"read-more\" href=\"https:\/\/serescodehumidifiers.com\/fr\/produits\/deshumidificateurs-aquadry\/\" aria-label=\"En savoir plus sur D\u00e9shumidificateurs AquaDry\">Lire la suite<\/a><\/p>\n","protected":false},"author":6,"featured_media":14193,"parent":15356,"menu_order":0,"comment_status":"closed","ping_status":"closed","template":"","meta":{"inline_featured_image":false,"generate_page_header":"","footnotes":""},"class_list":["post-17302","page","type-page","status-publish","has-post-thumbnail"],"yoast_head":"<!-- This site is optimized with the Yoast SEO plugin v27.1.1 - https:\/\/yoast.com\/product\/yoast-seo-wordpress\/ -->\n<title>D\u00e9shumidificateurs AquaDry - Seresco Dehumidifiers<\/title>\n<meta name=\"description\" content=\"Les d\u00e9shumidificateurs AquaDry sont des unit\u00e9s compactes et \u00e9conomiques,sp\u00e9cialement con\u00e7ues pour r\u00e9sister aux environnements difficiles et corrosifs despiscines dans une large gamme d&#039;applications r\u00e9sidentielles et commerciales.\" \/>\n<meta name=\"robots\" content=\"index, follow, max-snippet:-1, max-image-preview:large, max-video-preview:-1\" \/>\n<link rel=\"canonical\" href=\"https:\/\/serescodehumidifiers.com\/fr\/produits\/deshumidificateurs-aquadry\/\" \/>\n<meta property=\"og:locale\" content=\"fr_FR\" \/>\n<meta property=\"og:type\" content=\"article\" \/>\n<meta property=\"og:title\" content=\"D\u00e9shumidificateurs AquaDry - Seresco Dehumidifiers\" \/>\n<meta property=\"og:description\" content=\"Les d\u00e9shumidificateurs AquaDry sont des unit\u00e9s compactes et \u00e9conomiques,sp\u00e9cialement con\u00e7ues pour r\u00e9sister aux environnements difficiles et corrosifs despiscines dans une large gamme d&#039;applications r\u00e9sidentielles et commerciales.\" \/>\n<meta property=\"og:url\" content=\"https:\/\/serescodehumidifiers.com\/fr\/produits\/deshumidificateurs-aquadry\/\" \/>\n<meta property=\"og:site_name\" content=\"Seresco Dehumidifiers\" \/>\n<meta property=\"article:modified_time\" content=\"2026-01-15T19:53:26+00:00\" \/>\n<meta property=\"og:image\" content=\"https:\/\/serescodehumidifiers.com\/wp-content\/uploads\/2018\/07\/ng-series-min.jpg\" \/>\n\t<meta property=\"og:image:width\" content=\"1920\" \/>\n\t<meta property=\"og:image:height\" content=\"701\" \/>\n\t<meta property=\"og:image:type\" content=\"image\/jpeg\" \/>\n<meta name=\"twitter:card\" content=\"summary_large_image\" \/>\n<meta name=\"twitter:label1\" content=\"Dur\u00e9e de lecture estim\u00e9e\" \/>\n\t<meta name=\"twitter:data1\" content=\"2 minutes\" \/>\n<script type=\"application\/ld+json\" class=\"yoast-schema-graph\">{\"@context\":\"https:\/\/schema.org\",\"@graph\":[{\"@type\":\"WebPage\",\"@id\":\"https:\/\/serescodehumidifiers.com\/fr\/produits\/deshumidificateurs-aquadry\/\",\"url\":\"https:\/\/serescodehumidifiers.com\/fr\/produits\/deshumidificateurs-aquadry\/\",\"name\":\"D\u00e9shumidificateurs AquaDry - Seresco Dehumidifiers\",\"isPartOf\":{\"@id\":\"https:\/\/serescodehumidifiers.com\/fr\/#website\"},\"primaryImageOfPage\":{\"@id\":\"https:\/\/serescodehumidifiers.com\/fr\/produits\/deshumidificateurs-aquadry\/#primaryimage\"},\"image\":{\"@id\":\"https:\/\/serescodehumidifiers.com\/fr\/produits\/deshumidificateurs-aquadry\/#primaryimage\"},\"thumbnailUrl\":\"https:\/\/serescodehumidifiers.com\/wp-content\/uploads\/2018\/07\/ng-series-min.jpg\",\"datePublished\":\"2026-01-06T22:00:45+00:00\",\"dateModified\":\"2026-01-15T19:53:26+00:00\",\"description\":\"Les d\u00e9shumidificateurs AquaDry sont des unit\u00e9s compactes et \u00e9conomiques,sp\u00e9cialement con\u00e7ues pour r\u00e9sister aux environnements difficiles et corrosifs despiscines dans une large gamme d'applications r\u00e9sidentielles et commerciales.\",\"breadcrumb\":{\"@id\":\"https:\/\/serescodehumidifiers.com\/fr\/produits\/deshumidificateurs-aquadry\/#breadcrumb\"},\"inLanguage\":\"fr-FR\",\"potentialAction\":[{\"@type\":\"ReadAction\",\"target\":[\"https:\/\/serescodehumidifiers.com\/fr\/produits\/deshumidificateurs-aquadry\/\"]}]},{\"@type\":\"ImageObject\",\"inLanguage\":\"fr-FR\",\"@id\":\"https:\/\/serescodehumidifiers.com\/fr\/produits\/deshumidificateurs-aquadry\/#primaryimage\",\"url\":\"https:\/\/serescodehumidifiers.com\/wp-content\/uploads\/2018\/07\/ng-series-min.jpg\",\"contentUrl\":\"https:\/\/serescodehumidifiers.com\/wp-content\/uploads\/2018\/07\/ng-series-min.jpg\",\"width\":1920,\"height\":701},{\"@type\":\"BreadcrumbList\",\"@id\":\"https:\/\/serescodehumidifiers.com\/fr\/produits\/deshumidificateurs-aquadry\/#breadcrumb\",\"itemListElement\":[{\"@type\":\"ListItem\",\"position\":1,\"name\":\"Home\",\"item\":\"https:\/\/serescodehumidifiers.com\/fr\/\"},{\"@type\":\"ListItem\",\"position\":2,\"name\":\"Produits\",\"item\":\"https:\/\/serescodehumidifiers.com\/fr\/produits\/\"},{\"@type\":\"ListItem\",\"position\":3,\"name\":\"D\u00e9shumidificateurs AquaDry\"}]},{\"@type\":\"WebSite\",\"@id\":\"https:\/\/serescodehumidifiers.com\/fr\/#website\",\"url\":\"https:\/\/serescodehumidifiers.com\/fr\/\",\"name\":\"Seresco Dehumidifiers\",\"description\":\"\",\"publisher\":{\"@id\":\"https:\/\/serescodehumidifiers.com\/fr\/#organization\"},\"potentialAction\":[{\"@type\":\"SearchAction\",\"target\":{\"@type\":\"EntryPoint\",\"urlTemplate\":\"https:\/\/serescodehumidifiers.com\/fr\/?s={search_term_string}\"},\"query-input\":{\"@type\":\"PropertyValueSpecification\",\"valueRequired\":true,\"valueName\":\"search_term_string\"}}],\"inLanguage\":\"fr-FR\"},{\"@type\":\"Organization\",\"@id\":\"https:\/\/serescodehumidifiers.com\/fr\/#organization\",\"name\":\"Seresco Dehumidifiers\",\"url\":\"https:\/\/serescodehumidifiers.com\/fr\/\",\"logo\":{\"@type\":\"ImageObject\",\"inLanguage\":\"fr-FR\",\"@id\":\"https:\/\/serescodehumidifiers.com\/fr\/#\/schema\/logo\/image\/\",\"url\":\"https:\/\/serescodehumidifiers.com\/wp-content\/uploads\/2024\/08\/fichier-1seresco.svg\",\"contentUrl\":\"https:\/\/serescodehumidifiers.com\/wp-content\/uploads\/2024\/08\/fichier-1seresco.svg\",\"caption\":\"Seresco Dehumidifiers\"},\"image\":{\"@id\":\"https:\/\/serescodehumidifiers.com\/fr\/#\/schema\/logo\/image\/\"}}]}<\/script>\n<!-- \/ Yoast SEO plugin. -->","yoast_head_json":{"title":"D\u00e9shumidificateurs AquaDry - Seresco Dehumidifiers","description":"Les d\u00e9shumidificateurs AquaDry sont des unit\u00e9s compactes et \u00e9conomiques,sp\u00e9cialement con\u00e7ues pour r\u00e9sister aux environnements difficiles et corrosifs despiscines dans une large gamme d'applications r\u00e9sidentielles et commerciales.","robots":{"index":"index","follow":"follow","max-snippet":"max-snippet:-1","max-image-preview":"max-image-preview:large","max-video-preview":"max-video-preview:-1"},"canonical":"https:\/\/serescodehumidifiers.com\/fr\/produits\/deshumidificateurs-aquadry\/","og_locale":"fr_FR","og_type":"article","og_title":"D\u00e9shumidificateurs AquaDry - Seresco Dehumidifiers","og_description":"Les d\u00e9shumidificateurs AquaDry sont des unit\u00e9s compactes et \u00e9conomiques,sp\u00e9cialement con\u00e7ues pour r\u00e9sister aux environnements difficiles et corrosifs despiscines dans une large gamme d'applications r\u00e9sidentielles et commerciales.","og_url":"https:\/\/serescodehumidifiers.com\/fr\/produits\/deshumidificateurs-aquadry\/","og_site_name":"Seresco Dehumidifiers","article_modified_time":"2026-01-15T19:53:26+00:00","og_image":[{"width":1920,"height":701,"url":"https:\/\/serescodehumidifiers.com\/wp-content\/uploads\/2018\/07\/ng-series-min.jpg","type":"image\/jpeg"}],"twitter_card":"summary_large_image","twitter_misc":{"Dur\u00e9e de lecture estim\u00e9e":"2 minutes"},"schema":{"@context":"https:\/\/schema.org","@graph":[{"@type":"WebPage","@id":"https:\/\/serescodehumidifiers.com\/fr\/produits\/deshumidificateurs-aquadry\/","url":"https:\/\/serescodehumidifiers.com\/fr\/produits\/deshumidificateurs-aquadry\/","name":"D\u00e9shumidificateurs AquaDry - Seresco Dehumidifiers","isPartOf":{"@id":"https:\/\/serescodehumidifiers.com\/fr\/#website"},"primaryImageOfPage":{"@id":"https:\/\/serescodehumidifiers.com\/fr\/produits\/deshumidificateurs-aquadry\/#primaryimage"},"image":{"@id":"https:\/\/serescodehumidifiers.com\/fr\/produits\/deshumidificateurs-aquadry\/#primaryimage"},"thumbnailUrl":"https:\/\/serescodehumidifiers.com\/wp-content\/uploads\/2018\/07\/ng-series-min.jpg","datePublished":"2026-01-06T22:00:45+00:00","dateModified":"2026-01-15T19:53:26+00:00","description":"Les d\u00e9shumidificateurs AquaDry sont des unit\u00e9s compactes et \u00e9conomiques,sp\u00e9cialement con\u00e7ues pour r\u00e9sister aux environnements difficiles et corrosifs despiscines dans une large gamme d'applications r\u00e9sidentielles et commerciales.","breadcrumb":{"@id":"https:\/\/serescodehumidifiers.com\/fr\/produits\/deshumidificateurs-aquadry\/#breadcrumb"},"inLanguage":"fr-FR","potentialAction":[{"@type":"ReadAction","target":["https:\/\/serescodehumidifiers.com\/fr\/produits\/deshumidificateurs-aquadry\/"]}]},{"@type":"ImageObject","inLanguage":"fr-FR","@id":"https:\/\/serescodehumidifiers.com\/fr\/produits\/deshumidificateurs-aquadry\/#primaryimage","url":"https:\/\/serescodehumidifiers.com\/wp-content\/uploads\/2018\/07\/ng-series-min.jpg","contentUrl":"https:\/\/serescodehumidifiers.com\/wp-content\/uploads\/2018\/07\/ng-series-min.jpg","width":1920,"height":701},{"@type":"BreadcrumbList","@id":"https:\/\/serescodehumidifiers.com\/fr\/produits\/deshumidificateurs-aquadry\/#breadcrumb","itemListElement":[{"@type":"ListItem","position":1,"name":"Home","item":"https:\/\/serescodehumidifiers.com\/fr\/"},{"@type":"ListItem","position":2,"name":"Produits","item":"https:\/\/serescodehumidifiers.com\/fr\/produits\/"},{"@type":"ListItem","position":3,"name":"D\u00e9shumidificateurs AquaDry"}]},{"@type":"WebSite","@id":"https:\/\/serescodehumidifiers.com\/fr\/#website","url":"https:\/\/serescodehumidifiers.com\/fr\/","name":"Seresco Dehumidifiers","description":"","publisher":{"@id":"https:\/\/serescodehumidifiers.com\/fr\/#organization"},"potentialAction":[{"@type":"SearchAction","target":{"@type":"EntryPoint","urlTemplate":"https:\/\/serescodehumidifiers.com\/fr\/?s={search_term_string}"},"query-input":{"@type":"PropertyValueSpecification","valueRequired":true,"valueName":"search_term_string"}}],"inLanguage":"fr-FR"},{"@type":"Organization","@id":"https:\/\/serescodehumidifiers.com\/fr\/#organization","name":"Seresco Dehumidifiers","url":"https:\/\/serescodehumidifiers.com\/fr\/","logo":{"@type":"ImageObject","inLanguage":"fr-FR","@id":"https:\/\/serescodehumidifiers.com\/fr\/#\/schema\/logo\/image\/","url":"https:\/\/serescodehumidifiers.com\/wp-content\/uploads\/2024\/08\/fichier-1seresco.svg","contentUrl":"https:\/\/serescodehumidifiers.com\/wp-content\/uploads\/2024\/08\/fichier-1seresco.svg","caption":"Seresco Dehumidifiers"},"image":{"@id":"https:\/\/serescodehumidifiers.com\/fr\/#\/schema\/logo\/image\/"}}]}},"_links":{"self":[{"href":"https:\/\/serescodehumidifiers.com\/fr\/wp-json\/wp\/v2\/pages\/17302","targetHints":{"allow":["GET"]}}],"collection":[{"href":"https:\/\/serescodehumidifiers.com\/fr\/wp-json\/wp\/v2\/pages"}],"about":[{"href":"https:\/\/serescodehumidifiers.com\/fr\/wp-json\/wp\/v2\/types\/page"}],"author":[{"embeddable":true,"href":"https:\/\/serescodehumidifiers.com\/fr\/wp-json\/wp\/v2\/users\/6"}],"replies":[{"embeddable":true,"href":"https:\/\/serescodehumidifiers.com\/fr\/wp-json\/wp\/v2\/comments?post=17302"}],"version-history":[{"count":3,"href":"https:\/\/serescodehumidifiers.com\/fr\/wp-json\/wp\/v2\/pages\/17302\/revisions"}],"predecessor-version":[{"id":17361,"href":"https:\/\/serescodehumidifiers.com\/fr\/wp-json\/wp\/v2\/pages\/17302\/revisions\/17361"}],"up":[{"embeddable":true,"href":"https:\/\/serescodehumidifiers.com\/fr\/wp-json\/wp\/v2\/pages\/15356"}],"wp:featuredmedia":[{"embeddable":true,"href":"https:\/\/serescodehumidifiers.com\/fr\/wp-json\/wp\/v2\/media\/14193"}],"wp:attachment":[{"href":"https:\/\/serescodehumidifiers.com\/fr\/wp-json\/wp\/v2\/media?parent=17302"}],"curies":[{"name":"wp","href":"https:\/\/api.w.org\/{rel}","templated":true}]}}